{"id":19128,"date":"2026-02-10T18:11:35","date_gmt":"2026-02-10T17:11:35","guid":{"rendered":"https:\/\/agora.xtec.cat\/iemariamiret\/?page_id=19128"},"modified":"2026-02-10T18:13:43","modified_gmt":"2026-02-10T17:13:43","slug":"projecte-de-matematiques-i-pensament-computacional","status":"publish","type":"page","link":"https:\/\/agora.xtec.cat\/iemariamiret\/projecte-de-matematiques-i-pensament-computacional\/","title":{"rendered":"Projecte de matem\u00e0tiques i pensament computacional"},"content":{"rendered":"\n<div class=\"wp-block-columns is-layout-flex wp-container-core-columns-is-layout-1 wp-block-columns-is-layout-flex\">\n<div class=\"wp-block-column is-layout-flow wp-block-column-is-layout-flow\" style=\"border-style:none;border-width:0px;border-radius:0px;padding-top:0;padding-right:0;padding-bottom:0;padding-left:0\">\n<p>Aquest curs 2025-2026,&nbsp;<strong>l\u2019alumnat de 5\u00e8 de prim\u00e0ria participa en el Programa temporal de mentories PCMAT<\/strong>, emmarcat dins del programa C\u00f3digo Escuela 4.0, impulsat pel Ministeri d\u2019Educaci\u00f3 i coordinat pel Departament d\u2019Educaci\u00f3 de la Generalitat de Catalunya.<\/p>\n\n\n\n<p>Aquest programa t\u00e9 com a objectiu millorar la compet\u00e8ncia matem\u00e0tica a trav\u00e9s del pensament computacional, la <strong>programaci\u00f3 <\/strong>i la <strong>rob\u00f2tica <\/strong>educativa, mitjan\u00e7ant propostes pr\u00e0ctiques, contextualitzades i connectades amb la realitat.<\/p>\n\n\n\n<p>El projecte es desenvolupa mitjan\u00e7ant codoc\u00e8ncia entre l\u2019especialista PCMAT i la tutora del grup, fet que permet un acompanyament m\u00e9s personalitzat i una atenci\u00f3 ajustada a les necessitats de l\u2019alumnat.<\/p>\n<\/div>\n\n\n\n<div class=\"wp-block-column is-layout-flow wp-block-column-is-layout-flow\">\n<div class=\"wp-block-getwid-images-slider has-arrows-inside has-dots-inside has-images-center has-cropped-images has-fixed-height\"><div class=\"wp-block-getwid-images-slider__wrapper\" data-effect=\"slide\" data-slides-show=\"1\" data-slides-show-laptop=\"1\" data-slides-show-tablet=\"1\" data-slides-show-mobile=\"1\" data-slides-scroll=\"1\" data-autoplay=\"false\" data-pause-hover=\"false\" data-autoplay-speed=\"6000\" data-infinite=\"true\" data-animation-speed=\"800\" data-center-mode=\"false\" data-variable-width=\"false\" data-arrows=\"inside\" data-dots=\"inside\" data-spacing=\"none\"><div class=\"wp-block-getwid-images-slider__item\" style=\"height:470px\"><figure><img loading=\"lazy\" decoding=\"async\" width=\"1200\" height=\"1600\" src=\"https:\/\/agora.xtec.cat\/iemariamiret\/wp-content\/uploads\/usu2321\/2026\/02\/06.jpeg\" data-id=\"19135\" data-link=\"https:\/\/agora.xtec.cat\/iemariamiret\/?attachment_id=19135\" data-original-link=\"https:\/\/agora.xtec.cat\/iemariamiret\/wp-content\/uploads\/usu2321\/2026\/02\/06.jpeg\" class=\"wp-block-getwid-images-slider__image wp-image-19135\" srcset=\"https:\/\/agora.xtec.cat\/iemariamiret\/wp-content\/uploads\/usu2321\/2026\/02\/06.jpeg 1200w, https:\/\/agora.xtec.cat\/iemariamiret\/wp-content\/uploads\/usu2321\/2026\/02\/06-225x300.jpeg 225w, https:\/\/agora.xtec.cat\/iemariamiret\/wp-content\/uploads\/usu2321\/2026\/02\/06-768x1024.jpeg 768w, https:\/\/agora.xtec.cat\/iemariamiret\/wp-content\/uploads\/usu2321\/2026\/02\/06-1152x1536.jpeg 1152w\" sizes=\"auto, (max-width: 1200px) 100vw, 1200px\" \/><\/figure><\/div><div class=\"wp-block-getwid-images-slider__item\" style=\"height:470px\"><figure><img loading=\"lazy\" decoding=\"async\" width=\"1200\" height=\"1600\" src=\"https:\/\/agora.xtec.cat\/iemariamiret\/wp-content\/uploads\/usu2321\/2026\/02\/03.jpeg\" data-id=\"19134\" data-link=\"https:\/\/agora.xtec.cat\/iemariamiret\/?attachment_id=19134\" data-original-link=\"https:\/\/agora.xtec.cat\/iemariamiret\/wp-content\/uploads\/usu2321\/2026\/02\/03.jpeg\" class=\"wp-block-getwid-images-slider__image wp-image-19134\" srcset=\"https:\/\/agora.xtec.cat\/iemariamiret\/wp-content\/uploads\/usu2321\/2026\/02\/03.jpeg 1200w, https:\/\/agora.xtec.cat\/iemariamiret\/wp-content\/uploads\/usu2321\/2026\/02\/03-225x300.jpeg 225w, https:\/\/agora.xtec.cat\/iemariamiret\/wp-content\/uploads\/usu2321\/2026\/02\/03-768x1024.jpeg 768w, https:\/\/agora.xtec.cat\/iemariamiret\/wp-content\/uploads\/usu2321\/2026\/02\/03-1152x1536.jpeg 1152w\" sizes=\"auto, (max-width: 1200px) 100vw, 1200px\" \/><\/figure><\/div><div class=\"wp-block-getwid-images-slider__item\" style=\"height:470px\"><figure><img loading=\"lazy\" decoding=\"async\" width=\"1200\" height=\"1600\" src=\"https:\/\/agora.xtec.cat\/iemariamiret\/wp-content\/uploads\/usu2321\/2026\/02\/04.jpeg\" data-id=\"19133\" data-link=\"https:\/\/agora.xtec.cat\/iemariamiret\/?attachment_id=19133\" data-original-link=\"https:\/\/agora.xtec.cat\/iemariamiret\/wp-content\/uploads\/usu2321\/2026\/02\/04.jpeg\" class=\"wp-block-getwid-images-slider__image wp-image-19133\" srcset=\"https:\/\/agora.xtec.cat\/iemariamiret\/wp-content\/uploads\/usu2321\/2026\/02\/04.jpeg 1200w, https:\/\/agora.xtec.cat\/iemariamiret\/wp-content\/uploads\/usu2321\/2026\/02\/04-225x300.jpeg 225w, https:\/\/agora.xtec.cat\/iemariamiret\/wp-content\/uploads\/usu2321\/2026\/02\/04-768x1024.jpeg 768w, https:\/\/agora.xtec.cat\/iemariamiret\/wp-content\/uploads\/usu2321\/2026\/02\/04-1152x1536.jpeg 1152w\" sizes=\"auto, (max-width: 1200px) 100vw, 1200px\" \/><\/figure><\/div><div class=\"wp-block-getwid-images-slider__item\" style=\"height:470px\"><figure><img loading=\"lazy\" decoding=\"async\" width=\"1200\" height=\"1600\" src=\"https:\/\/agora.xtec.cat\/iemariamiret\/wp-content\/uploads\/usu2321\/2026\/02\/02.jpeg\" data-id=\"19132\" data-link=\"https:\/\/agora.xtec.cat\/iemariamiret\/?attachment_id=19132\" data-original-link=\"https:\/\/agora.xtec.cat\/iemariamiret\/wp-content\/uploads\/usu2321\/2026\/02\/02.jpeg\" class=\"wp-block-getwid-images-slider__image wp-image-19132\" srcset=\"https:\/\/agora.xtec.cat\/iemariamiret\/wp-content\/uploads\/usu2321\/2026\/02\/02.jpeg 1200w, https:\/\/agora.xtec.cat\/iemariamiret\/wp-content\/uploads\/usu2321\/2026\/02\/02-225x300.jpeg 225w, https:\/\/agora.xtec.cat\/iemariamiret\/wp-content\/uploads\/usu2321\/2026\/02\/02-768x1024.jpeg 768w, https:\/\/agora.xtec.cat\/iemariamiret\/wp-content\/uploads\/usu2321\/2026\/02\/02-1152x1536.jpeg 1152w\" sizes=\"auto, (max-width: 1200px) 100vw, 1200px\" \/><\/figure><\/div><div class=\"wp-block-getwid-images-slider__item\" style=\"height:470px\"><figure><img loading=\"lazy\" decoding=\"async\" width=\"1200\" height=\"1600\" src=\"https:\/\/agora.xtec.cat\/iemariamiret\/wp-content\/uploads\/usu2321\/2026\/02\/01.jpeg\" data-id=\"19131\" data-link=\"https:\/\/agora.xtec.cat\/iemariamiret\/?attachment_id=19131\" data-original-link=\"https:\/\/agora.xtec.cat\/iemariamiret\/wp-content\/uploads\/usu2321\/2026\/02\/01.jpeg\" class=\"wp-block-getwid-images-slider__image wp-image-19131\" srcset=\"https:\/\/agora.xtec.cat\/iemariamiret\/wp-content\/uploads\/usu2321\/2026\/02\/01.jpeg 1200w, https:\/\/agora.xtec.cat\/iemariamiret\/wp-content\/uploads\/usu2321\/2026\/02\/01-225x300.jpeg 225w, https:\/\/agora.xtec.cat\/iemariamiret\/wp-content\/uploads\/usu2321\/2026\/02\/01-768x1024.jpeg 768w, https:\/\/agora.xtec.cat\/iemariamiret\/wp-content\/uploads\/usu2321\/2026\/02\/01-1152x1536.jpeg 1152w\" sizes=\"auto, (max-width: 1200px) 100vw, 1200px\" \/><\/figure><\/div><div class=\"wp-block-getwid-images-slider__item\" style=\"height:470px\"><figure><img loading=\"lazy\" decoding=\"async\" width=\"1200\" height=\"1600\" src=\"https:\/\/agora.xtec.cat\/iemariamiret\/wp-content\/uploads\/usu2321\/2026\/02\/07.jpeg\" data-id=\"19130\" data-link=\"https:\/\/agora.xtec.cat\/iemariamiret\/?attachment_id=19130\" data-original-link=\"https:\/\/agora.xtec.cat\/iemariamiret\/wp-content\/uploads\/usu2321\/2026\/02\/07.jpeg\" class=\"wp-block-getwid-images-slider__image wp-image-19130\" srcset=\"https:\/\/agora.xtec.cat\/iemariamiret\/wp-content\/uploads\/usu2321\/2026\/02\/07.jpeg 1200w, https:\/\/agora.xtec.cat\/iemariamiret\/wp-content\/uploads\/usu2321\/2026\/02\/07-225x300.jpeg 225w, https:\/\/agora.xtec.cat\/iemariamiret\/wp-content\/uploads\/usu2321\/2026\/02\/07-768x1024.jpeg 768w, https:\/\/agora.xtec.cat\/iemariamiret\/wp-content\/uploads\/usu2321\/2026\/02\/07-1152x1536.jpeg 1152w\" sizes=\"auto, (max-width: 1200px) 100vw, 1200px\" \/><\/figure><\/div><div class=\"wp-block-getwid-images-slider__item\" style=\"height:470px\"><figure><img loading=\"lazy\" decoding=\"async\" width=\"1600\" height=\"1200\" src=\"https:\/\/agora.xtec.cat\/iemariamiret\/wp-content\/uploads\/usu2321\/2026\/02\/05.jpeg\" data-id=\"19129\" data-link=\"https:\/\/agora.xtec.cat\/iemariamiret\/?attachment_id=19129\" data-original-link=\"https:\/\/agora.xtec.cat\/iemariamiret\/wp-content\/uploads\/usu2321\/2026\/02\/05.jpeg\" class=\"wp-block-getwid-images-slider__image wp-image-19129\" srcset=\"https:\/\/agora.xtec.cat\/iemariamiret\/wp-content\/uploads\/usu2321\/2026\/02\/05.jpeg 1600w, https:\/\/agora.xtec.cat\/iemariamiret\/wp-content\/uploads\/usu2321\/2026\/02\/05-300x225.jpeg 300w, https:\/\/agora.xtec.cat\/iemariamiret\/wp-content\/uploads\/usu2321\/2026\/02\/05-1024x768.jpeg 1024w, https:\/\/agora.xtec.cat\/iemariamiret\/wp-content\/uploads\/usu2321\/2026\/02\/05-768x576.jpeg 768w, https:\/\/agora.xtec.cat\/iemariamiret\/wp-content\/uploads\/usu2321\/2026\/02\/05-1536x1152.jpeg 1536w\" sizes=\"auto, (max-width: 1600px) 100vw, 1600px\" \/><\/figure><\/div><\/div><\/div>\n<\/div>\n<\/div>\n\n\n\n<h4 class=\"wp-block-heading has-ast-global-color-0-color has-text-color has-link-color wp-elements-c552fc101f4225225f0cdbc76385cdaa\">Metodologia<\/h4>\n\n\n\n<p>El treball es basa en una metodologia d\u2019aula-taller, inspirada en els plantejaments de Puig Adam i Polya, que promou un aprenentatge actiu i significatiu. Les sessions segueixen una estructura que inclou:<\/p>\n\n\n\n<ul class=\"wp-block-list\">\n<li>Introducci\u00f3 al tema i als objectius d\u2019aprenentatge.<\/li>\n\n\n\n<li>Presentaci\u00f3 de situacions i reptes que fomenten l\u2019observaci\u00f3, la manipulaci\u00f3 i la descoberta de patrons matem\u00e0tics.<\/li>\n\n\n\n<li>Treball individual o cooperatiu per explorar estrat\u00e8gies i formular hip\u00f2tesis.<\/li>\n\n\n\n<li>Posada en com\u00fa i discussi\u00f3 en gran grup per construir coneixement compartit.<\/li>\n\n\n\n<li>Activitats complement\u00e0ries per consolidar i aprofundir els aprenentatges.<\/li>\n<\/ul>\n\n\n\n<div class=\"wp-block-getwid-advanced-spacer\" style=\"height:28px\" aria-hidden=\"true\"><\/div>\n\n\n\n<h4 class=\"wp-block-heading has-ast-global-color-0-color has-text-color has-link-color wp-elements-93ed76b41123231e2906c27ee0194d4f\">Propostes desenvolupades durant el curs<\/h4>\n\n\n\n<div class=\"wp-block-getwid-advanced-spacer\" style=\"height:20px\" aria-hidden=\"true\"><\/div>\n\n\n\n<div class=\"wp-block-getwid-tabs\" data-active-tab=\"0\"><ul class=\"wp-block-getwid-tabs__nav-links\"><\/ul>\n<div class=\"wp-block-getwid-tabs__nav-link\"><span class=\"wp-block-getwid-tabs__title-wrapper\"><a href=\"#\"><span class=\"wp-block-getwid-tabs__title\">Primer trimestre<\/span><\/a><\/span><\/div><div class=\"wp-block-getwid-tabs__tab-content-wrapper\"><div class=\"wp-block-getwid-tabs__tab-content\">\n<h6 class=\"wp-block-heading has-ast-global-color-0-color has-text-color has-link-color wp-elements-f8a8122a9ba888f892c9bbe870155edd\"><strong>Primer trimestre\u00a0<\/strong>\u2013 \u201cCodi de patrons geom\u00e8trics\u201d<\/h6>\n\n\n\n<p>L\u2019alumnat es va convertir en dissenyador d\u2019un museu creant mosaics inspirats en l\u2019art isl\u00e0mic a partir de patrons matem\u00e0tics. Es van treballar conceptes de geometria, transformacions i programaci\u00f3 amb Scratch, combinant art, matem\u00e0tiques i tecnologia.<\/p>\n<\/div><\/div>\n\n\n\n<div class=\"wp-block-getwid-tabs__nav-link\"><span class=\"wp-block-getwid-tabs__title-wrapper\"><a href=\"#\"><span class=\"wp-block-getwid-tabs__title\">Segon trimestre<\/span><\/a><\/span><\/div><div class=\"wp-block-getwid-tabs__tab-content-wrapper\"><div class=\"wp-block-getwid-tabs__tab-content\">\n<h6 class=\"wp-block-heading has-ast-global-color-0-color has-text-color has-link-color wp-elements-9e473dc556940737916875ec8370fbb6\"><strong>Segon trimestre<\/strong>\u00a0\u2013 \u201cAnalistes de dades\u201d<\/h6>\n\n\n\n<p>Actualment, els alumnes actuen com a analistes de dades amb un enc\u00e0rrec relacionat amb la mobilitat escolar. Recullen i analitzen dades reals sobre els trajectes fins a l\u2019escola utilitzant eines com Google Maps, Micro:bit i fulls de c\u00e0lcul. El projecte integra estad\u00edstica, mesura, pensament computacional i educaci\u00f3 en valors, i culmina amb un informe final amb propostes de millora per a l\u2019entorn.<\/p>\n<\/div><\/div>\n\n\n\n<div class=\"wp-block-getwid-tabs__nav-link\"><span class=\"wp-block-getwid-tabs__title-wrapper\"><a href=\"#\"><span class=\"wp-block-getwid-tabs__title\">Tercer trimestre<\/span><\/a><\/span><\/div><div class=\"wp-block-getwid-tabs__tab-content-wrapper\"><div class=\"wp-block-getwid-tabs__tab-content\">\n<h6 class=\"wp-block-heading has-ast-global-color-0-color has-text-color has-link-color wp-elements-c43e0d0338b5b90ab1e033e6b3fceeb0\">Tercer trimestre<\/h6>\n\n\n\n<p>El projecte continuar\u00e0 amb nous reptes com la creaci\u00f3 d\u2019una calculadora algor\u00edtmica i la resoluci\u00f3 de laberints matem\u00e0tics, consolidant les compet\u00e8ncies matem\u00e0tiques i digitals de l\u2019alumnat.<\/p>\n\n\n\n<p>Aquest enfocament promou un aprenentatge actiu, cooperatiu i competencial, on els alumnes aprenen matem\u00e0tiques investigant, creant i donant resposta a situacions reals.<\/p>\n<\/div><\/div>\n<\/div>\n\n\n\n<div class=\"wp-block-columns is-layout-flex wp-container-core-columns-is-layout-2 wp-block-columns-is-layout-flex\">\n<div class=\"wp-block-column is-layout-flow wp-block-column-is-layout-flow\" style=\"flex-basis:40%\">\n<figure class=\"wp-block-image aligncenter size-full\"><a href=\"https:\/\/projectes.xtec.cat\/pensament-computacional\/\"><img loading=\"lazy\" decoding=\"async\" width=\"783\" height=\"573\" src=\"https:\/\/agora.xtec.cat\/iemariamiret\/wp-content\/uploads\/usu2321\/2026\/02\/PCMAT.png\" alt=\"\" class=\"wp-image-19149\" srcset=\"https:\/\/agora.xtec.cat\/iemariamiret\/wp-content\/uploads\/usu2321\/2026\/02\/PCMAT.png 783w, https:\/\/agora.xtec.cat\/iemariamiret\/wp-content\/uploads\/usu2321\/2026\/02\/PCMAT-300x220.png 300w, https:\/\/agora.xtec.cat\/iemariamiret\/wp-content\/uploads\/usu2321\/2026\/02\/PCMAT-768x562.png 768w\" sizes=\"auto, (max-width: 783px) 100vw, 783px\" \/><\/a><\/figure>\n<\/div>\n\n\n\n<div class=\"wp-block-column is-vertically-aligned-center is-layout-flow wp-block-column-is-layout-flow\" style=\"flex-basis:60%\">\n<p>Per m\u00e9s informaci\u00f3 podeu visitar la p\u00e0gina web de PCMAT:<\/p>\n\n\n\n<div class=\"wp-block-buttons is-content-justification-left is-layout-flex wp-container-core-buttons-is-layout-1 wp-block-buttons-is-layout-flex\">\n<div class=\"wp-block-button\"><a class=\"wp-block-button__link wp-element-button\" href=\"https:\/\/projectes.xtec.cat\/pensament-computacional\/\">PCMAT<\/a><\/div>\n<\/div>\n<\/div>\n<\/div>\n","protected":false},"excerpt":{"rendered":"<p>Aquest curs 2025-2026,&nbsp;l\u2019alumnat de 5\u00e8 de prim\u00e0ria participa en el Programa temporal de mentories PCMAT, emmarcat dins del programa C\u00f3digo Escuela 4.0, impulsat pel Ministeri d\u2019Educaci\u00f3 i coordinat pel Departament d\u2019Educaci\u00f3 de la Generalitat de Catalunya. Aquest programa t\u00e9 com a objectiu millorar la compet\u00e8ncia matem\u00e0tica a trav\u00e9s del pensament computacional, la programaci\u00f3 i la [&hellip;]<\/p>\n","protected":false},"author":1,"featured_media":19149,"parent":0,"menu_order":0,"comment_status":"closed","ping_status":"close","template":"","meta":{"_bbp_topic_count":0,"_bbp_reply_count":0,"_bbp_total_topic_count":0,"_bbp_total_reply_count":0,"_bbp_voice_count":0,"_bbp_anonymous_reply_count":0,"_bbp_topic_count_hidden":0,"_bbp_reply_count_hidden":0,"_bbp_forum_subforum_count":0,"site-sidebar-layout":"default","site-content-layout":"","ast-site-content-layout":"default","site-content-style":"default","site-sidebar-style":"default","ast-global-header-display":"","ast-banner-title-visibility":"","ast-main-header-display":"","ast-hfb-above-header-display":"","ast-hfb-below-header-display":"","ast-hfb-mobile-header-display":"","site-post-title":"","ast-breadcrumbs-content":"","ast-featured-img":"","footer-sml-layout":"","theme-transparent-header-meta":"","adv-header-id-meta":"","stick-header-meta":"","header-above-stick-meta":"","header-main-stick-meta":"","header-below-stick-meta":"","astra-migrate-meta-layouts":"set","ast-page-background-enabled":"default","ast-page-background-meta":{"desktop":{"background-color":"var(--ast-global-color-4)","background-image":"","background-repeat":"repeat","background-position":"center center","background-size":"auto","background-attachment":"scroll","background-type":"","background-media":"","overlay-type":"","overlay-color":"","overlay-opacity":"","overlay-gradient":""},"tablet":{"background-color":"","background-image":"","background-repeat":"repeat","background-position":"center center","background-size":"auto","background-attachment":"scroll","background-type":"","background-media":"","overlay-type":"","overlay-color":"","overlay-opacity":"","overlay-gradient":""},"mobile":{"background-color":"","background-image":"","background-repeat":"repeat","background-position":"center center","background-size":"auto","background-attachment":"scroll","background-type":"","background-media":"","overlay-type":"","overlay-color":"","overlay-opacity":"","overlay-gradient":""}},"ast-content-background-meta":{"desktop":{"background-color":"var(--ast-global-color-5)","background-image":"","background-repeat":"repeat","background-position":"center center","background-size":"auto","background-attachment":"scroll","background-type":"","background-media":"","overlay-type":"","overlay-color":"","overlay-opacity":"","overlay-gradient":""},"tablet":{"background-color":"var(--ast-global-color-5)","background-image":"","background-repeat":"repeat","background-position":"center center","background-size":"auto","background-attachment":"scroll","background-type":"","background-media":"","overlay-type":"","overlay-color":"","overlay-opacity":"","overlay-gradient":""},"mobile":{"background-color":"var(--ast-global-color-5)","background-image":"","background-repeat":"repeat","background-position":"center center","background-size":"auto","background-attachment":"scroll","background-type":"","background-media":"","overlay-type":"","overlay-color":"","overlay-opacity":"","overlay-gradient":""}},"footnotes":""},"class_list":["post-19128","page","type-page","status-publish","has-post-thumbnail","hentry"],"post_mailing_queue_ids":[],"_links":{"self":[{"href":"https:\/\/agora.xtec.cat\/iemariamiret\/wp-json\/wp\/v2\/pages\/19128","targetHints":{"allow":["GET"]}}],"collection":[{"href":"https:\/\/agora.xtec.cat\/iemariamiret\/wp-json\/wp\/v2\/pages"}],"about":[{"href":"https:\/\/agora.xtec.cat\/iemariamiret\/wp-json\/wp\/v2\/types\/page"}],"author":[{"embeddable":true,"href":"https:\/\/agora.xtec.cat\/iemariamiret\/wp-json\/wp\/v2\/users\/1"}],"replies":[{"embeddable":true,"href":"https:\/\/agora.xtec.cat\/iemariamiret\/wp-json\/wp\/v2\/comments?post=19128"}],"version-history":[{"count":6,"href":"https:\/\/agora.xtec.cat\/iemariamiret\/wp-json\/wp\/v2\/pages\/19128\/revisions"}],"predecessor-version":[{"id":19157,"href":"https:\/\/agora.xtec.cat\/iemariamiret\/wp-json\/wp\/v2\/pages\/19128\/revisions\/19157"}],"wp:featuredmedia":[{"embeddable":true,"href":"https:\/\/agora.xtec.cat\/iemariamiret\/wp-json\/wp\/v2\/media\/19149"}],"wp:attachment":[{"href":"https:\/\/agora.xtec.cat\/iemariamiret\/wp-json\/wp\/v2\/media?parent=19128"}],"curies":[{"name":"wp","href":"https:\/\/api.w.org\/{rel}","templated":true}]}}