{"id":19037,"date":"2025-12-12T12:35:07","date_gmt":"2025-12-12T11:35:07","guid":{"rendered":"https:\/\/agora.xtec.cat\/iemariamiret\/?page_id=19037"},"modified":"2026-02-10T17:42:55","modified_gmt":"2026-02-10T16:42:55","slug":"educacio-secundaria","status":"publish","type":"page","link":"https:\/\/agora.xtec.cat\/iemariamiret\/educacio-secundaria\/","title":{"rendered":"Educaci\u00f3 Secund\u00e0ria"},"content":{"rendered":"\n<p>La <strong>secund\u00e0ria <\/strong>\u00e9s un moment important per seguir descobrint <strong>qui som<\/strong> i <strong>cap a on volem anar<\/strong>. Acompanyem l\u2019alumnat perqu\u00e8 guanyi autonomia, aprengui a pensar per ell mateix i s\u00e0piga afrontar nous reptes. Treballem l\u2019expressi\u00f3, el raonament i la capacitat de conviure i cooperar amb els altres. <\/p>\n\n\n\n<p><strong>Promovem una ciutadania activa i conscient<\/strong>, que participa, reflexiona i pren decisions amb criteri. Incentivem la comunicaci\u00f3 efica\u00e7, l\u2019argumentaci\u00f3 i el treball rigor\u00f3s, alhora que estimulem la sensibilitat art\u00edstica i l\u2019apreciaci\u00f3 est\u00e8tica. Constru\u00efm una educaci\u00f3 compartida, mantenint un vincle proper i continuat amb les fam\u00edlies per garantir un acompanyament global i coherent.<\/p>\n\n\n\n<div class=\"wp-block-getwid-section alignfull alignfull getwid-section-content-custom-width\"><div class=\"wp-block-getwid-section__wrapper getwid-padding-top-large getwid-padding-bottom-large getwid-padding-left-medium getwid-padding-right-medium\"><div class=\"wp-block-getwid-section__inner-wrapper\" style=\"max-width:1140px\"><div class=\"wp-block-getwid-section__background-holder\"><div class=\"wp-block-getwid-section__background\" style=\"background-image:url('https:\/\/agora.xtec.cat\/iemariamiret\/wp-content\/uploads\/usu2321\/2025\/07\/Sin-titulo-3-scaled.jpg')\"><div class=\"wp-block-getwid-section__background-image-wrapper\"><img decoding=\"async\" class=\"wp-block-getwid-section__background-image\" src=\"https:\/\/agora.xtec.cat\/iemariamiret\/wp-content\/uploads\/usu2321\/2025\/07\/Sin-titulo-3-scaled.jpg\" alt=\"\"\/><\/div><\/div><div class=\"wp-block-getwid-section__foreground\" style=\"opacity:0.7;background-color:#ffffff\"><\/div><\/div><div class=\"wp-block-getwid-section__content\"><div class=\"wp-block-getwid-section__inner-content\">\n<div class=\"wp-block-getwid-advanced-heading\" style=\"margin-bottom:30px;margin-top:10px\"><h2 class=\"wp-block-getwid-advanced-heading__content has-text-color has-ast-global-color-0-color\" style=\"text-align:center\">Projectes<\/h2><\/div>\n\n\n\n<div class=\"wp-block-columns has-3-columns is-layout-flex wp-container-core-columns-is-layout-1 wp-block-columns-is-layout-flex\">\n<div class=\"wp-block-column is-layout-flow wp-block-column-is-layout-flow\">\n<div class=\"wp-block-getwid-section\"><div class=\"wp-block-getwid-section__wrapper\"><div class=\"wp-block-getwid-section__inner-wrapper\"><div class=\"wp-block-getwid-section__background-holder\"><div class=\"wp-block-getwid-section__background has-background\" style=\"background-color:#ffffff\"><\/div><div class=\"wp-block-getwid-section__foreground\"><\/div><\/div><div class=\"wp-block-getwid-section__content\"><div class=\"wp-block-getwid-section__inner-content\">\n<h4 class=\"wp-block-heading has-text-align-center has-ast-global-color-1-color has-text-color has-link-color wp-elements-ed475673664e7b8f1c0686618c71b6ee\">L&#8217;aigua<\/h4>\n\n\n\n<figure class=\"wp-block-image size-large\"><img loading=\"lazy\" decoding=\"async\" width=\"1024\" height=\"682\" src=\"https:\/\/agora.xtec.cat\/iemariamiret\/wp-content\/uploads\/usu2321\/2025\/11\/faucet-1684902_1280-1024x682.jpg\" alt=\"\" class=\"wp-image-18992\" srcset=\"https:\/\/agora.xtec.cat\/iemariamiret\/wp-content\/uploads\/usu2321\/2025\/11\/faucet-1684902_1280-1024x682.jpg 1024w, https:\/\/agora.xtec.cat\/iemariamiret\/wp-content\/uploads\/usu2321\/2025\/11\/faucet-1684902_1280-300x200.jpg 300w, https:\/\/agora.xtec.cat\/iemariamiret\/wp-content\/uploads\/usu2321\/2025\/11\/faucet-1684902_1280-768x512.jpg 768w, https:\/\/agora.xtec.cat\/iemariamiret\/wp-content\/uploads\/usu2321\/2025\/11\/faucet-1684902_1280.jpg 1280w\" sizes=\"auto, (max-width: 1024px) 100vw, 1024px\" \/><\/figure>\n\n\n\n<div class=\"wp-block-getwid-advanced-spacer\" style=\"height:20px\" aria-hidden=\"true\"><\/div>\n\n\n\n<p class=\"has-text-align-center\">Els alumnes de <strong>1r d\u2019ESO<\/strong> estan immersos en un projecte que consisteix en la creaci\u00f3 d\u2019una&nbsp;<strong>p\u00e0gina web <\/strong>dedicada a l\u2019<strong>aigua<\/strong>.&nbsp;<\/p>\n\n\n\n<div class=\"wp-block-buttons is-content-justification-center is-layout-flex wp-container-core-buttons-is-layout-1 wp-block-buttons-is-layout-flex\">\n<div class=\"wp-block-button\"><a class=\"wp-block-button__link has-text-align-center wp-element-button\" href=\"https:\/\/agora.xtec.cat\/iemariamiret\/projecte-de-laigua\/\">Veure&#8217;n m\u00e9s&#8230;<\/a><\/div>\n<\/div>\n<\/div><\/div><\/div><\/div><\/div>\n<\/div>\n\n\n\n<div class=\"wp-block-column is-layout-flow wp-block-column-is-layout-flow\">\n<div class=\"wp-block-getwid-section\"><div class=\"wp-block-getwid-section__wrapper\"><div class=\"wp-block-getwid-section__inner-wrapper\"><div class=\"wp-block-getwid-section__background-holder\"><div class=\"wp-block-getwid-section__background has-background\" style=\"background-color:#ffffff\"><\/div><div class=\"wp-block-getwid-section__foreground\"><\/div><\/div><div class=\"wp-block-getwid-section__content\"><div class=\"wp-block-getwid-section__inner-content\">\n<h4 class=\"wp-block-heading has-text-align-center has-ast-global-color-1-color has-text-color has-link-color wp-elements-58e363be5b193af5a8ad7a873fd77420\">Escacs<\/h4>\n\n\n\n<figure class=\"wp-block-image size-large\"><img loading=\"lazy\" decoding=\"async\" width=\"1024\" height=\"682\" src=\"https:\/\/agora.xtec.cat\/iemariamiret\/wp-content\/uploads\/usu2321\/2025\/12\/checkmate-1511866_1280-1024x682.jpg\" alt=\"\" class=\"wp-image-19043\" srcset=\"https:\/\/agora.xtec.cat\/iemariamiret\/wp-content\/uploads\/usu2321\/2025\/12\/checkmate-1511866_1280-1024x682.jpg 1024w, https:\/\/agora.xtec.cat\/iemariamiret\/wp-content\/uploads\/usu2321\/2025\/12\/checkmate-1511866_1280-300x200.jpg 300w, https:\/\/agora.xtec.cat\/iemariamiret\/wp-content\/uploads\/usu2321\/2025\/12\/checkmate-1511866_1280-768x512.jpg 768w, https:\/\/agora.xtec.cat\/iemariamiret\/wp-content\/uploads\/usu2321\/2025\/12\/checkmate-1511866_1280.jpg 1280w\" sizes=\"auto, (max-width: 1024px) 100vw, 1024px\" \/><\/figure>\n\n\n\n<div class=\"wp-block-getwid-advanced-spacer\" style=\"height:20px\" aria-hidden=\"true\"><\/div>\n\n\n\n<p class=\"has-text-align-center\">A<strong> 2n d\u2019ESO<\/strong> fomentem el pensament l\u00f2gic jugant i fent competicions amb <strong>escacs<\/strong>. Ning\u00fa es pot resistir a una partida!&nbsp;<\/p>\n\n\n\n<div class=\"wp-block-buttons is-content-justification-center is-layout-flex wp-container-core-buttons-is-layout-2 wp-block-buttons-is-layout-flex\">\n<div class=\"wp-block-button\"><a class=\"wp-block-button__link has-text-align-center wp-element-button\">Veure&#8217;n m\u00e9s&#8230;<\/a><\/div>\n<\/div>\n<\/div><\/div><\/div><\/div><\/div>\n<\/div>\n<\/div>\n\n\n\n<div class=\"wp-block-columns has-3-columns is-layout-flex wp-container-core-columns-is-layout-2 wp-block-columns-is-layout-flex\">\n<div class=\"wp-block-column is-layout-flow wp-block-column-is-layout-flow\">\n<div class=\"wp-block-getwid-section\"><div class=\"wp-block-getwid-section__wrapper\"><div class=\"wp-block-getwid-section__inner-wrapper\"><div class=\"wp-block-getwid-section__background-holder\"><div class=\"wp-block-getwid-section__background has-background\" style=\"background-color:#ffffff\"><\/div><div class=\"wp-block-getwid-section__foreground\"><\/div><\/div><div class=\"wp-block-getwid-section__content\"><div class=\"wp-block-getwid-section__inner-content\">\n<h4 class=\"wp-block-heading has-text-align-center has-ast-global-color-1-color has-text-color has-link-color wp-elements-6dd1fed912a9816cc99290f8c317c665\">Rob\u00f2tica<\/h4>\n\n\n\n<figure class=\"wp-block-image size-full\"><img loading=\"lazy\" decoding=\"async\" width=\"2560\" height=\"1707\" src=\"https:\/\/agora.xtec.cat\/iemariamiret\/wp-content\/uploads\/usu2321\/2025\/12\/Abacus_20231215_Firma-Conveni-Sant-Feliu-20-1-scaled-1.jpg\" alt=\"\" class=\"wp-image-19048\" srcset=\"https:\/\/agora.xtec.cat\/iemariamiret\/wp-content\/uploads\/usu2321\/2025\/12\/Abacus_20231215_Firma-Conveni-Sant-Feliu-20-1-scaled-1.jpg 2560w, https:\/\/agora.xtec.cat\/iemariamiret\/wp-content\/uploads\/usu2321\/2025\/12\/Abacus_20231215_Firma-Conveni-Sant-Feliu-20-1-scaled-1-300x200.jpg 300w, https:\/\/agora.xtec.cat\/iemariamiret\/wp-content\/uploads\/usu2321\/2025\/12\/Abacus_20231215_Firma-Conveni-Sant-Feliu-20-1-scaled-1-1024x683.jpg 1024w, https:\/\/agora.xtec.cat\/iemariamiret\/wp-content\/uploads\/usu2321\/2025\/12\/Abacus_20231215_Firma-Conveni-Sant-Feliu-20-1-scaled-1-768x512.jpg 768w, https:\/\/agora.xtec.cat\/iemariamiret\/wp-content\/uploads\/usu2321\/2025\/12\/Abacus_20231215_Firma-Conveni-Sant-Feliu-20-1-scaled-1-1536x1024.jpg 1536w, https:\/\/agora.xtec.cat\/iemariamiret\/wp-content\/uploads\/usu2321\/2025\/12\/Abacus_20231215_Firma-Conveni-Sant-Feliu-20-1-scaled-1-2048x1366.jpg 2048w\" sizes=\"auto, (max-width: 2560px) 100vw, 2560px\" \/><\/figure>\n\n\n\n<div class=\"wp-block-getwid-advanced-spacer\" style=\"height:20px\" aria-hidden=\"true\"><\/div>\n\n\n\n<p class=\"has-text-align-center\">Amb <strong>Lego SPKIE<\/strong>, els alumnes de <strong>3r d&#8217;ESO<\/strong> aprenen <strong>programaci\u00f3<\/strong> mentre que construeixen i configuren <strong>robots<\/strong>.<\/p>\n\n\n\n<div class=\"wp-block-buttons is-content-justification-center is-layout-flex wp-container-core-buttons-is-layout-3 wp-block-buttons-is-layout-flex\">\n<div class=\"wp-block-button\"><a class=\"wp-block-button__link has-text-align-center wp-element-button\">Veure&#8217;n m\u00e9s&#8230;<\/a><\/div>\n<\/div>\n<\/div><\/div><\/div><\/div><\/div>\n<\/div>\n\n\n\n<div class=\"wp-block-column is-layout-flow wp-block-column-is-layout-flow\">\n<div class=\"wp-block-getwid-section\"><div class=\"wp-block-getwid-section__wrapper\"><div class=\"wp-block-getwid-section__inner-wrapper\"><div class=\"wp-block-getwid-section__background-holder\"><div class=\"wp-block-getwid-section__background has-background\" style=\"background-color:#ffffff\"><\/div><div class=\"wp-block-getwid-section__foreground\"><\/div><\/div><div class=\"wp-block-getwid-section__content\"><div class=\"wp-block-getwid-section__inner-content\">\n<h4 class=\"wp-block-heading has-text-align-center has-ast-global-color-1-color has-text-color has-link-color wp-elements-865b32420140909866c2b46fceecdb45\">Impressi\u00f3 3D<\/h4>\n\n\n\n<figure class=\"wp-block-image aligncenter size-full\"><img loading=\"lazy\" decoding=\"async\" width=\"1024\" height=\"683\" src=\"https:\/\/agora.xtec.cat\/iemariamiret\/wp-content\/uploads\/usu2321\/2025\/12\/Types-of-3D-printers-1024x683-1.jpg\" alt=\"\" class=\"wp-image-19045\" srcset=\"https:\/\/agora.xtec.cat\/iemariamiret\/wp-content\/uploads\/usu2321\/2025\/12\/Types-of-3D-printers-1024x683-1.jpg 1024w, https:\/\/agora.xtec.cat\/iemariamiret\/wp-content\/uploads\/usu2321\/2025\/12\/Types-of-3D-printers-1024x683-1-300x200.jpg 300w, https:\/\/agora.xtec.cat\/iemariamiret\/wp-content\/uploads\/usu2321\/2025\/12\/Types-of-3D-printers-1024x683-1-768x512.jpg 768w\" sizes=\"auto, (max-width: 1024px) 100vw, 1024px\" \/><\/figure>\n\n\n\n<div class=\"wp-block-getwid-advanced-spacer\" style=\"height:20px\" aria-hidden=\"true\"><\/div>\n\n\n\n<p class=\"has-text-align-center\">Els alumnes de <strong>4t d&#8217;ESO<\/strong> aprenen a dissenyar elements en <strong>3 dimensions<\/strong>, i poden portar-los a la vida amb una <strong>impressora 3D<\/strong>.<\/p>\n\n\n\n<div class=\"wp-block-buttons is-content-justification-center is-layout-flex wp-container-core-buttons-is-layout-4 wp-block-buttons-is-layout-flex\">\n<div class=\"wp-block-button\"><a class=\"wp-block-button__link has-text-align-center wp-element-button\">Veure&#8217;n m\u00e9s&#8230;<\/a><\/div>\n<\/div>\n<\/div><\/div><\/div><\/div><\/div>\n<\/div>\n<\/div>\n<\/div><\/div><\/div><\/div><\/div>\n","protected":false},"excerpt":{"rendered":"<p>La secund\u00e0ria \u00e9s un moment important per seguir descobrint qui som i cap a on volem anar. Acompanyem l\u2019alumnat perqu\u00e8 guanyi autonomia, aprengui a pensar per ell mateix i s\u00e0piga afrontar nous reptes. Treballem l\u2019expressi\u00f3, el raonament i la capacitat de conviure i cooperar amb els altres. Promovem una ciutadania activa i conscient, que participa, [&hellip;]<\/p>\n","protected":false},"author":1,"featured_media":0,"parent":0,"menu_order":0,"comment_status":"closed","ping_status":"close","template":"","meta":{"_bbp_topic_count":0,"_bbp_reply_count":0,"_bbp_total_topic_count":0,"_bbp_total_reply_count":0,"_bbp_voice_count":0,"_bbp_anonymous_reply_count":0,"_bbp_topic_count_hidden":0,"_bbp_reply_count_hidden":0,"_bbp_forum_subforum_count":0,"site-sidebar-layout":"default","site-content-layout":"","ast-site-content-layout":"default","site-content-style":"default","site-sidebar-style":"default","ast-global-header-display":"","ast-banner-title-visibility":"","ast-main-header-display":"","ast-hfb-above-header-display":"","ast-hfb-below-header-display":"","ast-hfb-mobile-header-display":"","site-post-title":"","ast-breadcrumbs-content":"","ast-featured-img":"","footer-sml-layout":"","theme-transparent-header-meta":"","adv-header-id-meta":"","stick-header-meta":"","header-above-stick-meta":"","header-main-stick-meta":"","header-below-stick-meta":"","astra-migrate-meta-layouts":"set","ast-page-background-enabled":"default","ast-page-background-meta":{"desktop":{"background-color":"var(--ast-global-color-4)","background-image":"","background-repeat":"repeat","background-position":"center center","background-size":"auto","background-attachment":"scroll","background-type":"","background-media":"","overlay-type":"","overlay-color":"","overlay-opacity":"","overlay-gradient":""},"tablet":{"background-color":"","background-image":"","background-repeat":"repeat","background-position":"center center","background-size":"auto","background-attachment":"scroll","background-type":"","background-media":"","overlay-type":"","overlay-color":"","overlay-opacity":"","overlay-gradient":""},"mobile":{"background-color":"","background-image":"","background-repeat":"repeat","background-position":"center center","background-size":"auto","background-attachment":"scroll","background-type":"","background-media":"","overlay-type":"","overlay-color":"","overlay-opacity":"","overlay-gradient":""}},"ast-content-background-meta":{"desktop":{"background-color":"var(--ast-global-color-5)","background-image":"","background-repeat":"repeat","background-position":"center center","background-size":"auto","background-attachment":"scroll","background-type":"","background-media":"","overlay-type":"","overlay-color":"","overlay-opacity":"","overlay-gradient":""},"tablet":{"background-color":"var(--ast-global-color-5)","background-image":"","background-repeat":"repeat","background-position":"center center","background-size":"auto","background-attachment":"scroll","background-type":"","background-media":"","overlay-type":"","overlay-color":"","overlay-opacity":"","overlay-gradient":""},"mobile":{"background-color":"var(--ast-global-color-5)","background-image":"","background-repeat":"repeat","background-position":"center center","background-size":"auto","background-attachment":"scroll","background-type":"","background-media":"","overlay-type":"","overlay-color":"","overlay-opacity":"","overlay-gradient":""}},"footnotes":""},"class_list":["post-19037","page","type-page","status-publish","hentry"],"post_mailing_queue_ids":[],"_links":{"self":[{"href":"https:\/\/agora.xtec.cat\/iemariamiret\/wp-json\/wp\/v2\/pages\/19037","targetHints":{"allow":["GET"]}}],"collection":[{"href":"https:\/\/agora.xtec.cat\/iemariamiret\/wp-json\/wp\/v2\/pages"}],"about":[{"href":"https:\/\/agora.xtec.cat\/iemariamiret\/wp-json\/wp\/v2\/types\/page"}],"author":[{"embeddable":true,"href":"https:\/\/agora.xtec.cat\/iemariamiret\/wp-json\/wp\/v2\/users\/1"}],"replies":[{"embeddable":true,"href":"https:\/\/agora.xtec.cat\/iemariamiret\/wp-json\/wp\/v2\/comments?post=19037"}],"version-history":[{"count":6,"href":"https:\/\/agora.xtec.cat\/iemariamiret\/wp-json\/wp\/v2\/pages\/19037\/revisions"}],"predecessor-version":[{"id":19126,"href":"https:\/\/agora.xtec.cat\/iemariamiret\/wp-json\/wp\/v2\/pages\/19037\/revisions\/19126"}],"wp:attachment":[{"href":"https:\/\/agora.xtec.cat\/iemariamiret\/wp-json\/wp\/v2\/media?parent=19037"}],"curies":[{"name":"wp","href":"https:\/\/api.w.org\/{rel}","templated":true}]}}