{"id":18967,"date":"2025-11-24T12:28:14","date_gmt":"2025-11-24T11:28:14","guid":{"rendered":"https:\/\/agora.xtec.cat\/iemariamiret\/?page_id=18967"},"modified":"2026-03-12T12:06:29","modified_gmt":"2026-03-12T11:06:29","slug":"les-veus-juntes","status":"publish","type":"page","link":"https:\/\/agora.xtec.cat\/iemariamiret\/el-mon-piruli\/les-veus-juntes\/","title":{"rendered":"Les veus juntes"},"content":{"rendered":"\n<h3 class=\"wp-block-heading\"><span style=\"color: #000000;\"><strong>Benvinguts a <span style=\"color: #4c86a6;\"><em>Les veus juntes<\/em><\/span>, el programa de r\u00e0dio creat pels alumnes de 6\u00e8 de prim\u00e0ria.<\/strong><\/span><\/h3>\n\n\n\n<h5 class=\"wp-block-heading\"><span style=\"color: #4c86a6;\"><em>PODCAST CURS 2025-2026<\/em><\/span><\/h5>\n\n\n\n<div class=\"wp-block-media-text is-stacked-on-mobile\" style=\"grid-template-columns:24% auto\"><figure class=\"wp-block-media-text__media\"><img loading=\"lazy\" decoding=\"async\" width=\"889\" height=\"779\" src=\"https:\/\/agora.xtec.cat\/iemariamiret\/wp-content\/uploads\/usu2321\/2025\/11\/01.png\" alt=\"\" class=\"wp-image-18955 size-full\" srcset=\"https:\/\/agora.xtec.cat\/iemariamiret\/wp-content\/uploads\/usu2321\/2025\/11\/01.png 889w, https:\/\/agora.xtec.cat\/iemariamiret\/wp-content\/uploads\/usu2321\/2025\/11\/01-300x263.png 300w, https:\/\/agora.xtec.cat\/iemariamiret\/wp-content\/uploads\/usu2321\/2025\/11\/01-768x673.png 768w\" sizes=\"auto, (max-width: 889px) 100vw, 889px\" \/><\/figure><div class=\"wp-block-media-text__content\">\n<p><strong>Les veus juntes<\/strong>&nbsp;\u00e9s el nou programa de r\u00e0dio escolar elaborat per l\u2019alumnat de 6\u00e8. Un p\u00f2dcast fresc, creatiu i ple d\u2019hist\u00f2ries que reflecteixen la vida del nostre centre. Enguany celebrem la quarta edici\u00f3 del p\u00f2dcast del Maria Miret, un projecte que us sorprendr\u00e0 des del primer minut.&nbsp;&nbsp;<\/p>\n<\/div><\/div>\n\n\n\n<p>A continuaci\u00f3 pots escoltar els diferents programes:<\/p>\n\n\n\n<div class=\"wp-block-getwid-accordion has-icon-left\" data-active-element=\"none\">\n<div class=\"wp-block-getwid-accordion__header-wrapper\"><span class=\"wp-block-getwid-accordion__header\"><a href=\"#\"><span class=\"wp-block-getwid-accordion__header-title\">Programa 1<\/span><span class=\"wp-block-getwid-accordion__icon is-active\"><i class=\"fas fa-plus\"><\/i><\/span><span class=\"wp-block-getwid-accordion__icon is-passive\"><i class=\"fas fa-minus\"><\/i><\/span><\/a><\/span><\/div><div class=\"wp-block-getwid-accordion__content-wrapper\"><div class=\"wp-block-getwid-accordion__content\">\n<figure class=\"wp-block-audio\"><audio controls src=\"https:\/\/agora.xtec.cat\/iemariamiret\/wp-content\/uploads\/usu2321\/2025\/11\/Les-veus-juntes-01.mp3\"><\/audio><\/figure>\n<\/div><\/div>\n\n\n\n<div class=\"wp-block-getwid-accordion__header-wrapper\"><span class=\"wp-block-getwid-accordion__header\"><a href=\"#\"><span class=\"wp-block-getwid-accordion__header-title\">Programa 2<\/span><span class=\"wp-block-getwid-accordion__icon is-active\"><i class=\"fas fa-plus\"><\/i><\/span><span class=\"wp-block-getwid-accordion__icon is-passive\"><i class=\"fas fa-minus\"><\/i><\/span><\/a><\/span><\/div><div class=\"wp-block-getwid-accordion__content-wrapper\"><div class=\"wp-block-getwid-accordion__content\">\n<figure class=\"wp-block-audio\"><audio controls src=\"https:\/\/agora.xtec.cat\/iemariamiret\/wp-content\/uploads\/usu2321\/2025\/11\/les-veus-juntes-02.mp3\"><\/audio><\/figure>\n<\/div><\/div>\n\n\n\n<div class=\"wp-block-getwid-accordion__header-wrapper\"><span class=\"wp-block-getwid-accordion__header\"><a href=\"#\"><span class=\"wp-block-getwid-accordion__header-title\">Programa 3<\/span><span class=\"wp-block-getwid-accordion__icon is-active\"><i class=\"fas fa-plus\"><\/i><\/span><span class=\"wp-block-getwid-accordion__icon is-passive\"><i class=\"fas fa-minus\"><\/i><\/span><\/a><\/span><\/div><div class=\"wp-block-getwid-accordion__content-wrapper\"><div class=\"wp-block-getwid-accordion__content\">\n<p><\/p>\n\n\n\n<figure class=\"wp-block-audio\"><audio controls src=\"https:\/\/agora.xtec.cat\/iemariamiret\/wp-content\/uploads\/usu2321\/2026\/03\/Programa-3-real-.-Les-veu-juntes.mp3\"><\/audio><\/figure>\n<\/div><\/div>\n\n\n\n<div class=\"wp-block-getwid-accordion__header-wrapper\"><span class=\"wp-block-getwid-accordion__header\"><a href=\"#\"><span class=\"wp-block-getwid-accordion__header-title\">Programa 4<\/span><span class=\"wp-block-getwid-accordion__icon is-active\"><i class=\"fas fa-plus\"><\/i><\/span><span class=\"wp-block-getwid-accordion__icon is-passive\"><i class=\"fas fa-minus\"><\/i><\/span><\/a><\/span><\/div><div class=\"wp-block-getwid-accordion__content-wrapper\"><div class=\"wp-block-getwid-accordion__content\">\n<figure class=\"wp-block-audio\"><audio controls src=\"https:\/\/agora.xtec.cat\/iemariamiret\/wp-content\/uploads\/usu2321\/2026\/03\/Podcast-03-Les-veu-juntes.mp3\"><\/audio><\/figure>\n<\/div><\/div>\n<\/div>\n","protected":false},"excerpt":{"rendered":"<p>Benvinguts a Les veus juntes, el programa de r\u00e0dio creat pels alumnes de 6\u00e8 de prim\u00e0ria. PODCAST CURS 2025-2026 Les veus juntes&nbsp;\u00e9s el nou programa de r\u00e0dio escolar elaborat per l\u2019alumnat de 6\u00e8. Un p\u00f2dcast fresc, creatiu i ple d\u2019hist\u00f2ries que reflecteixen la vida del nostre centre. Enguany celebrem la quarta edici\u00f3 del p\u00f2dcast del [&hellip;]<\/p>\n","protected":false},"author":1,"featured_media":0,"parent":18953,"menu_order":0,"comment_status":"closed","ping_status":"close","template":"","meta":{"_bbp_topic_count":0,"_bbp_reply_count":0,"_bbp_total_topic_count":0,"_bbp_total_reply_count":0,"_bbp_voice_count":0,"_bbp_anonymous_reply_count":0,"_bbp_topic_count_hidden":0,"_bbp_reply_count_hidden":0,"_bbp_forum_subforum_count":0,"site-sidebar-layout":"default","site-content-layout":"","ast-site-content-layout":"default","site-content-style":"default","site-sidebar-style":"default","ast-global-header-display":"","ast-banner-title-visibility":"","ast-main-header-display":"","ast-hfb-above-header-display":"","ast-hfb-below-header-display":"","ast-hfb-mobile-header-display":"","site-post-title":"","ast-breadcrumbs-content":"","ast-featured-img":"","footer-sml-layout":"","theme-transparent-header-meta":"","adv-header-id-meta":"","stick-header-meta":"","header-above-stick-meta":"","header-main-stick-meta":"","header-below-stick-meta":"","astra-migrate-meta-layouts":"set","ast-page-background-enabled":"default","ast-page-background-meta":{"desktop":{"background-color":"var(--ast-global-color-4)","background-image":"","background-repeat":"repeat","background-position":"center center","background-size":"auto","background-attachment":"scroll","background-type":"","background-media":"","overlay-type":"","overlay-color":"","overlay-opacity":"","overlay-gradient":""},"tablet":{"background-color":"","background-image":"","background-repeat":"repeat","background-position":"center center","background-size":"auto","background-attachment":"scroll","background-type":"","background-media":"","overlay-type":"","overlay-color":"","overlay-opacity":"","overlay-gradient":""},"mobile":{"background-color":"","background-image":"","background-repeat":"repeat","background-position":"center center","background-size":"auto","background-attachment":"scroll","background-type":"","background-media":"","overlay-type":"","overlay-color":"","overlay-opacity":"","overlay-gradient":""}},"ast-content-background-meta":{"desktop":{"background-color":"var(--ast-global-color-5)","background-image":"","background-repeat":"repeat","background-position":"center center","background-size":"auto","background-attachment":"scroll","background-type":"","background-media":"","overlay-type":"","overlay-color":"","overlay-opacity":"","overlay-gradient":""},"tablet":{"background-color":"var(--ast-global-color-5)","background-image":"","background-repeat":"repeat","background-position":"center center","background-size":"auto","background-attachment":"scroll","background-type":"","background-media":"","overlay-type":"","overlay-color":"","overlay-opacity":"","overlay-gradient":""},"mobile":{"background-color":"var(--ast-global-color-5)","background-image":"","background-repeat":"repeat","background-position":"center center","background-size":"auto","background-attachment":"scroll","background-type":"","background-media":"","overlay-type":"","overlay-color":"","overlay-opacity":"","overlay-gradient":""}},"footnotes":""},"class_list":["post-18967","page","type-page","status-publish","hentry"],"post_mailing_queue_ids":[],"_links":{"self":[{"href":"https:\/\/agora.xtec.cat\/iemariamiret\/wp-json\/wp\/v2\/pages\/18967","targetHints":{"allow":["GET"]}}],"collection":[{"href":"https:\/\/agora.xtec.cat\/iemariamiret\/wp-json\/wp\/v2\/pages"}],"about":[{"href":"https:\/\/agora.xtec.cat\/iemariamiret\/wp-json\/wp\/v2\/types\/page"}],"author":[{"embeddable":true,"href":"https:\/\/agora.xtec.cat\/iemariamiret\/wp-json\/wp\/v2\/users\/1"}],"replies":[{"embeddable":true,"href":"https:\/\/agora.xtec.cat\/iemariamiret\/wp-json\/wp\/v2\/comments?post=18967"}],"version-history":[{"count":6,"href":"https:\/\/agora.xtec.cat\/iemariamiret\/wp-json\/wp\/v2\/pages\/18967\/revisions"}],"predecessor-version":[{"id":19178,"href":"https:\/\/agora.xtec.cat\/iemariamiret\/wp-json\/wp\/v2\/pages\/18967\/revisions\/19178"}],"up":[{"embeddable":true,"href":"https:\/\/agora.xtec.cat\/iemariamiret\/wp-json\/wp\/v2\/pages\/18953"}],"wp:attachment":[{"href":"https:\/\/agora.xtec.cat\/iemariamiret\/wp-json\/wp\/v2\/media?parent=18967"}],"curies":[{"name":"wp","href":"https:\/\/api.w.org\/{rel}","templated":true}]}}