{"id":18953,"date":"2025-11-24T12:06:34","date_gmt":"2025-11-24T11:06:34","guid":{"rendered":"https:\/\/agora.xtec.cat\/iemariamiret\/?page_id=18953"},"modified":"2025-11-24T12:44:19","modified_gmt":"2025-11-24T11:44:19","slug":"el-mon-piruli","status":"publish","type":"page","link":"https:\/\/agora.xtec.cat\/iemariamiret\/el-mon-piruli\/","title":{"rendered":"P\u00f2dcasts"},"content":{"rendered":"\n<figure class=\"wp-block-image size-large\"><a href=\"https:\/\/agora.xtec.cat\/iemariamiret\/wp-content\/uploads\/usu2321\/2024\/09\/PODCAST.png\"><img loading=\"lazy\" decoding=\"async\" width=\"1024\" height=\"363\" src=\"https:\/\/agora.xtec.cat\/iemariamiret\/wp-content\/uploads\/usu2321\/2024\/09\/PODCAST-1024x363.png\" alt=\"\" class=\"wp-image-18212\" srcset=\"https:\/\/agora.xtec.cat\/iemariamiret\/wp-content\/uploads\/usu2321\/2024\/09\/PODCAST-1024x363.png 1024w, https:\/\/agora.xtec.cat\/iemariamiret\/wp-content\/uploads\/usu2321\/2024\/09\/PODCAST-300x106.png 300w, https:\/\/agora.xtec.cat\/iemariamiret\/wp-content\/uploads\/usu2321\/2024\/09\/PODCAST-768x272.png 768w, https:\/\/agora.xtec.cat\/iemariamiret\/wp-content\/uploads\/usu2321\/2024\/09\/PODCAST-1536x545.png 1536w, https:\/\/agora.xtec.cat\/iemariamiret\/wp-content\/uploads\/usu2321\/2024\/09\/PODCAST.png 1649w\" sizes=\"auto, (max-width: 1024px) 100vw, 1024px\" \/><\/a><\/figure>\n\n\n\n<p>Aquest curs <em>2025-2026<\/em>, l\u2019alumnat de 6\u00e8 ha treballat de valent per crear un nou p\u00f2dcast ple d\u2019idees, curiositats i bones converses: <strong>Les veus juntes<\/strong>. Vols escoltar-lo? Nom\u00e9s cal que cliquis al seg\u00fcent enlla\u00e7 i t\u2019endinsar\u00e0s en el seu fant\u00e0stic treball sonor. <\/p>\n\n\n\n<figure class=\"wp-block-image aligncenter size-full is-resized\"><a href=\"https:\/\/agora.xtec.cat\/iemariamiret\/el-mon-piruli\/les-veus-juntes\/\"><img loading=\"lazy\" decoding=\"async\" width=\"889\" height=\"779\" src=\"https:\/\/agora.xtec.cat\/iemariamiret\/wp-content\/uploads\/usu2321\/2025\/11\/01.png\" alt=\"\" class=\"wp-image-18955\" style=\"width:177px;height:auto\" srcset=\"https:\/\/agora.xtec.cat\/iemariamiret\/wp-content\/uploads\/usu2321\/2025\/11\/01.png 889w, https:\/\/agora.xtec.cat\/iemariamiret\/wp-content\/uploads\/usu2321\/2025\/11\/01-300x263.png 300w, https:\/\/agora.xtec.cat\/iemariamiret\/wp-content\/uploads\/usu2321\/2025\/11\/01-768x673.png 768w\" sizes=\"auto, (max-width: 889px) 100vw, 889px\" \/><\/a><\/figure>\n\n\n\n<div class=\"wp-block-buttons is-content-justification-center is-layout-flex wp-container-core-buttons-is-layout-1 wp-block-buttons-is-layout-flex\">\n<div class=\"wp-block-button\"><a class=\"wp-block-button__link wp-element-button\" href=\"https:\/\/agora.xtec.cat\/iemariamiret\/el-mon-piruli\/les-veus-juntes\/\">Les veus juntes<\/a><\/div>\n<\/div>\n\n\n\n<p>Si vols descobrir els p\u00f2dcasts d\u2019edicions anteriors, aqu\u00ed tens tots els enlla\u00e7os:<\/p>\n\n\n\n<div class=\"wp-block-getwid-tabs\" data-active-tab=\"0\"><ul class=\"wp-block-getwid-tabs__nav-links\"><\/ul>\n<div class=\"wp-block-getwid-tabs__nav-link\"><span class=\"wp-block-getwid-tabs__title-wrapper\"><a href=\"#\"><span class=\"wp-block-getwid-tabs__title\">El M\u00f3n Piruli<\/span><\/a><\/span><\/div><div class=\"wp-block-getwid-tabs__tab-content-wrapper\"><div class=\"wp-block-getwid-tabs__tab-content\">\n<div class=\"wp-block-columns is-layout-flex wp-container-core-columns-is-layout-1 wp-block-columns-is-layout-flex\">\n<div class=\"wp-block-column is-layout-flow wp-block-column-is-layout-flow\" style=\"flex-basis:33.33%\">\n<figure class=\"wp-block-image aligncenter size-large is-resized\"><a href=\"https:\/\/agora.xtec.cat\/iemariamiret\/podcast\/el-mon-piruli\/\"><img loading=\"lazy\" decoding=\"async\" width=\"1024\" height=\"1024\" src=\"https:\/\/agora.xtec.cat\/iemariamiret\/wp-content\/uploads\/usu2321\/2024\/10\/Version-original-1024x1024.png\" alt=\"\" class=\"wp-image-18407\" style=\"width:252px;height:auto\" srcset=\"https:\/\/agora.xtec.cat\/iemariamiret\/wp-content\/uploads\/usu2321\/2024\/10\/Version-original-1024x1024.png 1024w, https:\/\/agora.xtec.cat\/iemariamiret\/wp-content\/uploads\/usu2321\/2024\/10\/Version-original-300x300.png 300w, https:\/\/agora.xtec.cat\/iemariamiret\/wp-content\/uploads\/usu2321\/2024\/10\/Version-original-150x150.png 150w, https:\/\/agora.xtec.cat\/iemariamiret\/wp-content\/uploads\/usu2321\/2024\/10\/Version-original-768x768.png 768w, https:\/\/agora.xtec.cat\/iemariamiret\/wp-content\/uploads\/usu2321\/2024\/10\/Version-original-1536x1536.png 1536w, https:\/\/agora.xtec.cat\/iemariamiret\/wp-content\/uploads\/usu2321\/2024\/10\/Version-original-2048x2048.png 2048w\" sizes=\"auto, (max-width: 1024px) 100vw, 1024px\" \/><\/a><\/figure>\n<\/div>\n\n\n\n<div class=\"wp-block-column is-layout-flow wp-block-column-is-layout-flow\" style=\"flex-basis:66.66%\">\n<h5 class=\"wp-block-heading has-ast-global-color-0-color has-text-color has-link-color wp-elements-9d83881541f34453f211da7ab9e29ace\">El M\u00f3n Piruli<\/h5>\n\n\n\n<h6 class=\"wp-block-heading has-ast-global-color-1-color has-text-color has-link-color wp-elements-186a4aacd1b4dcd983c638ce6504e071\"><em>Curs 2024-2025<\/em><\/h6>\n\n\n\n<p>Un espai on descobrirem hist\u00f2ries, curiositats i viv\u00e8ncies del nostre dia a dia. Cada episodi \u00e9s una finestra al que passa a l\u2019escola, amb les veus dels seus protagonistes. Prepareu-vos per escoltar i endinsar-vos en el nostre m\u00f3n Piruli.<\/p>\n\n\n\n<div class=\"wp-block-buttons is-content-justification-center is-layout-flex wp-container-core-buttons-is-layout-2 wp-block-buttons-is-layout-flex\">\n<div class=\"wp-block-button\"><a class=\"wp-block-button__link wp-element-button\" href=\"https:\/\/agora.xtec.cat\/iemariamiret\/podcast\/el-mon-piruli\/\">Clica aqu\u00ed per escoltar tots els p\u00f2dcasts<\/a><\/div>\n<\/div>\n<\/div>\n<\/div>\n<\/div><\/div>\n\n\n\n<div class=\"wp-block-getwid-tabs__nav-link\"><span class=\"wp-block-getwid-tabs__title-wrapper\"><a href=\"#\"><span class=\"wp-block-getwid-tabs__title\">La veu del 2000<\/span><\/a><\/span><\/div><div class=\"wp-block-getwid-tabs__tab-content-wrapper\"><div class=\"wp-block-getwid-tabs__tab-content\">\n<div class=\"wp-block-columns is-layout-flex wp-container-core-columns-is-layout-2 wp-block-columns-is-layout-flex\">\n<div class=\"wp-block-column is-layout-flow wp-block-column-is-layout-flow\" style=\"flex-basis:33.33%\">\n<figure class=\"wp-block-image aligncenter size-full\"><a href=\"https:\/\/agora.xtec.cat\/iemariamiret\/podcast\/la-veu-del-2000\/\"><img loading=\"lazy\" decoding=\"async\" width=\"968\" height=\"968\" src=\"https:\/\/agora.xtec.cat\/iemariamiret\/wp-content\/uploads\/usu2321\/2024\/07\/La-veu-del-2000-logo.png\" alt=\"\" class=\"wp-image-18183\" srcset=\"https:\/\/agora.xtec.cat\/iemariamiret\/wp-content\/uploads\/usu2321\/2024\/07\/La-veu-del-2000-logo.png 968w, https:\/\/agora.xtec.cat\/iemariamiret\/wp-content\/uploads\/usu2321\/2024\/07\/La-veu-del-2000-logo-300x300.png 300w, https:\/\/agora.xtec.cat\/iemariamiret\/wp-content\/uploads\/usu2321\/2024\/07\/La-veu-del-2000-logo-150x150.png 150w, https:\/\/agora.xtec.cat\/iemariamiret\/wp-content\/uploads\/usu2321\/2024\/07\/La-veu-del-2000-logo-768x768.png 768w\" sizes=\"auto, (max-width: 968px) 100vw, 968px\" \/><\/a><\/figure>\n<\/div>\n\n\n\n<div class=\"wp-block-column is-layout-flow wp-block-column-is-layout-flow\" style=\"flex-basis:66.66%\">\n<h5 class=\"wp-block-heading has-ast-global-color-0-color has-text-color has-link-color wp-elements-7a67fa3394e140c17c56374cc7b67e06\">La veu del 2000<\/h5>\n\n\n\n<h6 class=\"wp-block-heading has-ast-global-color-1-color has-text-color has-link-color wp-elements-9558e1686aca48cf12a4e5b7d2a51823\"><em>Curs 2023-2024<\/em><\/h6>\n\n\n\n<p>Us agrada escoltar programes de r\u00e0dio? Doncs, esteu d\u2019enhorabona! Aquest grup de joves entusiastes ha preparat un programa ple d\u2019energia, diversi\u00f3 i interessants continguts. No us ho podeu perdre! Teniu a la vostra disposici\u00f3 tots els programes, aix\u00ed que connecteu-vos i submergiu-vos en l\u2019univers fascinant de&nbsp;<em>La veu del 2000<\/em>.<\/p>\n\n\n\n<div class=\"wp-block-buttons is-content-justification-center is-layout-flex wp-container-core-buttons-is-layout-3 wp-block-buttons-is-layout-flex\">\n<div class=\"wp-block-button\"><a class=\"wp-block-button__link wp-element-button\" href=\"https:\/\/agora.xtec.cat\/iemariamiret\/podcast\/la-veu-del-2000\/\">Clica aqu\u00ed per escoltar tots els p\u00f2dcasts<\/a><\/div>\n<\/div>\n<\/div>\n<\/div>\n<\/div><\/div>\n\n\n\n<div class=\"wp-block-getwid-tabs__nav-link\"><span class=\"wp-block-getwid-tabs__title-wrapper\"><a href=\"#\"><span class=\"wp-block-getwid-tabs__title\">El volc\u00e0 del temps<\/span><\/a><\/span><\/div><div class=\"wp-block-getwid-tabs__tab-content-wrapper\"><div class=\"wp-block-getwid-tabs__tab-content\">\n<div class=\"wp-block-columns is-layout-flex wp-container-core-columns-is-layout-3 wp-block-columns-is-layout-flex\">\n<div class=\"wp-block-column is-layout-flow wp-block-column-is-layout-flow\" style=\"flex-basis:33.33%\">\n<figure class=\"wp-block-image aligncenter size-large is-resized\"><a href=\"https:\/\/agora.xtec.cat\/iemariamiret\/wp-content\/uploads\/usu2321\/2024\/10\/El-volca-del-temps-curs-22-23-e1763983000325.png\"><img loading=\"lazy\" decoding=\"async\" width=\"802\" height=\"1024\" src=\"https:\/\/agora.xtec.cat\/iemariamiret\/wp-content\/uploads\/usu2321\/2024\/10\/El-volca-del-temps-curs-22-23-802x1024.png\" alt=\"\" class=\"wp-image-18408\" style=\"width:226px;height:auto\"\/><\/a><\/figure>\n<\/div>\n\n\n\n<div class=\"wp-block-column is-layout-flow wp-block-column-is-layout-flow\" style=\"flex-basis:66.66%\">\n<h5 class=\"wp-block-heading has-ast-global-color-0-color has-text-color has-link-color wp-elements-cabba2cc5bff08989fe475d9bd88423f\">El volc\u00e0 del temps<\/h5>\n\n\n\n<h6 class=\"wp-block-heading has-ast-global-color-1-color has-text-color has-link-color wp-elements-a92ecf4d810769aba97cb7d8f6fb4ddd\"><em>Curs 2022-2023<\/em><\/h6>\n\n\n\n<p>En aquest espai viatjarem a trav\u00e9s d\u2019idees, hist\u00f2ries i curiositats que ens ajudaran a entendre millor el m\u00f3n que ens envolta. Cada episodi \u00e9s una explosi\u00f3 de creativitat i ganes d\u2019aprendre, on els protagonistes comparteixen les seves veus i opinions. Prepareu-vos per un nou viatge. Comen\u00e7a <em>El volc\u00e0 del temps<\/em>!<\/p>\n\n\n\n<div class=\"wp-block-buttons is-content-justification-center is-layout-flex wp-container-core-buttons-is-layout-4 wp-block-buttons-is-layout-flex\">\n<div class=\"wp-block-button\"><a class=\"wp-block-button__link wp-element-button\" href=\"https:\/\/agora.xtec.cat\/iemariamiret\/podcast\/la-veu-del-2000\/\">Clica aqu\u00ed per escoltar tots els p\u00f2dcasts<\/a><\/div>\n<\/div>\n<\/div>\n<\/div>\n<\/div><\/div>\n<\/div>\n","protected":false},"excerpt":{"rendered":"<p>Aquest curs 2025-2026, l\u2019alumnat de 6\u00e8 ha treballat de valent per crear un nou p\u00f2dcast ple d\u2019idees, curiositats i bones converses: Les veus juntes. Vols escoltar-lo? Nom\u00e9s cal que cliquis al seg\u00fcent enlla\u00e7 i t\u2019endinsar\u00e0s en el seu fant\u00e0stic treball sonor. Si vols descobrir els p\u00f2dcasts d\u2019edicions anteriors, aqu\u00ed tens tots els enlla\u00e7os:<\/p>\n","protected":false},"author":1,"featured_media":0,"parent":0,"menu_order":0,"comment_status":"closed","ping_status":"close","template":"","meta":{"_bbp_topic_count":0,"_bbp_reply_count":0,"_bbp_total_topic_count":0,"_bbp_total_reply_count":0,"_bbp_voice_count":0,"_bbp_anonymous_reply_count":0,"_bbp_topic_count_hidden":0,"_bbp_reply_count_hidden":0,"_bbp_forum_subforum_count":0,"site-sidebar-layout":"default","site-content-layout":"","ast-site-content-layout":"default","site-content-style":"default","site-sidebar-style":"default","ast-global-header-display":"","ast-banner-title-visibility":"","ast-main-header-display":"","ast-hfb-above-header-display":"","ast-hfb-below-header-display":"","ast-hfb-mobile-header-display":"","site-post-title":"","ast-breadcrumbs-content":"","ast-featured-img":"","footer-sml-layout":"","theme-transparent-header-meta":"","adv-header-id-meta":"","stick-header-meta":"","header-above-stick-meta":"","header-main-stick-meta":"","header-below-stick-meta":"","astra-migrate-meta-layouts":"set","ast-page-background-enabled":"default","ast-page-background-meta":{"desktop":{"background-color":"var(--ast-global-color-4)","background-image":"","background-repeat":"repeat","background-position":"center center","background-size":"auto","background-attachment":"scroll","background-type":"","background-media":"","overlay-type":"","overlay-color":"","overlay-opacity":"","overlay-gradient":""},"tablet":{"background-color":"","background-image":"","background-repeat":"repeat","background-position":"center center","background-size":"auto","background-attachment":"scroll","background-type":"","background-media":"","overlay-type":"","overlay-color":"","overlay-opacity":"","overlay-gradient":""},"mobile":{"background-color":"","background-image":"","background-repeat":"repeat","background-position":"center center","background-size":"auto","background-attachment":"scroll","background-type":"","background-media":"","overlay-type":"","overlay-color":"","overlay-opacity":"","overlay-gradient":""}},"ast-content-background-meta":{"desktop":{"background-color":"var(--ast-global-color-5)","background-image":"","background-repeat":"repeat","background-position":"center center","background-size":"auto","background-attachment":"scroll","background-type":"","background-media":"","overlay-type":"","overlay-color":"","overlay-opacity":"","overlay-gradient":""},"tablet":{"background-color":"var(--ast-global-color-5)","background-image":"","background-repeat":"repeat","background-position":"center center","background-size":"auto","background-attachment":"scroll","background-type":"","background-media":"","overlay-type":"","overlay-color":"","overlay-opacity":"","overlay-gradient":""},"mobile":{"background-color":"var(--ast-global-color-5)","background-image":"","background-repeat":"repeat","background-position":"center center","background-size":"auto","background-attachment":"scroll","background-type":"","background-media":"","overlay-type":"","overlay-color":"","overlay-opacity":"","overlay-gradient":""}},"footnotes":""},"class_list":["post-18953","page","type-page","status-publish","hentry"],"post_mailing_queue_ids":[],"_links":{"self":[{"href":"https:\/\/agora.xtec.cat\/iemariamiret\/wp-json\/wp\/v2\/pages\/18953","targetHints":{"allow":["GET"]}}],"collection":[{"href":"https:\/\/agora.xtec.cat\/iemariamiret\/wp-json\/wp\/v2\/pages"}],"about":[{"href":"https:\/\/agora.xtec.cat\/iemariamiret\/wp-json\/wp\/v2\/types\/page"}],"author":[{"embeddable":true,"href":"https:\/\/agora.xtec.cat\/iemariamiret\/wp-json\/wp\/v2\/users\/1"}],"replies":[{"embeddable":true,"href":"https:\/\/agora.xtec.cat\/iemariamiret\/wp-json\/wp\/v2\/comments?post=18953"}],"version-history":[{"count":6,"href":"https:\/\/agora.xtec.cat\/iemariamiret\/wp-json\/wp\/v2\/pages\/18953\/revisions"}],"predecessor-version":[{"id":18975,"href":"https:\/\/agora.xtec.cat\/iemariamiret\/wp-json\/wp\/v2\/pages\/18953\/revisions\/18975"}],"wp:attachment":[{"href":"https:\/\/agora.xtec.cat\/iemariamiret\/wp-json\/wp\/v2\/media?parent=18953"}],"curies":[{"name":"wp","href":"https:\/\/api.w.org\/{rel}","templated":true}]}}