{"id":18645,"date":"2024-12-09T12:14:56","date_gmt":"2024-12-09T11:14:56","guid":{"rendered":"https:\/\/agora.xtec.cat\/iemariamiret\/?page_id=18645"},"modified":"2025-01-10T09:45:52","modified_gmt":"2025-01-10T08:45:52","slug":"autoritzacions","status":"publish","type":"page","link":"https:\/\/agora.xtec.cat\/iemariamiret\/projecte-educatiu\/autoritzacions\/","title":{"rendered":"Autoritzacions"},"content":{"rendered":"<p>A continuaci\u00f3 trobareu tota la documentaci\u00f3 relacionada amb les autoritzacions d&#8217;\u00fas d&#8217;imatges, de correu electr\u00f2nic i d&#8217;ordinadors. Aquesta informaci\u00f3 \u00e9s essencial per garantir una gesti\u00f3 responsable i conforme a la normativa vigent. Us convidem a consultar-la amb deteniment.<\/p>\n<p><a href=\"https:\/\/agora.xtec.cat\/iemariamiret\/wp-content\/uploads\/usu2321\/2024\/12\/Autoritzacio-de-drets-d_imatge.pdf\"><img loading=\"lazy\" decoding=\"async\" class=\"alignnone wp-image-18649\" src=\"https:\/\/agora.xtec.cat\/iemariamiret\/wp-content\/uploads\/usu2321\/2024\/12\/Camara.png\" alt=\"\" width=\"100\" height=\"135\" \/><\/a>\u00a0 \u00a0 \u00a0 \u00a0 \u00a0 \u00a0 \u00a0 \u00a0 \u00a0 \u00a0 <a href=\"https:\/\/agora.xtec.cat\/iemariamiret\/wp-content\/uploads\/usu2321\/2024\/12\/Autoritzacio-de-creacio-de-correu-electronic.pdf\"><img loading=\"lazy\" decoding=\"async\" class=\"alignnone wp-image-18650\" src=\"https:\/\/agora.xtec.cat\/iemariamiret\/wp-content\/uploads\/usu2321\/2024\/12\/CORREO.png\" alt=\"\" width=\"100\" height=\"135\" \/><\/a>\u00a0 \u00a0 \u00a0 \u00a0 \u00a0 \u00a0 \u00a0 \u00a0 \u00a0 <a href=\"https:\/\/agora.xtec.cat\/iemariamiret\/wp-content\/uploads\/usu2321\/2024\/12\/Autoritzacio-d_ordinadors.pdf\"><img loading=\"lazy\" decoding=\"async\" class=\"alignnone wp-image-18651\" src=\"https:\/\/agora.xtec.cat\/iemariamiret\/wp-content\/uploads\/usu2321\/2024\/12\/PORTATILS.png\" alt=\"\" width=\"100\" height=\"135\" \/><\/a><\/p>\n","protected":false},"excerpt":{"rendered":"<p>A continuaci\u00f3 trobareu tota la documentaci\u00f3 relacionada amb les autoritzacions d&#8217;\u00fas d&#8217;imatges, de correu electr\u00f2nic i d&#8217;ordinadors. Aquesta informaci\u00f3 \u00e9s essencial per garantir una gesti\u00f3 responsable i conforme a la normativa vigent. Us convidem a consultar-la amb deteniment. \u00a0 \u00a0 \u00a0 \u00a0 \u00a0 \u00a0 \u00a0 \u00a0 \u00a0 \u00a0 \u00a0 \u00a0 \u00a0 \u00a0 \u00a0 \u00a0 \u00a0 [&hellip;]<\/p>\n","protected":false},"author":1,"featured_media":0,"parent":563,"menu_order":0,"comment_status":"closed","ping_status":"closed","template":"page-templates\/side-menu.php","meta":{"_bbp_topic_count":0,"_bbp_reply_count":0,"_bbp_total_topic_count":0,"_bbp_total_reply_count":0,"_bbp_voice_count":0,"_bbp_anonymous_reply_count":0,"_bbp_topic_count_hidden":0,"_bbp_reply_count_hidden":0,"_bbp_forum_subforum_count":0,"site-sidebar-layout":"default","site-content-layout":"","ast-site-content-layout":"","site-content-style":"default","site-sidebar-style":"default","ast-global-header-display":"","ast-banner-title-visibility":"","ast-main-header-display":"","ast-hfb-above-header-display":"","ast-hfb-below-header-display":"","ast-hfb-mobile-header-display":"","site-post-title":"","ast-breadcrumbs-content":"","ast-featured-img":"","footer-sml-layout":"","theme-transparent-header-meta":"","adv-header-id-meta":"","stick-header-meta":"","header-above-stick-meta":"","header-main-stick-meta":"","header-below-stick-meta":"","astra-migrate-meta-layouts":"default","ast-page-background-enabled":"default","ast-page-background-meta":{"desktop":{"background-color":"var(--ast-global-color-4)","background-image":"","background-repeat":"repeat","background-position":"center center","background-size":"auto","background-attachment":"scroll","background-type":"","background-media":"","overlay-type":"","overlay-color":"","overlay-opacity":"","overlay-gradient":""},"tablet":{"background-color":"","background-image":"","background-repeat":"repeat","background-position":"center center","background-size":"auto","background-attachment":"scroll","background-type":"","background-media":"","overlay-type":"","overlay-color":"","overlay-opacity":"","overlay-gradient":""},"mobile":{"background-color":"","background-image":"","background-repeat":"repeat","background-position":"center center","background-size":"auto","background-attachment":"scroll","background-type":"","background-media":"","overlay-type":"","overlay-color":"","overlay-opacity":"","overlay-gradient":""}},"ast-content-background-meta":{"desktop":{"background-color":"var(--ast-global-color-5)","background-image":"","background-repeat":"repeat","background-position":"center center","background-size":"auto","background-attachment":"scroll","background-type":"","background-media":"","overlay-type":"","overlay-color":"","overlay-opacity":"","overlay-gradient":""},"tablet":{"background-color":"var(--ast-global-color-5)","background-image":"","background-repeat":"repeat","background-position":"center center","background-size":"auto","background-attachment":"scroll","background-type":"","background-media":"","overlay-type":"","overlay-color":"","overlay-opacity":"","overlay-gradient":""},"mobile":{"background-color":"var(--ast-global-color-5)","background-image":"","background-repeat":"repeat","background-position":"center center","background-size":"auto","background-attachment":"scroll","background-type":"","background-media":"","overlay-type":"","overlay-color":"","overlay-opacity":"","overlay-gradient":""}},"footnotes":""},"class_list":["post-18645","page","type-page","status-publish","hentry"],"post_mailing_queue_ids":[],"_links":{"self":[{"href":"https:\/\/agora.xtec.cat\/iemariamiret\/wp-json\/wp\/v2\/pages\/18645","targetHints":{"allow":["GET"]}}],"collection":[{"href":"https:\/\/agora.xtec.cat\/iemariamiret\/wp-json\/wp\/v2\/pages"}],"about":[{"href":"https:\/\/agora.xtec.cat\/iemariamiret\/wp-json\/wp\/v2\/types\/page"}],"author":[{"embeddable":true,"href":"https:\/\/agora.xtec.cat\/iemariamiret\/wp-json\/wp\/v2\/users\/1"}],"replies":[{"embeddable":true,"href":"https:\/\/agora.xtec.cat\/iemariamiret\/wp-json\/wp\/v2\/comments?post=18645"}],"version-history":[{"count":6,"href":"https:\/\/agora.xtec.cat\/iemariamiret\/wp-json\/wp\/v2\/pages\/18645\/revisions"}],"predecessor-version":[{"id":18710,"href":"https:\/\/agora.xtec.cat\/iemariamiret\/wp-json\/wp\/v2\/pages\/18645\/revisions\/18710"}],"up":[{"embeddable":true,"href":"https:\/\/agora.xtec.cat\/iemariamiret\/wp-json\/wp\/v2\/pages\/563"}],"wp:attachment":[{"href":"https:\/\/agora.xtec.cat\/iemariamiret\/wp-json\/wp\/v2\/media?parent=18645"}],"curies":[{"name":"wp","href":"https:\/\/api.w.org\/{rel}","templated":true}]}}