{"id":18027,"date":"2024-03-26T20:05:50","date_gmt":"2024-03-26T19:05:50","guid":{"rendered":"https:\/\/agora.xtec.cat\/iemariamiret\/?page_id=18027"},"modified":"2024-09-27T13:25:58","modified_gmt":"2024-09-27T11:25:58","slug":"historia","status":"publish","type":"page","link":"https:\/\/agora.xtec.cat\/iemariamiret\/lescola\/historia\/","title":{"rendered":"Hist\u00f2ria"},"content":{"rendered":"<h5 style=\"text-align: justify;\">El nostre institut, <strong>Escola Maria Miret<\/strong>, va veure la llum el 2022 a l&#8217;Hospitalet, emergint com una nova entitat educativa al barri de Collblanc-La Torrassa, despr\u00e9s del tancament de l&#8217;<strong>Acad\u00e8mia Cultura<\/strong>.<\/h5>\n<p style=\"text-align: justify;\"><strong>L&#8217;Acad\u00e8mia Cultura<\/strong> era una petita escola concertada fortament arrelada al barri de La Torrassa. Situada al carrer Dr. Mart\u00ed i Juli\u00e0, 151 i fundada el 1953 pel matrimoni Vilalta-Mata, era una de les escoles amb m\u00e9s hist\u00f2ria del barri.<\/p>\n<p><img loading=\"lazy\" decoding=\"async\" class=\" wp-image-18095 alignleft\" src=\"https:\/\/agora.xtec.cat\/iemariamiret\/wp-content\/uploads\/usu2321\/2024\/04\/AC-antiga-2-2.jpg\" alt=\"\" width=\"333\" height=\"200\" srcset=\"https:\/\/agora.xtec.cat\/iemariamiret\/wp-content\/uploads\/usu2321\/2024\/04\/AC-antiga-2-2.jpg 705w, https:\/\/agora.xtec.cat\/iemariamiret\/wp-content\/uploads\/usu2321\/2024\/04\/AC-antiga-2-2-300x180.jpg 300w\" sizes=\"auto, (max-width: 333px) 100vw, 333px\" \/><\/p>\n<p style=\"text-align: justify;\"><span style=\"font-weight: 400;\">Per\u00a0<\/span><span style=\"font-family: inherit; font-size: 1em;\">les seves aules (que abastaven des de preescolar fins a secund\u00e0ria obligat\u00f2ria i en algun per\u00edode formaci\u00f3 professional i d\u2019adults), en aquestes gaireb\u00e9 set d\u00e8cades, van passar milers de nens i joves del barri i quasi tres-cents professionals. <\/span><\/p>\n<p style=\"text-align: justify;\"><span style=\"font-family: inherit; font-size: 1em;\">Tot i aix\u00f2, l\u2019any 2021, problemes relacionats amb el manteniment de l\u2019edifici van provocar tensions entre el propietari dels immobles (donats feia uns anys a l\u2019Arquebisbat de Barcelona) i la titularitat del centre (en mans del director de tota la vida, en Domingo P\u00e9rez) van portar aquesta \u00faltima a sol\u00b7licitar el tancament de l\u2019escola a final d\u2019aquell curs.<\/span><\/p>\n<p style=\"text-align: justify;\"><span style=\"font-weight: 400;\">Davant d\u2019aquesta proposta sobtada i inesperada, que deixava amb un futur incert a uns 340 nens i al carrer a 40 treballadors, molts d\u2019ells amb moltes d\u00e8cades d\u2019experi\u00e8ncia al centre, la resposta de la comunitat educativa va ser contundent. Les fam\u00edlies dels alumnes, els mateixos alumnes, el personal del centre i el <\/span><span style=\"font-family: inherit; font-size: 1em;\">sindicat CCOO es van unir en una campanya en\u00e8rgica que va incloure recollida de signatures, mobilitzacions i concentracions tant a l\u2019escola, com a l\u2019Ajuntament, al departament, al Palau de la Generalitat o al Parlament de Catalunya. Es van mantenir reunions amb representants pol\u00edtics de molts estaments i amb el Departament d\u2019Educaci\u00f3, culminant en accions com una acampada de diverses jornades davant la porta del departament o l\u2019entrega al molt honorable president de la Generalitat, de cartes dels nens i nenes de l\u2019escola i de milers de signatures recollides al barri, contra el tancament del centre.\u00a0<\/span><\/p>\n<p><img loading=\"lazy\" decoding=\"async\" class=\"aligncenter size-full wp-image-18097\" src=\"https:\/\/agora.xtec.cat\/iemariamiret\/wp-content\/uploads\/usu2321\/2024\/04\/Lluita-2.png\" alt=\"\" width=\"1954\" height=\"579\" srcset=\"https:\/\/agora.xtec.cat\/iemariamiret\/wp-content\/uploads\/usu2321\/2024\/04\/Lluita-2.png 1954w, https:\/\/agora.xtec.cat\/iemariamiret\/wp-content\/uploads\/usu2321\/2024\/04\/Lluita-2-300x89.png 300w, https:\/\/agora.xtec.cat\/iemariamiret\/wp-content\/uploads\/usu2321\/2024\/04\/Lluita-2-1024x303.png 1024w, https:\/\/agora.xtec.cat\/iemariamiret\/wp-content\/uploads\/usu2321\/2024\/04\/Lluita-2-768x228.png 768w, https:\/\/agora.xtec.cat\/iemariamiret\/wp-content\/uploads\/usu2321\/2024\/04\/Lluita-2-1536x455.png 1536w\" sizes=\"auto, (max-width: 1954px) 100vw, 1954px\" \/><\/p>\n<p style=\"text-align: justify;\"><span style=\"font-weight: 400;\">Despr\u00e9s de dos anys de lluita intensa, el desenlla\u00e7 va arribar el 7 d\u2019abril de 2022, quan el Parlament va aprovar la modificaci\u00f3 del decret llei que regula la integraci\u00f3 dels centres educatius a la xarxa p\u00fablica. Aquest canvi legislatiu va evitar que les fam\u00edlies dels 340 alumnes d\u2019aquell any haguessin de cercar alternatives escolars, i assegurava la continu\u00eftat dels llocs de treball de la major part del personal del centre. Tothom formaria part d\u2019un nou centre p\u00fablic al barri.<\/span><\/p>\n<p style=\"text-align: justify;\"><span style=\"font-weight: 400;\">Aix\u00ed, amb el suport i la determinaci\u00f3 d\u2019aquesta comunitat unida, juntament amb nous membres que s\u2019hi van afegir,\u00a0<\/span><b>l\u2019Institut Escola Maria Miret<\/b><span style=\"font-weight: 400;\"> va obrir les seves portes al carrer Mas, el setembre de 2022, ocupant els m\u00f2duls on abans estava ubicada provisionalment l\u2019Escola Ernest Lluch, que marxava cap a unes noves instal\u00b7lacions.<\/span><\/p>\n<h5 style=\"text-align: justify;\"><span style=\"font-weight: 400;\">Aquesta nova entitat educativa va n\u00e9ixer doncs, amb molta il\u00b7lusi\u00f3, plena de somnis i amb una missi\u00f3 clara: proporcionar una educaci\u00f3 de qualitat i un ambient proper, acollidor i propici per al creixement i el desenvolupament dels seus estudiants.<\/span><\/h5>\n<p style=\"text-align: justify;\"><img loading=\"lazy\" decoding=\"async\" class=\"wp-image-18098\" src=\"https:\/\/agora.xtec.cat\/iemariamiret\/wp-content\/uploads\/usu2321\/2024\/04\/Maria-Miret.jpg\" alt=\"\" width=\"1004\" height=\"620\" srcset=\"https:\/\/agora.xtec.cat\/iemariamiret\/wp-content\/uploads\/usu2321\/2024\/04\/Maria-Miret.jpg 769w, https:\/\/agora.xtec.cat\/iemariamiret\/wp-content\/uploads\/usu2321\/2024\/04\/Maria-Miret-300x185.jpg 300w\" sizes=\"auto, (max-width: 1004px) 100vw, 1004px\" \/><\/p>\n","protected":false},"excerpt":{"rendered":"<p>El nostre institut, Escola Maria Miret, va veure la llum el 2022 a l&#8217;Hospitalet, emergint com una nova entitat educativa al barri de Collblanc-La Torrassa, despr\u00e9s del tancament de l&#8217;Acad\u00e8mia Cultura. L&#8217;Acad\u00e8mia Cultura era una petita escola concertada fortament arrelada al barri de La Torrassa. Situada al carrer Dr. Mart\u00ed i Juli\u00e0, 151 i fundada [&hellip;]<\/p>\n","protected":false},"author":1,"featured_media":0,"parent":18016,"menu_order":1,"comment_status":"closed","ping_status":"closed","template":"page-templates\/side-menu.php","meta":{"_bbp_topic_count":0,"_bbp_reply_count":0,"_bbp_total_topic_count":0,"_bbp_total_reply_count":0,"_bbp_voice_count":0,"_bbp_anonymous_reply_count":0,"_bbp_topic_count_hidden":0,"_bbp_reply_count_hidden":0,"_bbp_forum_subforum_count":0,"site-sidebar-layout":"default","site-content-layout":"","ast-site-content-layout":"","site-content-style":"default","site-sidebar-style":"default","ast-global-header-display":"","ast-banner-title-visibility":"","ast-main-header-display":"","ast-hfb-above-header-display":"","ast-hfb-below-header-display":"","ast-hfb-mobile-header-display":"","site-post-title":"","ast-breadcrumbs-content":"","ast-featured-img":"","footer-sml-layout":"","theme-transparent-header-meta":"","adv-header-id-meta":"","stick-header-meta":"","header-above-stick-meta":"","header-main-stick-meta":"","header-below-stick-meta":"","astra-migrate-meta-layouts":"default","ast-page-background-enabled":"default","ast-page-background-meta":{"desktop":{"background-color":"var(--ast-global-color-4)","background-image":"","background-repeat":"repeat","background-position":"center center","background-size":"auto","background-attachment":"scroll","background-type":"","background-media":"","overlay-type":"","overlay-color":"","overlay-opacity":"","overlay-gradient":""},"tablet":{"background-color":"","background-image":"","background-repeat":"repeat","background-position":"center center","background-size":"auto","background-attachment":"scroll","background-type":"","background-media":"","overlay-type":"","overlay-color":"","overlay-opacity":"","overlay-gradient":""},"mobile":{"background-color":"","background-image":"","background-repeat":"repeat","background-position":"center center","background-size":"auto","background-attachment":"scroll","background-type":"","background-media":"","overlay-type":"","overlay-color":"","overlay-opacity":"","overlay-gradient":""}},"ast-content-background-meta":{"desktop":{"background-color":"var(--ast-global-color-5)","background-image":"","background-repeat":"repeat","background-position":"center center","background-size":"auto","background-attachment":"scroll","background-type":"","background-media":"","overlay-type":"","overlay-color":"","overlay-opacity":"","overlay-gradient":""},"tablet":{"background-color":"var(--ast-global-color-5)","background-image":"","background-repeat":"repeat","background-position":"center center","background-size":"auto","background-attachment":"scroll","background-type":"","background-media":"","overlay-type":"","overlay-color":"","overlay-opacity":"","overlay-gradient":""},"mobile":{"background-color":"var(--ast-global-color-5)","background-image":"","background-repeat":"repeat","background-position":"center center","background-size":"auto","background-attachment":"scroll","background-type":"","background-media":"","overlay-type":"","overlay-color":"","overlay-opacity":"","overlay-gradient":""}},"footnotes":""},"class_list":["post-18027","page","type-page","status-publish","hentry"],"post_mailing_queue_ids":[],"_links":{"self":[{"href":"https:\/\/agora.xtec.cat\/iemariamiret\/wp-json\/wp\/v2\/pages\/18027","targetHints":{"allow":["GET"]}}],"collection":[{"href":"https:\/\/agora.xtec.cat\/iemariamiret\/wp-json\/wp\/v2\/pages"}],"about":[{"href":"https:\/\/agora.xtec.cat\/iemariamiret\/wp-json\/wp\/v2\/types\/page"}],"author":[{"embeddable":true,"href":"https:\/\/agora.xtec.cat\/iemariamiret\/wp-json\/wp\/v2\/users\/1"}],"replies":[{"embeddable":true,"href":"https:\/\/agora.xtec.cat\/iemariamiret\/wp-json\/wp\/v2\/comments?post=18027"}],"version-history":[{"count":5,"href":"https:\/\/agora.xtec.cat\/iemariamiret\/wp-json\/wp\/v2\/pages\/18027\/revisions"}],"predecessor-version":[{"id":18172,"href":"https:\/\/agora.xtec.cat\/iemariamiret\/wp-json\/wp\/v2\/pages\/18027\/revisions\/18172"}],"up":[{"embeddable":true,"href":"https:\/\/agora.xtec.cat\/iemariamiret\/wp-json\/wp\/v2\/pages\/18016"}],"wp:attachment":[{"href":"https:\/\/agora.xtec.cat\/iemariamiret\/wp-json\/wp\/v2\/media?parent=18027"}],"curies":[{"name":"wp","href":"https:\/\/api.w.org\/{rel}","templated":true}]}}