{"id":18016,"date":"2024-03-26T20:04:32","date_gmt":"2024-03-26T19:04:32","guid":{"rendered":"https:\/\/agora.xtec.cat\/iemariamiret\/?page_id=18016"},"modified":"2025-01-10T09:47:48","modified_gmt":"2025-01-10T08:47:48","slug":"lescola","status":"publish","type":"page","link":"https:\/\/agora.xtec.cat\/iemariamiret\/lescola\/","title":{"rendered":"L&#8217;escola"},"content":{"rendered":"<p><img loading=\"lazy\" decoding=\"async\" class=\"wp-image-18060 alignright\" src=\"https:\/\/agora.xtec.cat\/iemariamiret\/wp-content\/uploads\/usu2321\/2024\/03\/Porta.jpg\" alt=\"\" width=\"490\" height=\"353\" srcset=\"https:\/\/agora.xtec.cat\/iemariamiret\/wp-content\/uploads\/usu2321\/2024\/03\/Porta.jpg 875w, https:\/\/agora.xtec.cat\/iemariamiret\/wp-content\/uploads\/usu2321\/2024\/03\/Porta-300x216.jpg 300w, https:\/\/agora.xtec.cat\/iemariamiret\/wp-content\/uploads\/usu2321\/2024\/03\/Porta-768x553.jpg 768w\" sizes=\"auto, (max-width: 490px) 100vw, 490px\" \/><\/p>\n<p style=\"text-align: justify;\">Som un centre de nova creaci\u00f3 al barri de Collblanc, on els nens i nenes poden cursar estudis <strong>des dels 3 anys fins a la finalitzaci\u00f3 de l\u2019etapa obligat\u00f2ria a 4t ESO<\/strong>. Al nostre projecte educatiu destaquem la import\u00e0ncia de la participaci\u00f3 de les fam\u00edlies i de les entitats del barri per la seva compleci\u00f3.<\/p>\n<p style=\"text-align: justify;\">S\u00f3n fonaments importants de l\u2019escola els valors pel respecte i la conviv\u00e8ncia, la cohesi\u00f3 social i la inclusi\u00f3 total del nostre alumnat, per mitj\u00e0 del treball per ambients on la col\u00b7laboraci\u00f3 entre alumnes de diferents edats permet aquesta cohesi\u00f3 social. Tamb\u00e9 sabem que no hi ha dos nens iguals, i per aix\u00f2 fem de la diversitat punt de partida per l\u2019aprenentatge; i volem que els nostre alumnes desenvolupin la m\u00e0xim tot el seu potencial. Per aconseguir-ho busquem la col\u00b7laboraci\u00f3 entre iguals, la mentoria dels alumnes grans, l\u2019autonomia personal, i portem a terme projectes engrescadors, que permetin el creixement intel\u00b7lectual, dins d\u2019un clima di\u00e0leg i respecte.<\/p>\n<h5 style=\"text-align: justify;\"><strong>Voleu saber una mica m\u00e9s de nosaltres? Cliqueu als enlla\u00e7os per saber m\u00e9s!<\/strong><\/h5>\n<p style=\"text-align: justify;\"><a href=\"https:\/\/agora.xtec.cat\/iemariamiret\/lescola\/historia\/\"><img loading=\"lazy\" decoding=\"async\" class=\"wp-image-18076 alignnone\" src=\"https:\/\/agora.xtec.cat\/iemariamiret\/wp-content\/uploads\/usu2321\/2024\/03\/Historia-2.png\" alt=\"\" width=\"97\" height=\"120\" \/><\/a>\u00a0 \u00a0 \u00a0 \u00a0 \u00a0 \u00a0 \u00a0 \u00a0 \u00a0 \u00a0 <a href=\"https:\/\/agora.xtec.cat\/iemariamiret\/lescola\/qui-som-2\/\"><img loading=\"lazy\" decoding=\"async\" class=\"alignnone wp-image-18081\" src=\"https:\/\/agora.xtec.cat\/iemariamiret\/wp-content\/uploads\/usu2321\/2024\/03\/Qui-som.png\" alt=\"\" width=\"97\" height=\"120\" \/><\/a>\u00a0 \u00a0 \u00a0 \u00a0 \u00a0 \u00a0 \u00a0 \u00a0 \u00a0 \u00a0 <a href=\"https:\/\/agora.xtec.cat\/iemariamiret\/lescola\/on-som\/\"><img loading=\"lazy\" decoding=\"async\" class=\"alignnone wp-image-18158\" src=\"https:\/\/agora.xtec.cat\/iemariamiret\/wp-content\/uploads\/usu2321\/2024\/04\/On-som-1.png\" alt=\"\" width=\"97\" height=\"120\" \/><\/a>\u00a0 \u00a0 \u00a0 \u00a0 \u00a0 \u00a0 \u00a0 \u00a0 \u00a0 \u00a0 <a href=\"https:\/\/agora.xtec.cat\/iemariamiret\/lescola\/horari-i-calendari\/\"><img loading=\"lazy\" decoding=\"async\" class=\"alignnone wp-image-18157\" style=\"font-family: inherit; font-size: 1em;\" src=\"https:\/\/agora.xtec.cat\/iemariamiret\/wp-content\/uploads\/usu2321\/2024\/04\/Horaris-1.png\" alt=\"\" width=\"97\" height=\"120\" \/><\/a><span style=\"font-family: inherit; font-size: 1em;\">\u00a0<\/span><\/p>\n","protected":false},"excerpt":{"rendered":"<p>Som un centre de nova creaci\u00f3 al barri de Collblanc, on els nens i nenes poden cursar estudis des dels 3 anys fins a la finalitzaci\u00f3 de l\u2019etapa obligat\u00f2ria a 4t ESO. Al nostre projecte educatiu destaquem la import\u00e0ncia de la participaci\u00f3 de les fam\u00edlies i de les entitats del barri per la seva compleci\u00f3. [&hellip;]<\/p>\n","protected":false},"author":1,"featured_media":0,"parent":0,"menu_order":0,"comment_status":"closed","ping_status":"closed","template":"page-templates\/side-menu.php","meta":{"_bbp_topic_count":0,"_bbp_reply_count":0,"_bbp_total_topic_count":0,"_bbp_total_reply_count":0,"_bbp_voice_count":0,"_bbp_anonymous_reply_count":0,"_bbp_topic_count_hidden":0,"_bbp_reply_count_hidden":0,"_bbp_forum_subforum_count":0,"site-sidebar-layout":"default","site-content-layout":"","ast-site-content-layout":"","site-content-style":"default","site-sidebar-style":"default","ast-global-header-display":"","ast-banner-title-visibility":"","ast-main-header-display":"","ast-hfb-above-header-display":"","ast-hfb-below-header-display":"","ast-hfb-mobile-header-display":"","site-post-title":"","ast-breadcrumbs-content":"","ast-featured-img":"","footer-sml-layout":"","theme-transparent-header-meta":"","adv-header-id-meta":"","stick-header-meta":"","header-above-stick-meta":"","header-main-stick-meta":"","header-below-stick-meta":"","astra-migrate-meta-layouts":"default","ast-page-background-enabled":"default","ast-page-background-meta":{"desktop":{"background-color":"var(--ast-global-color-4)","background-image":"","background-repeat":"repeat","background-position":"center center","background-size":"auto","background-attachment":"scroll","background-type":"","background-media":"","overlay-type":"","overlay-color":"","overlay-opacity":"","overlay-gradient":""},"tablet":{"background-color":"","background-image":"","background-repeat":"repeat","background-position":"center center","background-size":"auto","background-attachment":"scroll","background-type":"","background-media":"","overlay-type":"","overlay-color":"","overlay-opacity":"","overlay-gradient":""},"mobile":{"background-color":"","background-image":"","background-repeat":"repeat","background-position":"center center","background-size":"auto","background-attachment":"scroll","background-type":"","background-media":"","overlay-type":"","overlay-color":"","overlay-opacity":"","overlay-gradient":""}},"ast-content-background-meta":{"desktop":{"background-color":"var(--ast-global-color-5)","background-image":"","background-repeat":"repeat","background-position":"center center","background-size":"auto","background-attachment":"scroll","background-type":"","background-media":"","overlay-type":"","overlay-color":"","overlay-opacity":"","overlay-gradient":""},"tablet":{"background-color":"var(--ast-global-color-5)","background-image":"","background-repeat":"repeat","background-position":"center center","background-size":"auto","background-attachment":"scroll","background-type":"","background-media":"","overlay-type":"","overlay-color":"","overlay-opacity":"","overlay-gradient":""},"mobile":{"background-color":"var(--ast-global-color-5)","background-image":"","background-repeat":"repeat","background-position":"center center","background-size":"auto","background-attachment":"scroll","background-type":"","background-media":"","overlay-type":"","overlay-color":"","overlay-opacity":"","overlay-gradient":""}},"footnotes":""},"class_list":["post-18016","page","type-page","status-publish","hentry"],"post_mailing_queue_ids":[],"_links":{"self":[{"href":"https:\/\/agora.xtec.cat\/iemariamiret\/wp-json\/wp\/v2\/pages\/18016","targetHints":{"allow":["GET"]}}],"collection":[{"href":"https:\/\/agora.xtec.cat\/iemariamiret\/wp-json\/wp\/v2\/pages"}],"about":[{"href":"https:\/\/agora.xtec.cat\/iemariamiret\/wp-json\/wp\/v2\/types\/page"}],"author":[{"embeddable":true,"href":"https:\/\/agora.xtec.cat\/iemariamiret\/wp-json\/wp\/v2\/users\/1"}],"replies":[{"embeddable":true,"href":"https:\/\/agora.xtec.cat\/iemariamiret\/wp-json\/wp\/v2\/comments?post=18016"}],"version-history":[{"count":6,"href":"https:\/\/agora.xtec.cat\/iemariamiret\/wp-json\/wp\/v2\/pages\/18016\/revisions"}],"predecessor-version":[{"id":18711,"href":"https:\/\/agora.xtec.cat\/iemariamiret\/wp-json\/wp\/v2\/pages\/18016\/revisions\/18711"}],"wp:attachment":[{"href":"https:\/\/agora.xtec.cat\/iemariamiret\/wp-json\/wp\/v2\/media?parent=18016"}],"curies":[{"name":"wp","href":"https:\/\/api.w.org\/{rel}","templated":true}]}}