{"id":17979,"date":"2024-02-05T19:59:06","date_gmt":"2024-02-05T18:59:06","guid":{"rendered":"https:\/\/agora.xtec.cat\/iemariamiret\/?page_id=17979"},"modified":"2025-11-24T12:23:38","modified_gmt":"2025-11-24T11:23:38","slug":"la-veu-del-2000","status":"publish","type":"page","link":"https:\/\/agora.xtec.cat\/iemariamiret\/el-mon-piruli\/la-veu-del-2000\/","title":{"rendered":"La veu del 2000"},"content":{"rendered":"<h5><img loading=\"lazy\" decoding=\"async\" class=\"wp-image-18183 alignleft\" src=\"https:\/\/agora.xtec.cat\/iemariamiret\/wp-content\/uploads\/usu2321\/2024\/07\/La-veu-del-2000-logo.png\" alt=\"\" width=\"189\" height=\"189\" srcset=\"https:\/\/agora.xtec.cat\/iemariamiret\/wp-content\/uploads\/usu2321\/2024\/07\/La-veu-del-2000-logo.png 968w, https:\/\/agora.xtec.cat\/iemariamiret\/wp-content\/uploads\/usu2321\/2024\/07\/La-veu-del-2000-logo-300x300.png 300w, https:\/\/agora.xtec.cat\/iemariamiret\/wp-content\/uploads\/usu2321\/2024\/07\/La-veu-del-2000-logo-150x150.png 150w, https:\/\/agora.xtec.cat\/iemariamiret\/wp-content\/uploads\/usu2321\/2024\/07\/La-veu-del-2000-logo-768x768.png 768w\" sizes=\"auto, (max-width: 189px) 100vw, 189px\" \/><\/h5>\n<h5><\/h5>\n<h5><\/h5>\n<h3><\/h3>\n<h3><strong><span style=\"color: #000000;\">Benvinguts a<\/span> <em>La veu del 2000<\/em><span style=\"color: #000000;\">, el programa de r\u00e0dio creat pels alumnes de 6\u00e8 de prim\u00e0ria.<\/span><\/strong><\/h3>\n<h5><em>PODCAST CURS 2023-2024<\/em><\/h5>\n<p><a href=\"https:\/\/agora.xtec.cat\/iemariamiret\/wp-content\/uploads\/usu2321\/2024\/02\/PODCAST-2-scaled.jpg\"><img loading=\"lazy\" decoding=\"async\" class=\"aligncenter size-full wp-image-18006\" src=\"https:\/\/agora.xtec.cat\/iemariamiret\/wp-content\/uploads\/usu2321\/2024\/02\/PODCAST-2-scaled.jpg\" alt=\"La veu del 2000\" width=\"2560\" height=\"640\" srcset=\"https:\/\/agora.xtec.cat\/iemariamiret\/wp-content\/uploads\/usu2321\/2024\/02\/PODCAST-2-scaled.jpg 2560w, https:\/\/agora.xtec.cat\/iemariamiret\/wp-content\/uploads\/usu2321\/2024\/02\/PODCAST-2-300x75.jpg 300w, https:\/\/agora.xtec.cat\/iemariamiret\/wp-content\/uploads\/usu2321\/2024\/02\/PODCAST-2-1024x256.jpg 1024w, https:\/\/agora.xtec.cat\/iemariamiret\/wp-content\/uploads\/usu2321\/2024\/02\/PODCAST-2-768x192.jpg 768w, https:\/\/agora.xtec.cat\/iemariamiret\/wp-content\/uploads\/usu2321\/2024\/02\/PODCAST-2-1536x384.jpg 1536w, https:\/\/agora.xtec.cat\/iemariamiret\/wp-content\/uploads\/usu2321\/2024\/02\/PODCAST-2-2048x512.jpg 2048w\" sizes=\"auto, (max-width: 2560px) 100vw, 2560px\" \/><\/a><\/p>\n<p>Us agrada escoltar programes de r\u00e0dio? Doncs, esteu d&#8217;enhorabona! Aquest grup de joves entusiastes ha preparat un programa ple d&#8217;energia, diversi\u00f3 i interessants continguts. No us ho podeu perdre! A partir d&#8217;ara, teniu a la vostra disposici\u00f3 tots els programes, aix\u00ed que connecteu-vos i submergiu-vos en l&#8217;univers fascinant de <em>La veu del 2000<\/em>.<\/p>\n<h6><strong>PROGRAMA 1:<\/strong><\/h6>\n<!--[if lt IE 9]><script>document.createElement('audio');<\/script><![endif]-->\n<audio class=\"wp-audio-shortcode\" id=\"audio-17979-1\" preload=\"none\" style=\"width: 100%;\" controls=\"controls\"><source type=\"audio\/mpeg\" src=\"https:\/\/agora.xtec.cat\/iemariamiret\/wp-content\/uploads\/usu2321\/2024\/02\/Podcast-01.mp3?_=1\" \/><a href=\"https:\/\/agora.xtec.cat\/iemariamiret\/wp-content\/uploads\/usu2321\/2024\/02\/Podcast-01.mp3\">https:\/\/agora.xtec.cat\/iemariamiret\/wp-content\/uploads\/usu2321\/2024\/02\/Podcast-01.mp3<\/a><\/audio>\n<h6><\/h6>\n<h6><strong>PROGRAMA 2:<\/strong><\/h6>\n<audio class=\"wp-audio-shortcode\" id=\"audio-17979-2\" preload=\"none\" style=\"width: 100%;\" controls=\"controls\"><source type=\"audio\/mpeg\" src=\"https:\/\/agora.xtec.cat\/iemariamiret\/wp-content\/uploads\/usu2321\/2024\/02\/Podcast-02.mp3?_=2\" \/><a href=\"https:\/\/agora.xtec.cat\/iemariamiret\/wp-content\/uploads\/usu2321\/2024\/02\/Podcast-02.mp3\">https:\/\/agora.xtec.cat\/iemariamiret\/wp-content\/uploads\/usu2321\/2024\/02\/Podcast-02.mp3<\/a><\/audio>\n<h6><\/h6>\n<h6><strong>PROGRAMA 3:<\/strong><\/h6>\n<audio class=\"wp-audio-shortcode\" id=\"audio-17979-3\" preload=\"none\" style=\"width: 100%;\" controls=\"controls\"><source type=\"audio\/mpeg\" src=\"https:\/\/agora.xtec.cat\/iemariamiret\/wp-content\/uploads\/usu2321\/2024\/02\/Podcast-03.mp3?_=3\" \/><a href=\"https:\/\/agora.xtec.cat\/iemariamiret\/wp-content\/uploads\/usu2321\/2024\/02\/Podcast-03.mp3\">https:\/\/agora.xtec.cat\/iemariamiret\/wp-content\/uploads\/usu2321\/2024\/02\/Podcast-03.mp3<\/a><\/audio>\n<h6><\/h6>\n<h6><strong>PROGRAMA 4:<\/strong><\/h6>\n<audio class=\"wp-audio-shortcode\" id=\"audio-17979-4\" preload=\"none\" style=\"width: 100%;\" controls=\"controls\"><source type=\"audio\/mpeg\" src=\"https:\/\/agora.xtec.cat\/iemariamiret\/wp-content\/uploads\/usu2321\/2024\/02\/Podcast-04.mp3?_=4\" \/><a href=\"https:\/\/agora.xtec.cat\/iemariamiret\/wp-content\/uploads\/usu2321\/2024\/02\/Podcast-04.mp3\">https:\/\/agora.xtec.cat\/iemariamiret\/wp-content\/uploads\/usu2321\/2024\/02\/Podcast-04.mp3<\/a><\/audio>\n<h6><\/h6>\n<h6><strong>PROGRAMA 5:<\/strong><\/h6>\n<audio class=\"wp-audio-shortcode\" id=\"audio-17979-5\" preload=\"none\" style=\"width: 100%;\" controls=\"controls\"><source type=\"audio\/mpeg\" src=\"https:\/\/agora.xtec.cat\/iemariamiret\/wp-content\/uploads\/usu2321\/2024\/02\/Podcast-05.mp3?_=5\" \/><a href=\"https:\/\/agora.xtec.cat\/iemariamiret\/wp-content\/uploads\/usu2321\/2024\/02\/Podcast-05.mp3\">https:\/\/agora.xtec.cat\/iemariamiret\/wp-content\/uploads\/usu2321\/2024\/02\/Podcast-05.mp3<\/a><\/audio>\n<h6><\/h6>\n<h6><strong>PROGRAMA 6:<\/strong><\/h6>\n<audio class=\"wp-audio-shortcode\" id=\"audio-17979-6\" preload=\"none\" style=\"width: 100%;\" controls=\"controls\"><source type=\"audio\/mpeg\" src=\"https:\/\/agora.xtec.cat\/iemariamiret\/wp-content\/uploads\/usu2321\/2024\/02\/Podcast-06.mp3?_=6\" \/><a href=\"https:\/\/agora.xtec.cat\/iemariamiret\/wp-content\/uploads\/usu2321\/2024\/02\/Podcast-06.mp3\">https:\/\/agora.xtec.cat\/iemariamiret\/wp-content\/uploads\/usu2321\/2024\/02\/Podcast-06.mp3<\/a><\/audio>\n<h6><\/h6>\n<h6><strong>PROGRAMA 7:<\/strong><\/h6>\n<audio class=\"wp-audio-shortcode\" id=\"audio-17979-7\" preload=\"none\" style=\"width: 100%;\" controls=\"controls\"><source type=\"audio\/mpeg\" src=\"https:\/\/agora.xtec.cat\/iemariamiret\/wp-content\/uploads\/usu2321\/2024\/02\/Podcast-07.mp3?_=7\" \/><a href=\"https:\/\/agora.xtec.cat\/iemariamiret\/wp-content\/uploads\/usu2321\/2024\/02\/Podcast-07.mp3\">https:\/\/agora.xtec.cat\/iemariamiret\/wp-content\/uploads\/usu2321\/2024\/02\/Podcast-07.mp3<\/a><\/audio>\n<h6><\/h6>\n<h6><strong>PROGRAMA 8:<\/strong><\/h6>\n<audio class=\"wp-audio-shortcode\" id=\"audio-17979-8\" preload=\"none\" style=\"width: 100%;\" controls=\"controls\"><source type=\"audio\/mpeg\" src=\"https:\/\/agora.xtec.cat\/iemariamiret\/wp-content\/uploads\/usu2321\/2024\/02\/8.mp3?_=8\" \/><a href=\"https:\/\/agora.xtec.cat\/iemariamiret\/wp-content\/uploads\/usu2321\/2024\/02\/8.mp3\">https:\/\/agora.xtec.cat\/iemariamiret\/wp-content\/uploads\/usu2321\/2024\/02\/8.mp3<\/a><\/audio>\n<h6><\/h6>\n<h6><strong>PROGRAMA 9:<\/strong><\/h6>\n<audio class=\"wp-audio-shortcode\" id=\"audio-17979-9\" preload=\"none\" style=\"width: 100%;\" controls=\"controls\"><source type=\"audio\/mpeg\" src=\"https:\/\/agora.xtec.cat\/iemariamiret\/wp-content\/uploads\/usu2321\/2024\/02\/9.mp3?_=9\" \/><a href=\"https:\/\/agora.xtec.cat\/iemariamiret\/wp-content\/uploads\/usu2321\/2024\/02\/9.mp3\">https:\/\/agora.xtec.cat\/iemariamiret\/wp-content\/uploads\/usu2321\/2024\/02\/9.mp3<\/a><\/audio>\n<h6><\/h6>\n<h6><strong>PROGRAMA 10:<\/strong><\/h6>\n<audio class=\"wp-audio-shortcode\" id=\"audio-17979-10\" preload=\"none\" style=\"width: 100%;\" controls=\"controls\"><source type=\"audio\/mpeg\" src=\"https:\/\/agora.xtec.cat\/iemariamiret\/wp-content\/uploads\/usu2321\/2024\/03\/PODCAST-10.mp3?_=10\" \/><a href=\"https:\/\/agora.xtec.cat\/iemariamiret\/wp-content\/uploads\/usu2321\/2024\/03\/PODCAST-10.mp3\">https:\/\/agora.xtec.cat\/iemariamiret\/wp-content\/uploads\/usu2321\/2024\/03\/PODCAST-10.mp3<\/a><\/audio>\n<h6><\/h6>\n<h6><strong>PROGRAMA 11:<\/strong><\/h6>\n<audio class=\"wp-audio-shortcode\" id=\"audio-17979-11\" preload=\"none\" style=\"width: 100%;\" controls=\"controls\"><source type=\"audio\/mpeg\" src=\"https:\/\/agora.xtec.cat\/iemariamiret\/wp-content\/uploads\/usu2321\/2024\/05\/MIRET-2-3.mp3?_=11\" \/><a href=\"https:\/\/agora.xtec.cat\/iemariamiret\/wp-content\/uploads\/usu2321\/2024\/05\/MIRET-2-3.mp3\">https:\/\/agora.xtec.cat\/iemariamiret\/wp-content\/uploads\/usu2321\/2024\/05\/MIRET-2-3.mp3<\/a><\/audio>\n<h6><\/h6>\n<h6><strong>PROGRAMA 12:<\/strong><\/h6>\n<audio class=\"wp-audio-shortcode\" id=\"audio-17979-12\" preload=\"none\" style=\"width: 100%;\" controls=\"controls\"><source type=\"audio\/mpeg\" src=\"https:\/\/agora.xtec.cat\/iemariamiret\/wp-content\/uploads\/usu2321\/2024\/07\/MM-4-6-B.mp3?_=12\" \/><a href=\"https:\/\/agora.xtec.cat\/iemariamiret\/wp-content\/uploads\/usu2321\/2024\/07\/MM-4-6-B.mp3\">https:\/\/agora.xtec.cat\/iemariamiret\/wp-content\/uploads\/usu2321\/2024\/07\/MM-4-6-B.mp3<\/a><\/audio>\n","protected":false},"excerpt":{"rendered":"<p>Benvinguts a La veu del 2000, el programa de r\u00e0dio creat pels alumnes de 6\u00e8 de prim\u00e0ria. PODCAST CURS 2023-2024 Us agrada escoltar programes de r\u00e0dio? Doncs, esteu d&#8217;enhorabona! Aquest grup de joves entusiastes ha preparat un programa ple d&#8217;energia, diversi\u00f3 i interessants continguts. No us ho podeu perdre! A partir d&#8217;ara, teniu a la [&hellip;]<\/p>\n","protected":false},"author":1,"featured_media":0,"parent":18953,"menu_order":0,"comment_status":"closed","ping_status":"closed","template":"","meta":{"_bbp_topic_count":0,"_bbp_reply_count":0,"_bbp_total_topic_count":0,"_bbp_total_reply_count":0,"_bbp_voice_count":0,"_bbp_anonymous_reply_count":0,"_bbp_topic_count_hidden":0,"_bbp_reply_count_hidden":0,"_bbp_forum_subforum_count":0,"site-sidebar-layout":"default","site-content-layout":"","ast-site-content-layout":"default","site-content-style":"default","site-sidebar-style":"default","ast-global-header-display":"","ast-banner-title-visibility":"","ast-main-header-display":"","ast-hfb-above-header-display":"","ast-hfb-below-header-display":"","ast-hfb-mobile-header-display":"","site-post-title":"","ast-breadcrumbs-content":"","ast-featured-img":"","footer-sml-layout":"","theme-transparent-header-meta":"","adv-header-id-meta":"","stick-header-meta":"","header-above-stick-meta":"","header-main-stick-meta":"","header-below-stick-meta":"","astra-migrate-meta-layouts":"set","ast-page-background-enabled":"default","ast-page-background-meta":{"desktop":{"background-color":"var(--ast-global-color-4)","background-image":"","background-repeat":"repeat","background-position":"center center","background-size":"auto","background-attachment":"scroll","background-type":"","background-media":"","overlay-type":"","overlay-color":"","overlay-opacity":"","overlay-gradient":""},"tablet":{"background-color":"","background-image":"","background-repeat":"repeat","background-position":"center center","background-size":"auto","background-attachment":"scroll","background-type":"","background-media":"","overlay-type":"","overlay-color":"","overlay-opacity":"","overlay-gradient":""},"mobile":{"background-color":"","background-image":"","background-repeat":"repeat","background-position":"center center","background-size":"auto","background-attachment":"scroll","background-type":"","background-media":"","overlay-type":"","overlay-color":"","overlay-opacity":"","overlay-gradient":""}},"ast-content-background-meta":{"desktop":{"background-color":"var(--ast-global-color-5)","background-image":"","background-repeat":"repeat","background-position":"center center","background-size":"auto","background-attachment":"scroll","background-type":"","background-media":"","overlay-type":"","overlay-color":"","overlay-opacity":"","overlay-gradient":""},"tablet":{"background-color":"var(--ast-global-color-5)","background-image":"","background-repeat":"repeat","background-position":"center center","background-size":"auto","background-attachment":"scroll","background-type":"","background-media":"","overlay-type":"","overlay-color":"","overlay-opacity":"","overlay-gradient":""},"mobile":{"background-color":"var(--ast-global-color-5)","background-image":"","background-repeat":"repeat","background-position":"center center","background-size":"auto","background-attachment":"scroll","background-type":"","background-media":"","overlay-type":"","overlay-color":"","overlay-opacity":"","overlay-gradient":""}},"footnotes":""},"class_list":["post-17979","page","type-page","status-publish","hentry"],"post_mailing_queue_ids":[],"_links":{"self":[{"href":"https:\/\/agora.xtec.cat\/iemariamiret\/wp-json\/wp\/v2\/pages\/17979","targetHints":{"allow":["GET"]}}],"collection":[{"href":"https:\/\/agora.xtec.cat\/iemariamiret\/wp-json\/wp\/v2\/pages"}],"about":[{"href":"https:\/\/agora.xtec.cat\/iemariamiret\/wp-json\/wp\/v2\/types\/page"}],"author":[{"embeddable":true,"href":"https:\/\/agora.xtec.cat\/iemariamiret\/wp-json\/wp\/v2\/users\/1"}],"replies":[{"embeddable":true,"href":"https:\/\/agora.xtec.cat\/iemariamiret\/wp-json\/wp\/v2\/comments?post=17979"}],"version-history":[{"count":6,"href":"https:\/\/agora.xtec.cat\/iemariamiret\/wp-json\/wp\/v2\/pages\/17979\/revisions"}],"predecessor-version":[{"id":18965,"href":"https:\/\/agora.xtec.cat\/iemariamiret\/wp-json\/wp\/v2\/pages\/17979\/revisions\/18965"}],"up":[{"embeddable":true,"href":"https:\/\/agora.xtec.cat\/iemariamiret\/wp-json\/wp\/v2\/pages\/18953"}],"wp:attachment":[{"href":"https:\/\/agora.xtec.cat\/iemariamiret\/wp-json\/wp\/v2\/media?parent=17979"}],"curies":[{"name":"wp","href":"https:\/\/api.w.org\/{rel}","templated":true}]}}