{"id":834,"date":"2024-06-10T09:20:36","date_gmt":"2024-06-10T07:20:36","guid":{"rendered":"https:\/\/agora.xtec.cat\/iemanresa\/?page_id=834"},"modified":"2024-06-10T09:58:31","modified_gmt":"2024-06-10T07:58:31","slug":"avaluacio","status":"publish","type":"page","link":"https:\/\/agora.xtec.cat\/iemanresa\/projecte-educatiu\/estrategia-digital\/avaluacio\/","title":{"rendered":"Avaluaci\u00f3"},"content":{"rendered":"<p><span style=\"font-weight: 400;\">L\u2019avaluaci\u00f3 de l\u2019Estrat\u00e8gia Digital de Centre (EDC) es defineix en tres moments:<\/span><\/p>\n<h5><span style=\"font-weight: 400;\">Avaluaci\u00f3 Cont\u00ednua<\/span><\/h5>\n<p><span style=\"font-weight: 400;\">Cada fitxa d\u2019activitat contempla un apartat anomenat Avaluaci\u00f3 (feedback-qualitat). Aquest apartat s\u2019executa al final de cada activitat amb l\u2019objectiu de valorar com s\u2019ha desenvolupat l\u2019activitat, com s\u2019han assolit els indicadors. La comissi\u00f3 digital afegeix la seva valoraci\u00f3.<\/span><\/p>\n<p><span style=\"font-weight: 400;\">Aquesta avaluaci\u00f3 ha de contemplar noves l\u00ednies d\u2019actuaci\u00f3: L\u2019activitat s\u2019implementa i l&#8217;avaluaci\u00f3; l\u2019activitat s\u2019implementa i cal repetir-la en un futur; l\u2019activitat ens ha creat una nova necessitat; definir noves actuacions a partir de l\u2019execuci\u00f3 de l\u2019activitat.<\/span><\/p>\n<h5><span style=\"font-weight: 400;\">Avaluaci\u00f3 Anual<\/span><\/h5>\n<p><span style=\"font-weight: 400;\">Els objectius de l\u2019Estrat\u00e8gia Digital de Centre que corresponen a cada curs, queden integrats en la Programaci\u00f3 General Anual. A final de curs s\u2019avaluen i queda registrat en la Mem\u00f2ria Anual de Centre.<\/span><\/p>\n<p><span style=\"font-weight: 400;\">Durant el curs es fa una revisi\u00f3 de quins s\u00f3n els objectius de l\u2019EDC que s\u2019estan executant i es revisa que s\u2019estan treballant totes les activitats planificades.<\/span><\/p>\n<h5><span style=\"font-weight: 400;\">Avaluaci\u00f3 Final<\/span><\/h5>\n<p><span style=\"font-weight: 400;\">Al final del per\u00edode de l\u2019EDC es fa una avaluaci\u00f3 final. Aquesta avaluaci\u00f3 ha de contemplar la valoraci\u00f3 de tots els objectius de l\u2019EDC implementats en el per\u00edode definit. L\u2019avaluaci\u00f3 haur\u00e0 de servir per decidir si el centre ha de dissenyar una nova activitat de diagnosi, o b\u00e9 la valoraci\u00f3 dels objectius de l\u2019EDC hauran generat unes noves necessitats.<\/span><\/p>\n<p style=\"text-align: left;\"><a class=\"button normal\" style=\"padding: 1em; font-weight: 400; margin: 0.1em; color: white !important; background-color: #ff5a26;\" href=\"https:\/\/agora.xtec.cat\/iemanresa\/projecte-educatiu\/edc\/estrategia-digital\/diagnosi\/\" rel=\"noopener noreferrer\">DIAGNOSI<\/a> \u00a0<a class=\"button normal\" style=\"padding: 1em; font-weight: 400; margin: 0.1em; color: white !important; background-color: #ff5a26;\" href=\"https:\/\/agora.xtec.cat\/iemanresa\/projecte-educatiu\/edc\/estrategia-digital\/objectius\/\" rel=\"noopener noreferrer\">OBJECTIUS<\/a> \u00a0<a class=\"button normal\" style=\"padding: 1em; font-weight: 400; margin: 0.1em; color: white !important; background-color: #ff5a26;\" href=\"https:\/\/agora.xtec.cat\/iemanresa\/projecte-educatiu\/edc\/estrategia-digital\/planificacio\/\" rel=\"noopener noreferrer\">PLANIFICACI\u00d3<\/a> \u00a0<a class=\"button normal\" style=\"padding: 1em; font-weight: 400; margin: 0.1em; color: white !important; background-color: #ff5a26;\" href=\"https:\/\/agora.xtec.cat\/iemanresa\/projecte-educatiu\/edc\/estrategia-digital\/avaluacio\/\" rel=\"noopener noreferrer\">AVALUACI\u00d3<\/a><\/p>\n","protected":false},"excerpt":{"rendered":"<p>L\u2019avaluaci\u00f3 de l\u2019Estrat\u00e8gia Digital de Centre (EDC) es defineix en tres moments:<br \/>\nAvaluaci\u00f3 Cont\u00ednua<br \/>\nCada fitxa d\u2019activitat contempla un apartat anomenat Avaluaci\u00f3 (feedback-qualitat). Aquest apartat s\u2019executa al final de cada activitat amb l\u2019objectiu de valorar com s\u2019ha desenvolupat l\u2019activitat, com s\u2019han assolit els indicadors. La comissi\u00f3 digital&hellip;  <a href=\"https:\/\/agora.xtec.cat\/iemanresa\/projecte-educatiu\/estrategia-digital\/avaluacio\/\" title=\"Read Avaluaci\u00f3\">Llegeix m\u00e9s\u00bb<\/a><\/p>\n","protected":false},"author":1,"featured_media":0,"parent":581,"menu_order":40,"comment_status":"closed","ping_status":"closed","template":"page-templates\/side-menu.php","meta":{"_bbp_topic_count":0,"_bbp_reply_count":0,"_bbp_total_topic_count":0,"_bbp_total_reply_count":0,"_bbp_voice_count":0,"_bbp_anonymous_reply_count":0,"_bbp_topic_count_hidden":0,"_bbp_reply_count_hidden":0,"_bbp_forum_subforum_count":0,"footnotes":""},"class_list":["post-834","page","type-page","status-publish","hentry"],"post_mailing_queue_ids":[],"_links":{"self":[{"href":"https:\/\/agora.xtec.cat\/iemanresa\/wp-json\/wp\/v2\/pages\/834","targetHints":{"allow":["GET"]}}],"collection":[{"href":"https:\/\/agora.xtec.cat\/iemanresa\/wp-json\/wp\/v2\/pages"}],"about":[{"href":"https:\/\/agora.xtec.cat\/iemanresa\/wp-json\/wp\/v2\/types\/page"}],"author":[{"embeddable":true,"href":"https:\/\/agora.xtec.cat\/iemanresa\/wp-json\/wp\/v2\/users\/1"}],"replies":[{"embeddable":true,"href":"https:\/\/agora.xtec.cat\/iemanresa\/wp-json\/wp\/v2\/comments?post=834"}],"version-history":[{"count":4,"href":"https:\/\/agora.xtec.cat\/iemanresa\/wp-json\/wp\/v2\/pages\/834\/revisions"}],"predecessor-version":[{"id":857,"href":"https:\/\/agora.xtec.cat\/iemanresa\/wp-json\/wp\/v2\/pages\/834\/revisions\/857"}],"up":[{"embeddable":true,"href":"https:\/\/agora.xtec.cat\/iemanresa\/wp-json\/wp\/v2\/pages\/581"}],"wp:attachment":[{"href":"https:\/\/agora.xtec.cat\/iemanresa\/wp-json\/wp\/v2\/media?parent=834"}],"curies":[{"name":"wp","href":"https:\/\/api.w.org\/{rel}","templated":true}]}}