{"id":830,"date":"2024-06-10T09:20:02","date_gmt":"2024-06-10T07:20:02","guid":{"rendered":"https:\/\/agora.xtec.cat\/iemanresa\/?page_id=830"},"modified":"2024-06-10T09:57:43","modified_gmt":"2024-06-10T07:57:43","slug":"objectius","status":"publish","type":"page","link":"https:\/\/agora.xtec.cat\/iemanresa\/projecte-educatiu\/estrategia-digital\/objectius\/","title":{"rendered":"Objectius EDC"},"content":{"rendered":"<p>A continuaci\u00f3 podem <span style=\"font-weight: 400;\">veure els objectius marcats a l\u2019EDC per als tres propers cursos.<\/span><\/p>\n<ol>\n<li>Fomentar l&#8217;\u00fas de la tecnologia relacionat amb diferents formes d&#8217;avaluaci\u00f3 per millorar la compet\u00e8ncia digital de l&#8217;alumnat.<\/li>\n<li>Elaborar l&#8217;estrat\u00e8gia digital del centre per millorar la compet\u00e8ncia digital de l&#8217;alumnat.<\/li>\n<li>Dissenyar el pla de comunicaci\u00f3 per la millora de la cultura digital del centre.<\/li>\n<li>Fomentar la formaci\u00f3 del professorat de forma interna per millorar l&#8217;\u00fas de les metodologies a l&#8217;aula amb eines digitals.<\/li>\n<li>Fomentar l&#8217;\u00fas de la tecnologia digital en el proc\u00e9s d&#8217;avaluaci\u00f3 per millorar la compet\u00e8ncia digital de l&#8217;alumnat.<\/li>\n<li><span style=\"font-weight: 400;\">Dissenyar un pla de protecci\u00f3 i de ciberseguretat per millorar l&#8217;acc\u00e9s segur a la xarxa.<\/span><\/li>\n<li><span style=\"font-weight: 400;\">Planificar espais d&#8217;intercanvi d&#8217;idees i activitats de formaci\u00f3 per millorar la compet\u00e8ncia digital del professorat.<\/span>&nbsp;\n<p style=\"text-align: left;\"><a class=\"button normal\" style=\"padding: 1em; font-weight: 400; margin: 0.1em; color: white !important; background-color: #ff5a26;\" href=\"https:\/\/agora.xtec.cat\/iemanresa\/projecte-educatiu\/edc\/estrategia-digital\/diagnosi\/\" rel=\"noopener noreferrer\">DIAGNOSI<\/a> \u00a0<a class=\"button normal\" style=\"padding: 1em; font-weight: 400; margin: 0.1em; color: white !important; background-color: #ff5a26;\" href=\"https:\/\/agora.xtec.cat\/iemanresa\/projecte-educatiu\/edc\/estrategia-digital\/objectius\/\" rel=\"noopener noreferrer\">OBJECTIUS<\/a> \u00a0<a class=\"button normal\" style=\"padding: 1em; font-weight: 400; margin: 0.1em; color: white !important; background-color: #ff5a26;\" href=\"https:\/\/agora.xtec.cat\/iemanresa\/projecte-educatiu\/edc\/estrategia-digital\/planificacio\/\" rel=\"noopener noreferrer\">PLANIFICACI\u00d3<\/a> \u00a0<a class=\"button normal\" style=\"padding: 1em; font-weight: 400; margin: 0.1em; color: white !important; background-color: #ff5a26;\" href=\"https:\/\/agora.xtec.cat\/iemanresa\/projecte-educatiu\/edc\/estrategia-digital\/avaluacio\/\" rel=\"noopener noreferrer\">AVALUACI\u00d3<\/a><\/p>\n<\/li>\n<\/ol>\n","protected":false},"excerpt":{"rendered":"<p>A continuaci\u00f3 podem veure els objectius marcats a l\u2019EDC per als tres propers cursos.<\/p>\n<ol>\n<li>Fomentar l&#8217;\u00fas de la tecnologia relacionat amb diferents formes d&#8217;avaluaci\u00f3 per millorar la compet\u00e8ncia digital de l&#8217;alumnat.<\/li>\n<li>Elaborar l&#8217;estrat\u00e8gia digital del centre per millorar la compet\u00e8ncia digital de l&#8217;alumnat.<\/li>\n<li>Dissenyar el pla de comunicaci\u00f3&hellip;  <a href=\"https:\/\/agora.xtec.cat\/iemanresa\/projecte-educatiu\/estrategia-digital\/objectius\/\" title=\"Read Objectius EDC\">Llegeix m\u00e9s\u00bb<\/a><br \/>\n","protected":false},"author":1,"featured_media":0,"parent":581,"menu_order":20,"comment_status":"closed","ping_status":"closed","template":"page-templates\/side-menu.php","meta":{"_bbp_topic_count":0,"_bbp_reply_count":0,"_bbp_total_topic_count":0,"_bbp_total_reply_count":0,"_bbp_voice_count":0,"_bbp_anonymous_reply_count":0,"_bbp_topic_count_hidden":0,"_bbp_reply_count_hidden":0,"_bbp_forum_subforum_count":0,"footnotes":""},"class_list":["post-830","page","type-page","status-publish","hentry"],"post_mailing_queue_ids":[],"_links":{"self":[{"href":"https:\/\/agora.xtec.cat\/iemanresa\/wp-json\/wp\/v2\/pages\/830","targetHints":{"allow":["GET"]}}],"collection":[{"href":"https:\/\/agora.xtec.cat\/iemanresa\/wp-json\/wp\/v2\/pages"}],"about":[{"href":"https:\/\/agora.xtec.cat\/iemanresa\/wp-json\/wp\/v2\/types\/page"}],"author":[{"embeddable":true,"href":"https:\/\/agora.xtec.cat\/iemanresa\/wp-json\/wp\/v2\/users\/1"}],"replies":[{"embeddable":true,"href":"https:\/\/agora.xtec.cat\/iemanresa\/wp-json\/wp\/v2\/comments?post=830"}],"version-history":[{"count":5,"href":"https:\/\/agora.xtec.cat\/iemanresa\/wp-json\/wp\/v2\/pages\/830\/revisions"}],"predecessor-version":[{"id":855,"href":"https:\/\/agora.xtec.cat\/iemanresa\/wp-json\/wp\/v2\/pages\/830\/revisions\/855"}],"up":[{"embeddable":true,"href":"https:\/\/agora.xtec.cat\/iemanresa\/wp-json\/wp\/v2\/pages\/581"}],"wp:attachment":[{"href":"https:\/\/agora.xtec.cat\/iemanresa\/wp-json\/wp\/v2\/media?parent=830"}],"curies":[{"name":"wp","href":"https:\/\/api.w.org\/{rel}","templated":true}]}}