{"id":628,"date":"2024-09-16T15:02:51","date_gmt":"2024-09-16T13:02:51","guid":{"rendered":"https:\/\/agora.xtec.cat\/iemanresa\/?page_id=628"},"modified":"2026-01-08T10:19:53","modified_gmt":"2026-01-08T09:19:53","slug":"calendari-anual","status":"publish","type":"page","link":"https:\/\/agora.xtec.cat\/iemanresa\/calendari-anual\/","title":{"rendered":"Calendari anual"},"content":{"rendered":"<h4 style=\"text-align: center;\"><strong>Inici de curs:<\/strong><\/h4>\n<p style=\"text-align: center;\">8 de setembre de 2025<\/p>\n<h4 style=\"text-align: center;\"><strong>Vacances:<\/strong><\/h4>\n<p style=\"text-align: center;\">Del dissabte 20 de desembre de 2025 al dimecres 7 de gener de 2026, ambd\u00f3s inclosos<\/p>\n<p style=\"text-align: center;\">Del dissabte 28 de mar\u00e7 al dilluns 6 d\u2019abril de 2026, ambd\u00f3s inclosos<\/p>\n<p style=\"text-align: center;\">A partir del 19 de juny de 2026<\/p>\n<h4 style=\"text-align: center;\"><strong>Dies festius de lliure disposici\u00f3:<\/strong><\/h4>\n<p style=\"text-align: center;\">31 d&#8217;octubre de 2025<\/p>\n<p style=\"text-align: center;\">9 de desembre de 2025<\/p>\n<p style=\"text-align: center;\">26 de gener de 2026<\/p>\n<p style=\"text-align: center;\">20 de febrer de 2026<\/p>\n<p style=\"text-align: center;\">13 de mar\u00e7 de 2026<\/p>\n<p style=\"text-align: center;\">30 d&#8217;abril de 2026<\/p>\n<h4 style=\"text-align: center;\"><strong>Jornada intensiva:<\/strong><\/h4>\n<p style=\"text-align: center;\"><strong>Infantil <\/strong>i <strong>Prim\u00e0ria: <\/strong>A partir del 8 de juny, horari intensiu de 9:00\u202fh a 13:00\u202fh (garantint el servei de menjador a partir d\u2019aquesta hora).<\/p>\n<p style=\"text-align: center;\"><strong>ESO: <\/strong>A partir del 8 de juny, horari intensiu de 8:00\u202fh a 13:30\u202fh (garantint el servei de menjador a partir d\u2019aquesta hora).<\/p>\n<p style=\"text-align: justify;\"><strong>Per als alumnes que inicien l\u2019escolaritzaci\u00f3 a P3<\/strong> s\u2019organitza un breu per\u00edode d\u2019adaptaci\u00f3 que suposa una certa modificaci\u00f3 dels horaris dels dos primers dies de classe, i que es fa saber a les fam\u00edlies en les reunions pr\u00e8vies corresponents.<\/p>\n","protected":false},"excerpt":{"rendered":"<p>Inici de curs:<br \/>\n8 de setembre de 2025<br \/>\nVacances:<br \/>\nDel dissabte 20 de desembre de 2025 al dimecres 7 de gener de 2026, ambd\u00f3s inclosos<br \/>\nDel dissabte 28 de mar\u00e7 al dilluns 6 d\u2019abril de 2026, ambd\u00f3s inclosos<br \/>\nA partir del 19 de juny de 2026<br \/>\nDies festius de lliure disposici\u00f3:<br \/>\n31&hellip;  <a href=\"https:\/\/agora.xtec.cat\/iemanresa\/calendari-anual\/\" title=\"Read Calendari anual\">Llegeix m\u00e9s\u00bb<\/a><\/p>\n","protected":false},"author":1,"featured_media":0,"parent":0,"menu_order":0,"comment_status":"closed","ping_status":"closed","template":"","meta":{"_bbp_topic_count":0,"_bbp_reply_count":0,"_bbp_total_topic_count":0,"_bbp_total_reply_count":0,"_bbp_voice_count":0,"_bbp_anonymous_reply_count":0,"_bbp_topic_count_hidden":0,"_bbp_reply_count_hidden":0,"_bbp_forum_subforum_count":0,"footnotes":""},"class_list":["post-628","page","type-page","status-publish","hentry"],"post_mailing_queue_ids":[],"_links":{"self":[{"href":"https:\/\/agora.xtec.cat\/iemanresa\/wp-json\/wp\/v2\/pages\/628","targetHints":{"allow":["GET"]}}],"collection":[{"href":"https:\/\/agora.xtec.cat\/iemanresa\/wp-json\/wp\/v2\/pages"}],"about":[{"href":"https:\/\/agora.xtec.cat\/iemanresa\/wp-json\/wp\/v2\/types\/page"}],"author":[{"embeddable":true,"href":"https:\/\/agora.xtec.cat\/iemanresa\/wp-json\/wp\/v2\/users\/1"}],"replies":[{"embeddable":true,"href":"https:\/\/agora.xtec.cat\/iemanresa\/wp-json\/wp\/v2\/comments?post=628"}],"version-history":[{"count":6,"href":"https:\/\/agora.xtec.cat\/iemanresa\/wp-json\/wp\/v2\/pages\/628\/revisions"}],"predecessor-version":[{"id":3395,"href":"https:\/\/agora.xtec.cat\/iemanresa\/wp-json\/wp\/v2\/pages\/628\/revisions\/3395"}],"wp:attachment":[{"href":"https:\/\/agora.xtec.cat\/iemanresa\/wp-json\/wp\/v2\/media?parent=628"}],"curies":[{"name":"wp","href":"https:\/\/api.w.org\/{rel}","templated":true}]}}