{"id":38,"date":"2014-09-18T12:34:08","date_gmt":"2014-09-18T11:34:08","guid":{"rendered":"http:\/\/agora.xtec.cat\/iemanresa\/?page_id=38"},"modified":"2024-02-26T12:33:22","modified_gmt":"2024-02-26T11:33:22","slug":"salut","status":"publish","type":"page","link":"https:\/\/agora.xtec.cat\/iemanresa\/lescola\/salut\/","title":{"rendered":"Salut i Escola"},"content":{"rendered":"<div id=\"comp-lpqnmrl0\" class=\"KcpHeO tz5f0K comp-lpqnmrl0 wixui-rich-text\" data-testid=\"richTextElement\">\n<h3 class=\"font_6 wixui-rich-text__text\"><\/h3>\n<\/div>\n<div id=\"comp-lpqnmrl11\" class=\"KcpHeO tz5f0K comp-lpqnmrl11 wixui-rich-text\" data-testid=\"richTextElement\">\n<p class=\"font_9 wixui-rich-text__text\"><span class=\"wixui-rich-text__text\"><span class=\"color_36 wixui-rich-text__text\">Seguint les recomanacions del Departament de Salut i la Societat Catalana de Pediatria, per poder administrar medicaments a l&#8217;alumnat, en horari lectiu, cal que els pares, mares o tutors legals aportin un informe m\u00e8dic on consti el nom de l&#8217;alumne\/a, el nom del medicament que ha de prendre i la pauta d&#8217;administraci\u00f3.<\/span><\/span><\/p>\n<p class=\"font_9 wixui-rich-text__text\"><span class=\"wixui-rich-text__text\"><span class=\"wixGuard wixui-rich-text__text\">\u200b<\/span><\/span><span class=\"wixui-rich-text__text\"><span class=\"color_36 wixui-rich-text__text\">Aix\u00ed mateix, els pares, mares o tutors legals han d&#8217;aportar el full d\u2019autoritzaci\u00f3 per a l\u2019administraci\u00f3 de medicament on es demana, al personal del centre educatiu, l&#8217;administraci\u00f3 al fill o filla del medicament prescrit d&#8217;acord amb les pautes que constin en l&#8217;informe m\u00e8dic esmentat, i se n&#8217;autoritza l&#8217;administraci\u00f3 al personal del centre. Aquest full d\u2019autoritzaci\u00f3 el podreu trobar a la Recepci\u00f3 de l\u2019Escola.<\/span><\/span><\/p>\n<p class=\"font_9 wixui-rich-text__text\"><span class=\"wixui-rich-text__text\"><span class=\"color_36 wixui-rich-text__text\"><span class=\"wixGuard wixui-rich-text__text\">\u200b<\/span><\/span><\/span><span class=\"wixui-rich-text__text\"><span class=\"color_36 wixui-rich-text__text\">En aquest enlla\u00e7 trobareu els\u00a0<a class=\"wixui-rich-text__text\" href=\"https:\/\/drive.google.com\/file\/d\/1PSHY0BLVyFe1HUvhyKG6idtwTETyzWXI\/view\" target=\"_blank\" rel=\"noreferrer noopener\">criteris de no-assist\u00e8ncia<\/a>\u00a0al centre escolar que el Departament de Salut considera essencials per a la no transmissi\u00f3 de malalties contagioses.<br class=\"wixui-rich-text__text\" \/>Els alumnes que tinguin alguna al\u00b7l\u00e8rgia i\/o intoler\u00e0ncia, la fam\u00edlia tamb\u00e9 n\u2019haur\u00e0 d\u2019aportar un informe m\u00e8dic signat i emplenar el\u00a0<a class=\"wixui-rich-text__text\" href=\"https:\/\/drive.google.com\/file\/d\/1BlwRBi-Xh3M0Tt1Kd9CLWAhzXc3VtEws\/view\" target=\"_blank\" rel=\"noreferrer noopener\">full de comunicaci\u00f3 d\u2019al\u00b7l\u00e8rgies i\/o intoler\u00e0ncies<\/a>,\u00a0si no ho heu fet ja.<\/span><\/span><\/p>\n<\/div>\n<p>&nbsp;<\/p>\n<p>&nbsp;<\/p>\n<p>&nbsp;<\/p>\n<p>&nbsp;<\/p>\n<p>&nbsp;<\/p>\n","protected":false},"excerpt":{"rendered":"<p>Seguint les recomanacions del Departament de Salut i la Societat Catalana de Pediatria, per poder administrar medicaments a l&#8217;alumnat, en horari lectiu, cal que els pares, mares o tutors legals aportin un informe m\u00e8dic on consti el nom de l&#8217;alumne\/a, el nom del medicament que&hellip;  <a href=\"https:\/\/agora.xtec.cat\/iemanresa\/lescola\/salut\/\" title=\"Read Salut i Escola\">Llegeix m\u00e9s\u00bb<\/a><\/p>\n","protected":false},"author":1,"featured_media":0,"parent":22,"menu_order":80,"comment_status":"closed","ping_status":"closed","template":"page-templates\/side-menu.php","meta":{"_bbp_topic_count":0,"_bbp_reply_count":0,"_bbp_total_topic_count":0,"_bbp_total_reply_count":0,"_bbp_voice_count":0,"_bbp_anonymous_reply_count":0,"_bbp_topic_count_hidden":0,"_bbp_reply_count_hidden":0,"_bbp_forum_subforum_count":0,"footnotes":""},"class_list":["post-38","page","type-page","status-publish","hentry"],"post_mailing_queue_ids":[],"_links":{"self":[{"href":"https:\/\/agora.xtec.cat\/iemanresa\/wp-json\/wp\/v2\/pages\/38","targetHints":{"allow":["GET"]}}],"collection":[{"href":"https:\/\/agora.xtec.cat\/iemanresa\/wp-json\/wp\/v2\/pages"}],"about":[{"href":"https:\/\/agora.xtec.cat\/iemanresa\/wp-json\/wp\/v2\/types\/page"}],"author":[{"embeddable":true,"href":"https:\/\/agora.xtec.cat\/iemanresa\/wp-json\/wp\/v2\/users\/1"}],"replies":[{"embeddable":true,"href":"https:\/\/agora.xtec.cat\/iemanresa\/wp-json\/wp\/v2\/comments?post=38"}],"version-history":[{"count":2,"href":"https:\/\/agora.xtec.cat\/iemanresa\/wp-json\/wp\/v2\/pages\/38\/revisions"}],"predecessor-version":[{"id":558,"href":"https:\/\/agora.xtec.cat\/iemanresa\/wp-json\/wp\/v2\/pages\/38\/revisions\/558"}],"up":[{"embeddable":true,"href":"https:\/\/agora.xtec.cat\/iemanresa\/wp-json\/wp\/v2\/pages\/22"}],"wp:attachment":[{"href":"https:\/\/agora.xtec.cat\/iemanresa\/wp-json\/wp\/v2\/media?parent=38"}],"curies":[{"name":"wp","href":"https:\/\/api.w.org\/{rel}","templated":true}]}}