{"id":32,"date":"2014-09-18T12:31:33","date_gmt":"2014-09-18T11:31:33","guid":{"rendered":"http:\/\/agora.xtec.cat\/iemanresa\/?page_id=32"},"modified":"2025-09-03T08:51:14","modified_gmt":"2025-09-03T06:51:14","slug":"calendari-del-curs","status":"publish","type":"page","link":"https:\/\/agora.xtec.cat\/iemanresa\/lescola\/calendari-del-curs\/","title":{"rendered":"Calendari escolar"},"content":{"rendered":"<p>Tot l\u2019alumnat<strong> comen\u00e7ar\u00e0 el curs el dilluns, dia 8 de setembre de 2025 i finalitzar\u00e0 el<\/strong><br \/>\n<strong>divendres, 19 de juny de 2026.<\/strong><\/p>\n<p>Els <strong>dies festius<\/strong> per a aquest curs s\u00f3n els seg\u00fcents:<\/p>\n<p>\u25cb <strong>Dijous, 11 de setembre:<\/strong> Diada nacional de Catalunya.<\/p>\n<p>\u25cb <strong>Divendres, 31 d\u2019octubre:<\/strong> Festiu de lliure disposici\u00f3.<\/p>\n<p>\u25cb <strong>Dissabte, 1 de novembre:<\/strong> Festa de Tots Sants.<\/p>\n<p>\u25cb <strong>Dilluns, 8 de desembre:<\/strong> Dia de la Pur\u00edssima.<\/p>\n<p>\u25cb <strong>Dimarts, 9 de desembre:<\/strong> Festiu de lliure disposici\u00f3.<\/p>\n<p>\u25cb <strong>Del dissabte 20 de desembre de 2025 al dimecres 7 de gener de 2026, ambd\u00f3s inclosos:<\/strong> Nadal.<\/p>\n<p>\u25cb <strong>Dilluns, 26 de gener:<\/strong> Festiu de lliure disposici\u00f3.<\/p>\n<p>\u25cb <strong>Divendres, 20 de febrer:<\/strong> Festiu de lliure disposici\u00f3.<\/p>\n<p>\u25cb<strong> Dissabte, 21 de febrer:<\/strong> Festa local (La Llum).<\/p>\n<p>\u25cb <strong>Divendres, 13 de mar\u00e7:<\/strong> Festiu de lliure disposici\u00f3.<\/p>\n<p>\u25cb <strong>Del dissabte 28 de mar\u00e7 al dilluns 6 d\u2019abril de 2026, ambd\u00f3s inclosos:<\/strong> Setmana Santa.<\/p>\n<p>\u25cb <strong>Dijous, 30 d\u2019abril:<\/strong> Festiu de lliure disposici\u00f3.<\/p>\n<p>\u25cb <strong>Divendres, 1 de maig:<\/strong> Dia del treball.<\/p>\n<p>_________________________________<\/p>\n<p>L\u2019<b>horari lectiu<\/b> del centre \u00e9s de:<\/p>\n<p><strong>Infantil<\/strong><br \/>\nCada dia de 9:00 h a 12:30 h i de 15:00 h a 16:30 h.<\/p>\n<p><strong>Prim\u00e0ria<\/strong><br \/>\nCada dia de 9:00 h a 12:30 h i de 15:00 h a 16:30 h.<\/p>\n<p><strong>ESO<\/strong><br \/>\nDilluns, dimarts i dijous de 8:00 h a 13:30 h i de 15:00 h a 16:45 h.<br \/>\nDimecres de 8:00 h a 13:30 h.<br \/>\nDivendres de 8:00 h a 13:15 h.<\/p>\n<p>_________________________________<\/p>\n<p><strong>A partir del 8 de juny de 2026<\/strong> es far\u00e0 la jornada intensiva:<\/p>\n<p>A infantil i prim\u00e0ria, amb horari de 9:00 h a 13:00 h, garantint el servei de menjador a partir d\u2019aquesta hora.<br \/>\nA ESO, amb l\u2019horari de 8:00 h a 13:30 h, garantint el servei de menjador a partir d\u2019aquesta hora.<br \/>\nEl 19 de desembre de 2025 les classes acabaran a les 12:30 h a infantil i prim\u00e0ria, i a les 13:15 h a l\u2019ESO garantint el servei de menjador a partir d\u2019aquesta hora.<\/p>\n<p>Quan el\/la vostre\/a fill\/a no pugui assistir a classe o hagi d\u2019arribar tard, heu de telefonar a l\u2019Escola (93 875 41 78) o enviar un correu electr\u00f2nic a\u00a0<span class=\"wixui-rich-text__text\"><a class=\"wixui-rich-text__text\" href=\"mailto:recepcioiem@gmail.com\" data-auto-recognition=\"true\">recepcioiem@gmail.com<\/a><\/span>, abans de l\u2019inici de les classes, comunicant el motiu.<br class=\"wixui-rich-text__text\" \/>En el cas d&#8217;Infantil, ho podreu comunicar mitjan\u00e7ant l&#8217;agenda digital.<\/p>\n","protected":false},"excerpt":{"rendered":"<p>Tot l\u2019alumnat comen\u00e7ar\u00e0 el curs el dilluns, dia 8 de setembre de 2025 i finalitzar\u00e0 el<br \/>\ndivendres, 19 de juny de 2026.<br \/>\nEls dies festius per a aquest curs s\u00f3n els seg\u00fcents:<br \/>\n\u25cb Dijous, 11 de setembre: Diada nacional de Catalunya.<br \/>\n\u25cb Divendres, 31 d\u2019octubre: Festiu de lliure disposici\u00f3.<br \/>\n\u25cb&hellip;  <a href=\"https:\/\/agora.xtec.cat\/iemanresa\/lescola\/calendari-del-curs\/\" title=\"Read Calendari escolar\">Llegeix m\u00e9s\u00bb<\/a><\/p>\n","protected":false},"author":1,"featured_media":0,"parent":22,"menu_order":50,"comment_status":"closed","ping_status":"closed","template":"page-templates\/side-menu.php","meta":{"_bbp_topic_count":0,"_bbp_reply_count":0,"_bbp_total_topic_count":0,"_bbp_total_reply_count":0,"_bbp_voice_count":0,"_bbp_anonymous_reply_count":0,"_bbp_topic_count_hidden":0,"_bbp_reply_count_hidden":0,"_bbp_forum_subforum_count":0,"footnotes":""},"class_list":["post-32","page","type-page","status-publish","hentry"],"post_mailing_queue_ids":[],"_links":{"self":[{"href":"https:\/\/agora.xtec.cat\/iemanresa\/wp-json\/wp\/v2\/pages\/32","targetHints":{"allow":["GET"]}}],"collection":[{"href":"https:\/\/agora.xtec.cat\/iemanresa\/wp-json\/wp\/v2\/pages"}],"about":[{"href":"https:\/\/agora.xtec.cat\/iemanresa\/wp-json\/wp\/v2\/types\/page"}],"author":[{"embeddable":true,"href":"https:\/\/agora.xtec.cat\/iemanresa\/wp-json\/wp\/v2\/users\/1"}],"replies":[{"embeddable":true,"href":"https:\/\/agora.xtec.cat\/iemanresa\/wp-json\/wp\/v2\/comments?post=32"}],"version-history":[{"count":6,"href":"https:\/\/agora.xtec.cat\/iemanresa\/wp-json\/wp\/v2\/pages\/32\/revisions"}],"predecessor-version":[{"id":2835,"href":"https:\/\/agora.xtec.cat\/iemanresa\/wp-json\/wp\/v2\/pages\/32\/revisions\/2835"}],"up":[{"embeddable":true,"href":"https:\/\/agora.xtec.cat\/iemanresa\/wp-json\/wp\/v2\/pages\/22"}],"wp:attachment":[{"href":"https:\/\/agora.xtec.cat\/iemanresa\/wp-json\/wp\/v2\/media?parent=32"}],"curies":[{"name":"wp","href":"https:\/\/api.w.org\/{rel}","templated":true}]}}