{"id":28,"date":"2014-09-18T12:29:35","date_gmt":"2014-09-18T11:29:35","guid":{"rendered":"http:\/\/agora.xtec.cat\/iemanresa\/?page_id=28"},"modified":"2026-01-08T10:27:43","modified_gmt":"2026-01-08T09:27:43","slug":"consell-escolar","status":"publish","type":"page","link":"https:\/\/agora.xtec.cat\/iemanresa\/lescola\/consell-escolar\/","title":{"rendered":"Consell escolar"},"content":{"rendered":"<p style=\"color: #444444;\"><span style=\"font-family: arial, helvetica, sans-serif;\">Els membres del Consell Escolar de l\u2019Institut Escola Manresa s\u00f3n:<\/span><\/p>\n<p style=\"color: #444444;\"><span style=\"font-family: arial, helvetica, sans-serif;\">\u25cb <strong>Membres nats:<\/strong> Toni Masseg\u00fa i Calveras, Gerard Barb\u00e9 Clotet, Ferran Badia Teixid\u00f3, Miquel Ferrer Freixes i Pol Huguet Estrada (Representant de l\u2019Ajuntament)<\/span><br \/>\n<span style=\"font-family: arial, helvetica, sans-serif;\">\u25cb <strong>Sector Professorat:<\/strong> Dolors Lacruz Bonet, Sandra Lanza Pujol, Carlota Momin\u00f3 Mendoza, Maria Mas Sarr\u00f3, <\/span><span style=\"font-family: arial, helvetica, sans-serif;\">Joel Basullas Berenguer i Virginia Palomo Merchan.<\/span><br \/>\n<span style=\"font-family: arial, helvetica, sans-serif;\">\u25cb <strong>Sector PAS\/PAE:<\/strong> M\u00f2nica Lorenzo Garcia (PAS), M\u00f3nica Garcia Guerra (PAE).<\/span><br \/>\n<span style=\"font-family: arial, helvetica, sans-serif;\">\u25cb <strong>Sector fam\u00edlies:<\/strong> Cristina Mart\u00ednez Rodr\u00edguez, Irene Tort corts, Gemma Comellas Munuera i Sergi Lebedev <\/span><span style=\"font-family: arial, helvetica, sans-serif;\">(Representant de l&#8217;AFA).<\/span><br \/>\n<span style=\"font-family: arial, helvetica, sans-serif;\">\u25cb <strong>Sector alumnes:<\/strong> Maria Romero S\u00e1nchez, Miquel Devesa Gubia.<\/span><\/p>\n","protected":false},"excerpt":{"rendered":"<p>Els membres del Consell Escolar de l\u2019Institut Escola Manresa s\u00f3n:<br \/>\n\u25cb Membres nats: Toni Masseg\u00fa i Calveras, Gerard Barb\u00e9 Clotet, Ferran Badia Teixid\u00f3, Miquel Ferrer Freixes i Pol Huguet Estrada (Representant de l\u2019Ajuntament)<br \/>\n\u25cb Sector Professorat: Dolors Lacruz Bonet, Sandra Lanza Pujol, Carlota Momin\u00f3 Mendoza, Maria Mas&hellip;  <a href=\"https:\/\/agora.xtec.cat\/iemanresa\/lescola\/consell-escolar\/\" title=\"Read Consell escolar\">Llegeix m\u00e9s\u00bb<\/a><\/p>\n","protected":false},"author":1,"featured_media":0,"parent":22,"menu_order":30,"comment_status":"closed","ping_status":"closed","template":"page-templates\/side-menu.php","meta":{"_bbp_topic_count":0,"_bbp_reply_count":0,"_bbp_total_topic_count":0,"_bbp_total_reply_count":0,"_bbp_voice_count":0,"_bbp_anonymous_reply_count":0,"_bbp_topic_count_hidden":0,"_bbp_reply_count_hidden":0,"_bbp_forum_subforum_count":0,"footnotes":""},"class_list":["post-28","page","type-page","status-publish","hentry"],"post_mailing_queue_ids":[],"_links":{"self":[{"href":"https:\/\/agora.xtec.cat\/iemanresa\/wp-json\/wp\/v2\/pages\/28","targetHints":{"allow":["GET"]}}],"collection":[{"href":"https:\/\/agora.xtec.cat\/iemanresa\/wp-json\/wp\/v2\/pages"}],"about":[{"href":"https:\/\/agora.xtec.cat\/iemanresa\/wp-json\/wp\/v2\/types\/page"}],"author":[{"embeddable":true,"href":"https:\/\/agora.xtec.cat\/iemanresa\/wp-json\/wp\/v2\/users\/1"}],"replies":[{"embeddable":true,"href":"https:\/\/agora.xtec.cat\/iemanresa\/wp-json\/wp\/v2\/comments?post=28"}],"version-history":[{"count":6,"href":"https:\/\/agora.xtec.cat\/iemanresa\/wp-json\/wp\/v2\/pages\/28\/revisions"}],"predecessor-version":[{"id":3398,"href":"https:\/\/agora.xtec.cat\/iemanresa\/wp-json\/wp\/v2\/pages\/28\/revisions\/3398"}],"up":[{"embeddable":true,"href":"https:\/\/agora.xtec.cat\/iemanresa\/wp-json\/wp\/v2\/pages\/22"}],"wp:attachment":[{"href":"https:\/\/agora.xtec.cat\/iemanresa\/wp-json\/wp\/v2\/media?parent=28"}],"curies":[{"name":"wp","href":"https:\/\/api.w.org\/{rel}","templated":true}]}}