{"id":24,"date":"2014-09-18T12:23:15","date_gmt":"2014-09-18T11:23:15","guid":{"rendered":"http:\/\/agora.xtec.cat\/iemanresa\/?page_id=24"},"modified":"2024-02-26T15:42:03","modified_gmt":"2024-02-26T14:42:03","slug":"on-som","status":"publish","type":"page","link":"https:\/\/agora.xtec.cat\/iemanresa\/lescola\/on-som\/","title":{"rendered":"On som"},"content":{"rendered":"<p style=\"color: #666666;\"><strong>Institut Escola Manresa<\/strong><br \/>\n<span class=\"color_15 wixui-rich-text__text\">Muralla de Sant Francesc, 39<\/span><br \/>\n<span class=\"color_15 wixui-rich-text__text\">08241 Manresa, Barcelona<\/span><\/p>\n<p><span style=\"font-family: inherit; font-size: 1em;\">Tel. <\/span><span style=\"font-family: inherit; font-size: 1em;\">938 75 41 78 <\/span><\/p>\n<p><a class=\"wixui-rich-text__text\" style=\"font-family: inherit; font-size: 1em;\" href=\"mailto:a8078324@xtec.cat\" data-auto-recognition=\"true\">iemanresa<span class=\"atwho-query\">@xtec.cat<\/span><\/a><\/p>\n<p><iframe loading=\"lazy\" style=\"border: 0;\" src=\"https:\/\/www.google.com\/maps\/embed?pb=!1m18!1m12!1m3!1d23823.385851812993!2d1.8039462997870328!3d41.72217537516169!2m3!1f0!2f0!3f0!3m2!1i1024!2i768!4f13.1!3m3!1m2!1s0x12a4586df6b68a4b%3A0x575f5c2823383255!2sInstitut%20Escola%20Manresa!5e0!3m2!1sca!2ses!4v1708944577656!5m2!1sca!2ses\" width=\"600\" height=\"450\" allowfullscreen=\"allowfullscreen\"><\/iframe><\/p>\n<p><strong>Com arribar-hi?<\/strong><\/p>\n<p>Parada de bus davant l\u2019escola: l\u00ednia L4 i L5.<br class=\"wixui-rich-text__text\" \/>Parada a prop de l\u2019escola (C. Guimer\u00e0): l\u00ednia L8 i resta de l\u00ednies urbanes de Manresa.<\/p>\n","protected":false},"excerpt":{"rendered":"<p>Institut Escola Manresa<br \/>\nMuralla de Sant Francesc, 39<br \/>\n08241 Manresa, Barcelona<br \/>\nTel. 938 75 41 78<br \/>\n<a class=\"wixui-rich-text__text\" style=\"font-family: inherit; font-size: 1em;\" href=\"mailto:a8078324@xtec.cat\" data-auto-recognition=\"true\">iemanresa@xtec.cat<\/a><\/p>\n<p>Com arribar-hi?<br \/>\nParada de bus davant l\u2019escola: l\u00ednia L4 i L5.Parada a prop de l\u2019escola (C. Guimer\u00e0): l\u00ednia L8 i resta de l\u00ednies urbanes de Manresa.<\/p>\n","protected":false},"author":1,"featured_media":0,"parent":22,"menu_order":10,"comment_status":"closed","ping_status":"closed","template":"page-templates\/side-menu.php","meta":{"_bbp_topic_count":0,"_bbp_reply_count":0,"_bbp_total_topic_count":0,"_bbp_total_reply_count":0,"_bbp_voice_count":0,"_bbp_anonymous_reply_count":0,"_bbp_topic_count_hidden":0,"_bbp_reply_count_hidden":0,"_bbp_forum_subforum_count":0,"footnotes":""},"class_list":["post-24","page","type-page","status-publish","hentry"],"post_mailing_queue_ids":[],"_links":{"self":[{"href":"https:\/\/agora.xtec.cat\/iemanresa\/wp-json\/wp\/v2\/pages\/24","targetHints":{"allow":["GET"]}}],"collection":[{"href":"https:\/\/agora.xtec.cat\/iemanresa\/wp-json\/wp\/v2\/pages"}],"about":[{"href":"https:\/\/agora.xtec.cat\/iemanresa\/wp-json\/wp\/v2\/types\/page"}],"author":[{"embeddable":true,"href":"https:\/\/agora.xtec.cat\/iemanresa\/wp-json\/wp\/v2\/users\/1"}],"replies":[{"embeddable":true,"href":"https:\/\/agora.xtec.cat\/iemanresa\/wp-json\/wp\/v2\/comments?post=24"}],"version-history":[{"count":6,"href":"https:\/\/agora.xtec.cat\/iemanresa\/wp-json\/wp\/v2\/pages\/24\/revisions"}],"predecessor-version":[{"id":570,"href":"https:\/\/agora.xtec.cat\/iemanresa\/wp-json\/wp\/v2\/pages\/24\/revisions\/570"}],"up":[{"embeddable":true,"href":"https:\/\/agora.xtec.cat\/iemanresa\/wp-json\/wp\/v2\/pages\/22"}],"wp:attachment":[{"href":"https:\/\/agora.xtec.cat\/iemanresa\/wp-json\/wp\/v2\/media?parent=24"}],"curies":[{"name":"wp","href":"https:\/\/api.w.org\/{rel}","templated":true}]}}