{"id":1794,"date":"2024-12-03T17:07:02","date_gmt":"2024-12-03T16:07:02","guid":{"rendered":"https:\/\/agora.xtec.cat\/iemanresa\/?page_id=1794"},"modified":"2025-02-05T18:50:57","modified_gmt":"2025-02-05T17:50:57","slug":"ambits","status":"publish","type":"page","link":"https:\/\/agora.xtec.cat\/iemanresa\/oferta-educativa\/eso\/ambits\/","title":{"rendered":"\u00c0mbits"},"content":{"rendered":"<p><span style=\"font-family: 'arial black', sans-serif; font-size: 20px; color: #b017b0;\">\u00c0mbit ling\u00fc\u00edstic<\/span><\/p>\n<p lang=\"ca-ES\" align=\"left\"><span style=\"color: #b017b0; font-size: 16px; font-family: arial, helvetica, sans-serif;\">Lectura<\/span><\/p>\n<p lang=\"ca-ES\" align=\"left\"><span style=\"color: #111111; font-size: 16px; font-family: arial, helvetica, sans-serif;\">L\u2019objectiu \u00e9s fomentar el gust per la lectura a partir de la lectura guiada i l\u2019aut\u00f2noma. La intenci\u00f3 \u00e9s acompanyar l\u2019alumnat perqu\u00e8 ell mateix cre\u00ef el seu propi itinerari literari i cultural.<\/span><\/p>\n<p lang=\"ca-ES\" align=\"left\"><span style=\"color: #a1467e;\"><span style=\"font-family: Calibri, sans-serif;\"><span style=\"font-size: small;\"><span style=\"color: #b017b0; font-size: 16px; font-family: arial, helvetica, sans-serif;\">Exposicions orals en catal\u00e0, castell\u00e0, angl\u00e8s i franc\u00e8s<\/span><b> <\/b><\/span><\/span><\/span><\/p>\n<p lang=\"ca-ES\" align=\"left\"><span style=\"color: #111111; font-size: 16px; font-family: arial, helvetica, sans-serif;\">Les exposicions orals en diferents idiomes milloren les habilitats comunicatives i augmenten la confian\u00e7a de l\u2019alumnat a l\u2019hora de presentar-se davant d\u2019un p\u00fablic.<\/span><\/p>\n<p lang=\"ca-ES\" align=\"left\"><span style=\"color: #b017b0; font-size: 16px; font-family: arial, helvetica, sans-serif;\">Angl\u00e8s<\/span><\/p>\n<p lang=\"ca-ES\" align=\"left\"><span style=\"color: #111111; font-family: arial, helvetica, sans-serif; font-size: 16px;\">L\u2019estudi de l\u2019angl\u00e8s \u00e9s fonamental per obrir portes a oportunitats globals, millorar les habilitats de comunicaci\u00f3 i preparar els\/les estudiants per a un m\u00f3n cada cop m\u00e9s interconnectat.<\/span><\/p>\n<p lang=\"ca-ES\" align=\"left\"><span style=\"color: #b017b0; font-family: arial, helvetica, sans-serif; font-size: 16px;\">Franc\u00e8s<\/span><\/p>\n<p lang=\"ca-ES\" align=\"left\"><span style=\"color: #111111; font-size: 16px; font-family: arial, helvetica, sans-serif;\">L&#8217;estudi d&#8217;una segona llengua estrangera \u00e9s tamb\u00e9 essencial per a la comunicaci\u00f3 global, l&#8217;enriquiment personal i les oportunitats laborals i educatives.<\/span><\/p>\n<p lang=\"ca-ES\" align=\"left\"><span style=\"color: #b017b0; font-size: 16px; font-family: arial, helvetica, sans-serif;\">Participaci\u00f3 en concursos literaris i celebraci\u00f3 del Dia de les Lletres<\/span><\/p>\n<p lang=\"ca-ES\" align=\"left\"><span style=\"color: #111111; font-family: arial, helvetica, sans-serif; font-size: 16px;\">Per fomentar la creativitat, el gust per la lectura, la literatura i la llengua pr\u00f2pia.<\/span><\/p>\n<p lang=\"ca-ES\" align=\"left\"><span style=\"color: #111111; font-family: arial, helvetica, sans-serif; font-size: 16px;\">\u21d2 Certamen de lectura en veu alta<\/span><\/p>\n<p lang=\"ca-ES\" align=\"left\"><span style=\"color: #111111; font-family: arial, helvetica, sans-serif; font-size: 16px;\">\u21d2 Concurs literari Coca-Cola<\/span><\/p>\n<p lang=\"ca-ES\" align=\"left\"><span style=\"color: #111111; font-family: arial, helvetica, sans-serif; font-size: 16px;\">\u21d2 Picalletres<\/span><\/p>\n<p lang=\"ca-ES\" align=\"left\"><span style=\"color: #111111; font-family: arial, helvetica, sans-serif; font-size: 16px;\">\u21d2 Ficcions<\/span><\/p>\n<p lang=\"ca-ES\" align=\"left\"><span style=\"color: #111111; font-family: arial, helvetica, sans-serif; font-size: 16px;\">\u21d2 Certamen literari en lleng\u00fces d\u2019origen<\/span><\/p>\n<p lang=\"ca-ES\" align=\"left\"><span style=\"color: #111111; font-family: arial, helvetica, sans-serif; font-size: 16px;\">\u21d2 Jo tinc la paraula<\/span><\/p>\n<p lang=\"ca-ES\" align=\"left\"><img loading=\"lazy\" decoding=\"async\" class=\"wp-image-1238 aligncenter\" src=\"https:\/\/agora.xtec.cat\/iemanresa\/wp-content\/uploads\/usu3023\/2024\/10\/Captura-41.jpg\" alt=\"\" width=\"320\" height=\"231\" srcset=\"https:\/\/agora.xtec.cat\/iemanresa\/wp-content\/uploads\/usu3023\/2024\/10\/Captura-41.jpg 337w, https:\/\/agora.xtec.cat\/iemanresa\/wp-content\/uploads\/usu3023\/2024\/10\/Captura-41-300x216.jpg 300w\" sizes=\"auto, (max-width: 320px) 100vw, 320px\" \/><\/p>\n<p lang=\"ca-ES\" align=\"left\"><span style=\"color: #b017b0; font-size: 16px; font-family: arial, helvetica, sans-serif;\">Estades a l\u2019estranger<\/span><b> <\/b><\/p>\n<p lang=\"ca-ES\" style=\"text-align: left;\" align=\"left\"><span style=\"color: #111111; font-size: 16px; font-family: arial, helvetica, sans-serif;\">Aquestes estades ofereixen una oportunitat \u00fanica per ampliar horitzons, millorar les habilitats ling\u00fc\u00edstiques en angl\u00e8s i franc\u00e8s de l\u2019alumnat i immergir-los en noves cultures.<\/span><\/p>\n<p lang=\"ca-ES\" align=\"left\"><img loading=\"lazy\" decoding=\"async\" class=\"wp-image-1239 alignnone\" src=\"https:\/\/agora.xtec.cat\/iemanresa\/wp-content\/uploads\/usu3023\/2024\/10\/Captura-42.jpg\" alt=\"\" width=\"328\" height=\"193\" srcset=\"https:\/\/agora.xtec.cat\/iemanresa\/wp-content\/uploads\/usu3023\/2024\/10\/Captura-42.jpg 310w, https:\/\/agora.xtec.cat\/iemanresa\/wp-content\/uploads\/usu3023\/2024\/10\/Captura-42-300x176.jpg 300w\" sizes=\"auto, (max-width: 328px) 100vw, 328px\" \/>\u00a0 \u00a0 <img loading=\"lazy\" decoding=\"async\" class=\"wp-image-1240 alignnone\" src=\"https:\/\/agora.xtec.cat\/iemanresa\/wp-content\/uploads\/usu3023\/2024\/10\/Captura-43.jpg\" alt=\"\" width=\"407\" height=\"189\" srcset=\"https:\/\/agora.xtec.cat\/iemanresa\/wp-content\/uploads\/usu3023\/2024\/10\/Captura-43.jpg 366w, https:\/\/agora.xtec.cat\/iemanresa\/wp-content\/uploads\/usu3023\/2024\/10\/Captura-43-300x139.jpg 300w\" sizes=\"auto, (max-width: 407px) 100vw, 407px\" \/><\/p>\n<p lang=\"ca-ES\" align=\"left\"><span style=\"color: #111111;\"><span style=\"font-family: Calibri, sans-serif;\"><span style=\"font-size: small;\"><span style=\"color: #b017b0; font-size: 16px; font-family: arial, helvetica, sans-serif;\">Diploma dual 2n cicle d\u2019ESO i 1r Batxillerat<\/span><b> <\/b><\/span><\/span><\/span><\/p>\n<p lang=\"ca-ES\" align=\"left\"><span style=\"color: #111111; font-size: 16px; font-family: arial, helvetica, sans-serif;\">Creat i desenvolupat per l\u2019Academica Corporation. \u00c9s el programa oficial de convalidaci\u00f3 internacional de t\u00edtols de batxillerat que permet obtenir al mateix temps l\u2019American High School Diploma, de manera que l\u2019alumnat assoleix la mateixa titulaci\u00f3 que els estudiants dels Estats Units en finalitzar la High School (escolaritzaci\u00f3 americana).<\/span><\/p>\n<p lang=\"ca-ES\" align=\"left\"><span style=\"font-family: 'arial black', sans-serif; font-size: 20px; color: #b017b0;\">\u00c0mbit matem\u00e0tic<\/span><\/p>\n<p lang=\"ca-ES\" align=\"left\"><span style=\"color: #111111; font-size: 16px; font-family: arial, helvetica, sans-serif;\">Les compet\u00e8ncies de l\u2019\u00e0mbit matem\u00e0tic es treballen a partir del desenvolupament de les habilitats de raonament l\u00f2gic, resoluci\u00f3 de problemes i pensament cr\u00edtic dels estudiants. <\/span><\/p>\n<p lang=\"ca-ES\" align=\"left\"><span style=\"color: #b017b0; font-size: 16px; font-family: arial, helvetica, sans-serif;\">Participaci\u00f3 en concursos i tallers<\/span><b> <\/b><\/p>\n<p lang=\"ca-ES\" align=\"left\"><span style=\"color: #111111; font-size: 16px; font-family: arial, helvetica, sans-serif;\">\u21d2 La Copa Cangur\u00a0<\/span><\/p>\n<p lang=\"ca-ES\" align=\"left\"><span style=\"color: #111111; font-size: 16px; font-family: arial, helvetica, sans-serif;\">\u21d2 Proves Cangur<\/span><\/p>\n<p lang=\"ca-ES\" align=\"left\"><span style=\"color: #111111; font-size: 16px; font-family: arial, helvetica, sans-serif;\">\u21d2 Gimcana matem\u00e0tica<\/span><\/p>\n<p lang=\"ca-ES\" align=\"left\"><span style=\"font-size: 16px; font-family: arial, helvetica, sans-serif;\"><span style=\"color: #111111;\"><span style=\"color: #111111; font-family: arial, helvetica, sans-serif; font-size: 16px;\">\u21d2<\/span> Tallers d\u2019Educaci\u00f3 Financera i Masterborsa <\/span><span style=\"color: #111111;\">a ESO4<\/span><\/span><\/p>\n<p lang=\"ca-ES\" align=\"left\"><img loading=\"lazy\" decoding=\"async\" class=\" wp-image-1242 aligncenter\" src=\"https:\/\/agora.xtec.cat\/iemanresa\/wp-content\/uploads\/usu3023\/2024\/10\/Captura-44.jpg\" alt=\"\" width=\"251\" height=\"329\" srcset=\"https:\/\/agora.xtec.cat\/iemanresa\/wp-content\/uploads\/usu3023\/2024\/10\/Captura-44.jpg 359w, https:\/\/agora.xtec.cat\/iemanresa\/wp-content\/uploads\/usu3023\/2024\/10\/Captura-44-229x300.jpg 229w\" sizes=\"auto, (max-width: 251px) 100vw, 251px\" \/><\/p>\n<p lang=\"ca-ES\" align=\"left\"><span style=\"font-family: 'arial black', sans-serif; font-size: 20px; color: #b017b0;\">\u00c0mbit cientificotecnol\u00f2gic<\/span><\/p>\n<p lang=\"ca-ES\" align=\"left\"><span style=\"color: #111111; font-size: 16px; font-family: arial, helvetica, sans-serif;\">Les activitats a partir de situacions d\u2019aprenentatge proporcionen a l\u2019alumnat experi\u00e8ncies pr\u00e0ctiques i significatives que fomenten la seva curiositat. No nom\u00e9s adquireixen coneixements, sin\u00f3 que tamb\u00e9 aprenen a aplicar-los en diferents contextos reals i propers al seu entorn.\u00a0<\/span><\/p>\n<p lang=\"ca-ES\" align=\"left\"><span style=\"color: #000000; font-size: 16px; font-family: arial, helvetica, sans-serif;\"> <span style=\"font-size: 16px; font-family: arial, helvetica, sans-serif;\"><span style=\"color: #111111;\"><span style=\"color: #111111; font-family: arial, helvetica, sans-serif; font-size: 16px;\">\u21d2<\/span><\/span><\/span>\u00a0Hort ecol\u00f2gic a l\u2019escola<\/span><\/p>\n<p lang=\"ca-ES\" align=\"left\"><span style=\"color: #000000; font-size: 16px; font-family: arial, helvetica, sans-serif;\"><span style=\"font-size: 16px; font-family: arial, helvetica, sans-serif;\"><span style=\"color: #111111;\"><span style=\"color: #111111; font-family: arial, helvetica, sans-serif; font-size: 16px;\">\u21d2<\/span><\/span><\/span>\u00a0Taller \/ Laboratori<\/span><\/p>\n<p lang=\"ca-ES\" align=\"left\"><span style=\"color: #0d0d0d; font-size: 16px; font-family: arial, helvetica, sans-serif;\"><span style=\"font-size: 16px; font-family: arial, helvetica, sans-serif;\"><span style=\"color: #111111;\"><span style=\"color: #111111; font-family: arial, helvetica, sans-serif; font-size: 16px;\">\u21d2<\/span><\/span><\/span>\u00a0Rob\u00f2tica<\/span><\/p>\n<p align=\"left\"><span style=\"font-size: 16px; font-family: arial, helvetica, sans-serif;\"><span style=\"color: #000000;\"><span lang=\"ca-ES\"><span style=\"color: #111111;\"><span style=\"color: #111111; font-family: arial, helvetica, sans-serif; font-size: 16px;\">\u21d2<\/span><\/span>\u00a0Jornada de salu<\/span><\/span><span style=\"color: #0d0d0d;\"><span lang=\"ca-ES\">t<\/span><\/span><\/span><\/p>\n<p align=\"left\">\u00a0 \u00a0 \u00a0 \u00a0 \u00a0 \u00a0 \u00a0 \u00a0<img loading=\"lazy\" decoding=\"async\" class=\"wp-image-1244 alignnone\" src=\"https:\/\/agora.xtec.cat\/iemanresa\/wp-content\/uploads\/usu3023\/2024\/10\/Captura-45.jpg\" alt=\"\" width=\"277\" height=\"245\" srcset=\"https:\/\/agora.xtec.cat\/iemanresa\/wp-content\/uploads\/usu3023\/2024\/10\/Captura-45.jpg 358w, https:\/\/agora.xtec.cat\/iemanresa\/wp-content\/uploads\/usu3023\/2024\/10\/Captura-45-300x265.jpg 300w\" sizes=\"auto, (max-width: 277px) 100vw, 277px\" \/>\u00a0 \u00a0 \u00a0 \u00a0 \u00a0 \u00a0 \u00a0 \u00a0 \u00a0 \u00a0 \u00a0 \u00a0 \u00a0 \u00a0 \u00a0 \u00a0 \u00a0<img loading=\"lazy\" decoding=\"async\" class=\"wp-image-1245 alignnone\" src=\"https:\/\/agora.xtec.cat\/iemanresa\/wp-content\/uploads\/usu3023\/2024\/10\/Captura-46.jpg\" alt=\"\" width=\"244\" height=\"240\" srcset=\"https:\/\/agora.xtec.cat\/iemanresa\/wp-content\/uploads\/usu3023\/2024\/10\/Captura-46.jpg 325w, https:\/\/agora.xtec.cat\/iemanresa\/wp-content\/uploads\/usu3023\/2024\/10\/Captura-46-300x295.jpg 300w\" sizes=\"auto, (max-width: 244px) 100vw, 244px\" \/><\/p>\n<p>&nbsp;<\/p>\n<p align=\"left\"><span style=\"font-family: 'arial black', sans-serif; font-size: 20px; color: #b017b0;\">\u00c0mbit social<\/span><\/p>\n<p lang=\"ca-ES\" align=\"left\"><span style=\"font-family: arial, helvetica, sans-serif;\">Des de l&#8217;\u00e0mbit social l&#8217;alumnat apr\u00e8n a entendre i analitzar una realitat cada cop m\u00e9s diversa i canviant, aix\u00ed com comprendre la seva evoluci\u00f3 al llarg del temps. Es pret\u00e9n que l&#8217;alumnat comprengui el m\u00f3n que l&#8217;envolta i adopti una actitud activa i compromesa amb la societat.<\/span><\/p>\n<p lang=\"ca-ES\" align=\"left\"><span style=\"color: #111111; font-size: 16px; font-family: arial, helvetica, sans-serif;\">Els projectes interdisciplinaris com Les Muralles\u00a0<\/span><span style=\"color: #111111; font-size: 16px; font-family: arial, helvetica, sans-serif;\">a ESO1 o la Mem\u00f2ria i la r\u00e0dio a ESO4 apropen l\u2019alumnat a la comprensi\u00f3 de la hist\u00f2ria i la societat. Apr\u00e8n del passat per entendre el present i el futur.<\/span><\/p>\n<p lang=\"ca-ES\" align=\"left\"><span style=\"font-family: 'arial black', sans-serif; font-size: 20px; color: #b017b0;\">\u00c0mbit cultura i valors<\/span><\/p>\n<p lang=\"ca-ES\" align=\"left\"><span style=\"font-weight: 400; font-family: arial, helvetica, sans-serif;\">La mat\u00e8ria t\u00e9 com a objectiu que l\u2019alumnat sigui competent per viure i conviure d\u2019acord amb els valors propis d\u2019una societat democr\u00e0tica, plural i diversa. Que l\u2019alumnat pugui detectar situacions tant de la vida quotidiana, com de contextos m\u00e9s globals, que permetin respondre i actuar des d\u2019una perspectiva de car\u00e0cter \u00e8tic, respectant tamb\u00e9 la perspectiva de g\u00e8nere.<\/span><\/p>\n<p lang=\"ca-ES\" align=\"left\"><span style=\"color: #b017b0; font-size: 20px; font-family: 'arial black', sans-serif;\">\u00c0mbit art\u00edstic<\/span><\/p>\n<p lang=\"ca-ES\" align=\"left\"><span style=\"color: #b017b0; font-size: 16px; font-family: arial, helvetica, sans-serif;\">Educaci\u00f3 visual i pl\u00e0stica<\/span><\/p>\n<p lang=\"ca-ES\" align=\"left\"><span style=\"color: #111111; font-size: 16px; font-family: arial, helvetica, sans-serif;\">Les habilitats art\u00edstiques de l\u2019alumnat es fomenten mitjan\u00e7ant activitats pr\u00e0ctiques. Es proporciona una plataforma per a la creativitat, l&#8217;expressi\u00f3 personal i la comprensi\u00f3 est\u00e8tica.<\/span><\/p>\n<p lang=\"ca-ES\" align=\"left\"><img loading=\"lazy\" decoding=\"async\" class=\"wp-image-1246 aligncenter\" src=\"https:\/\/agora.xtec.cat\/iemanresa\/wp-content\/uploads\/usu3023\/2024\/10\/Captura-47.jpg\" alt=\"\" width=\"247\" height=\"250\" \/><\/p>\n<p lang=\"ca-ES\" align=\"left\"><span style=\"color: #b017b0; font-size: 16px; font-family: arial, helvetica, sans-serif;\">M\u00fasica<\/span><\/p>\n<p lang=\"ca-ES\" align=\"left\"><span style=\"color: #111111; font-size: 16px; font-family: arial, helvetica, sans-serif;\">La pr\u00e0ctica vocal permet que l\u2019alumnat s\u2019apropi a la m\u00fasica com a objecte de coneixement i com a font de sensibilitat i plaer est\u00e8tic. Amb els exercicis de percussi\u00f3 corporal, es fonamenta la coordinaci\u00f3, la sensibilitzaci\u00f3 del cos i el desenvolupament de la capacitat de concentraci\u00f3.<\/span><\/p>\n<p lang=\"ca-ES\" align=\"left\"><img loading=\"lazy\" decoding=\"async\" class=\"wp-image-1247 aligncenter\" src=\"https:\/\/agora.xtec.cat\/iemanresa\/wp-content\/uploads\/usu3023\/2024\/10\/Captura-48.jpg\" alt=\"\" width=\"367\" height=\"253\" \/><\/p>\n<p lang=\"ca-ES\" align=\"left\"><span style=\"font-family: 'arial black', sans-serif; font-size: 20px; color: #b017b0;\">\u00c0mbit d&#8217;Educaci\u00f3 F\u00edsica<\/span><\/p>\n<p lang=\"ca-ES\" align=\"left\"><span style=\"color: #111111; font-size: 16px; font-family: arial, helvetica, sans-serif;\">L\u2019esport fomenta els h\u00e0bits de vida saludable. Des de l\u2019\u00e0mbit d\u2019educaci\u00f3 f\u00edsica s\u2019efectuen diferents disciplines esportives (tant a dins com a fora del centre) per donar-les a con\u00e8ixer i potenciar la seva pr\u00e0ctica.<\/span><\/p>\n<p lang=\"ca-ES\" align=\"left\"><img loading=\"lazy\" decoding=\"async\" class=\"wp-image-1249 aligncenter\" src=\"https:\/\/agora.xtec.cat\/iemanresa\/wp-content\/uploads\/usu3023\/2024\/10\/Captura-49.jpg\" alt=\"\" width=\"645\" height=\"310\" srcset=\"https:\/\/agora.xtec.cat\/iemanresa\/wp-content\/uploads\/usu3023\/2024\/10\/Captura-49.jpg 495w, https:\/\/agora.xtec.cat\/iemanresa\/wp-content\/uploads\/usu3023\/2024\/10\/Captura-49-300x144.jpg 300w\" sizes=\"auto, (max-width: 645px) 100vw, 645px\" \/><\/p>\n<p><!--a=1--><\/p>\n<p><!--a=1--><\/p>\n<p><!--a=1--><\/p>\n","protected":false},"excerpt":{"rendered":"<p>\u00c0mbit ling\u00fc\u00edstic<br \/>\nLectura<br \/>\nL\u2019objectiu \u00e9s fomentar el gust per la lectura a partir de la lectura guiada i l\u2019aut\u00f2noma. La intenci\u00f3 \u00e9s acompanyar l\u2019alumnat perqu\u00e8 ell mateix cre\u00ef el seu propi itinerari literari i cultural.<br \/>\nExposicions orals en catal\u00e0, castell\u00e0, angl\u00e8s i franc\u00e8s<br \/>\nLes exposicions orals en diferents&hellip;  <a href=\"https:\/\/agora.xtec.cat\/iemanresa\/oferta-educativa\/eso\/ambits\/\" title=\"Read \u00c0mbits\">Llegeix m\u00e9s\u00bb<\/a><\/p>\n","protected":false},"author":1,"featured_media":0,"parent":1225,"menu_order":14,"comment_status":"closed","ping_status":"closed","template":"","meta":{"_bbp_topic_count":0,"_bbp_reply_count":0,"_bbp_total_topic_count":0,"_bbp_total_reply_count":0,"_bbp_voice_count":0,"_bbp_anonymous_reply_count":0,"_bbp_topic_count_hidden":0,"_bbp_reply_count_hidden":0,"_bbp_forum_subforum_count":0,"footnotes":""},"class_list":["post-1794","page","type-page","status-publish","hentry"],"post_mailing_queue_ids":[],"_links":{"self":[{"href":"https:\/\/agora.xtec.cat\/iemanresa\/wp-json\/wp\/v2\/pages\/1794","targetHints":{"allow":["GET"]}}],"collection":[{"href":"https:\/\/agora.xtec.cat\/iemanresa\/wp-json\/wp\/v2\/pages"}],"about":[{"href":"https:\/\/agora.xtec.cat\/iemanresa\/wp-json\/wp\/v2\/types\/page"}],"author":[{"embeddable":true,"href":"https:\/\/agora.xtec.cat\/iemanresa\/wp-json\/wp\/v2\/users\/1"}],"replies":[{"embeddable":true,"href":"https:\/\/agora.xtec.cat\/iemanresa\/wp-json\/wp\/v2\/comments?post=1794"}],"version-history":[{"count":6,"href":"https:\/\/agora.xtec.cat\/iemanresa\/wp-json\/wp\/v2\/pages\/1794\/revisions"}],"predecessor-version":[{"id":2080,"href":"https:\/\/agora.xtec.cat\/iemanresa\/wp-json\/wp\/v2\/pages\/1794\/revisions\/2080"}],"up":[{"embeddable":true,"href":"https:\/\/agora.xtec.cat\/iemanresa\/wp-json\/wp\/v2\/pages\/1225"}],"wp:attachment":[{"href":"https:\/\/agora.xtec.cat\/iemanresa\/wp-json\/wp\/v2\/media?parent=1794"}],"curies":[{"name":"wp","href":"https:\/\/api.w.org\/{rel}","templated":true}]}}