{"id":1792,"date":"2024-12-03T17:06:33","date_gmt":"2024-12-03T16:06:33","guid":{"rendered":"https:\/\/agora.xtec.cat\/iemanresa\/?page_id=1792"},"modified":"2025-09-26T14:56:15","modified_gmt":"2025-09-26T12:56:15","slug":"organitzacio","status":"publish","type":"page","link":"https:\/\/agora.xtec.cat\/iemanresa\/oferta-educativa\/eso\/organitzacio\/","title":{"rendered":"Organitzaci\u00f3"},"content":{"rendered":"<p><span style=\"color: #b017b0; font-size: 20px;\"><strong><span style=\"font-family: arial, helvetica, sans-serif;\">Horari lectiu:<\/span><\/strong><\/span><\/p>\n<ul>\n<li class=\"font_8 wixui-rich-text__text\"><span class=\"wixui-rich-text__text\" style=\"font-family: arial, helvetica, sans-serif; font-size: 16px;\">Dilluns, dimarts i dijous de 8:00 a 13:30 h i de 15:00 a 16:45 h.<\/span><\/li>\n<li class=\"font_8 wixui-rich-text__text\"><span class=\"wixui-rich-text__text\" style=\"font-family: arial, helvetica, sans-serif; font-size: 16px;\">Dimecres de 8:00 a 13:30 h.<\/span><\/li>\n<li class=\"font_8 wixui-rich-text__text\"><span class=\"wixui-rich-text__text\" style=\"font-family: arial, helvetica, sans-serif; font-size: 16px;\">Divendres de 8:00 a 13:15 h.<\/span><\/li>\n<\/ul>\n<p><span style=\"color: #111111; font-size: 16px; font-family: arial, helvetica, sans-serif;\">L\u2019etapa d\u2019ESO \u00e9s una franja educativa centrada en dos pilars: l\u2019educaci\u00f3 en valors i la formaci\u00f3 acad\u00e8mica.<\/span><\/p>\n<p><span style=\"color: #111111; font-size: 16px; font-family: arial, helvetica, sans-serif;\">La finalitat \u00e9s proporcionar a l\u2019alumnat les eines que li permetin saber dir, saber fer, saber pensar i saber sentir.<\/span><\/p>\n<p><span style=\"color: #111111; font-size: 16px; font-family: arial, helvetica, sans-serif;\">Per assolir aquest objectiu, partim d\u2019activitats i projectes interdisciplinaris que fomenten el desenvolupament de les compet\u00e8ncies b\u00e0siques, els sabers i els valors humans i individuals.<\/span><\/p>\n<p><!--a=1--><\/p>\n<p><!--a=1--><\/p>\n","protected":false},"excerpt":{"rendered":"<p>Horari lectiu:<\/p>\n<ul>\n<li class=\"font_8 wixui-rich-text__text\">Dilluns, dimarts i dijous de 8:00 a 13:30 h i de 15:00 a 16:45 h.<\/li>\n<li class=\"font_8 wixui-rich-text__text\">Dimecres de 8:00 a 13:30 h.<\/li>\n<li class=\"font_8 wixui-rich-text__text\">Divendres de 8:00 a 13:15 h.<\/li>\n<\/ul>\n<p>L\u2019etapa d\u2019ESO \u00e9s una franja educativa centrada en dos pilars: l\u2019educaci\u00f3 en valors i&hellip;  <a href=\"https:\/\/agora.xtec.cat\/iemanresa\/oferta-educativa\/eso\/organitzacio\/\" title=\"Read Organitzaci\u00f3\">Llegeix m\u00e9s\u00bb<\/a><\/p>\n","protected":false},"author":1,"featured_media":0,"parent":1225,"menu_order":13,"comment_status":"closed","ping_status":"closed","template":"page-templates\/side-menu.php","meta":{"_bbp_topic_count":0,"_bbp_reply_count":0,"_bbp_total_topic_count":0,"_bbp_total_reply_count":0,"_bbp_voice_count":0,"_bbp_anonymous_reply_count":0,"_bbp_topic_count_hidden":0,"_bbp_reply_count_hidden":0,"_bbp_forum_subforum_count":0,"footnotes":""},"class_list":["post-1792","page","type-page","status-publish","hentry"],"post_mailing_queue_ids":[],"_links":{"self":[{"href":"https:\/\/agora.xtec.cat\/iemanresa\/wp-json\/wp\/v2\/pages\/1792","targetHints":{"allow":["GET"]}}],"collection":[{"href":"https:\/\/agora.xtec.cat\/iemanresa\/wp-json\/wp\/v2\/pages"}],"about":[{"href":"https:\/\/agora.xtec.cat\/iemanresa\/wp-json\/wp\/v2\/types\/page"}],"author":[{"embeddable":true,"href":"https:\/\/agora.xtec.cat\/iemanresa\/wp-json\/wp\/v2\/users\/1"}],"replies":[{"embeddable":true,"href":"https:\/\/agora.xtec.cat\/iemanresa\/wp-json\/wp\/v2\/comments?post=1792"}],"version-history":[{"count":6,"href":"https:\/\/agora.xtec.cat\/iemanresa\/wp-json\/wp\/v2\/pages\/1792\/revisions"}],"predecessor-version":[{"id":2903,"href":"https:\/\/agora.xtec.cat\/iemanresa\/wp-json\/wp\/v2\/pages\/1792\/revisions\/2903"}],"up":[{"embeddable":true,"href":"https:\/\/agora.xtec.cat\/iemanresa\/wp-json\/wp\/v2\/pages\/1225"}],"wp:attachment":[{"href":"https:\/\/agora.xtec.cat\/iemanresa\/wp-json\/wp\/v2\/media?parent=1792"}],"curies":[{"name":"wp","href":"https:\/\/api.w.org\/{rel}","templated":true}]}}