{"id":1754,"date":"2024-12-03T13:25:09","date_gmt":"2024-12-03T12:25:09","guid":{"rendered":"https:\/\/agora.xtec.cat\/iemanresa\/?page_id=1754"},"modified":"2026-03-06T15:24:54","modified_gmt":"2026-03-06T14:24:54","slug":"tot-eso","status":"publish","type":"page","link":"https:\/\/agora.xtec.cat\/iemanresa\/serveis\/circulars-eso\/tot-eso\/","title":{"rendered":"Tot ESO"},"content":{"rendered":"<p><a href=\"https:\/\/agora.xtec.cat\/iemanresa\/wp-content\/uploads\/usu3023\/2026\/03\/Port-Aventura-MOTXILLA.pdf\"><span style=\"color: #cf08c8; font-family: arial, helvetica, sans-serif;\"><span style=\"font-size: 20px;\">Sortida a Port Aventura alumnes amb motxilla.<\/span><\/span><\/a><\/p>\n<p><a href=\"https:\/\/agora.xtec.cat\/iemanresa\/wp-content\/uploads\/usu3023\/2026\/03\/Port-Aventura-1r-pagament.pdf\"><span style=\"color: #cf08c8; font-family: arial, helvetica, sans-serif;\"><span style=\"font-size: 20px;\">Sortida a Port Aventura 1r pagament.<\/span><\/span><\/a><\/p>\n<p><a href=\"https:\/\/agora.xtec.cat\/iemanresa\/wp-content\/uploads\/usu3023\/2026\/03\/Circular-Montserrat-2026-2.pdf\"><span style=\"color: #cf08c8; font-family: arial, helvetica, sans-serif;\"><span style=\"font-size: 20px;\">Circular Montserrat 2026.<\/span><\/span><\/a><\/p>\n<p><a href=\"https:\/\/agora.xtec.cat\/iemanresa\/wp-content\/uploads\/usu3023\/2026\/01\/Diptic-2n-intercanvi.pdf\"><span style=\"color: #cf08c8; font-family: arial, helvetica, sans-serif;\"><span style=\"font-size: 20px;\">D\u00edptic activitats intercanvi alumnes alemanys.<\/span><\/span><\/a><\/p>\n<p><a href=\"https:\/\/agora.xtec.cat\/iemanresa\/wp-content\/uploads\/usu3023\/2026\/01\/2n-intercanvi-1.pdf\"><span style=\"color: #cf08c8; font-family: arial, helvetica, sans-serif;\"><span style=\"font-size: 20px;\">Tr\u00edptic informatiu intercanvi alumnes alemanys.<\/span><\/span><\/a><\/p>\n<p><a href=\"https:\/\/agora.xtec.cat\/iemanresa\/wp-content\/uploads\/usu3023\/2026\/01\/Circular-esquiada-2-2026-1.pdf\"><span style=\"color: #cf08c8; font-family: arial, helvetica, sans-serif; font-size: 20px;\">Esquiada ESO reuni\u00f3 i material (2 de febrer)<\/span><\/a><\/p>\n<p><a href=\"https:\/\/agora.xtec.cat\/iemanresa\/wp-content\/uploads\/usu3023\/2026\/01\/Esquiada-ESO-sense-motxilla.pdf\"><span style=\"color: #cf08c8; font-family: arial, helvetica, sans-serif; font-size: 20px;\">Esquiada ESO alumnes sense motxilla (12 i 13 de febrer)<\/span><\/a><\/p>\n<p><a href=\"https:\/\/agora.xtec.cat\/iemanresa\/wp-content\/uploads\/usu3023\/2026\/01\/Esquiada-ESO-sense-motxilla.pdf\"><span style=\"color: #cf08c8; font-family: arial, helvetica, sans-serif; font-size: 20px;\">Esquiada ESO alumnes amb motxilla (12 i 13 de febrer)<\/span><\/a><\/p>\n<p><a href=\"https:\/\/agora.xtec.cat\/iemanresa\/wp-content\/uploads\/usu3023\/2025\/11\/Reunio-presencial-informativa-intercanvi-Alemanya.pdf\"><span style=\"color: #cf08c8; font-family: arial, helvetica, sans-serif; font-size: 20px;\">Reuni\u00f3 informativa &#8211; intercanvi Alemanya (novembre 25)<\/span><\/a><\/p>\n<p><a href=\"https:\/\/agora.xtec.cat\/iemanresa\/wp-content\/uploads\/usu3023\/2025\/11\/Informacio-medica-alumnat-\u2013-Intercanvi-Alemanya.pdf\"><span style=\"color: #cf08c8; font-family: arial, helvetica, sans-serif; font-size: 20px;\">Informaci\u00f3 m\u00e8dica alumnat &#8211; intercanvi Alemanya (novembre 25)<\/span><\/a><\/p>\n<p><a href=\"https:\/\/agora.xtec.cat\/iemanresa\/wp-content\/uploads\/usu3023\/2025\/10\/2a-bestreta-Alemanya-novembre-25.pdf\"><span style=\"font-size: 20px; font-family: arial, helvetica, sans-serif; color: #cf08c8;\">2a bestreta Alemanya sense asseguran\u00e7a (novembre 25)<\/span><\/a><\/p>\n<p><a href=\"https:\/\/agora.xtec.cat\/iemanresa\/wp-content\/uploads\/usu3023\/2025\/10\/2a-bestreta-Alemanya-novembre-25.pdf\"><span style=\"font-size: 20px; font-family: arial, helvetica, sans-serif; color: #cf08c8;\">2a bestreta Alemanya amb asseguran\u00e7a (novembre 25)<\/span><\/a><\/p>\n<p><a href=\"https:\/\/agora.xtec.cat\/iemanresa\/wp-content\/uploads\/usu3023\/2025\/11\/Correu-Intercanvi.pdf\"><span style=\"color: #cf08c8; font-family: arial, helvetica, sans-serif; font-size: 20px;\">Confirmaci\u00f3 de participaci\u00f3 i documentaci\u00f3 intercanvi Alemanya (setembre 25)<\/span><\/a><\/p>\n","protected":false},"excerpt":{"rendered":"<p><a href=\"https:\/\/agora.xtec.cat\/iemanresa\/wp-content\/uploads\/usu3023\/2026\/03\/Port-Aventura-MOTXILLA.pdf\">Sortida a Port Aventura alumnes amb motxilla.<\/a><br \/>\n<a href=\"https:\/\/agora.xtec.cat\/iemanresa\/wp-content\/uploads\/usu3023\/2026\/03\/Port-Aventura-1r-pagament.pdf\">Sortida a Port Aventura 1r pagament.<\/a><br \/>\n<a href=\"https:\/\/agora.xtec.cat\/iemanresa\/wp-content\/uploads\/usu3023\/2026\/03\/Circular-Montserrat-2026-2.pdf\">Circular Montserrat 2026.<\/a><br \/>\n<a href=\"https:\/\/agora.xtec.cat\/iemanresa\/wp-content\/uploads\/usu3023\/2026\/01\/Diptic-2n-intercanvi.pdf\">D\u00edptic activitats intercanvi alumnes alemanys.<\/a><br \/>\n<a href=\"https:\/\/agora.xtec.cat\/iemanresa\/wp-content\/uploads\/usu3023\/2026\/01\/2n-intercanvi-1.pdf\">Tr\u00edptic informatiu intercanvi alumnes alemanys.<\/a><br \/>\n<a href=\"https:\/\/agora.xtec.cat\/iemanresa\/wp-content\/uploads\/usu3023\/2026\/01\/Circular-esquiada-2-2026-1.pdf\">Esquiada ESO reuni\u00f3 i material (2 de febrer)<\/a><br \/>\n<a href=\"https:\/\/agora.xtec.cat\/iemanresa\/wp-content\/uploads\/usu3023\/2026\/01\/Esquiada-ESO-sense-motxilla.pdf\">Esquiada ESO alumnes sense motxilla (12 i 13 de febrer)<\/a><br \/>\n<a&hellip;  <a href=\"https:\/\/agora.xtec.cat\/iemanresa\/serveis\/circulars-eso\/tot-eso\/\" title=\"Read Tot ESO\">Llegeix m\u00e9s\u00bb<\/a><\/p>\n","protected":false},"author":1,"featured_media":0,"parent":1615,"menu_order":31,"comment_status":"closed","ping_status":"closed","template":"page-templates\/side-menu.php","meta":{"_bbp_topic_count":0,"_bbp_reply_count":0,"_bbp_total_topic_count":0,"_bbp_total_reply_count":0,"_bbp_voice_count":0,"_bbp_anonymous_reply_count":0,"_bbp_topic_count_hidden":0,"_bbp_reply_count_hidden":0,"_bbp_forum_subforum_count":0,"footnotes":""},"class_list":["post-1754","page","type-page","status-publish","hentry"],"post_mailing_queue_ids":[],"_links":{"self":[{"href":"https:\/\/agora.xtec.cat\/iemanresa\/wp-json\/wp\/v2\/pages\/1754","targetHints":{"allow":["GET"]}}],"collection":[{"href":"https:\/\/agora.xtec.cat\/iemanresa\/wp-json\/wp\/v2\/pages"}],"about":[{"href":"https:\/\/agora.xtec.cat\/iemanresa\/wp-json\/wp\/v2\/types\/page"}],"author":[{"embeddable":true,"href":"https:\/\/agora.xtec.cat\/iemanresa\/wp-json\/wp\/v2\/users\/1"}],"replies":[{"embeddable":true,"href":"https:\/\/agora.xtec.cat\/iemanresa\/wp-json\/wp\/v2\/comments?post=1754"}],"version-history":[{"count":6,"href":"https:\/\/agora.xtec.cat\/iemanresa\/wp-json\/wp\/v2\/pages\/1754\/revisions"}],"predecessor-version":[{"id":3653,"href":"https:\/\/agora.xtec.cat\/iemanresa\/wp-json\/wp\/v2\/pages\/1754\/revisions\/3653"}],"up":[{"embeddable":true,"href":"https:\/\/agora.xtec.cat\/iemanresa\/wp-json\/wp\/v2\/pages\/1615"}],"wp:attachment":[{"href":"https:\/\/agora.xtec.cat\/iemanresa\/wp-json\/wp\/v2\/media?parent=1754"}],"curies":[{"name":"wp","href":"https:\/\/api.w.org\/{rel}","templated":true}]}}