{"id":1398,"date":"2024-10-31T10:21:05","date_gmt":"2024-10-31T09:21:05","guid":{"rendered":"https:\/\/agora.xtec.cat\/iemanresa\/?page_id=1398"},"modified":"2024-10-31T10:21:05","modified_gmt":"2024-10-31T09:21:05","slug":"projecte-rockin","status":"publish","type":"page","link":"https:\/\/agora.xtec.cat\/iemanresa\/projecte-educatiu\/projecte-rockin\/","title":{"rendered":"Projecte ROCKIN"},"content":{"rendered":"<p><span style=\"font-family: arial, helvetica, sans-serif;\">Revolucionem les classes de m\u00fasica amb el <span style=\"font-family: 'arial black', sans-serif; color: #cf08c8;\">Projecte ROCKIN<\/span>.<\/span><\/p>\n<p><span style=\"font-family: arial, helvetica, sans-serif;\">El nostre alumnat apr\u00e8n a tocar el piano, la bateria, la guitarra el\u00e8ctrica i el baix el\u00e8ctric.<\/span><\/p>\n<div style=\"width: 848px;\" class=\"wp-video\"><!--[if lt IE 9]><script>document.createElement('video');<\/script><![endif]-->\n<video class=\"wp-video-shortcode\" id=\"video-1398-1\" width=\"848\" height=\"480\" loop=\"1\" autoplay=\"1\" preload=\"metadata\" controls=\"controls\"><source type=\"video\/mp4\" src=\"https:\/\/agora.xtec.cat\/iemanresa\/wp-content\/uploads\/usu3023\/2024\/10\/VID-20241030-WA0001-1-1.mp4?_=1\" \/><a href=\"https:\/\/agora.xtec.cat\/iemanresa\/wp-content\/uploads\/usu3023\/2024\/10\/VID-20241030-WA0001-1-1.mp4\">https:\/\/agora.xtec.cat\/iemanresa\/wp-content\/uploads\/usu3023\/2024\/10\/VID-20241030-WA0001-1-1.mp4<\/a><\/video><\/div>\n","protected":false},"excerpt":{"rendered":"<p>Revolucionem les classes de m\u00fasica amb el Projecte ROCKIN.<br \/>\nEl nostre alumnat apr\u00e8n a tocar el piano, la bateria, la guitarra el\u00e8ctrica i el baix el\u00e8ctric.<br \/>\n<a href=\"https:\/\/agora.xtec.cat\/iemanresa\/wp-content\/uploads\/usu3023\/2024\/10\/VID-20241030-WA0001-1-1.mp4\">https:\/\/agora.xtec.cat\/iemanresa\/wp-content\/uploads\/usu3023\/2024\/10\/VID-20241030-WA0001-1-1.mp4<\/a><\/p>\n","protected":false},"author":1,"featured_media":0,"parent":64,"menu_order":35,"comment_status":"closed","ping_status":"closed","template":"","meta":{"_bbp_topic_count":0,"_bbp_reply_count":0,"_bbp_total_topic_count":0,"_bbp_total_reply_count":0,"_bbp_voice_count":0,"_bbp_anonymous_reply_count":0,"_bbp_topic_count_hidden":0,"_bbp_reply_count_hidden":0,"_bbp_forum_subforum_count":0,"footnotes":""},"class_list":["post-1398","page","type-page","status-publish","hentry"],"post_mailing_queue_ids":[],"_links":{"self":[{"href":"https:\/\/agora.xtec.cat\/iemanresa\/wp-json\/wp\/v2\/pages\/1398","targetHints":{"allow":["GET"]}}],"collection":[{"href":"https:\/\/agora.xtec.cat\/iemanresa\/wp-json\/wp\/v2\/pages"}],"about":[{"href":"https:\/\/agora.xtec.cat\/iemanresa\/wp-json\/wp\/v2\/types\/page"}],"author":[{"embeddable":true,"href":"https:\/\/agora.xtec.cat\/iemanresa\/wp-json\/wp\/v2\/users\/1"}],"replies":[{"embeddable":true,"href":"https:\/\/agora.xtec.cat\/iemanresa\/wp-json\/wp\/v2\/comments?post=1398"}],"version-history":[{"count":1,"href":"https:\/\/agora.xtec.cat\/iemanresa\/wp-json\/wp\/v2\/pages\/1398\/revisions"}],"predecessor-version":[{"id":1399,"href":"https:\/\/agora.xtec.cat\/iemanresa\/wp-json\/wp\/v2\/pages\/1398\/revisions\/1399"}],"up":[{"embeddable":true,"href":"https:\/\/agora.xtec.cat\/iemanresa\/wp-json\/wp\/v2\/pages\/64"}],"wp:attachment":[{"href":"https:\/\/agora.xtec.cat\/iemanresa\/wp-json\/wp\/v2\/media?parent=1398"}],"curies":[{"name":"wp","href":"https:\/\/api.w.org\/{rel}","templated":true}]}}