{"id":1319,"date":"2024-10-29T15:16:26","date_gmt":"2024-10-29T14:16:26","guid":{"rendered":"https:\/\/agora.xtec.cat\/iemanresa\/?page_id=1319"},"modified":"2024-10-29T15:16:26","modified_gmt":"2024-10-29T14:16:26","slug":"aprenentatge-i-servei","status":"publish","type":"page","link":"https:\/\/agora.xtec.cat\/iemanresa\/projecte-educatiu\/aprenentatge-i-servei\/","title":{"rendered":"Aprenentatge i Servei"},"content":{"rendered":"<p lang=\"ca-ES\" align=\"justify\"><span style=\"color: #111111; font-size: 16px; font-family: arial, helvetica, sans-serif;\">L&#8217;objectiu del projecte d&#8217;Aprenentatge i Servei \u00e9s integrar l&#8217;aprenentatge acad\u00e8mic amb la realitzaci\u00f3 d\u2019un servei a la comunitat, fomentant tant el desenvolupament personal de l\u2019alumnat com el benefici social.<\/span><\/p>\n<p lang=\"ca-ES\" align=\"justify\"><img loading=\"lazy\" decoding=\"async\" class=\"alignnone  wp-image-1320\" src=\"https:\/\/agora.xtec.cat\/iemanresa\/wp-content\/uploads\/usu3023\/2024\/10\/Captura-71.jpg\" alt=\"\" width=\"574\" height=\"357\" srcset=\"https:\/\/agora.xtec.cat\/iemanresa\/wp-content\/uploads\/usu3023\/2024\/10\/Captura-71.jpg 452w, https:\/\/agora.xtec.cat\/iemanresa\/wp-content\/uploads\/usu3023\/2024\/10\/Captura-71-300x187.jpg 300w\" sizes=\"auto, (max-width: 574px) 100vw, 574px\" \/><\/p>\n","protected":false},"excerpt":{"rendered":"<p>L&#8217;objectiu del projecte d&#8217;Aprenentatge i Servei \u00e9s integrar l&#8217;aprenentatge acad\u00e8mic amb la realitzaci\u00f3 d\u2019un servei a la comunitat, fomentant tant el desenvolupament personal de l\u2019alumnat com el benefici social.<\/p>\n","protected":false},"author":1,"featured_media":0,"parent":64,"menu_order":32,"comment_status":"closed","ping_status":"closed","template":"","meta":{"_bbp_topic_count":0,"_bbp_reply_count":0,"_bbp_total_topic_count":0,"_bbp_total_reply_count":0,"_bbp_voice_count":0,"_bbp_anonymous_reply_count":0,"_bbp_topic_count_hidden":0,"_bbp_reply_count_hidden":0,"_bbp_forum_subforum_count":0,"footnotes":""},"class_list":["post-1319","page","type-page","status-publish","hentry"],"post_mailing_queue_ids":[],"_links":{"self":[{"href":"https:\/\/agora.xtec.cat\/iemanresa\/wp-json\/wp\/v2\/pages\/1319","targetHints":{"allow":["GET"]}}],"collection":[{"href":"https:\/\/agora.xtec.cat\/iemanresa\/wp-json\/wp\/v2\/pages"}],"about":[{"href":"https:\/\/agora.xtec.cat\/iemanresa\/wp-json\/wp\/v2\/types\/page"}],"author":[{"embeddable":true,"href":"https:\/\/agora.xtec.cat\/iemanresa\/wp-json\/wp\/v2\/users\/1"}],"replies":[{"embeddable":true,"href":"https:\/\/agora.xtec.cat\/iemanresa\/wp-json\/wp\/v2\/comments?post=1319"}],"version-history":[{"count":1,"href":"https:\/\/agora.xtec.cat\/iemanresa\/wp-json\/wp\/v2\/pages\/1319\/revisions"}],"predecessor-version":[{"id":1321,"href":"https:\/\/agora.xtec.cat\/iemanresa\/wp-json\/wp\/v2\/pages\/1319\/revisions\/1321"}],"up":[{"embeddable":true,"href":"https:\/\/agora.xtec.cat\/iemanresa\/wp-json\/wp\/v2\/pages\/64"}],"wp:attachment":[{"href":"https:\/\/agora.xtec.cat\/iemanresa\/wp-json\/wp\/v2\/media?parent=1319"}],"curies":[{"name":"wp","href":"https:\/\/api.w.org\/{rel}","templated":true}]}}