{"id":1309,"date":"2024-10-29T15:06:41","date_gmt":"2024-10-29T14:06:41","guid":{"rendered":"https:\/\/agora.xtec.cat\/iemanresa\/?page_id=1309"},"modified":"2024-10-29T15:06:41","modified_gmt":"2024-10-29T14:06:41","slug":"projecte-esfera-12-16-a-eso","status":"publish","type":"page","link":"https:\/\/agora.xtec.cat\/iemanresa\/projecte-educatiu\/projecte-esfera-12-16-a-eso\/","title":{"rendered":"Projecte Esfera 12-16 (a ESO)"},"content":{"rendered":"<p class=\"western\" lang=\"ca-ES\" align=\"left\"><span style=\"color: #111111; font-size: 16px; font-family: arial, helvetica, sans-serif;\">El Projecte de secund\u00e0ria es basa en aprenentatges vivencials i significatius. L\u2019alumnat \u00e9s el centre del seu propi proc\u00e9s educatiu i \u00e9s el responsable de la seva evoluci\u00f3 acad\u00e8mica i personal.<\/span><\/p>\n<p class=\"western\" lang=\"ca-ES\" align=\"left\"><span style=\"color: #111111; font-size: 16px; font-family: arial, helvetica, sans-serif;\">L\u2019aprenentatge competencial, el treball en equip, la creativitat, la comunicaci\u00f3, l\u2019autonomia i el pensament cr\u00edtic s\u00f3n la clau de volta d\u2019aquest ideari.<\/span><\/p>\n<p class=\"western\" lang=\"ca-ES\" align=\"left\"><span style=\"color: #111111; font-size: 16px; font-family: arial, helvetica, sans-serif;\">Les tutories individuals i l\u2019educaci\u00f3 emocional faciliten el treball d\u2019acompanyament dels\/de les adolescents i permeten treballar l\u2019empatia i el desenvolupament personal.<\/span><\/p>\n<p lang=\"ca-ES\" align=\"left\"><img loading=\"lazy\" decoding=\"async\" class=\"alignnone  wp-image-1310\" src=\"https:\/\/agora.xtec.cat\/iemanresa\/wp-content\/uploads\/usu3023\/2024\/10\/Captura-67.jpg\" alt=\"\" width=\"650\" height=\"482\" srcset=\"https:\/\/agora.xtec.cat\/iemanresa\/wp-content\/uploads\/usu3023\/2024\/10\/Captura-67.jpg 472w, https:\/\/agora.xtec.cat\/iemanresa\/wp-content\/uploads\/usu3023\/2024\/10\/Captura-67-300x222.jpg 300w\" sizes=\"auto, (max-width: 650px) 100vw, 650px\" \/><\/p>\n","protected":false},"excerpt":{"rendered":"<p>El Projecte de secund\u00e0ria es basa en aprenentatges vivencials i significatius. L\u2019alumnat \u00e9s el centre del seu propi proc\u00e9s educatiu i \u00e9s el responsable de la seva evoluci\u00f3 acad\u00e8mica i personal.<br \/>\nL\u2019aprenentatge competencial, el treball en equip, la creativitat, la comunicaci\u00f3, l\u2019autonomia i el pensament cr\u00edtic&hellip;  <a href=\"https:\/\/agora.xtec.cat\/iemanresa\/projecte-educatiu\/projecte-esfera-12-16-a-eso\/\" title=\"Read Projecte Esfera 12-16 (a ESO)\">Llegeix m\u00e9s\u00bb<\/a><\/p>\n","protected":false},"author":1,"featured_media":0,"parent":64,"menu_order":30,"comment_status":"closed","ping_status":"closed","template":"","meta":{"_bbp_topic_count":0,"_bbp_reply_count":0,"_bbp_total_topic_count":0,"_bbp_total_reply_count":0,"_bbp_voice_count":0,"_bbp_anonymous_reply_count":0,"_bbp_topic_count_hidden":0,"_bbp_reply_count_hidden":0,"_bbp_forum_subforum_count":0,"footnotes":""},"class_list":["post-1309","page","type-page","status-publish","hentry"],"post_mailing_queue_ids":[],"_links":{"self":[{"href":"https:\/\/agora.xtec.cat\/iemanresa\/wp-json\/wp\/v2\/pages\/1309","targetHints":{"allow":["GET"]}}],"collection":[{"href":"https:\/\/agora.xtec.cat\/iemanresa\/wp-json\/wp\/v2\/pages"}],"about":[{"href":"https:\/\/agora.xtec.cat\/iemanresa\/wp-json\/wp\/v2\/types\/page"}],"author":[{"embeddable":true,"href":"https:\/\/agora.xtec.cat\/iemanresa\/wp-json\/wp\/v2\/users\/1"}],"replies":[{"embeddable":true,"href":"https:\/\/agora.xtec.cat\/iemanresa\/wp-json\/wp\/v2\/comments?post=1309"}],"version-history":[{"count":1,"href":"https:\/\/agora.xtec.cat\/iemanresa\/wp-json\/wp\/v2\/pages\/1309\/revisions"}],"predecessor-version":[{"id":1311,"href":"https:\/\/agora.xtec.cat\/iemanresa\/wp-json\/wp\/v2\/pages\/1309\/revisions\/1311"}],"up":[{"embeddable":true,"href":"https:\/\/agora.xtec.cat\/iemanresa\/wp-json\/wp\/v2\/pages\/64"}],"wp:attachment":[{"href":"https:\/\/agora.xtec.cat\/iemanresa\/wp-json\/wp\/v2\/media?parent=1309"}],"curies":[{"name":"wp","href":"https:\/\/api.w.org\/{rel}","templated":true}]}}