{"id":1301,"date":"2024-10-29T14:56:58","date_gmt":"2024-10-29T13:56:58","guid":{"rendered":"https:\/\/agora.xtec.cat\/iemanresa\/?page_id=1301"},"modified":"2024-10-29T14:56:58","modified_gmt":"2024-10-29T13:56:58","slug":"innovamat","status":"publish","type":"page","link":"https:\/\/agora.xtec.cat\/iemanresa\/projecte-educatiu\/innovamat\/","title":{"rendered":"Innovamat"},"content":{"rendered":"<p lang=\"ca-ES\" align=\"left\"><span style=\"color: #111111; font-size: 16px; font-family: arial, helvetica, sans-serif;\">Projecte d\u2019innovaci\u00f3 educativa en l\u2019\u00e0mbit de les matem\u00e0tiques. Una manera diferent de treballar les matem\u00e0tiques on es creen din\u00e0miques actives i participatives, es potencia la reflexi\u00f3, s\u2019afavoreixen les connexions i els aprenentatges s\u00f3n molt m\u00e9s vivencials i adaptats al ritme d\u2019aprenentatge de cadasc\u00fa.<\/span><\/p>\n<p lang=\"ca-ES\" align=\"left\"><img loading=\"lazy\" decoding=\"async\" class=\"alignnone size-full wp-image-1302\" src=\"https:\/\/agora.xtec.cat\/iemanresa\/wp-content\/uploads\/usu3023\/2024\/10\/Captura-65.jpg\" alt=\"\" width=\"323\" height=\"270\" srcset=\"https:\/\/agora.xtec.cat\/iemanresa\/wp-content\/uploads\/usu3023\/2024\/10\/Captura-65.jpg 323w, https:\/\/agora.xtec.cat\/iemanresa\/wp-content\/uploads\/usu3023\/2024\/10\/Captura-65-300x250.jpg 300w\" sizes=\"auto, (max-width: 323px) 100vw, 323px\" \/><\/p>\n","protected":false},"excerpt":{"rendered":"<p>Projecte d\u2019innovaci\u00f3 educativa en l\u2019\u00e0mbit de les matem\u00e0tiques. Una manera diferent de treballar les matem\u00e0tiques on es creen din\u00e0miques actives i participatives, es potencia la reflexi\u00f3, s\u2019afavoreixen les connexions i els aprenentatges s\u00f3n molt m\u00e9s vivencials i adaptats al ritme d\u2019aprenentatge de cadasc\u00fa.<\/p>\n","protected":false},"author":1,"featured_media":0,"parent":64,"menu_order":28,"comment_status":"closed","ping_status":"closed","template":"","meta":{"_bbp_topic_count":0,"_bbp_reply_count":0,"_bbp_total_topic_count":0,"_bbp_total_reply_count":0,"_bbp_voice_count":0,"_bbp_anonymous_reply_count":0,"_bbp_topic_count_hidden":0,"_bbp_reply_count_hidden":0,"_bbp_forum_subforum_count":0,"footnotes":""},"class_list":["post-1301","page","type-page","status-publish","hentry"],"post_mailing_queue_ids":[],"_links":{"self":[{"href":"https:\/\/agora.xtec.cat\/iemanresa\/wp-json\/wp\/v2\/pages\/1301","targetHints":{"allow":["GET"]}}],"collection":[{"href":"https:\/\/agora.xtec.cat\/iemanresa\/wp-json\/wp\/v2\/pages"}],"about":[{"href":"https:\/\/agora.xtec.cat\/iemanresa\/wp-json\/wp\/v2\/types\/page"}],"author":[{"embeddable":true,"href":"https:\/\/agora.xtec.cat\/iemanresa\/wp-json\/wp\/v2\/users\/1"}],"replies":[{"embeddable":true,"href":"https:\/\/agora.xtec.cat\/iemanresa\/wp-json\/wp\/v2\/comments?post=1301"}],"version-history":[{"count":1,"href":"https:\/\/agora.xtec.cat\/iemanresa\/wp-json\/wp\/v2\/pages\/1301\/revisions"}],"predecessor-version":[{"id":1303,"href":"https:\/\/agora.xtec.cat\/iemanresa\/wp-json\/wp\/v2\/pages\/1301\/revisions\/1303"}],"up":[{"embeddable":true,"href":"https:\/\/agora.xtec.cat\/iemanresa\/wp-json\/wp\/v2\/pages\/64"}],"wp:attachment":[{"href":"https:\/\/agora.xtec.cat\/iemanresa\/wp-json\/wp\/v2\/media?parent=1301"}],"curies":[{"name":"wp","href":"https:\/\/api.w.org\/{rel}","templated":true}]}}