{"id":1297,"date":"2024-10-29T14:50:55","date_gmt":"2024-10-29T13:50:55","guid":{"rendered":"https:\/\/agora.xtec.cat\/iemanresa\/?page_id=1297"},"modified":"2024-10-29T14:51:17","modified_gmt":"2024-10-29T13:51:17","slug":"hort-ecologic","status":"publish","type":"page","link":"https:\/\/agora.xtec.cat\/iemanresa\/projecte-educatiu\/hort-ecologic\/","title":{"rendered":"Hort ecol\u00f2gic"},"content":{"rendered":"<p lang=\"ca-ES\" align=\"left\"><span style=\"color: #111111; font-size: 16px; font-family: arial, helvetica, sans-serif;\">Com a eina interdisciplin\u00e0ria, estimulant l\u2019experimentaci\u00f3 i la manipulaci\u00f3, tot adquirint el coneixement de les plantes, eines, calendari de sembra i recollida, i diverses t\u00e8cniques necess\u00e0ries.<\/span><\/p>\n<p lang=\"ca-ES\" align=\"left\"><img loading=\"lazy\" decoding=\"async\" class=\"alignnone size-full wp-image-1298\" src=\"https:\/\/agora.xtec.cat\/iemanresa\/wp-content\/uploads\/usu3023\/2024\/10\/Captura-64.jpg\" alt=\"\" width=\"511\" height=\"382\" srcset=\"https:\/\/agora.xtec.cat\/iemanresa\/wp-content\/uploads\/usu3023\/2024\/10\/Captura-64.jpg 511w, https:\/\/agora.xtec.cat\/iemanresa\/wp-content\/uploads\/usu3023\/2024\/10\/Captura-64-300x224.jpg 300w, https:\/\/agora.xtec.cat\/iemanresa\/wp-content\/uploads\/usu3023\/2024\/10\/Captura-64-200x150.jpg 200w\" sizes=\"auto, (max-width: 511px) 100vw, 511px\" \/><\/p>\n","protected":false},"excerpt":{"rendered":"<p>Com a eina interdisciplin\u00e0ria, estimulant l\u2019experimentaci\u00f3 i la manipulaci\u00f3, tot adquirint el coneixement de les plantes, eines, calendari de sembra i recollida, i diverses t\u00e8cniques necess\u00e0ries.<\/p>\n","protected":false},"author":1,"featured_media":0,"parent":64,"menu_order":27,"comment_status":"closed","ping_status":"closed","template":"","meta":{"_bbp_topic_count":0,"_bbp_reply_count":0,"_bbp_total_topic_count":0,"_bbp_total_reply_count":0,"_bbp_voice_count":0,"_bbp_anonymous_reply_count":0,"_bbp_topic_count_hidden":0,"_bbp_reply_count_hidden":0,"_bbp_forum_subforum_count":0,"footnotes":""},"class_list":["post-1297","page","type-page","status-publish","hentry"],"post_mailing_queue_ids":[],"_links":{"self":[{"href":"https:\/\/agora.xtec.cat\/iemanresa\/wp-json\/wp\/v2\/pages\/1297","targetHints":{"allow":["GET"]}}],"collection":[{"href":"https:\/\/agora.xtec.cat\/iemanresa\/wp-json\/wp\/v2\/pages"}],"about":[{"href":"https:\/\/agora.xtec.cat\/iemanresa\/wp-json\/wp\/v2\/types\/page"}],"author":[{"embeddable":true,"href":"https:\/\/agora.xtec.cat\/iemanresa\/wp-json\/wp\/v2\/users\/1"}],"replies":[{"embeddable":true,"href":"https:\/\/agora.xtec.cat\/iemanresa\/wp-json\/wp\/v2\/comments?post=1297"}],"version-history":[{"count":1,"href":"https:\/\/agora.xtec.cat\/iemanresa\/wp-json\/wp\/v2\/pages\/1297\/revisions"}],"predecessor-version":[{"id":1299,"href":"https:\/\/agora.xtec.cat\/iemanresa\/wp-json\/wp\/v2\/pages\/1297\/revisions\/1299"}],"up":[{"embeddable":true,"href":"https:\/\/agora.xtec.cat\/iemanresa\/wp-json\/wp\/v2\/pages\/64"}],"wp:attachment":[{"href":"https:\/\/agora.xtec.cat\/iemanresa\/wp-json\/wp\/v2\/media?parent=1297"}],"curies":[{"name":"wp","href":"https:\/\/api.w.org\/{rel}","templated":true}]}}