{"id":1275,"date":"2024-10-29T14:24:54","date_gmt":"2024-10-29T13:24:54","guid":{"rendered":"https:\/\/agora.xtec.cat\/iemanresa\/?page_id=1275"},"modified":"2024-10-29T14:24:54","modified_gmt":"2024-10-29T13:24:54","slug":"ubinding-i-la-piki-a-primer","status":"publish","type":"page","link":"https:\/\/agora.xtec.cat\/iemanresa\/projecte-educatiu\/ubinding-i-la-piki-a-primer\/","title":{"rendered":"&#8220;UBinding&#8221; i &#8220;La Piki&#8221;, a primer"},"content":{"rendered":"<p lang=\"ca-ES\" align=\"left\"><span style=\"color: #111111; font-size: 16px; font-family: arial, helvetica, sans-serif;\">Amb l\u2019<span style=\"font-family: 'arial black', sans-serif; font-size: 20px; color: #cf08c8;\">entrenament d\u2019UBinding<\/span> pretenem refor\u00e7ar i estimular els infants, per tal que millorin significativament la seva compet\u00e8ncia lectora, el que repercuteix en un millor rendiment acad\u00e8mic.<\/span><\/p>\n<p align=\"left\"><span style=\"font-family: 'arial black', sans-serif; color: #cf08c8; font-size: 20px;\">La Piki <\/span><span style=\"color: #111111; font-family: arial, helvetica, sans-serif; font-size: 16px;\">\u00e9s un projecte de lectoescriptura on els infants gaudeixen de l\u2019escolta activa de contes explicats per la Piki, que els ofereix propostes de din\u00e0miques per potenciar el gust per la lectura i l\u2019escriptura.<\/span><\/p>\n<p align=\"left\"><img loading=\"lazy\" decoding=\"async\" class=\"alignnone  wp-image-1276\" src=\"https:\/\/agora.xtec.cat\/iemanresa\/wp-content\/uploads\/usu3023\/2024\/10\/Captura-58.jpg\" alt=\"\" width=\"650\" height=\"390\" srcset=\"https:\/\/agora.xtec.cat\/iemanresa\/wp-content\/uploads\/usu3023\/2024\/10\/Captura-58.jpg 540w, https:\/\/agora.xtec.cat\/iemanresa\/wp-content\/uploads\/usu3023\/2024\/10\/Captura-58-300x180.jpg 300w\" sizes=\"auto, (max-width: 650px) 100vw, 650px\" \/><\/p>\n","protected":false},"excerpt":{"rendered":"<p>Amb l\u2019entrenament d\u2019UBinding pretenem refor\u00e7ar i estimular els infants, per tal que millorin significativament la seva compet\u00e8ncia lectora, el que repercuteix en un millor rendiment acad\u00e8mic.<br \/>\nLa Piki \u00e9s un projecte de lectoescriptura on els infants gaudeixen de l\u2019escolta activa de contes explicats per la Piki,&hellip;  <a href=\"https:\/\/agora.xtec.cat\/iemanresa\/projecte-educatiu\/ubinding-i-la-piki-a-primer\/\" title=\"Read &#8220;UBinding&#8221; i &#8220;La Piki&#8221;, a primer\">Llegeix m\u00e9s\u00bb<\/a><\/p>\n","protected":false},"author":1,"featured_media":0,"parent":64,"menu_order":23,"comment_status":"closed","ping_status":"closed","template":"","meta":{"_bbp_topic_count":0,"_bbp_reply_count":0,"_bbp_total_topic_count":0,"_bbp_total_reply_count":0,"_bbp_voice_count":0,"_bbp_anonymous_reply_count":0,"_bbp_topic_count_hidden":0,"_bbp_reply_count_hidden":0,"_bbp_forum_subforum_count":0,"footnotes":""},"class_list":["post-1275","page","type-page","status-publish","hentry"],"post_mailing_queue_ids":[],"_links":{"self":[{"href":"https:\/\/agora.xtec.cat\/iemanresa\/wp-json\/wp\/v2\/pages\/1275","targetHints":{"allow":["GET"]}}],"collection":[{"href":"https:\/\/agora.xtec.cat\/iemanresa\/wp-json\/wp\/v2\/pages"}],"about":[{"href":"https:\/\/agora.xtec.cat\/iemanresa\/wp-json\/wp\/v2\/types\/page"}],"author":[{"embeddable":true,"href":"https:\/\/agora.xtec.cat\/iemanresa\/wp-json\/wp\/v2\/users\/1"}],"replies":[{"embeddable":true,"href":"https:\/\/agora.xtec.cat\/iemanresa\/wp-json\/wp\/v2\/comments?post=1275"}],"version-history":[{"count":1,"href":"https:\/\/agora.xtec.cat\/iemanresa\/wp-json\/wp\/v2\/pages\/1275\/revisions"}],"predecessor-version":[{"id":1277,"href":"https:\/\/agora.xtec.cat\/iemanresa\/wp-json\/wp\/v2\/pages\/1275\/revisions\/1277"}],"up":[{"embeddable":true,"href":"https:\/\/agora.xtec.cat\/iemanresa\/wp-json\/wp\/v2\/pages\/64"}],"wp:attachment":[{"href":"https:\/\/agora.xtec.cat\/iemanresa\/wp-json\/wp\/v2\/media?parent=1275"}],"curies":[{"name":"wp","href":"https:\/\/api.w.org\/{rel}","templated":true}]}}