{"id":1255,"date":"2024-10-29T12:47:10","date_gmt":"2024-10-29T11:47:10","guid":{"rendered":"https:\/\/agora.xtec.cat\/iemanresa\/?page_id=1255"},"modified":"2024-10-29T12:47:10","modified_gmt":"2024-10-29T11:47:10","slug":"el-pas-del-temps","status":"publish","type":"page","link":"https:\/\/agora.xtec.cat\/iemanresa\/projecte-educatiu\/el-pas-del-temps\/","title":{"rendered":"El pas del temps"},"content":{"rendered":"<p lang=\"ca-ES\" align=\"justify\"><span style=\"color: #111111; font-size: 16px; font-family: arial, helvetica, sans-serif;\">Celebraci\u00f3 de festes tradicionals i locals: Castanyada, cagada del Ti\u00f3, Nadal, la festa de la Llum, Dijous Gras, Carnestoltes, Vella Quaresma, elaboraci\u00f3 de la Mona de Pasqua i Sant Jordi.<\/span><\/p>\n<p lang=\"ca-ES\" align=\"justify\"><img loading=\"lazy\" decoding=\"async\" class=\"alignnone  wp-image-1256\" src=\"https:\/\/agora.xtec.cat\/iemanresa\/wp-content\/uploads\/usu3023\/2024\/10\/Captura-52.jpg\" alt=\"\" width=\"351\" height=\"242\" \/>\u00a0 \u00a0 <img loading=\"lazy\" decoding=\"async\" class=\"alignnone  wp-image-1257\" src=\"https:\/\/agora.xtec.cat\/iemanresa\/wp-content\/uploads\/usu3023\/2024\/10\/Captura-53.jpg\" alt=\"\" width=\"441\" height=\"240\" srcset=\"https:\/\/agora.xtec.cat\/iemanresa\/wp-content\/uploads\/usu3023\/2024\/10\/Captura-53.jpg 307w, https:\/\/agora.xtec.cat\/iemanresa\/wp-content\/uploads\/usu3023\/2024\/10\/Captura-53-300x163.jpg 300w\" sizes=\"auto, (max-width: 441px) 100vw, 441px\" \/><\/p>\n","protected":false},"excerpt":{"rendered":"<p>Celebraci\u00f3 de festes tradicionals i locals: Castanyada, cagada del Ti\u00f3, Nadal, la festa de la Llum, Dijous Gras, Carnestoltes, Vella Quaresma, elaboraci\u00f3 de la Mona de Pasqua i Sant Jordi.<br \/>\n\u00a0 \u00a0 <\/p>\n","protected":false},"author":1,"featured_media":0,"parent":64,"menu_order":14,"comment_status":"closed","ping_status":"closed","template":"","meta":{"_bbp_topic_count":0,"_bbp_reply_count":0,"_bbp_total_topic_count":0,"_bbp_total_reply_count":0,"_bbp_voice_count":0,"_bbp_anonymous_reply_count":0,"_bbp_topic_count_hidden":0,"_bbp_reply_count_hidden":0,"_bbp_forum_subforum_count":0,"footnotes":""},"class_list":["post-1255","page","type-page","status-publish","hentry"],"post_mailing_queue_ids":[],"_links":{"self":[{"href":"https:\/\/agora.xtec.cat\/iemanresa\/wp-json\/wp\/v2\/pages\/1255","targetHints":{"allow":["GET"]}}],"collection":[{"href":"https:\/\/agora.xtec.cat\/iemanresa\/wp-json\/wp\/v2\/pages"}],"about":[{"href":"https:\/\/agora.xtec.cat\/iemanresa\/wp-json\/wp\/v2\/types\/page"}],"author":[{"embeddable":true,"href":"https:\/\/agora.xtec.cat\/iemanresa\/wp-json\/wp\/v2\/users\/1"}],"replies":[{"embeddable":true,"href":"https:\/\/agora.xtec.cat\/iemanresa\/wp-json\/wp\/v2\/comments?post=1255"}],"version-history":[{"count":1,"href":"https:\/\/agora.xtec.cat\/iemanresa\/wp-json\/wp\/v2\/pages\/1255\/revisions"}],"predecessor-version":[{"id":1258,"href":"https:\/\/agora.xtec.cat\/iemanresa\/wp-json\/wp\/v2\/pages\/1255\/revisions\/1258"}],"up":[{"embeddable":true,"href":"https:\/\/agora.xtec.cat\/iemanresa\/wp-json\/wp\/v2\/pages\/64"}],"wp:attachment":[{"href":"https:\/\/agora.xtec.cat\/iemanresa\/wp-json\/wp\/v2\/media?parent=1255"}],"curies":[{"name":"wp","href":"https:\/\/api.w.org\/{rel}","templated":true}]}}