{"id":1139,"date":"2024-10-25T11:44:29","date_gmt":"2024-10-25T09:44:29","guid":{"rendered":"https:\/\/agora.xtec.cat\/iemanresa\/?page_id=1139"},"modified":"2024-10-25T12:10:35","modified_gmt":"2024-10-25T10:10:35","slug":"amics-lectors","status":"publish","type":"page","link":"https:\/\/agora.xtec.cat\/iemanresa\/projecte-educatiu\/amics-lectors\/","title":{"rendered":"Amics lectors"},"content":{"rendered":"<p lang=\"ca-ES\" align=\"left\"><span style=\"color: #111111; font-size: 16px; font-family: arial, helvetica, sans-serif;\">Un espai de trobada, on la millora de la lectura i la companyonia van de la m\u00e0. Els nois i noies de <span style=\"font-family: 'arial black', sans-serif; color: #cf08c8;\">5<sup>\u00e8<\/sup> i 6<sup>\u00e8 <\/sup><\/span><\/span><span style=\"color: #cf08c8; font-family: 'arial black', sans-serif;\">de prim\u00e0ria<\/span><span style=\"color: #111111; font-family: arial, helvetica, sans-serif;\">, <\/span><span style=\"color: #111111; font-family: arial, helvetica, sans-serif;\">\u00a0junt amb els infants de 1<\/span><sup style=\"color: #111111; font-family: arial, helvetica, sans-serif;\">r<\/sup><span style=\"color: #111111; font-family: arial, helvetica, sans-serif;\"> i 2<\/span><sup style=\"color: #111111; font-family: arial, helvetica, sans-serif;\">n<\/sup><span style=\"color: #111111; font-family: arial, helvetica, sans-serif;\">, gaudeixen del plaer de compartir lectures, amb complicitat, responsabilitat i comprom\u00eds.<\/span><\/p>\n<p lang=\"ca-ES\" align=\"left\"><img loading=\"lazy\" decoding=\"async\" class=\"alignnone wp-image-1140\" src=\"https:\/\/agora.xtec.cat\/iemanresa\/wp-content\/uploads\/usu3023\/2024\/10\/8A26.tmp_-2-1024x768.jpg\" alt=\"\" width=\"482\" height=\"361\" srcset=\"https:\/\/agora.xtec.cat\/iemanresa\/wp-content\/uploads\/usu3023\/2024\/10\/8A26.tmp_-2-1024x768.jpg 1024w, https:\/\/agora.xtec.cat\/iemanresa\/wp-content\/uploads\/usu3023\/2024\/10\/8A26.tmp_-2-300x225.jpg 300w, https:\/\/agora.xtec.cat\/iemanresa\/wp-content\/uploads\/usu3023\/2024\/10\/8A26.tmp_-2-768x576.jpg 768w, https:\/\/agora.xtec.cat\/iemanresa\/wp-content\/uploads\/usu3023\/2024\/10\/8A26.tmp_-2-1536x1152.jpg 1536w, https:\/\/agora.xtec.cat\/iemanresa\/wp-content\/uploads\/usu3023\/2024\/10\/8A26.tmp_-2-200x150.jpg 200w, https:\/\/agora.xtec.cat\/iemanresa\/wp-content\/uploads\/usu3023\/2024\/10\/8A26.tmp_-2.jpg 1600w\" sizes=\"auto, (max-width: 482px) 100vw, 482px\" \/><\/p>\n","protected":false},"excerpt":{"rendered":"<p>Un espai de trobada, on la millora de la lectura i la companyonia van de la m\u00e0. Els nois i noies de 5\u00e8 i 6\u00e8 de prim\u00e0ria, \u00a0junt amb els infants de 1r i 2n, gaudeixen del plaer de compartir lectures, amb complicitat, responsabilitat i&hellip;  <a href=\"https:\/\/agora.xtec.cat\/iemanresa\/projecte-educatiu\/amics-lectors\/\" title=\"Read Amics lectors\">Llegeix m\u00e9s\u00bb<\/a><\/p>\n","protected":false},"author":1,"featured_media":0,"parent":64,"menu_order":21,"comment_status":"closed","ping_status":"closed","template":"","meta":{"_bbp_topic_count":0,"_bbp_reply_count":0,"_bbp_total_topic_count":0,"_bbp_total_reply_count":0,"_bbp_voice_count":0,"_bbp_anonymous_reply_count":0,"_bbp_topic_count_hidden":0,"_bbp_reply_count_hidden":0,"_bbp_forum_subforum_count":0,"footnotes":""},"class_list":["post-1139","page","type-page","status-publish","hentry"],"post_mailing_queue_ids":[],"_links":{"self":[{"href":"https:\/\/agora.xtec.cat\/iemanresa\/wp-json\/wp\/v2\/pages\/1139","targetHints":{"allow":["GET"]}}],"collection":[{"href":"https:\/\/agora.xtec.cat\/iemanresa\/wp-json\/wp\/v2\/pages"}],"about":[{"href":"https:\/\/agora.xtec.cat\/iemanresa\/wp-json\/wp\/v2\/types\/page"}],"author":[{"embeddable":true,"href":"https:\/\/agora.xtec.cat\/iemanresa\/wp-json\/wp\/v2\/users\/1"}],"replies":[{"embeddable":true,"href":"https:\/\/agora.xtec.cat\/iemanresa\/wp-json\/wp\/v2\/comments?post=1139"}],"version-history":[{"count":2,"href":"https:\/\/agora.xtec.cat\/iemanresa\/wp-json\/wp\/v2\/pages\/1139\/revisions"}],"predecessor-version":[{"id":1142,"href":"https:\/\/agora.xtec.cat\/iemanresa\/wp-json\/wp\/v2\/pages\/1139\/revisions\/1142"}],"up":[{"embeddable":true,"href":"https:\/\/agora.xtec.cat\/iemanresa\/wp-json\/wp\/v2\/pages\/64"}],"wp:attachment":[{"href":"https:\/\/agora.xtec.cat\/iemanresa\/wp-json\/wp\/v2\/media?parent=1139"}],"curies":[{"name":"wp","href":"https:\/\/api.w.org\/{rel}","templated":true}]}}