{"id":1132,"date":"2024-10-25T10:57:31","date_gmt":"2024-10-25T08:57:31","guid":{"rendered":"https:\/\/agora.xtec.cat\/iemanresa\/?page_id=1132"},"modified":"2024-10-25T12:10:56","modified_gmt":"2024-10-25T10:10:56","slug":"arrels-i-ales","status":"publish","type":"page","link":"https:\/\/agora.xtec.cat\/iemanresa\/projecte-educatiu\/arrels-i-ales\/","title":{"rendered":"Arrels i ales"},"content":{"rendered":"<p lang=\"ca-ES\" align=\"left\"><span style=\"color: #111111; font-size: 16px; font-family: arial, helvetica, sans-serif;\">Projectes interdisciplinaris per con\u00e8ixer la hist\u00f2ria de cadasc\u00fa i els sistemes socials als quals pertanyem. Es realitza un projecte a cada nivell:<\/span><\/p>\n<p align=\"left\"><span style=\"font-family: arial, helvetica, sans-serif;\"><span style=\"font-family: 'arial black', sans-serif; color: #cf08c8;\"><span style=\"font-size: 16px;\">1<sup><span lang=\"ca-ES\">r <\/span><\/sup><\/span>de Prim\u00e0ria:<\/span><span style=\"color: #111111;\"> \u201cLa m<\/span><span lang=\"ca-ES\" style=\"color: #111111;\">eva hist\u00f2ria\u201d<\/span><\/span><\/p>\n<p align=\"left\"><span style=\"font-family: arial, helvetica, sans-serif;\"><span style=\"font-family: 'arial black', sans-serif; color: #cf08c8;\"><span style=\"font-size: 16px;\"><span lang=\"ca-ES\">2<\/span><sup><span lang=\"ca-ES\">n\u00a0<\/span><\/sup><\/span>de Prim\u00e0ria<span lang=\"ca-ES\">:<\/span><\/span><span lang=\"ca-ES\" style=\"color: #111111;\"> \u201cT\u2019estimo, escola\u201d<\/span><\/span><\/p>\n<p lang=\"ca-ES\" align=\"left\"><span style=\"font-family: arial, helvetica, sans-serif;\"><span style=\"color: #cf08c8; font-family: 'arial black', sans-serif;\"><span style=\"font-size: 16px;\"><b>3<\/b><sup><b>r\u00a0<\/b><\/sup><\/span><b><b>de Prim\u00e0ria<\/b><\/b><b>:<\/b><\/span><span style=\"color: #111111;\"> \u201cManresa, la meva ciutat\u201d<\/span><\/span><\/p>\n<p lang=\"ca-ES\" align=\"left\"><span style=\"font-family: arial, helvetica, sans-serif;\"><span style=\"font-family: 'arial black', sans-serif; color: #cf08c8;\"><span style=\"font-size: 16px;\">4<sup>t\u00a0<\/sup><\/span>de Prim\u00e0ria: <\/span><span style=\"color: #111111;\">\u201cCatalunya, el meu pa\u00eds\u201d<\/span><\/span><\/p>\n<p lang=\"ca-ES\" align=\"left\"><span style=\"font-family: arial, helvetica, sans-serif;\"><span style=\"font-family: 'arial black', sans-serif; color: #cf08c8;\"><span style=\"font-size: 16px;\">5<sup>\u00e8\u00a0<\/sup><\/span>de Prim\u00e0ria:<\/span><span style=\"color: #111111;\"> \u201cEns obrim al m\u00f3n, creant una cooperativa\u201d<\/span><\/span><\/p>\n<p align=\"left\"><span style=\"font-family: arial, helvetica, sans-serif;\"><span style=\"color: #cf08c8; font-family: 'arial black', sans-serif;\"><span style=\"font-size: 16px;\"><span lang=\"ca-ES\">6<\/span><sup><span lang=\"ca-ES\">\u00e8<\/span><\/sup><span lang=\"ca-ES\">\u00a0<\/span><\/span>de Prim\u00e0ria:<\/span> <span lang=\"ca-ES\" style=\"font-size: 1em; color: #111111;\">\u201cL\u2019autobiografia: arrels<\/span><span style=\"font-size: 1em; color: #111111;\">, somnis i ales\u201d<\/span><\/span><\/p>\n<p align=\"left\"><img loading=\"lazy\" decoding=\"async\" class=\"alignnone wp-image-1133\" src=\"https:\/\/agora.xtec.cat\/iemanresa\/wp-content\/uploads\/usu3023\/2024\/10\/8A26.tmp_-rotated.jpg\" alt=\"\" width=\"335\" height=\"251\" srcset=\"https:\/\/agora.xtec.cat\/iemanresa\/wp-content\/uploads\/usu3023\/2024\/10\/8A26.tmp_-rotated.jpg 1024w, https:\/\/agora.xtec.cat\/iemanresa\/wp-content\/uploads\/usu3023\/2024\/10\/8A26.tmp_-300x225.jpg 300w, https:\/\/agora.xtec.cat\/iemanresa\/wp-content\/uploads\/usu3023\/2024\/10\/8A26.tmp_-768x576.jpg 768w, https:\/\/agora.xtec.cat\/iemanresa\/wp-content\/uploads\/usu3023\/2024\/10\/8A26.tmp_-200x150.jpg 200w\" sizes=\"auto, (max-width: 335px) 100vw, 335px\" \/>\u00a0 \u00a0 <img loading=\"lazy\" decoding=\"async\" class=\"alignnone wp-image-1134\" src=\"https:\/\/agora.xtec.cat\/iemanresa\/wp-content\/uploads\/usu3023\/2024\/10\/8A26.tmp_-1.jpg\" alt=\"\" width=\"332\" height=\"249\" srcset=\"https:\/\/agora.xtec.cat\/iemanresa\/wp-content\/uploads\/usu3023\/2024\/10\/8A26.tmp_-1.jpg 1024w, https:\/\/agora.xtec.cat\/iemanresa\/wp-content\/uploads\/usu3023\/2024\/10\/8A26.tmp_-1-300x225.jpg 300w, https:\/\/agora.xtec.cat\/iemanresa\/wp-content\/uploads\/usu3023\/2024\/10\/8A26.tmp_-1-768x576.jpg 768w, https:\/\/agora.xtec.cat\/iemanresa\/wp-content\/uploads\/usu3023\/2024\/10\/8A26.tmp_-1-200x150.jpg 200w\" sizes=\"auto, (max-width: 332px) 100vw, 332px\" \/><\/p>\n","protected":false},"excerpt":{"rendered":"<p>Projectes interdisciplinaris per con\u00e8ixer la hist\u00f2ria de cadasc\u00fa i els sistemes socials als quals pertanyem. Es realitza un projecte a cada nivell:<br \/>\n1r de Prim\u00e0ria: \u201cLa meva hist\u00f2ria\u201d<br \/>\n2n\u00a0de Prim\u00e0ria: \u201cT\u2019estimo, escola\u201d<br \/>\n3r\u00a0de Prim\u00e0ria: \u201cManresa, la meva ciutat\u201d<br \/>\n4t\u00a0de Prim\u00e0ria: \u201cCatalunya, el meu pa\u00eds\u201d<br \/>\n5\u00e8\u00a0de Prim\u00e0ria: \u201cEns obrim al m\u00f3n,&hellip;  <a href=\"https:\/\/agora.xtec.cat\/iemanresa\/projecte-educatiu\/arrels-i-ales\/\" title=\"Read Arrels i ales\">Llegeix m\u00e9s\u00bb<\/a><\/p>\n","protected":false},"author":1,"featured_media":0,"parent":64,"menu_order":22,"comment_status":"closed","ping_status":"closed","template":"","meta":{"_bbp_topic_count":0,"_bbp_reply_count":0,"_bbp_total_topic_count":0,"_bbp_total_reply_count":0,"_bbp_voice_count":0,"_bbp_anonymous_reply_count":0,"_bbp_topic_count_hidden":0,"_bbp_reply_count_hidden":0,"_bbp_forum_subforum_count":0,"footnotes":""},"class_list":["post-1132","page","type-page","status-publish","hentry"],"post_mailing_queue_ids":[],"_links":{"self":[{"href":"https:\/\/agora.xtec.cat\/iemanresa\/wp-json\/wp\/v2\/pages\/1132","targetHints":{"allow":["GET"]}}],"collection":[{"href":"https:\/\/agora.xtec.cat\/iemanresa\/wp-json\/wp\/v2\/pages"}],"about":[{"href":"https:\/\/agora.xtec.cat\/iemanresa\/wp-json\/wp\/v2\/types\/page"}],"author":[{"embeddable":true,"href":"https:\/\/agora.xtec.cat\/iemanresa\/wp-json\/wp\/v2\/users\/1"}],"replies":[{"embeddable":true,"href":"https:\/\/agora.xtec.cat\/iemanresa\/wp-json\/wp\/v2\/comments?post=1132"}],"version-history":[{"count":3,"href":"https:\/\/agora.xtec.cat\/iemanresa\/wp-json\/wp\/v2\/pages\/1132\/revisions"}],"predecessor-version":[{"id":1138,"href":"https:\/\/agora.xtec.cat\/iemanresa\/wp-json\/wp\/v2\/pages\/1132\/revisions\/1138"}],"up":[{"embeddable":true,"href":"https:\/\/agora.xtec.cat\/iemanresa\/wp-json\/wp\/v2\/pages\/64"}],"wp:attachment":[{"href":"https:\/\/agora.xtec.cat\/iemanresa\/wp-json\/wp\/v2\/media?parent=1132"}],"curies":[{"name":"wp","href":"https:\/\/api.w.org\/{rel}","templated":true}]}}