{"id":1113,"date":"2024-10-24T16:30:20","date_gmt":"2024-10-24T14:30:20","guid":{"rendered":"https:\/\/agora.xtec.cat\/iemanresa\/?page_id=1113"},"modified":"2025-06-05T11:22:01","modified_gmt":"2025-06-05T09:22:01","slug":"sollicitar-certificats","status":"publish","type":"page","link":"https:\/\/agora.xtec.cat\/iemanresa\/sollicitar-documents\/sollicitar-certificats\/","title":{"rendered":"Sol\u00b7licitar certificats"},"content":{"rendered":"<p><span style=\"font-family: arial, helvetica, sans-serif; font-size: 20px; color: #cf08c8;\"><strong><span style=\"font-family: 'arial black', sans-serif;\">Per sol\u00b7licitar certificats:<\/span><\/strong><\/span><\/p>\n<p><span style=\"font-family: arial, helvetica, sans-serif;\">Cal lliurar a recepci\u00f3, aquest<span style=\"color: #cf08c8;\"> <a style=\"color: #cf08c8;\" href=\"https:\/\/agora.xtec.cat\/iemanresa\/wp-content\/uploads\/usu3023\/2025\/06\/Impres-certificats-A5.pdf\">Impr\u00e8s<\/a><\/span> de sol\u00b7licitud degudament emplenat (amb u<span style=\"font-size: 16px;\">n m\u00ednim de\u00a0<strong>48 hores h\u00e0bils d\u2019antelaci\u00f3)<\/strong><\/span>. Tamb\u00e9 el podeu enviar per email a Gesti\u00f3 Acad\u00e8mica, a qualsevol d&#8217;aquestes adreces:<\/span><\/p>\n<p><span style=\"font-family: arial, helvetica, sans-serif;\"><strong><span style=\"color: #000000;\">\u21d2 <\/span>mlorenzo@iemanresa.cat<\/strong><\/span><\/p>\n<p><span style=\"font-family: arial, helvetica, sans-serif;\"><span style=\"color: #000000;\"><strong>\u21d2<\/strong><\/span>\u00a0<strong>nrodriguez<span class=\"\">@iemanresa.cat<\/span><\/strong><\/span><\/p>\n<p><span style=\"font-family: arial, helvetica, sans-serif;\"><span style=\"color: #000000;\"><strong>\u21d2<\/strong><\/span> <strong>orey@iemanresa.cat<\/strong><\/span><\/p>\n<p><span style=\"font-family: arial, helvetica, sans-serif; font-size: 20px; color: #cf08c8;\"><span style=\"font-family: 'arial black', sans-serif;\">Reconeixement de l\u2019equival\u00e8ncia entre els estudis cursats i el certificat de nivell B2 i\/o nivell C1 de la Direcci\u00f3 General de Pol\u00edtica Ling\u00fc\u00edstica:<\/span><\/span><\/p>\n<p><span style=\"font-family: arial, helvetica, sans-serif;\">Per sol\u00b7licitar un <span style=\"font-family: 'arial black', sans-serif;\"><strong>certificat de nivell de catal\u00e0<\/strong><\/span> heu de tenir en compte la seg\u00fcent informaci\u00f3: <\/span><span style=\"font-family: arial, helvetica, sans-serif;\"><span style=\"color: #cf08c8;\"><a style=\"color: #cf08c8;\" href=\"https:\/\/llengua.gencat.cat\/web\/.content\/documents\/certificats_de_catala\/arxius\/equiv_llista.pdf\"><strong><u>normativa<\/u><\/strong><\/a> <\/span>vigent sobre titulacions equivalents als certificats de coneixement de catal\u00e0.\u00a0<\/span><span style=\"font-family: arial, helvetica, sans-serif;\">Com a requisit general, per\u00f2, cal haver comen\u00e7at l\u2019educaci\u00f3 prim\u00e0ria a partir de l\u2019any 1978-1979.<\/span><\/p>\n<p><span style=\"font-family: arial, helvetica, sans-serif;\">Haureu d&#8217;enviar a l&#8217;email <span style=\"font-family: 'arial black', sans-serif;\">mlorenzo@iemanresa.cat<\/span><\/span><span style=\"font-family: arial, helvetica, sans-serif;\"><strong>:<\/strong><\/span><\/p>\n<p><span style=\"color: #000000;\"><strong><span style=\"font-family: arial, helvetica, sans-serif;\">\u21d2 <\/span><\/strong><\/span>L<span style=\"color: #cf08c8;\">&#8216;<a style=\"color: #cf08c8;\" href=\"https:\/\/agora.xtec.cat\/iemanresa\/wp-content\/uploads\/usu3023\/2025\/06\/Impres-per-sol-Certificat-Nivell-de-Catala-1.pdf\">Impr\u00e8s per sol\u00b7licitar Certificat Nivell de Catal\u00e0<\/a><\/span><span style=\"font-size: 1em; font-family: arial, helvetica, sans-serif;\"> corresponent.<\/span><\/p>\n<p><span style=\"font-size: 1em; font-family: arial, helvetica, sans-serif;\"><span style=\"color: #000000;\"><strong><span style=\"font-family: arial, helvetica, sans-serif;\">\u21d2<\/span><\/strong><\/span> La <\/span><strong style=\"font-size: 1em; font-family: arial, helvetica, sans-serif;\">c\u00f2pia del Document d&#8217;Identitat.<\/strong><\/p>\n<p><span style=\"font-size: 1em; font-family: arial, helvetica, sans-serif;\"><span style=\"color: #000000;\"><strong><span style=\"font-family: arial, helvetica, sans-serif;\">\u21d2<\/span><\/strong><\/span> <\/span><strong style=\"font-size: 1em; font-family: arial, helvetica, sans-serif;\">Certificat acreditatiu d&#8217;haver estat escolaritzat a Catalunya sense haver tingut exempci\u00f3 de catal\u00e0<\/strong><span style=\"font-size: 1em; font-family: arial, helvetica, sans-serif;\"> (l&#8217;heu de sol\u00b7licitar al centre o centres on veu realitzar els estudis que acrediteu).<\/span><\/p>\n","protected":false},"excerpt":{"rendered":"<p>Per sol\u00b7licitar certificats:<br \/>\nCal lliurar a recepci\u00f3, aquest <a style=\"color: #cf08c8;\" href=\"https:\/\/agora.xtec.cat\/iemanresa\/wp-content\/uploads\/usu3023\/2025\/06\/Impres-certificats-A5.pdf\">Impr\u00e8s<\/a> de sol\u00b7licitud degudament emplenat (amb un m\u00ednim de\u00a048 hores h\u00e0bils d\u2019antelaci\u00f3). Tamb\u00e9 el podeu enviar per email a Gesti\u00f3 Acad\u00e8mica, a qualsevol d&#8217;aquestes adreces:<br \/>\n\u21d2 mlorenzo@iemanresa.cat<br \/>\n\u21d2\u00a0nrodriguez@iemanresa.cat<br \/>\n\u21d2 orey@iemanresa.cat<br \/>\nReconeixement de l\u2019equival\u00e8ncia entre els estudis cursats i el&hellip;  <a href=\"https:\/\/agora.xtec.cat\/iemanresa\/sollicitar-documents\/sollicitar-certificats\/\" title=\"Read Sol\u00b7licitar certificats\">Llegeix m\u00e9s\u00bb<\/a><\/p>\n","protected":false},"author":1,"featured_media":0,"parent":1122,"menu_order":20,"comment_status":"closed","ping_status":"closed","template":"","meta":{"_bbp_topic_count":0,"_bbp_reply_count":0,"_bbp_total_topic_count":0,"_bbp_total_reply_count":0,"_bbp_voice_count":0,"_bbp_anonymous_reply_count":0,"_bbp_topic_count_hidden":0,"_bbp_reply_count_hidden":0,"_bbp_forum_subforum_count":0,"footnotes":""},"class_list":["post-1113","page","type-page","status-publish","hentry"],"post_mailing_queue_ids":[],"_links":{"self":[{"href":"https:\/\/agora.xtec.cat\/iemanresa\/wp-json\/wp\/v2\/pages\/1113","targetHints":{"allow":["GET"]}}],"collection":[{"href":"https:\/\/agora.xtec.cat\/iemanresa\/wp-json\/wp\/v2\/pages"}],"about":[{"href":"https:\/\/agora.xtec.cat\/iemanresa\/wp-json\/wp\/v2\/types\/page"}],"author":[{"embeddable":true,"href":"https:\/\/agora.xtec.cat\/iemanresa\/wp-json\/wp\/v2\/users\/1"}],"replies":[{"embeddable":true,"href":"https:\/\/agora.xtec.cat\/iemanresa\/wp-json\/wp\/v2\/comments?post=1113"}],"version-history":[{"count":6,"href":"https:\/\/agora.xtec.cat\/iemanresa\/wp-json\/wp\/v2\/pages\/1113\/revisions"}],"predecessor-version":[{"id":2710,"href":"https:\/\/agora.xtec.cat\/iemanresa\/wp-json\/wp\/v2\/pages\/1113\/revisions\/2710"}],"up":[{"embeddable":true,"href":"https:\/\/agora.xtec.cat\/iemanresa\/wp-json\/wp\/v2\/pages\/1122"}],"wp:attachment":[{"href":"https:\/\/agora.xtec.cat\/iemanresa\/wp-json\/wp\/v2\/media?parent=1113"}],"curies":[{"name":"wp","href":"https:\/\/api.w.org\/{rel}","templated":true}]}}