{"id":996,"date":"2023-03-31T11:57:37","date_gmt":"2023-03-31T09:57:37","guid":{"rendered":"https:\/\/agora.xtec.cat\/ielondres\/?page_id=996"},"modified":"2023-04-13T17:12:03","modified_gmt":"2023-04-13T15:12:03","slug":"turonejant-estudi-dun-parc-urba","status":"publish","type":"page","link":"https:\/\/agora.xtec.cat\/ielondres\/projecte-educatiu\/turonejant-estudi-dun-parc-urba\/","title":{"rendered":"TURONEJANT. Estudi d\u2019un parc urb\u00e0."},"content":{"rendered":"<h5 style=\"text-align: center;\"><\/h5>\n<p><img loading=\"lazy\" decoding=\"async\" class=\"size-medium wp-image-997 aligncenter\" src=\"https:\/\/agora.xtec.cat\/ielondres\/wp-content\/uploads\/usu2343\/2023\/03\/2016061-10-012-TURO-PARK-13-760x428-1-300x169.jpg\" alt=\"\" width=\"300\" height=\"169\" srcset=\"https:\/\/agora.xtec.cat\/ielondres\/wp-content\/uploads\/usu2343\/2023\/03\/2016061-10-012-TURO-PARK-13-760x428-1-300x169.jpg 300w, https:\/\/agora.xtec.cat\/ielondres\/wp-content\/uploads\/usu2343\/2023\/03\/2016061-10-012-TURO-PARK-13-760x428-1.jpg 760w\" sizes=\"auto, (max-width: 300px) 100vw, 300px\" \/><\/p>\n<p>Aquest projecte est\u00e0 basat en l\u2019estudi d\u2019un parc urb\u00e0 proper a l\u2019escola.<br \/>\nPer qu\u00e8 hi ha parcs a Barcelona? Cada parc t\u00e9 la seva hist\u00f2ria. Tots ells s\u00f3n espais plens de vida, per trobar-se, compartir, de rep\u00f2s, de joc o activitats diverses.<br \/>\nNombrosos treballs m\u00e8dics demostren que el contacte amb la natura disminueix l\u2019estr\u00e8s, millora els patrons de son i incrementa la capacitat de concentraci\u00f3. Per una altra banda, estar mitja hora per un parc, passejant, jugant&#8230; redueix el risc de patir problemes card\u00edacs i circulatoris, diabetis i determinats tipus de c\u00e0ncer, depressi\u00f3 i dem\u00e8ncia. Els parcs urbans s\u00f3n petits oasis on poder allunyar-nos de l\u2019asfalt sense oblidar que tamb\u00e9 formen part d\u2019un gran pulm\u00f3 dins de la ciutat. Per tots aquests motius hem de fer un \u00fas responsable d\u2019aquests espais.<\/p>\n<p>Els alumnes de 3r d\u2019ESO estudien el Tur\u00f3 Parc de l\u2019Eixample des de diferents vessants: mediambiental i ecol\u00f2gica, i com a ecosistema biol\u00f2gic i geol\u00f2gic i social.<\/p>\n<p><img loading=\"lazy\" decoding=\"async\" class=\"alignnone size-medium wp-image-1027\" src=\"https:\/\/agora.xtec.cat\/ielondres\/wp-content\/uploads\/usu2343\/2023\/04\/IMG_4835-169x300.jpg\" alt=\"\" width=\"169\" height=\"300\" srcset=\"https:\/\/agora.xtec.cat\/ielondres\/wp-content\/uploads\/usu2343\/2023\/04\/IMG_4835-169x300.jpg 169w, https:\/\/agora.xtec.cat\/ielondres\/wp-content\/uploads\/usu2343\/2023\/04\/IMG_4835.jpg 360w\" sizes=\"auto, (max-width: 169px) 100vw, 169px\" \/> \u00a0 <img loading=\"lazy\" decoding=\"async\" class=\"alignnone size-medium wp-image-998\" src=\"https:\/\/agora.xtec.cat\/ielondres\/wp-content\/uploads\/usu2343\/2023\/03\/MicrosoftTeams-image-5-225x300.jpg\" alt=\"\" width=\"225\" height=\"300\" srcset=\"https:\/\/agora.xtec.cat\/ielondres\/wp-content\/uploads\/usu2343\/2023\/03\/MicrosoftTeams-image-5-225x300.jpg 225w, https:\/\/agora.xtec.cat\/ielondres\/wp-content\/uploads\/usu2343\/2023\/03\/MicrosoftTeams-image-5-768x1024.jpg 768w, https:\/\/agora.xtec.cat\/ielondres\/wp-content\/uploads\/usu2343\/2023\/03\/MicrosoftTeams-image-5-1152x1536.jpg 1152w, https:\/\/agora.xtec.cat\/ielondres\/wp-content\/uploads\/usu2343\/2023\/03\/MicrosoftTeams-image-5-1536x2048.jpg 1536w, https:\/\/agora.xtec.cat\/ielondres\/wp-content\/uploads\/usu2343\/2023\/03\/MicrosoftTeams-image-5-scaled.jpg 1920w\" sizes=\"auto, (max-width: 225px) 100vw, 225px\" \/> \u00a0 <img loading=\"lazy\" decoding=\"async\" class=\"alignnone size-medium wp-image-1028\" src=\"https:\/\/agora.xtec.cat\/ielondres\/wp-content\/uploads\/usu2343\/2023\/04\/IMG_4836-169x300.jpg\" alt=\"\" width=\"169\" height=\"300\" srcset=\"https:\/\/agora.xtec.cat\/ielondres\/wp-content\/uploads\/usu2343\/2023\/04\/IMG_4836-169x300.jpg 169w, https:\/\/agora.xtec.cat\/ielondres\/wp-content\/uploads\/usu2343\/2023\/04\/IMG_4836.jpg 360w\" sizes=\"auto, (max-width: 169px) 100vw, 169px\" \/>\u00a0 <img loading=\"lazy\" decoding=\"async\" class=\"alignnone size-medium wp-image-1026\" src=\"https:\/\/agora.xtec.cat\/ielondres\/wp-content\/uploads\/usu2343\/2023\/04\/IMG_5441-300x225.jpg\" alt=\"\" width=\"300\" height=\"225\" srcset=\"https:\/\/agora.xtec.cat\/ielondres\/wp-content\/uploads\/usu2343\/2023\/04\/IMG_5441-300x225.jpg 300w, https:\/\/agora.xtec.cat\/ielondres\/wp-content\/uploads\/usu2343\/2023\/04\/IMG_5441-200x150.jpg 200w, https:\/\/agora.xtec.cat\/ielondres\/wp-content\/uploads\/usu2343\/2023\/04\/IMG_5441-rotated.jpg 640w\" sizes=\"auto, (max-width: 300px) 100vw, 300px\" \/> <img loading=\"lazy\" decoding=\"async\" class=\"alignnone size-medium wp-image-1029\" src=\"https:\/\/agora.xtec.cat\/ielondres\/wp-content\/uploads\/usu2343\/2023\/04\/Imatge-alumnes-laboratori-300x225.jpg\" alt=\"\" width=\"300\" height=\"225\" srcset=\"https:\/\/agora.xtec.cat\/ielondres\/wp-content\/uploads\/usu2343\/2023\/04\/Imatge-alumnes-laboratori-300x225.jpg 300w, https:\/\/agora.xtec.cat\/ielondres\/wp-content\/uploads\/usu2343\/2023\/04\/Imatge-alumnes-laboratori-768x576.jpg 768w, https:\/\/agora.xtec.cat\/ielondres\/wp-content\/uploads\/usu2343\/2023\/04\/Imatge-alumnes-laboratori-200x150.jpg 200w, https:\/\/agora.xtec.cat\/ielondres\/wp-content\/uploads\/usu2343\/2023\/04\/Imatge-alumnes-laboratori.jpg 1024w\" sizes=\"auto, (max-width: 300px) 100vw, 300px\" \/><\/p>\n","protected":false},"excerpt":{"rendered":"<p>Aquest projecte est\u00e0 basat en l\u2019estudi d\u2019un parc urb\u00e0 proper a l\u2019escola.<br \/>\nPer qu\u00e8 hi ha parcs a Barcelona? Cada parc t\u00e9 la seva hist\u00f2ria. Tots ells s\u00f3n espais plens de vida, per trobar-se, compartir, de rep\u00f2s, de joc o activitats diverses.<br \/>\nNombrosos treballs m\u00e8dics demostren que&hellip;  <a href=\"https:\/\/agora.xtec.cat\/ielondres\/projecte-educatiu\/turonejant-estudi-dun-parc-urba\/\" title=\"Read TURONEJANT. Estudi d\u2019un parc urb\u00e0.\">Llegeix m\u00e9s\u00bb<\/a><\/p>\n","protected":false},"author":1,"featured_media":0,"parent":57,"menu_order":0,"comment_status":"closed","ping_status":"closed","template":"","meta":{"_bbp_topic_count":0,"_bbp_reply_count":0,"_bbp_total_topic_count":0,"_bbp_total_reply_count":0,"_bbp_voice_count":0,"_bbp_anonymous_reply_count":0,"_bbp_topic_count_hidden":0,"_bbp_reply_count_hidden":0,"_bbp_forum_subforum_count":0,"footnotes":""},"class_list":["post-996","page","type-page","status-publish","hentry"],"post_mailing_queue_ids":[],"_links":{"self":[{"href":"https:\/\/agora.xtec.cat\/ielondres\/wp-json\/wp\/v2\/pages\/996","targetHints":{"allow":["GET"]}}],"collection":[{"href":"https:\/\/agora.xtec.cat\/ielondres\/wp-json\/wp\/v2\/pages"}],"about":[{"href":"https:\/\/agora.xtec.cat\/ielondres\/wp-json\/wp\/v2\/types\/page"}],"author":[{"embeddable":true,"href":"https:\/\/agora.xtec.cat\/ielondres\/wp-json\/wp\/v2\/users\/1"}],"replies":[{"embeddable":true,"href":"https:\/\/agora.xtec.cat\/ielondres\/wp-json\/wp\/v2\/comments?post=996"}],"version-history":[{"count":3,"href":"https:\/\/agora.xtec.cat\/ielondres\/wp-json\/wp\/v2\/pages\/996\/revisions"}],"predecessor-version":[{"id":1031,"href":"https:\/\/agora.xtec.cat\/ielondres\/wp-json\/wp\/v2\/pages\/996\/revisions\/1031"}],"up":[{"embeddable":true,"href":"https:\/\/agora.xtec.cat\/ielondres\/wp-json\/wp\/v2\/pages\/57"}],"wp:attachment":[{"href":"https:\/\/agora.xtec.cat\/ielondres\/wp-json\/wp\/v2\/media?parent=996"}],"curies":[{"name":"wp","href":"https:\/\/api.w.org\/{rel}","templated":true}]}}