{"id":980,"date":"2023-03-15T15:27:48","date_gmt":"2023-03-15T14:27:48","guid":{"rendered":"https:\/\/agora.xtec.cat\/ielondres\/?page_id=980"},"modified":"2023-03-15T15:28:08","modified_gmt":"2023-03-15T14:28:08","slug":"avancem","status":"publish","type":"page","link":"https:\/\/agora.xtec.cat\/ielondres\/projecte-educatiu\/avancem\/","title":{"rendered":"AVANCEM"},"content":{"rendered":"<p><img loading=\"lazy\" decoding=\"async\" class=\"size-medium wp-image-981 aligncenter\" src=\"https:\/\/agora.xtec.cat\/ielondres\/wp-content\/uploads\/usu2343\/2023\/03\/av-300x128.png\" alt=\"\" width=\"300\" height=\"128\" srcset=\"https:\/\/agora.xtec.cat\/ielondres\/wp-content\/uploads\/usu2343\/2023\/03\/av-300x128.png 300w, https:\/\/agora.xtec.cat\/ielondres\/wp-content\/uploads\/usu2343\/2023\/03\/av.png 425w\" sizes=\"auto, (max-width: 300px) 100vw, 300px\" \/><\/p>\n<p>Els objectius generals del programa s\u2019adrecen a promoure l\u2019aplicaci\u00f3 a l\u2019aula de pr\u00e0ctiques que facilitin un aprenentatge de les lleng\u00fces de car\u00e0cter competencial i integrador; a fomentar el consens metodol\u00f2gic entre els docents i a promoure el disseny i implementaci\u00f3 de projectes d\u2019aula en qu\u00e8 participen diverses lleng\u00fces. A trav\u00e9s de l\u2019 AVANCEM tamb\u00e9 es vol oferir pautes als centres educatius per a l\u2019organitzaci\u00f3 educativa i el disseny curricular, refor\u00e7ar el treball cooperatiu entre el professorat de lleng\u00fces i promoure l\u2019intercanvi de bones pr\u00e0ctiques entre els centres participants.<\/p>\n<p>M\u00e9s informaci\u00f3 al <a href=\"https:\/\/projectes.xtec.cat\/avancem\/\">web.<\/a><\/p>\n","protected":false},"excerpt":{"rendered":"<p>Els objectius generals del programa s\u2019adrecen a promoure l\u2019aplicaci\u00f3 a l\u2019aula de pr\u00e0ctiques que facilitin un aprenentatge de les lleng\u00fces de car\u00e0cter competencial i integrador; a fomentar el consens metodol\u00f2gic entre els docents i a promoure el disseny i implementaci\u00f3 de projectes d\u2019aula en qu\u00e8&hellip;  <a href=\"https:\/\/agora.xtec.cat\/ielondres\/projecte-educatiu\/avancem\/\" title=\"Read AVANCEM\">Llegeix m\u00e9s\u00bb<\/a><\/p>\n","protected":false},"author":1,"featured_media":0,"parent":57,"menu_order":0,"comment_status":"closed","ping_status":"closed","template":"","meta":{"_bbp_topic_count":0,"_bbp_reply_count":0,"_bbp_total_topic_count":0,"_bbp_total_reply_count":0,"_bbp_voice_count":0,"_bbp_anonymous_reply_count":0,"_bbp_topic_count_hidden":0,"_bbp_reply_count_hidden":0,"_bbp_forum_subforum_count":0,"footnotes":""},"class_list":["post-980","page","type-page","status-publish","hentry"],"post_mailing_queue_ids":[],"_links":{"self":[{"href":"https:\/\/agora.xtec.cat\/ielondres\/wp-json\/wp\/v2\/pages\/980","targetHints":{"allow":["GET"]}}],"collection":[{"href":"https:\/\/agora.xtec.cat\/ielondres\/wp-json\/wp\/v2\/pages"}],"about":[{"href":"https:\/\/agora.xtec.cat\/ielondres\/wp-json\/wp\/v2\/types\/page"}],"author":[{"embeddable":true,"href":"https:\/\/agora.xtec.cat\/ielondres\/wp-json\/wp\/v2\/users\/1"}],"replies":[{"embeddable":true,"href":"https:\/\/agora.xtec.cat\/ielondres\/wp-json\/wp\/v2\/comments?post=980"}],"version-history":[{"count":1,"href":"https:\/\/agora.xtec.cat\/ielondres\/wp-json\/wp\/v2\/pages\/980\/revisions"}],"predecessor-version":[{"id":982,"href":"https:\/\/agora.xtec.cat\/ielondres\/wp-json\/wp\/v2\/pages\/980\/revisions\/982"}],"up":[{"embeddable":true,"href":"https:\/\/agora.xtec.cat\/ielondres\/wp-json\/wp\/v2\/pages\/57"}],"wp:attachment":[{"href":"https:\/\/agora.xtec.cat\/ielondres\/wp-json\/wp\/v2\/media?parent=980"}],"curies":[{"name":"wp","href":"https:\/\/api.w.org\/{rel}","templated":true}]}}