{"id":970,"date":"2023-03-15T15:00:17","date_gmt":"2023-03-15T14:00:17","guid":{"rendered":"https:\/\/agora.xtec.cat\/ielondres\/?page_id=970"},"modified":"2023-03-15T15:28:53","modified_gmt":"2023-03-15T14:28:53","slug":"programa-enginy","status":"publish","type":"page","link":"https:\/\/agora.xtec.cat\/ielondres\/projecte-educatiu\/programa-enginy\/","title":{"rendered":"Programa Enginy"},"content":{"rendered":"<p><img loading=\"lazy\" decoding=\"async\" class=\"size-medium wp-image-971 aligncenter\" src=\"https:\/\/agora.xtec.cat\/ielondres\/wp-content\/uploads\/usu2343\/2023\/03\/enginy-300x81.png\" alt=\"\" width=\"300\" height=\"81\" srcset=\"https:\/\/agora.xtec.cat\/ielondres\/wp-content\/uploads\/usu2343\/2023\/03\/enginy-300x81.png 300w, https:\/\/agora.xtec.cat\/ielondres\/wp-content\/uploads\/usu2343\/2023\/03\/enginy-1024x278.png 1024w, https:\/\/agora.xtec.cat\/ielondres\/wp-content\/uploads\/usu2343\/2023\/03\/enginy-768x209.png 768w, https:\/\/agora.xtec.cat\/ielondres\/wp-content\/uploads\/usu2343\/2023\/03\/enginy.png 1410w\" sizes=\"auto, (max-width: 300px) 100vw, 300px\" \/><\/p>\n<p>Programa promogut pel Consorci d\u2019Educaci\u00f3 de Barcelona.<\/p>\n<p>El Programa Enginy s\u2019ofereix com a mesura universal per a l\u2019atenci\u00f3 educativa de tot l&#8217;alumnat d\u2019ESO en el marc d\u2019un sistema educatiu inclusiu, adaptant-se als nous reptes culturals, socials, econ\u00f2mics, cient\u00edfics i tecnol\u00f2gics actuals; situant l\u2019aprenentatge competencial com un pilar per promoure valors i actituds d\u2019inclusi\u00f3 social per viure i aprendre junts alumnes diferents i disminuir les desigualtats, tot destacant el paper dels docents i dels educadors com a agents impulsors d\u2019aquests canvis. Els diferents projectes i\/o tallers que s\u2019ofereixen, esdevenen un tastet d\u2019oficis i de nous aprenentatges que abasten diferents \u00e0mbits professionals (tecnol\u00f2gic, art\u00edstic, ocupacional, human\u00edstic, esportiu&#8230;) i pretenen ser una eina d\u2019orientaci\u00f3 inspiradora per al despertar de vocacions entre l\u2019alumnat que contribueixi a la definici\u00f3 del que ser\u00e0 el seu futur educatiu i professional per mitj\u00e0 de nous contexts d\u2019aprenentatge tant per a l\u2019alumnat com per al professorat.<\/p>\n<p>Trobareu m\u00e9s informaci\u00f3 al seg\u00fcent <a href=\"https:\/\/www.edubcn.cat\/rcs_gene\/extra\/05_convocatoria_unificada_programes\/2021_2022\/I0101_Enginy_DESCRIPTIVA_2021_2022.pdf\">enlla\u00e7.<\/a><\/p>\n","protected":false},"excerpt":{"rendered":"<p>Programa promogut pel Consorci d\u2019Educaci\u00f3 de Barcelona.<br \/>\nEl Programa Enginy s\u2019ofereix com a mesura universal per a l\u2019atenci\u00f3 educativa de tot l&#8217;alumnat d\u2019ESO en el marc d\u2019un sistema educatiu inclusiu, adaptant-se als nous reptes culturals, socials, econ\u00f2mics, cient\u00edfics i tecnol\u00f2gics actuals; situant l\u2019aprenentatge competencial com un&hellip;  <a href=\"https:\/\/agora.xtec.cat\/ielondres\/projecte-educatiu\/programa-enginy\/\" title=\"Read Programa Enginy\">Llegeix m\u00e9s\u00bb<\/a><\/p>\n","protected":false},"author":1,"featured_media":0,"parent":57,"menu_order":5,"comment_status":"closed","ping_status":"closed","template":"","meta":{"_bbp_topic_count":0,"_bbp_reply_count":0,"_bbp_total_topic_count":0,"_bbp_total_reply_count":0,"_bbp_voice_count":0,"_bbp_anonymous_reply_count":0,"_bbp_topic_count_hidden":0,"_bbp_reply_count_hidden":0,"_bbp_forum_subforum_count":0,"footnotes":""},"class_list":["post-970","page","type-page","status-publish","hentry"],"post_mailing_queue_ids":[],"_links":{"self":[{"href":"https:\/\/agora.xtec.cat\/ielondres\/wp-json\/wp\/v2\/pages\/970","targetHints":{"allow":["GET"]}}],"collection":[{"href":"https:\/\/agora.xtec.cat\/ielondres\/wp-json\/wp\/v2\/pages"}],"about":[{"href":"https:\/\/agora.xtec.cat\/ielondres\/wp-json\/wp\/v2\/types\/page"}],"author":[{"embeddable":true,"href":"https:\/\/agora.xtec.cat\/ielondres\/wp-json\/wp\/v2\/users\/1"}],"replies":[{"embeddable":true,"href":"https:\/\/agora.xtec.cat\/ielondres\/wp-json\/wp\/v2\/comments?post=970"}],"version-history":[{"count":1,"href":"https:\/\/agora.xtec.cat\/ielondres\/wp-json\/wp\/v2\/pages\/970\/revisions"}],"predecessor-version":[{"id":972,"href":"https:\/\/agora.xtec.cat\/ielondres\/wp-json\/wp\/v2\/pages\/970\/revisions\/972"}],"up":[{"embeddable":true,"href":"https:\/\/agora.xtec.cat\/ielondres\/wp-json\/wp\/v2\/pages\/57"}],"wp:attachment":[{"href":"https:\/\/agora.xtec.cat\/ielondres\/wp-json\/wp\/v2\/media?parent=970"}],"curies":[{"name":"wp","href":"https:\/\/api.w.org\/{rel}","templated":true}]}}