{"id":965,"date":"2023-03-15T14:09:35","date_gmt":"2023-03-15T13:09:35","guid":{"rendered":"https:\/\/agora.xtec.cat\/ielondres\/?page_id=965"},"modified":"2023-03-15T15:15:16","modified_gmt":"2023-03-15T14:15:16","slug":"donam-ales-fecyt","status":"publish","type":"page","link":"https:\/\/agora.xtec.cat\/ielondres\/projecte-educatiu\/donam-ales-fecyt\/","title":{"rendered":"Dona&#8217;m ales (FECYT)"},"content":{"rendered":"<p><img loading=\"lazy\" decoding=\"async\" class=\"size-medium wp-image-966 aligncenter\" src=\"https:\/\/agora.xtec.cat\/ielondres\/wp-content\/uploads\/usu2343\/2023\/03\/DA-300x111.png\" alt=\"\" width=\"300\" height=\"111\" srcset=\"https:\/\/agora.xtec.cat\/ielondres\/wp-content\/uploads\/usu2343\/2023\/03\/DA-300x111.png 300w, https:\/\/agora.xtec.cat\/ielondres\/wp-content\/uploads\/usu2343\/2023\/03\/DA.png 616w\" sizes=\"auto, (max-width: 300px) 100vw, 300px\" \/><\/p>\n<p>Amb els projecte <strong>Dona&#8217;m ales<\/strong>, els nostres alumnes de 2n d&#8217;ESO treballen amb un material educatiu h\u00edbrid de ci\u00e8ncia ciutadana per con\u00e8ixer i valorar la biodiversitat en entorns urbans. \u00c9s un projecte cofinan\u00e7at pel Ministeri de Ci\u00e8ncia i Innovaci\u00f3 en el marc de la convocat\u00f2ria d\u2019ajudes per al foment de la cultura cient\u00edfica, tecnol\u00f2gica i de la innovaci\u00f3 (FECYT).<\/p>\n<p>&nbsp;<\/p>\n","protected":false},"excerpt":{"rendered":"<p>Amb els projecte Dona&#8217;m ales, els nostres alumnes de 2n d&#8217;ESO treballen amb un material educatiu h\u00edbrid de ci\u00e8ncia ciutadana per con\u00e8ixer i valorar la biodiversitat en entorns urbans. \u00c9s un projecte cofinan\u00e7at pel Ministeri de Ci\u00e8ncia i Innovaci\u00f3 en el marc de la convocat\u00f2ria&hellip;  <a href=\"https:\/\/agora.xtec.cat\/ielondres\/projecte-educatiu\/donam-ales-fecyt\/\" title=\"Read Dona&#8217;m ales (FECYT)\">Llegeix m\u00e9s\u00bb<\/a><\/p>\n","protected":false},"author":1,"featured_media":0,"parent":57,"menu_order":0,"comment_status":"closed","ping_status":"closed","template":"","meta":{"_bbp_topic_count":0,"_bbp_reply_count":0,"_bbp_total_topic_count":0,"_bbp_total_reply_count":0,"_bbp_voice_count":0,"_bbp_anonymous_reply_count":0,"_bbp_topic_count_hidden":0,"_bbp_reply_count_hidden":0,"_bbp_forum_subforum_count":0,"footnotes":""},"class_list":["post-965","page","type-page","status-publish","hentry"],"post_mailing_queue_ids":[],"_links":{"self":[{"href":"https:\/\/agora.xtec.cat\/ielondres\/wp-json\/wp\/v2\/pages\/965","targetHints":{"allow":["GET"]}}],"collection":[{"href":"https:\/\/agora.xtec.cat\/ielondres\/wp-json\/wp\/v2\/pages"}],"about":[{"href":"https:\/\/agora.xtec.cat\/ielondres\/wp-json\/wp\/v2\/types\/page"}],"author":[{"embeddable":true,"href":"https:\/\/agora.xtec.cat\/ielondres\/wp-json\/wp\/v2\/users\/1"}],"replies":[{"embeddable":true,"href":"https:\/\/agora.xtec.cat\/ielondres\/wp-json\/wp\/v2\/comments?post=965"}],"version-history":[{"count":1,"href":"https:\/\/agora.xtec.cat\/ielondres\/wp-json\/wp\/v2\/pages\/965\/revisions"}],"predecessor-version":[{"id":967,"href":"https:\/\/agora.xtec.cat\/ielondres\/wp-json\/wp\/v2\/pages\/965\/revisions\/967"}],"up":[{"embeddable":true,"href":"https:\/\/agora.xtec.cat\/ielondres\/wp-json\/wp\/v2\/pages\/57"}],"wp:attachment":[{"href":"https:\/\/agora.xtec.cat\/ielondres\/wp-json\/wp\/v2\/media?parent=965"}],"curies":[{"name":"wp","href":"https:\/\/api.w.org\/{rel}","templated":true}]}}