{"id":955,"date":"2023-03-15T13:53:36","date_gmt":"2023-03-15T12:53:36","guid":{"rendered":"https:\/\/agora.xtec.cat\/ielondres\/?page_id=955"},"modified":"2023-04-13T16:59:07","modified_gmt":"2023-04-13T14:59:07","slug":"neuro-talent-games","status":"publish","type":"page","link":"https:\/\/agora.xtec.cat\/ielondres\/projecte-educatiu\/neuro-talent-games\/","title":{"rendered":"Neuro Talent Games"},"content":{"rendered":"<h2 style=\"text-align: center;\"><img loading=\"lazy\" decoding=\"async\" class=\"alignnone size-medium wp-image-956\" src=\"https:\/\/agora.xtec.cat\/ielondres\/wp-content\/uploads\/usu2343\/2023\/03\/NTG-300x109.png\" alt=\"\" width=\"300\" height=\"109\" srcset=\"https:\/\/agora.xtec.cat\/ielondres\/wp-content\/uploads\/usu2343\/2023\/03\/NTG-300x109.png 300w, https:\/\/agora.xtec.cat\/ielondres\/wp-content\/uploads\/usu2343\/2023\/03\/NTG.png 334w\" sizes=\"auto, (max-width: 300px) 100vw, 300px\" \/><\/h2>\n<h2>Neuro Talent Games, una competici\u00f3 de mem\u00f2ria dirigida a joves.<\/h2>\n<p>Els nostres alumnes de 1r d&#8217;ESO participen al Neuro Talent Games, un concurs organitzat per la Fundaci\u00f3 Rosa Maria Vivar. La Fundaci\u00f3 Rosa M. Vivar t\u00e9 com objectiu promoure projectes per a l\u2019Alzheimer, la seva sensibilitzaci\u00f3 i prevenci\u00f3, aix\u00ed com divulgar la necessitat de cuidar la salut cognitiva des de la infantesa i al llarg de tota la vida, amb la finalitat de prevenir malalties neurodegeneratives i fomentar un envelliment saludable.<\/p>\n<p>Entrenant la mem\u00f2ria amb estrat\u00e8gies per aprendre i recordar continguts potenciem l\u2019aprenentatge. A m\u00e9s, millorem la nostra salut cognitiva ja que s\u2019alenteix l\u2019envelliment normal del cervell i ajudem a preservar durant m\u00e9s temps la qualitat de vida davant malalties neurodegeneratives.<\/p>\n<p>Trobareu tota la informaci\u00f3 clicant sobre aquest <a href=\"http:\/\/neurotalentgames.org\/\">enlla\u00e7<\/a>.<\/p>\n","protected":false},"excerpt":{"rendered":"<p>Neuro Talent Games, una competici\u00f3 de mem\u00f2ria dirigida a joves.<br \/>\nEls nostres alumnes de 1r d&#8217;ESO participen al Neuro Talent Games, un concurs organitzat per la Fundaci\u00f3 Rosa Maria Vivar. La Fundaci\u00f3 Rosa M. Vivar t\u00e9 com objectiu promoure projectes per a l\u2019Alzheimer, la seva sensibilitzaci\u00f3&hellip;  <a href=\"https:\/\/agora.xtec.cat\/ielondres\/projecte-educatiu\/neuro-talent-games\/\" title=\"Read Neuro Talent Games\">Llegeix m\u00e9s\u00bb<\/a><\/p>\n","protected":false},"author":1,"featured_media":0,"parent":57,"menu_order":0,"comment_status":"closed","ping_status":"closed","template":"page-templates\/side-menu.php","meta":{"_bbp_topic_count":0,"_bbp_reply_count":0,"_bbp_total_topic_count":0,"_bbp_total_reply_count":0,"_bbp_voice_count":0,"_bbp_anonymous_reply_count":0,"_bbp_topic_count_hidden":0,"_bbp_reply_count_hidden":0,"_bbp_forum_subforum_count":0,"footnotes":""},"class_list":["post-955","page","type-page","status-publish","hentry"],"post_mailing_queue_ids":[],"_links":{"self":[{"href":"https:\/\/agora.xtec.cat\/ielondres\/wp-json\/wp\/v2\/pages\/955","targetHints":{"allow":["GET"]}}],"collection":[{"href":"https:\/\/agora.xtec.cat\/ielondres\/wp-json\/wp\/v2\/pages"}],"about":[{"href":"https:\/\/agora.xtec.cat\/ielondres\/wp-json\/wp\/v2\/types\/page"}],"author":[{"embeddable":true,"href":"https:\/\/agora.xtec.cat\/ielondres\/wp-json\/wp\/v2\/users\/1"}],"replies":[{"embeddable":true,"href":"https:\/\/agora.xtec.cat\/ielondres\/wp-json\/wp\/v2\/comments?post=955"}],"version-history":[{"count":2,"href":"https:\/\/agora.xtec.cat\/ielondres\/wp-json\/wp\/v2\/pages\/955\/revisions"}],"predecessor-version":[{"id":974,"href":"https:\/\/agora.xtec.cat\/ielondres\/wp-json\/wp\/v2\/pages\/955\/revisions\/974"}],"up":[{"embeddable":true,"href":"https:\/\/agora.xtec.cat\/ielondres\/wp-json\/wp\/v2\/pages\/57"}],"wp:attachment":[{"href":"https:\/\/agora.xtec.cat\/ielondres\/wp-json\/wp\/v2\/media?parent=955"}],"curies":[{"name":"wp","href":"https:\/\/api.w.org\/{rel}","templated":true}]}}