{"id":77,"date":"2022-10-12T10:29:25","date_gmt":"2022-10-12T08:29:25","guid":{"rendered":"http:\/\/agora.xtec.cat\/ielondres\/?page_id=77"},"modified":"2022-10-12T19:39:29","modified_gmt":"2022-10-12T17:39:29","slug":"transport-escolar","status":"publish","type":"page","link":"https:\/\/agora.xtec.cat\/ielondres\/serveis\/transport-escolar\/","title":{"rendered":"Mediaci\u00f3"},"content":{"rendered":"<p style=\"text-align: center;\"><a href=\"https:\/\/agora.xtec.cat\/ielondres\/wp-content\/uploads\/usu2343\/2022\/10\/images.jpg\"><img loading=\"lazy\" decoding=\"async\" class=\"alignnone size-full wp-image-596\" src=\"https:\/\/agora.xtec.cat\/ielondres\/wp-content\/uploads\/usu2343\/2022\/10\/images.jpg\" alt=\"\" width=\"262\" height=\"192\" \/><\/a><\/p>\n<p>A l\u2019IE Londres apostem per la gesti\u00f3 positiva dels conflictes!<br \/>\nPassem moltes hores junts\/es i \u00e9s inevitable que sorgeixin rumors, malentesos, amistats deteriorades, petites discusions\u2026<br \/>\nDavant aquestes situacions oferim un espai de confian\u00e7a i respecte. A Mediaci\u00f3 proposem que els alumnes solucionin els seus conflictes sense viol\u00e8ncia, mitjan\u00e7ant el di\u00e0leg i facilitant el guiatge per a que ells arribin sols a la resoluci\u00f3. Ajudem a restablir la comunicaci\u00f3 entre les dues parts; que trobin punts en com\u00fa; que comparteixin els sentiments i emocions que apareixen en una situaci\u00f3 conflictiva\u2026<br \/>\nL\u2019equip de Mediaci\u00f3 est\u00e0 disponible durant l\u2019horari lectiu i al pati. \u00c9s pot accedir al servei mitjan\u00e7ant les tutores i\/o parlant directament amb algun membre de l\u2019equip: \u00c0ngels, Bernat i Maria.<\/p>\n<p style=\"text-align: center;\"><a href=\"https:\/\/agora.xtec.cat\/ielondres\/wp-content\/uploads\/usu2343\/2022\/10\/images2.jpg\"><img loading=\"lazy\" decoding=\"async\" class=\"alignnone size-full wp-image-597\" src=\"https:\/\/agora.xtec.cat\/ielondres\/wp-content\/uploads\/usu2343\/2022\/10\/images2.jpg\" alt=\"\" width=\"276\" height=\"182\" \/><\/a><\/p>\n<p>&nbsp;<\/p>\n","protected":false},"excerpt":{"rendered":"<p><a href=\"https:\/\/agora.xtec.cat\/ielondres\/wp-content\/uploads\/usu2343\/2022\/10\/images.jpg\"><\/a><br \/>\nA l\u2019IE Londres apostem per la gesti\u00f3 positiva dels conflictes!<br \/>\nPassem moltes hores junts\/es i \u00e9s inevitable que sorgeixin rumors, malentesos, amistats deteriorades, petites discusions\u2026<br \/>\nDavant aquestes situacions oferim un espai de confian\u00e7a i respecte. A Mediaci\u00f3 proposem que els alumnes solucionin els seus conflictes sense&hellip;  <a href=\"https:\/\/agora.xtec.cat\/ielondres\/serveis\/transport-escolar\/\" title=\"Read Mediaci\u00f3\">Llegeix m\u00e9s\u00bb<\/a><\/p>\n","protected":false},"author":1,"featured_media":0,"parent":63,"menu_order":50,"comment_status":"closed","ping_status":"closed","template":"page-templates\/side-menu.php","meta":{"_bbp_topic_count":0,"_bbp_reply_count":0,"_bbp_total_topic_count":0,"_bbp_total_reply_count":0,"_bbp_voice_count":0,"_bbp_anonymous_reply_count":0,"_bbp_topic_count_hidden":0,"_bbp_reply_count_hidden":0,"_bbp_forum_subforum_count":0,"footnotes":""},"class_list":["post-77","page","type-page","status-publish","hentry"],"post_mailing_queue_ids":[],"_links":{"self":[{"href":"https:\/\/agora.xtec.cat\/ielondres\/wp-json\/wp\/v2\/pages\/77","targetHints":{"allow":["GET"]}}],"collection":[{"href":"https:\/\/agora.xtec.cat\/ielondres\/wp-json\/wp\/v2\/pages"}],"about":[{"href":"https:\/\/agora.xtec.cat\/ielondres\/wp-json\/wp\/v2\/types\/page"}],"author":[{"embeddable":true,"href":"https:\/\/agora.xtec.cat\/ielondres\/wp-json\/wp\/v2\/users\/1"}],"replies":[{"embeddable":true,"href":"https:\/\/agora.xtec.cat\/ielondres\/wp-json\/wp\/v2\/comments?post=77"}],"version-history":[{"count":3,"href":"https:\/\/agora.xtec.cat\/ielondres\/wp-json\/wp\/v2\/pages\/77\/revisions"}],"predecessor-version":[{"id":598,"href":"https:\/\/agora.xtec.cat\/ielondres\/wp-json\/wp\/v2\/pages\/77\/revisions\/598"}],"up":[{"embeddable":true,"href":"https:\/\/agora.xtec.cat\/ielondres\/wp-json\/wp\/v2\/pages\/63"}],"wp:attachment":[{"href":"https:\/\/agora.xtec.cat\/ielondres\/wp-json\/wp\/v2\/media?parent=77"}],"curies":[{"name":"wp","href":"https:\/\/api.w.org\/{rel}","templated":true}]}}