{"id":753,"date":"2022-07-10T23:58:29","date_gmt":"2022-07-10T21:58:29","guid":{"rendered":"https:\/\/agora.xtec.cat\/ielondres\/?page_id=753"},"modified":"2022-11-17T00:00:29","modified_gmt":"2022-11-16T23:00:29","slug":"ui-pla-digital","status":"publish","type":"page","link":"https:\/\/agora.xtec.cat\/ielondres\/ui-pla-digital\/","title":{"rendered":"UI-Pla Digital"},"content":{"rendered":"<p>A l&#8217;etapa infantil i prim\u00e0ria l&#8217;\u00fas de l&#8217;Ipad ha continuat en funcionament per dur a terme diverses tasques que ajuden a l&#8217;aprenentatge dels nostres alumnes.<br \/>\nA infantil, ha estat un punt clau per aprofundir en la motricitat fina i en l&#8217;aprenentatge de continguts matem\u00e0tics i de llengua. A m\u00e9s, els ajuda a interactuar digitalment i agafar confian\u00e7a amb les tecnologies.<br \/>\nA prim\u00e0ria, l&#8217;iPad es va adaptant als continguts que es treballen a l&#8217;aula, investigant, creant i buscant solucions a les tasques proposades. Aprenentatges basats en la cerca, l&#8217;escriptura, la lectura i l&#8217;art. A m\u00e9s, a cicle superior \u00e9s l&#8217;eina de treball di\u00e0ria amb la tauleta pr\u00f2pia de cada alumne, utilitzant els llibres digitals i les aplicacions necess\u00e0ries.<br \/>\nLa utilitzaci\u00f3 d&#8217;Ipads a les aules facilita el treball tant aut\u00f2nom com cooperatiu de l&#8217;alumnat. D&#8217;aquesta manera, poden realitzar presentacions grupals de cada mat\u00e8ria, on tots treballen per igual.<br \/>\nEn l&#8217;\u00e0mbit matem\u00e0tic aplicacions com Numbers, els ajuden a implementar als seus treballs, gr\u00e0fiques i taules de c\u00e0lculs. Igualment, es desperta el seu inter\u00e8s per la programaci\u00f3 duent a terme interessants projectes de rob\u00f2tica. A m\u00e9s, millora les seves capacitats de recerca i creativitat.<br \/>\nL&#8217;\u00fas d&#8217;aquest dispositiu, els hi permet aprendre amb llibres digitals, din\u00e0mics, competencials i en constant actualitzaci\u00f3. D&#8217;aquesta manera, els alumnes de l&#8217;IE Londres desenvolupen la millor educaci\u00f3 digital possible.<\/p>\n<p>&nbsp;<\/p>\n\r\n\t<div class=\"slideshow_container slideshow_container_style-light\" style=\"height: 600px; \" data-slideshow-id=\"736\" data-style-name=\"style-light\" data-style-version=\"2.3.1\" >\r\n\r\n\t\t\t\t\t<div class=\"slideshow_loading_icon\"><\/div>\r\n\t\t\r\n\t\t<div class=\"slideshow_content\" style=\"display: none;\">\r\n\r\n\t\t\t<div class=\"slideshow_view\">\r\n\t\t\t\t<div class=\"slideshow_slide slideshow_slide_image\">\r\n\t\t\t\t\t\t\t\t\t\t\t<img src=\"https:\/\/agora.xtec.cat\/ielondres\/wp-content\/uploads\/usu2343\/2022\/11\/img-899299986286-3B28-7092-FE13-B7186D8A89AA.jpg\" alt=\"img-899299986286-3B28-7092-FE13-B7186D8A89AA\" width=\"1297\" height=\"1300\" \/>\r\n\t\t\t\t\t\t\t\t\t\t<div class=\"slideshow_description_box slideshow_transparent\">\r\n\t\t\t\t\t\t<div class=\"slideshow_title\">img-899299986286-3B28-7092-FE13-B7186D8A89AA<\/div>\t\t\t\t\t\t\t\t\t\t\t<\/div>\r\n\t\t\t\t<\/div>\r\n\r\n\t\t\t\t\t\t<div style=\"clear: both;\"><\/div><\/div><div class=\"slideshow_view\">\r\n\t\t\t\t<div class=\"slideshow_slide slideshow_slide_image\">\r\n\t\t\t\t\t\t\t\t\t\t\t<img src=\"https:\/\/agora.xtec.cat\/ielondres\/wp-content\/uploads\/usu2343\/2022\/11\/presentacions-2A99BCAA6-E486-4E79-F591-C4216089A241.jpg\" alt=\"presentacions-2A99BCAA6-E486-4E79-F591-C4216089A241\" width=\"1280\" height=\"959\" \/>\r\n\t\t\t\t\t\t\t\t\t\t<div class=\"slideshow_description_box slideshow_transparent\">\r\n\t\t\t\t\t\t<div class=\"slideshow_title\">presentacions-2A99BCAA6-E486-4E79-F591-C4216089A241<\/div>\t\t\t\t\t\t\t\t\t\t\t<\/div>\r\n\t\t\t\t<\/div>\r\n\r\n\t\t\t\t\t\t<div style=\"clear: both;\"><\/div><\/div><div class=\"slideshow_view\">\r\n\t\t\t\t<div class=\"slideshow_slide slideshow_slide_image\">\r\n\t\t\t\t\t\t\t\t\t\t\t<img src=\"https:\/\/agora.xtec.cat\/ielondres\/wp-content\/uploads\/usu2343\/2022\/11\/img-8990B7EF80A2-FBDC-A89B-A0FA-956FB9B53179.jpg\" alt=\"img-8990B7EF80A2-FBDC-A89B-A0FA-956FB9B53179\" width=\"1283\" height=\"1536\" \/>\r\n\t\t\t\t\t\t\t\t\t\t<div class=\"slideshow_description_box slideshow_transparent\">\r\n\t\t\t\t\t\t<div class=\"slideshow_title\">img-8990B7EF80A2-FBDC-A89B-A0FA-956FB9B53179<\/div>\t\t\t\t\t\t\t\t\t\t\t<\/div>\r\n\t\t\t\t<\/div>\r\n\r\n\t\t\t\t\t\t<div style=\"clear: both;\"><\/div><\/div><div class=\"slideshow_view\">\r\n\t\t\t\t<div class=\"slideshow_slide slideshow_slide_image\">\r\n\t\t\t\t\t\t\t\t\t\t\t<img src=\"https:\/\/agora.xtec.cat\/ielondres\/wp-content\/uploads\/usu2343\/2022\/11\/presentacions233DD02C-66E3-894C-142C-7949600F27B2.jpg\" alt=\"presentacions233DD02C-66E3-894C-142C-7949600F27B2\" width=\"1280\" height=\"960\" \/>\r\n\t\t\t\t\t\t\t\t\t\t<div class=\"slideshow_description_box slideshow_transparent\">\r\n\t\t\t\t\t\t<div class=\"slideshow_title\">presentacions233DD02C-66E3-894C-142C-7949600F27B2<\/div>\t\t\t\t\t\t\t\t\t\t\t<\/div>\r\n\t\t\t\t<\/div>\r\n\r\n\t\t\t\t\t\t<div style=\"clear: both;\"><\/div><\/div><div class=\"slideshow_view\">\r\n\t\t\t\t<div class=\"slideshow_slide slideshow_slide_image\">\r\n\t\t\t\t\t\t\t\t\t\t\t<img src=\"https:\/\/agora.xtec.cat\/ielondres\/wp-content\/uploads\/usu2343\/2022\/11\/grafiques-2D7FCC916-AEA7-9100-62F3-F6A8BD72FE3C.png\" alt=\"grafiques-2D7FCC916-AEA7-9100-62F3-F6A8BD72FE3C\" width=\"1280\" height=\"960\" \/>\r\n\t\t\t\t\t\t\t\t\t\t<div class=\"slideshow_description_box slideshow_transparent\">\r\n\t\t\t\t\t\t<div class=\"slideshow_title\">grafiques-2D7FCC916-AEA7-9100-62F3-F6A8BD72FE3C<\/div>\t\t\t\t\t\t\t\t\t\t\t<\/div>\r\n\t\t\t\t<\/div>\r\n\r\n\t\t\t\t\t\t<div style=\"clear: both;\"><\/div><\/div><div class=\"slideshow_view\">\r\n\t\t\t\t<div class=\"slideshow_slide slideshow_slide_image\">\r\n\t\t\t\t\t\t\t\t\t\t\t<img src=\"https:\/\/agora.xtec.cat\/ielondres\/wp-content\/uploads\/usu2343\/2022\/11\/grafiquesBB4CA867-7B52-2DFA-2E56-668216E36255.png\" alt=\"grafiquesBB4CA867-7B52-2DFA-2E56-668216E36255\" width=\"1280\" height=\"960\" \/>\r\n\t\t\t\t\t\t\t\t\t\t<div class=\"slideshow_description_box slideshow_transparent\">\r\n\t\t\t\t\t\t<div class=\"slideshow_title\">grafiquesBB4CA867-7B52-2DFA-2E56-668216E36255<\/div>\t\t\t\t\t\t\t\t\t\t\t<\/div>\r\n\t\t\t\t<\/div>\r\n\r\n\t\t\t\t\t\t<div style=\"clear: both;\"><\/div><\/div><div class=\"slideshow_view\">\r\n\t\t\t\t<div class=\"slideshow_slide slideshow_slide_image\">\r\n\t\t\t\t\t\t\t\t\t\t\t<img src=\"https:\/\/agora.xtec.cat\/ielondres\/wp-content\/uploads\/usu2343\/2022\/11\/ofimatica-excell7852EFDD-1D24-2971-F040-04077FEAD09F.png\" alt=\"ofimatica-excell7852EFDD-1D24-2971-F040-04077FEAD09F\" width=\"1280\" height=\"960\" \/>\r\n\t\t\t\t\t\t\t\t\t\t<div class=\"slideshow_description_box slideshow_transparent\">\r\n\t\t\t\t\t\t<div class=\"slideshow_title\">ofimatica-excell7852EFDD-1D24-2971-F040-04077FEAD09F<\/div>\t\t\t\t\t\t\t\t\t\t\t<\/div>\r\n\t\t\t\t<\/div>\r\n\r\n\t\t\t\t\t\t<div style=\"clear: both;\"><\/div><\/div><div class=\"slideshow_view\">\r\n\t\t\t\t<div class=\"slideshow_slide slideshow_slide_image\">\r\n\t\t\t\t\t\t\t\t\t\t\t<img src=\"https:\/\/agora.xtec.cat\/ielondres\/wp-content\/uploads\/usu2343\/2022\/11\/llibres-digitals16FB4FBF-C88F-3E87-ADC1-4628C5FC4D04.png\" alt=\"llibres-digitals16FB4FBF-C88F-3E87-ADC1-4628C5FC4D04\" width=\"1280\" height=\"960\" \/>\r\n\t\t\t\t\t\t\t\t\t\t<div class=\"slideshow_description_box slideshow_transparent\">\r\n\t\t\t\t\t\t<div class=\"slideshow_title\">llibres-digitals16FB4FBF-C88F-3E87-ADC1-4628C5FC4D04<\/div>\t\t\t\t\t\t\t\t\t\t\t<\/div>\r\n\t\t\t\t<\/div>\r\n\r\n\t\t\t\t\t\t<div style=\"clear: both;\"><\/div><\/div><div class=\"slideshow_view\">\r\n\t\t\t\t<div class=\"slideshow_slide slideshow_slide_image\">\r\n\t\t\t\t\t\t\t\t\t\t\t<img src=\"https:\/\/agora.xtec.cat\/ielondres\/wp-content\/uploads\/usu2343\/2022\/11\/img-8991F26AD0E0-A1AA-7060-1794-EEAB4CB31B9F.jpg\" alt=\"img-8991F26AD0E0-A1AA-7060-1794-EEAB4CB31B9F\" width=\"489\" height=\"522\" \/>\r\n\t\t\t\t\t\t\t\t\t\t<div class=\"slideshow_description_box slideshow_transparent\">\r\n\t\t\t\t\t\t<div class=\"slideshow_title\">img-8991F26AD0E0-A1AA-7060-1794-EEAB4CB31B9F<\/div>\t\t\t\t\t\t\t\t\t\t\t<\/div>\r\n\t\t\t\t<\/div>\r\n\r\n\t\t\t\t\t\t<div style=\"clear: both;\"><\/div><\/div><div class=\"slideshow_view\">\r\n\t\t\t\t<div class=\"slideshow_slide slideshow_slide_image\">\r\n\t\t\t\t\t\t\t\t\t\t\t<img src=\"https:\/\/agora.xtec.cat\/ielondres\/wp-content\/uploads\/usu2343\/2022\/11\/programar053C7D34-D28C-2ABF-48ED-7A6969DC4536.jpg\" alt=\"programar053C7D34-D28C-2ABF-48ED-7A6969DC4536\" width=\"1280\" height=\"960\" \/>\r\n\t\t\t\t\t\t\t\t\t\t<div class=\"slideshow_description_box slideshow_transparent\">\r\n\t\t\t\t\t\t<div class=\"slideshow_title\">programar053C7D34-D28C-2ABF-48ED-7A6969DC4536<\/div>\t\t\t\t\t\t\t\t\t\t\t<\/div>\r\n\t\t\t\t<\/div>\r\n\r\n\t\t\t\t\t\t<div style=\"clear: both;\"><\/div><\/div><div class=\"slideshow_view\">\r\n\t\t\t\t<div class=\"slideshow_slide slideshow_slide_image\">\r\n\t\t\t\t\t\t\t\t\t\t\t<img src=\"https:\/\/agora.xtec.cat\/ielondres\/wp-content\/uploads\/usu2343\/2022\/11\/robotica2EF4CC16-9F46-7F11-1714-2549F5CBB460.jpg\" alt=\"robotica2EF4CC16-9F46-7F11-1714-2549F5CBB460\" width=\"1280\" height=\"960\" \/>\r\n\t\t\t\t\t\t\t\t\t\t<div class=\"slideshow_description_box slideshow_transparent\">\r\n\t\t\t\t\t\t<div class=\"slideshow_title\">robotica2EF4CC16-9F46-7F11-1714-2549F5CBB460<\/div>\t\t\t\t\t\t\t\t\t\t\t<\/div>\r\n\t\t\t\t<\/div>\r\n\r\n\t\t\t\t\t\t<div style=\"clear: both;\"><\/div><\/div><div class=\"slideshow_view\">\r\n\t\t\t\t<div class=\"slideshow_slide slideshow_slide_image\">\r\n\t\t\t\t\t\t\t\t\t\t\t<img src=\"https:\/\/agora.xtec.cat\/ielondres\/wp-content\/uploads\/usu2343\/2022\/11\/segiument-tutorials-manualitatsF9EBF5C5-22D6-9230-F52E-422ACA16F310.jpg\" alt=\"segiument-tutorials-manualitatsF9EBF5C5-22D6-9230-F52E-422ACA16F310\" width=\"1280\" height=\"960\" \/>\r\n\t\t\t\t\t\t\t\t\t\t<div class=\"slideshow_description_box slideshow_transparent\">\r\n\t\t\t\t\t\t<div class=\"slideshow_title\">segiument-tutorials-manualitatsF9EBF5C5-22D6-9230-F52E-422ACA16F310<\/div>\t\t\t\t\t\t\t\t\t\t\t<\/div>\r\n\t\t\t\t<\/div>\r\n\r\n\t\t\t\t\t\t<div style=\"clear: both;\"><\/div><\/div><div class=\"slideshow_view\">\r\n\t\t\t\t<div class=\"slideshow_slide slideshow_slide_image\">\r\n\t\t\t\t\t\t\t\t\t\t\t<img src=\"https:\/\/agora.xtec.cat\/ielondres\/wp-content\/uploads\/usu2343\/2022\/11\/seguiment-tutorialsF1F21E59-6CE1-6BCB-1AE7-1CED49827AB1.jpg\" alt=\"seguiment-tutorialsF1F21E59-6CE1-6BCB-1AE7-1CED49827AB1\" width=\"1280\" height=\"960\" \/>\r\n\t\t\t\t\t\t\t\t\t\t<div class=\"slideshow_description_box slideshow_transparent\">\r\n\t\t\t\t\t\t<div class=\"slideshow_title\">seguiment-tutorialsF1F21E59-6CE1-6BCB-1AE7-1CED49827AB1<\/div>\t\t\t\t\t\t\t\t\t\t\t<\/div>\r\n\t\t\t\t<\/div>\r\n\r\n\t\t\t\t\t\t<div style=\"clear: both;\"><\/div><\/div><div class=\"slideshow_view\">\r\n\t\t\t\t<div class=\"slideshow_slide slideshow_slide_image\">\r\n\t\t\t\t\t\t\t\t\t\t\t<img src=\"https:\/\/agora.xtec.cat\/ielondres\/wp-content\/uploads\/usu2343\/2022\/11\/sostenibilitat707F23E1-D165-4068-1CC9-B7E567E9F3B6.jpg\" alt=\"sostenibilitat707F23E1-D165-4068-1CC9-B7E567E9F3B6\" width=\"1280\" height=\"960\" \/>\r\n\t\t\t\t\t\t\t\t\t\t<div class=\"slideshow_description_box slideshow_transparent\">\r\n\t\t\t\t\t\t<div class=\"slideshow_title\">sostenibilitat707F23E1-D165-4068-1CC9-B7E567E9F3B6<\/div>\t\t\t\t\t\t\t\t\t\t\t<\/div>\r\n\t\t\t\t<\/div>\r\n\r\n\t\t\t\t\t\t<div style=\"clear: both;\"><\/div><\/div>\r\n\t\t<\/div>\r\n\r\n\t\t<div class=\"slideshow_controlPanel slideshow_transparent\" style=\"display: none;\"><ul><li class=\"slideshow_togglePlay\" data-play-text=\"Visualitza\" data-pause-text=\"Pausa\"><\/li><\/ul><\/div>\r\n\r\n\t\t<div class=\"slideshow_button slideshow_previous slideshow_transparent\" role=\"button\" data-previous-text=\"Anterior\" style=\"display: none;\"><\/div>\r\n\t\t<div class=\"slideshow_button slideshow_next slideshow_transparent\" role=\"button\" data-next-text=\"Seg\u00fcent\" style=\"display: none;\"><\/div>\r\n\r\n\t\t<div class=\"slideshow_pagination\" style=\"display: none;\" data-go-to-text=\"V\u00e9s a la diapositiva\"><div class=\"slideshow_pagination_center\"><\/div><\/div>\r\n\r\n\t\t<!-- WordPress Slideshow Version 2.3.1 -->\r\n\r\n\t\t\t<\/div>\r\n\r\n\n","protected":false},"excerpt":{"rendered":"<p>A l&#8217;etapa infantil i prim\u00e0ria l&#8217;\u00fas de l&#8217;Ipad ha continuat en funcionament per dur a terme diverses tasques que ajuden a l&#8217;aprenentatge dels nostres alumnes.<br \/>\nA infantil, ha estat un punt clau per aprofundir en la motricitat fina i en l&#8217;aprenentatge de continguts matem\u00e0tics i de&hellip;  <a href=\"https:\/\/agora.xtec.cat\/ielondres\/ui-pla-digital\/\" title=\"Read UI-Pla Digital\">Llegeix m\u00e9s\u00bb<\/a><\/p>\n","protected":false},"author":1,"featured_media":0,"parent":0,"menu_order":0,"comment_status":"closed","ping_status":"closed","template":"","meta":{"_bbp_topic_count":0,"_bbp_reply_count":0,"_bbp_total_topic_count":0,"_bbp_total_reply_count":0,"_bbp_voice_count":0,"_bbp_anonymous_reply_count":0,"_bbp_topic_count_hidden":0,"_bbp_reply_count_hidden":0,"_bbp_forum_subforum_count":0,"footnotes":""},"class_list":["post-753","page","type-page","status-publish","hentry"],"post_mailing_queue_ids":[],"_links":{"self":[{"href":"https:\/\/agora.xtec.cat\/ielondres\/wp-json\/wp\/v2\/pages\/753","targetHints":{"allow":["GET"]}}],"collection":[{"href":"https:\/\/agora.xtec.cat\/ielondres\/wp-json\/wp\/v2\/pages"}],"about":[{"href":"https:\/\/agora.xtec.cat\/ielondres\/wp-json\/wp\/v2\/types\/page"}],"author":[{"embeddable":true,"href":"https:\/\/agora.xtec.cat\/ielondres\/wp-json\/wp\/v2\/users\/1"}],"replies":[{"embeddable":true,"href":"https:\/\/agora.xtec.cat\/ielondres\/wp-json\/wp\/v2\/comments?post=753"}],"version-history":[{"count":1,"href":"https:\/\/agora.xtec.cat\/ielondres\/wp-json\/wp\/v2\/pages\/753\/revisions"}],"predecessor-version":[{"id":754,"href":"https:\/\/agora.xtec.cat\/ielondres\/wp-json\/wp\/v2\/pages\/753\/revisions\/754"}],"wp:attachment":[{"href":"https:\/\/agora.xtec.cat\/ielondres\/wp-json\/wp\/v2\/media?parent=753"}],"curies":[{"name":"wp","href":"https:\/\/api.w.org\/{rel}","templated":true}]}}