{"id":660,"date":"2022-10-16T22:29:07","date_gmt":"2022-10-16T20:29:07","guid":{"rendered":"https:\/\/agora.xtec.cat\/ielondres\/?page_id=660"},"modified":"2026-02-24T16:34:53","modified_gmt":"2026-02-24T15:34:53","slug":"educacio-primaria","status":"publish","type":"page","link":"https:\/\/agora.xtec.cat\/ielondres\/linstitut\/educacio-primaria\/","title":{"rendered":"Educaci\u00f3 Prim\u00e0ria"},"content":{"rendered":"<p>Ens trobem en la segona gran etapa escolar on \u00e9s clau dotar els nostres alumnes de les compet\u00e8ncies, els sabers i les eines que necessitaran per consolidar l\u2019Educaci\u00f3 Secund\u00e0ria (ESO).<\/p>\n<p>Els mestres treballem perqu\u00e8 els nostres alumnes desenvolupin\u00a0<strong>les capacitats personals i les habilitats socials<\/strong>\u00a0que els ajudaran\u00a0<strong>a con\u00e8ixer i viure els valors<\/strong>, a tenir una\u00a0<strong>bona relaci\u00f3 entre iguals<\/strong>, a desenvolupar\u00a0<strong>la capacitat d\u2019esfor\u00e7, la creativitat, l\u2019autonomia i l\u2019emprenedoria.<\/strong><\/p>\n<p>Les estrat\u00e8gies que utilitzem per acompanyar els nostres alumnes en aquesta segona etapa escolar s\u00f3n:<\/p>\n<ul>\n<li>La metodologia AICLE: Art i Medi en angl\u00e8s<\/li>\n<li>El treball en grups flexibles i els desdoblaments, respectant aix\u00ed els diferents ritmes d\u2019aprenentatge.<\/li>\n<li>L\u2019acci\u00f3 tutorial personalitzada per a cada alumne i cada fam\u00edlia.<\/li>\n<li>Aprendre, ensenyar i avaluar per compet\u00e8ncies.<\/li>\n<li>Fomentem h\u00e0bits i t\u00e8cniques d\u2019estudi per ajudar als alumnes a ser m\u00e9s aut\u00f2noms i m\u00e9s responsables.<\/li>\n<li>El treball per projectes: per potenciar la internacionalitat, el treball cooperatiu, la investigaci\u00f3 i l\u2019esperit cr\u00edtic.<\/li>\n<li>L\u2019\u00fas de les noves tecnologies creant nous models d\u2019ensenyament i d\u2019aprenentatge m\u00e9s atractius i pedag\u00f2gics i adaptats als diferents ritmes d\u2019aprenentatge de l\u2019alumnat. Aules equipades amb PDIs. Els alumnes a partir de 5\u00e8 disposen del seu propi ordinador port\u00e0til com a eina de treball.<\/li>\n<li>Us de la nostra Intranet per part dels mestres, els alumnes i les fam\u00edlies. Aquesta \u201caula virtual\u201d permet un gran ventall de recursos i facilita als pares seguir el dia a dia de les activitats que es duen a terme dins i fora del centre.<\/li>\n<li>A m\u00e9s dels beneficis f\u00edsics, l\u2019esport ens permet desenvolupar el coneixement d\u2019un mateix i dels altres a trav\u00e9s del treball en equip. M\u00e9s de 20 activitats extraescolars, ens ajuden a assolir aquest objectiu.<\/li>\n<li>Les sortides i conviv\u00e8ncies permeten la coneixen\u00e7a de l\u2019entorn i el treball de valors.<\/li>\n<\/ul>\n","protected":false},"excerpt":{"rendered":"<p>Ens trobem en la segona gran etapa escolar on \u00e9s clau dotar els nostres alumnes de les compet\u00e8ncies, els sabers i les eines que necessitaran per consolidar l\u2019Educaci\u00f3 Secund\u00e0ria (ESO).<br \/>\nEls mestres treballem perqu\u00e8 els nostres alumnes desenvolupin\u00a0les capacitats personals i les habilitats socials\u00a0que els ajudaran\u00a0a&hellip;  <a href=\"https:\/\/agora.xtec.cat\/ielondres\/linstitut\/educacio-primaria\/\" title=\"Read Educaci\u00f3 Prim\u00e0ria\">Llegeix m\u00e9s\u00bb<\/a><\/p>\n","protected":false},"author":1,"featured_media":0,"parent":19,"menu_order":0,"comment_status":"closed","ping_status":"closed","template":"","meta":{"_bbp_topic_count":0,"_bbp_reply_count":0,"_bbp_total_topic_count":0,"_bbp_total_reply_count":0,"_bbp_voice_count":0,"_bbp_anonymous_reply_count":0,"_bbp_topic_count_hidden":0,"_bbp_reply_count_hidden":0,"_bbp_forum_subforum_count":0,"footnotes":""},"class_list":["post-660","page","type-page","status-publish","hentry"],"post_mailing_queue_ids":[],"_links":{"self":[{"href":"https:\/\/agora.xtec.cat\/ielondres\/wp-json\/wp\/v2\/pages\/660","targetHints":{"allow":["GET"]}}],"collection":[{"href":"https:\/\/agora.xtec.cat\/ielondres\/wp-json\/wp\/v2\/pages"}],"about":[{"href":"https:\/\/agora.xtec.cat\/ielondres\/wp-json\/wp\/v2\/types\/page"}],"author":[{"embeddable":true,"href":"https:\/\/agora.xtec.cat\/ielondres\/wp-json\/wp\/v2\/users\/1"}],"replies":[{"embeddable":true,"href":"https:\/\/agora.xtec.cat\/ielondres\/wp-json\/wp\/v2\/comments?post=660"}],"version-history":[{"count":3,"href":"https:\/\/agora.xtec.cat\/ielondres\/wp-json\/wp\/v2\/pages\/660\/revisions"}],"predecessor-version":[{"id":939,"href":"https:\/\/agora.xtec.cat\/ielondres\/wp-json\/wp\/v2\/pages\/660\/revisions\/939"}],"up":[{"embeddable":true,"href":"https:\/\/agora.xtec.cat\/ielondres\/wp-json\/wp\/v2\/pages\/19"}],"wp:attachment":[{"href":"https:\/\/agora.xtec.cat\/ielondres\/wp-json\/wp\/v2\/media?parent=660"}],"curies":[{"name":"wp","href":"https:\/\/api.w.org\/{rel}","templated":true}]}}