{"id":659,"date":"2022-10-16T22:29:07","date_gmt":"2022-10-16T20:29:07","guid":{"rendered":"https:\/\/agora.xtec.cat\/ielondres\/?page_id=659"},"modified":"2026-02-24T16:34:35","modified_gmt":"2026-02-24T15:34:35","slug":"infantil","status":"publish","type":"page","link":"https:\/\/agora.xtec.cat\/ielondres\/linstitut\/infantil\/","title":{"rendered":"Educaci\u00f3 Infantil"},"content":{"rendered":"<p>Atesa la gran plasticitat i forta activitat de l\u2019infant en aquesta edat i la import\u00e0ncia del desenvolupament personal i social, l\u2019educaci\u00f3 en aquest per\u00edode s\u2019ha de concentrar essencialment en<strong>\u00a0el joc, en les experi\u00e8ncies sensitives i motrius i en l\u2019adquisici\u00f3 d\u2019h\u00e0bits socials.<\/strong><\/p>\n<p>Impulsem al m\u00e0xim el potencial del nen\/a en tota la seva globalitat<\/p>\n<p>Una bona coneixen\u00e7a de\u00a0<strong>les emocions<\/strong>\u00a0permetr\u00e0, m\u00e9s tard, aprendre a gestionar-les dins d\u2019un entorn adequat i ben acompanyat per l\u2019equip de mestres que vetllarem perqu\u00e8 els seus fills siguin feli\u00e7os, vinguin motivats a l\u2019escola i aix\u00ed puguin gaudir aprenent.<\/p>\n<p><strong><em>Mindfulness: ajudem al nen a ser plenament conscient del \u201caqu\u00ed\u201d i del \u201cara\u201d<\/em><\/strong><\/p>\n<p>Les estrat\u00e8gies que utilitzem per acompanyar els nostres alumnes en aquesta primera etapa escolar s\u00f3n:<\/p>\n<ul>\n<li><strong>Treballem l\u2019angl\u00e8s des de I3 <\/strong>amb contes, conversa, experimentaci\u00f3 &#8230;<\/li>\n<li><strong>El treball d\u2019h\u00e0bits i rutines <\/strong>per anar-los fent cada vegada m\u00e9s aut\u00f2noms i afavorir la seva autoestima.<\/li>\n<li>Ajudem a progressar en el\u00a0<strong>coneixement i domini del seu cos <\/strong>amb la psicomotricitat.<\/li>\n<li><strong>El treball de projectes, racons <\/strong><strong>i ambients<\/strong>\u00a0\u00e9s molt important a l\u2019escola ja que, mitjan\u00e7ant aquests, treballem la internacionalitat, pautes de conviv\u00e8ncia, valors, coneixement de l\u2019entorn,\u2026<\/li>\n<li><strong>Utilitzant el joc com a eina b\u00e0sica d\u2019aprenentatge<\/strong>, desenvolupem les intel\u00b7lig\u00e8ncies m\u00faltiples a trav\u00e9s de m\u00e8todes interactius i vivencials.<\/li>\n<li>L\u2019\u00fas de tablets ens permet personalitzar\u00a0\u00a0l\u2019aprenentatge de cada nen i nena. Totes les aules estan equipades amb PDIs.<\/li>\n<\/ul>\n","protected":false},"excerpt":{"rendered":"<p>Atesa la gran plasticitat i forta activitat de l\u2019infant en aquesta edat i la import\u00e0ncia del desenvolupament personal i social, l\u2019educaci\u00f3 en aquest per\u00edode s\u2019ha de concentrar essencialment en\u00a0el joc, en les experi\u00e8ncies sensitives i motrius i en l\u2019adquisici\u00f3 d\u2019h\u00e0bits socials.<br \/>\nImpulsem al m\u00e0xim el potencial&hellip;  <a href=\"https:\/\/agora.xtec.cat\/ielondres\/linstitut\/infantil\/\" title=\"Read Educaci\u00f3 Infantil\">Llegeix m\u00e9s\u00bb<\/a><\/p>\n","protected":false},"author":1,"featured_media":0,"parent":19,"menu_order":0,"comment_status":"closed","ping_status":"closed","template":"","meta":{"_bbp_topic_count":0,"_bbp_reply_count":0,"_bbp_total_topic_count":0,"_bbp_total_reply_count":0,"_bbp_voice_count":0,"_bbp_anonymous_reply_count":0,"_bbp_topic_count_hidden":0,"_bbp_reply_count_hidden":0,"_bbp_forum_subforum_count":0,"footnotes":""},"class_list":["post-659","page","type-page","status-publish","hentry"],"post_mailing_queue_ids":[],"_links":{"self":[{"href":"https:\/\/agora.xtec.cat\/ielondres\/wp-json\/wp\/v2\/pages\/659","targetHints":{"allow":["GET"]}}],"collection":[{"href":"https:\/\/agora.xtec.cat\/ielondres\/wp-json\/wp\/v2\/pages"}],"about":[{"href":"https:\/\/agora.xtec.cat\/ielondres\/wp-json\/wp\/v2\/types\/page"}],"author":[{"embeddable":true,"href":"https:\/\/agora.xtec.cat\/ielondres\/wp-json\/wp\/v2\/users\/1"}],"replies":[{"embeddable":true,"href":"https:\/\/agora.xtec.cat\/ielondres\/wp-json\/wp\/v2\/comments?post=659"}],"version-history":[{"count":3,"href":"https:\/\/agora.xtec.cat\/ielondres\/wp-json\/wp\/v2\/pages\/659\/revisions"}],"predecessor-version":[{"id":681,"href":"https:\/\/agora.xtec.cat\/ielondres\/wp-json\/wp\/v2\/pages\/659\/revisions\/681"}],"up":[{"embeddable":true,"href":"https:\/\/agora.xtec.cat\/ielondres\/wp-json\/wp\/v2\/pages\/19"}],"wp:attachment":[{"href":"https:\/\/agora.xtec.cat\/ielondres\/wp-json\/wp\/v2\/media?parent=659"}],"curies":[{"name":"wp","href":"https:\/\/api.w.org\/{rel}","templated":true}]}}