{"id":614,"date":"2022-10-12T20:23:33","date_gmt":"2022-10-12T18:23:33","guid":{"rendered":"https:\/\/agora.xtec.cat\/ielondres\/?page_id=614"},"modified":"2024-09-26T12:13:37","modified_gmt":"2024-09-26T10:13:37","slug":"tramits","status":"publish","type":"page","link":"https:\/\/agora.xtec.cat\/ielondres\/secretaria\/tramits\/","title":{"rendered":"Tr\u00e0mits"},"content":{"rendered":"<h3>Sol\u00b7licitud certificats<\/h3>\n<h4>Certificat d\u2019equival\u00e8ncia de catal\u00e0<\/h4>\n<p>El centre actua com a oficina gestora de la Direcci\u00f3 General de Pol\u00edtica Ling\u00fc\u00edstica i emet certificats acreditatius d\u2019equival\u00e8ncia del nivell B (certificat de nivell intermedi de catal\u00e0) i nivell C (certificat de nivell de sufici\u00e8ncia de catal\u00e0).<\/p>\n<h5>Qui pot demanar el Nivell B?<\/h5>\n<ul>\n<li>L\u2019alumnat que tingui el T\u00edtol de graduat escolar (EGB), sempre que hagi cursat tota l\u2019EGB a Catalunya i que hagi cursat la mat\u00e8ria de llengua catalana en la totalitat d\u2019aquests estudis a partir del curs 1978\/79<\/li>\n<li>L\u2019alumnat que tingui el T\u00edtol de t\u00e8cnic\/a auxiliar (FP1), sempre que hagi cursat tota l\u2019EGB i FP1 a Catalunya i hagi cursat la mat\u00e8ria de llengua catalana en la totalitat d\u2019aquests estudis a partir del curs 1978\/79.<\/li>\n<\/ul>\n<h5>Qui pot demanar el Nivell C (Certificat de nivell de sufici\u00e8ncia de catal\u00e0)?<\/h5>\n<ul>\n<li>L\u2019alumnat que tingui el T\u00edtol de graduat en educaci\u00f3 secund\u00e0ria (ESO), sempre que hagi cursat a Catalunya almenys tres cursos qualsevol d\u2019educaci\u00f3 prim\u00e0ria i tota l\u2019ESO i hagi cursat la mat\u00e8ria de llengua catalana en la totalitat dels estudis m\u00ednims abans esmentats. Aquesta equival\u00e8ncia \u00e9s d\u2019aplicaci\u00f3 a partir del curs 2007\/08, sense car\u00e0cter retroactiu.<\/li>\n<li>L\u2019alumnat que tingui el T\u00edtol de graduat en educaci\u00f3 secund\u00e0ria (ESO) obtingut a centres i aules de formaci\u00f3 de persones adultes, sempre que hagi cursat a Catalunya almenys vuit cursos qualsevol entre l\u2019educaci\u00f3 prim\u00e0ria i l\u2019ESO, i que hagi cursat i aprovat l\u2019\u00e0rea de Llengua catalana als centres i aules de formaci\u00f3 de persones adultes.<\/li>\n<li>L\u2019alumnat que tingui el T\u00edtol de batxillerat (LOGSE), sempre que hagi cursat a Catalunya tres cursos qualsevol d\u2019educaci\u00f3 prim\u00e0ria i cinc cursos qualsevol entre l\u2019ESO i el batxillerat, i hagi cursat la mat\u00e8ria de Llengua catalana en la totalitat d\u2019aquests estudis m\u00ednims abans esmentats.<\/li>\n<li>L\u2019alumnat que tingui el T\u00edtol de batxillerat (BUP), sempre que hagi cursat tota l\u2019EGB a Catalunya i hagi cursat de manera oficial la mat\u00e8ria de Llengua catalana en la totalitat dels estudis esmentats a partir del curs 1978\/79.<\/li>\n<li>L\u2019alumnat que tingui el T\u00edtol de t\u00e8cnic\/a especialista (FP2) sempre que hagi cursat tota l\u2019EGB, l\u2019FP1 i l\u2019FP2 a Catalunya i hagi cursat de manera oficial la mat\u00e8ria de Llengua catalana en la totalitat d\u2019aquests estudis abans esmentats a partir del curs 1978\/79.<\/li>\n<\/ul>\n<h5>Qu\u00e8 s\u2019ha de fer per demanar el certificat?<\/h5>\n<p>La persona interessada ha d\u2019omplir la sol\u00b7licitud de reconeixement d\u2019equival\u00e8ncia del nivell B\/C de catal\u00e0 <a href=\"https:\/\/drive.google.com\/file\/d\/1xuzYBIyDQqJ7-EbCun03U2Ovz6eJ654X\/view?usp=sharing\">(Formulari)<\/a>\u00a0i lliurar-lo per correu electr\u00f2nic a la secretaria del centre a l\u2019adre\u00e7a electr\u00f2nica <em><strong>secretaria@ielondres.cat<\/strong><\/em> junt amb la documentaci\u00f3 acreditativa:<\/p>\n<ul>\n<li style=\"list-style-type: none;\">\n<ul>\n<li><strong>Nivell B<\/strong>\u00a0 Qualsevol de les dues opcions seg\u00fcents:\n<ul>\n<li>\u00a0Llibre d\u2019escolaritat d\u2019EGB o de Prim\u00e0ria i el DNI\/NIE.<\/li>\n<li>Certificat d\u2019escolaritat d\u2019EGB o de Prim\u00e0ria i el DNI\/NIE.<\/li>\n<\/ul>\n<\/li>\n<li><strong>Nivell C<\/strong>\n<ul>\n<li>Llibre d\u2019escolaritat d\u2019EGB o de Prim\u00e0ria o certificat d\u2019escolaritat d\u2019EGB o de Prim\u00e0ria\u00a0 i qualsevol de les dues opcions seg\u00fcents:\n<ul>\n<li>Llibre d\u2019escolaritat d\u2019ESO o de BUP i el DNI\/NIE.<\/li>\n<li>Certificat d\u2019escolaritat d\u2019ESO o de BUP i el DNI\/NIE.<\/li>\n<\/ul>\n<\/li>\n<li>T\u00edtol de l&#8217;ESO o Batxillerat (amb el de m\u00e9s grau es suficient) o certificat de l&#8217;escola conforme ha obtingut el t\u00edtol i ha aprovat el catal\u00e0.<\/li>\n<\/ul>\n<\/li>\n<\/ul>\n<\/li>\n<\/ul>\n<p>En cas que no disposeu dels llibres d\u2019escolaritat la persona interessada haur\u00e0 d\u2019adre\u00e7ar-se a la secretaria del centre on va cursar els seus estudis per demanar el llibre o, en el seu defecte, el certificat equivalent.<\/p>\n","protected":false},"excerpt":{"rendered":"<p>Sol\u00b7licitud certificats<br \/>\nCertificat d\u2019equival\u00e8ncia de catal\u00e0<br \/>\nEl centre actua com a oficina gestora de la Direcci\u00f3 General de Pol\u00edtica Ling\u00fc\u00edstica i emet certificats acreditatius d\u2019equival\u00e8ncia del nivell B (certificat de nivell intermedi de catal\u00e0) i nivell C (certificat de nivell de sufici\u00e8ncia de catal\u00e0).<br \/>\nQui pot demanar el&hellip;  <a href=\"https:\/\/agora.xtec.cat\/ielondres\/secretaria\/tramits\/\" title=\"Read Tr\u00e0mits\">Llegeix m\u00e9s\u00bb<\/a><\/p>\n","protected":false},"author":1,"featured_media":0,"parent":81,"menu_order":0,"comment_status":"closed","ping_status":"closed","template":"page-templates\/side-menu.php","meta":{"_bbp_topic_count":0,"_bbp_reply_count":0,"_bbp_total_topic_count":0,"_bbp_total_reply_count":0,"_bbp_voice_count":0,"_bbp_anonymous_reply_count":0,"_bbp_topic_count_hidden":0,"_bbp_reply_count_hidden":0,"_bbp_forum_subforum_count":0,"footnotes":""},"class_list":["post-614","page","type-page","status-publish","hentry"],"post_mailing_queue_ids":[],"_links":{"self":[{"href":"https:\/\/agora.xtec.cat\/ielondres\/wp-json\/wp\/v2\/pages\/614","targetHints":{"allow":["GET"]}}],"collection":[{"href":"https:\/\/agora.xtec.cat\/ielondres\/wp-json\/wp\/v2\/pages"}],"about":[{"href":"https:\/\/agora.xtec.cat\/ielondres\/wp-json\/wp\/v2\/types\/page"}],"author":[{"embeddable":true,"href":"https:\/\/agora.xtec.cat\/ielondres\/wp-json\/wp\/v2\/users\/1"}],"replies":[{"embeddable":true,"href":"https:\/\/agora.xtec.cat\/ielondres\/wp-json\/wp\/v2\/comments?post=614"}],"version-history":[{"count":4,"href":"https:\/\/agora.xtec.cat\/ielondres\/wp-json\/wp\/v2\/pages\/614\/revisions"}],"predecessor-version":[{"id":2161,"href":"https:\/\/agora.xtec.cat\/ielondres\/wp-json\/wp\/v2\/pages\/614\/revisions\/2161"}],"up":[{"embeddable":true,"href":"https:\/\/agora.xtec.cat\/ielondres\/wp-json\/wp\/v2\/pages\/81"}],"wp:attachment":[{"href":"https:\/\/agora.xtec.cat\/ielondres\/wp-json\/wp\/v2\/media?parent=614"}],"curies":[{"name":"wp","href":"https:\/\/api.w.org\/{rel}","templated":true}]}}