{"id":576,"date":"2022-10-12T11:35:06","date_gmt":"2022-10-12T09:35:06","guid":{"rendered":"https:\/\/agora.xtec.cat\/ielondres\/?page_id=576"},"modified":"2023-06-22T09:01:42","modified_gmt":"2023-06-22T07:01:42","slug":"simultaneitat-destudis-de-musica-i-dansa-amb-leso","status":"publish","type":"page","link":"https:\/\/agora.xtec.cat\/ielondres\/secretaria\/simultaneitat-destudis-de-musica-i-dansa-amb-leso\/","title":{"rendered":"Simultaneitat d&#8217;estudis d&#8217;ESO amb estudis de m\u00fasica i dansa"},"content":{"rendered":"<div class=\"entry-content\">\n<p><strong>ESTUDIS DE M\u00daSICA<\/strong><\/p>\n<p>Els alumnes que estiguin cursant l\u2019ESO i, simult\u00e0niament, cursin estudis de m\u00fasica en conservatoris, centres professionals o escoles de m\u00fasica autoritzades, poden sol\u00b7licitar la\u00a0convalidaci\u00f3 o el reconeixement de mat\u00e8ries d\u2019ESO. At\u00e8s que totes aquestes possibilitats es fonamenten en el fet de simultaniejar estudis ordinaris amb els estudis de m\u00fasica, la\u00a0sol\u00b7licitud s\u2019ha de renovar cada curs. Els alumnes que ho vulguin poden sol\u00b7licitar la convalidaci\u00f3 o el reconeixement d\u2019un nombre d\u2019hores inferior a aquell a qu\u00e8 tenen dret.<\/p>\n<p>Podeu consultar la informaci\u00f3 amb detall en el\u00a0<a href=\"https:\/\/drive.google.com\/file\/d\/1h1ftIARJkwc2pJ-qQUfkIngrx8o4tKB0\/view?usp=sharing\">document seg\u00fcent.<\/a><\/p>\n<p>La relaci\u00f3 dels centres autoritzats (conservatoris de m\u00fasica, centres professionals de m\u00fasica i escoles de m\u00fasica autoritzades) es pot consultar al\u00a0<a href=\"https:\/\/educacio.gencat.cat\/ca\/arees-actuacio\/centres-serveis-educatius\/centres\/directoris-centres\/\" target=\"_blank\" rel=\"nofollow noopener\">directori de centres del Departament d\u2019Educaci\u00f3<\/a>.<\/p>\n<p>Quadre resum de les convalidacions i documentaci\u00f3 a presentar per a m\u00fasica:<\/p>\n<div><\/div>\n<div>\n<table>\n<tbody>\n<tr>\n<td><strong>CONSERVATORI O CENTRE PROFESSIONAL<\/strong><\/td>\n<td><\/td>\n<\/tr>\n<tr>\n<td><b>Reducci\u00f3 m\u00e0xima per curs:<\/b><\/p>\n<ul>\n<li>Les mat\u00e8ries optatives de 1r a 3r d\u2019ESO<\/li>\n<li>M\u00fasica (mat\u00e8ria comuna de 1r a 3r d\u2019ESO)<\/li>\n<li>Una mat\u00e8ria optativa espec\u00edfica de 4t d\u2019ESO (*)<\/li>\n<\/ul>\n<\/td>\n<td>\n<div>\n<p><b>Reducci\u00f3 \u2013 convalidaci\u00f3 \u2013 models:<\/b><\/p>\n<ul>\n<li><a href=\"https:\/\/drive.google.com\/file\/d\/1PqmzAJkdlEksRTyMEGt8zJSTTdaNWuKY\/view?usp=sharing\"><b>CMU1 \u2013 Certificat conservatori o centre professional<\/b><\/a><\/li>\n<li><a href=\"https:\/\/drive.google.com\/file\/d\/1FvrAiEVI4GTPnXOBZkRo5vwZpL1P418d\/view?usp=sharing\"><b>EMU1 \u2013 Sol\u00b7licitud alumnat<\/b><\/a><\/li>\n<\/ul>\n<\/div>\n<div>\n<ul>\n<li>\n<ul>\n<li>\n<ul>\n<li><\/li>\n<\/ul>\n<\/li>\n<\/ul>\n<\/li>\n<\/ul>\n<\/div>\n<\/td>\n<\/tr>\n<tr>\n<td><b>ESCOLA AUTORITZADA<\/b><\/td>\n<td><\/td>\n<\/tr>\n<tr>\n<td><b>Si es cursen\u00a0entre 3 i 4 hores<\/b><\/p>\n<p><b>Reducci\u00f3 m\u00e0xima per curs:<\/b><\/p>\n<ul>\n<li>Les mat\u00e8ries optatives de 1r a 3r d\u2019ESO<\/li>\n<li>Una mat\u00e8ria optativa espec\u00edfica de 4t d\u2019ESO (*)<\/li>\n<\/ul>\n<p><b>Si es cursen\u00a04 hores o m\u00e9s<\/b><\/p>\n<p><b>Reducci\u00f3 m\u00e0xima per curs<\/b><\/p>\n<ul>\n<li>Les mat\u00e8ries optatives de 1r a 3r d\u2019ESO<\/li>\n<li>M\u00fasica (mat\u00e8ria comuna de 1r a 3r d\u2019ESO)<\/li>\n<li>Una mat\u00e8ria optativa espec\u00edfica de 4t d\u2019ESO(*)<\/li>\n<\/ul>\n<\/td>\n<td><b>Reducci\u00f3 \u2013 convalidaci\u00f3 \u2013 models:<\/b><\/p>\n<ul>\n<li><a href=\"https:\/\/drive.google.com\/file\/d\/1JrBMIQquL9Neadp54dv4AIawJ2jSGljj\/view?usp=sharing\"><b>CMU2 \u2013 Certificat escola de m\u00fasica autoritzada<\/b><\/a><\/li>\n<li><a href=\"https:\/\/drive.google.com\/file\/d\/1FvrAiEVI4GTPnXOBZkRo5vwZpL1P418d\/view?usp=sharing\"><b>EMU1 \u2013 Sol\u00b7licitud alumnat<\/b><\/a><\/li>\n<\/ul>\n<\/td>\n<\/tr>\n<\/tbody>\n<\/table>\n<\/div>\n<div><b>ESTUDIS DE DANSA<\/b><\/div>\n<div><\/div>\n<p>Per l\u2019alumnat que cursi la simultane\u00eftat d\u2019estudis d\u2019ESO o Batxillerat, amb estudis de dansa, podeu consultar la informaci\u00f3 amb detall en el\u00a0<a href=\"https:\/\/drive.google.com\/file\/d\/1SQV8duK-M0i1d3NBWscxkbMxsQRdXAb7\/view?usp=sharing\">document seg\u00fcent<\/a>\u00a0i descarregar els models de sol\u00b7licitud i certificats indicats a continuaci\u00f3.<\/p>\n<div>\n<ul>\n<li><a href=\"https:\/\/drive.google.com\/file\/d\/17Ec7nh3M7PSgmAZ11w1wwbVZBMSFNy_4\/view?usp=sharing\"><b>CDA1 \u2013 Certificat del conservatori o Centre professional de dansa<\/b><\/a><\/li>\n<li><a href=\"https:\/\/drive.google.com\/file\/d\/1ayHi6tub675u1BSSKhu9NYEUCP4Zsfvn\/view?usp=sharing\"><b>EDA1 \u2013 Sol\u00b7licitud alumnat<\/b><\/a><\/li>\n<\/ul>\n<\/div>\n<\/div>\n","protected":false},"excerpt":{"rendered":"<p>ESTUDIS DE M\u00daSICA<br \/>\nEls alumnes que estiguin cursant l\u2019ESO i, simult\u00e0niament, cursin estudis de m\u00fasica en conservatoris, centres professionals o escoles de m\u00fasica autoritzades, poden sol\u00b7licitar la\u00a0convalidaci\u00f3 o el reconeixement de mat\u00e8ries d\u2019ESO. At\u00e8s que totes aquestes possibilitats es fonamenten en el fet de simultaniejar estudis&hellip;  <a href=\"https:\/\/agora.xtec.cat\/ielondres\/secretaria\/simultaneitat-destudis-de-musica-i-dansa-amb-leso\/\" title=\"Read Simultaneitat d&#8217;estudis d&#8217;ESO amb estudis de m\u00fasica i dansa\">Llegeix m\u00e9s\u00bb<\/a><\/p>\n","protected":false},"author":1,"featured_media":0,"parent":81,"menu_order":0,"comment_status":"closed","ping_status":"closed","template":"page-templates\/side-menu.php","meta":{"_bbp_topic_count":0,"_bbp_reply_count":0,"_bbp_total_topic_count":0,"_bbp_total_reply_count":0,"_bbp_voice_count":0,"_bbp_anonymous_reply_count":0,"_bbp_topic_count_hidden":0,"_bbp_reply_count_hidden":0,"_bbp_forum_subforum_count":0,"footnotes":""},"class_list":["post-576","page","type-page","status-publish","hentry"],"post_mailing_queue_ids":[],"_links":{"self":[{"href":"https:\/\/agora.xtec.cat\/ielondres\/wp-json\/wp\/v2\/pages\/576","targetHints":{"allow":["GET"]}}],"collection":[{"href":"https:\/\/agora.xtec.cat\/ielondres\/wp-json\/wp\/v2\/pages"}],"about":[{"href":"https:\/\/agora.xtec.cat\/ielondres\/wp-json\/wp\/v2\/types\/page"}],"author":[{"embeddable":true,"href":"https:\/\/agora.xtec.cat\/ielondres\/wp-json\/wp\/v2\/users\/1"}],"replies":[{"embeddable":true,"href":"https:\/\/agora.xtec.cat\/ielondres\/wp-json\/wp\/v2\/comments?post=576"}],"version-history":[{"count":4,"href":"https:\/\/agora.xtec.cat\/ielondres\/wp-json\/wp\/v2\/pages\/576\/revisions"}],"predecessor-version":[{"id":592,"href":"https:\/\/agora.xtec.cat\/ielondres\/wp-json\/wp\/v2\/pages\/576\/revisions\/592"}],"up":[{"embeddable":true,"href":"https:\/\/agora.xtec.cat\/ielondres\/wp-json\/wp\/v2\/pages\/81"}],"wp:attachment":[{"href":"https:\/\/agora.xtec.cat\/ielondres\/wp-json\/wp\/v2\/media?parent=576"}],"curies":[{"name":"wp","href":"https:\/\/api.w.org\/{rel}","templated":true}]}}