{"id":49,"date":"2022-10-12T16:55:55","date_gmt":"2022-10-12T14:55:55","guid":{"rendered":"http:\/\/agora.xtec.cat\/ielondres\/?page_id=49"},"modified":"2025-07-07T15:30:21","modified_gmt":"2025-07-07T13:30:21","slug":"normes-dorganitzacio-i-funcionament","status":"publish","type":"page","link":"https:\/\/agora.xtec.cat\/ielondres\/linstitut\/normes-dorganitzacio-i-funcionament\/","title":{"rendered":"Documents de centre"},"content":{"rendered":"<ul style=\"list-style-type: disc;\">\n<li>Projecte Educatiu de Centre: <a href=\"https:\/\/drive.google.com\/file\/d\/1RXUIbDZo0LmB6go1sygMHJZ064V3FsJX\/view?usp=sharing\">PEC (En elaboraci\u00f3)<\/a><\/li>\n<li>Normes d&#8217;Organitzaci\u00f3 i Funcionament de Centre: <a href=\"https:\/\/drive.google.com\/file\/d\/1cXQW4tM6pJ5LIHNua8_msb94qXwUn_qE\/view?usp=sharing\">NOFC<\/a><\/li>\n<li>Estrat\u00e8gia Digital de Centre: <a href=\"https:\/\/sites.google.com\/xtec.cat\/edclondres\/p%C3%A0gina-principal\">EDC<\/a><\/li>\n<li><a href=\"https:\/\/drive.google.com\/file\/d\/1Jac_cE2STA8gG28-B6ZCYsR59kI763Sn\/view?usp=sharing\">Guia d\u2019actuaci\u00f3 i protocol de prevenci\u00f3 i gesti\u00f3 de situacions de viol\u00e8ncia entre iguals en l\u2019\u00e0mbit educatiu<\/a><\/li>\n<li><a href=\"https:\/\/view.genially.com\/66a378366d916266152aa95f\/presentation-circuitprevencioviolencies\">Circuit d\u2019actuaci\u00f3, prevenci\u00f3 i gesti\u00f3 de situacions de viol\u00e8ncia entre iguals en l\u2019\u00e0mbit educatiu<\/a><\/li>\n<li><a href=\"https:\/\/drive.google.com\/file\/d\/1Gl_tD2HEFN37sMvJjaSfObrvB1lmRBTF\/view?usp=sharing\">Protocol d&#8217;actuaci\u00f3 davant de qualsevol tipus de viol\u00e8ncia en l&#8217;\u00e0mbit educatiu<\/a><\/li>\n<\/ul>\n","protected":false},"excerpt":{"rendered":"<ul style=\"list-style-type: disc;\">\n<li>Projecte Educatiu de Centre: <a href=\"https:\/\/drive.google.com\/file\/d\/1RXUIbDZo0LmB6go1sygMHJZ064V3FsJX\/view?usp=sharing\">PEC (En elaboraci\u00f3)<\/a><\/li>\n<li>Normes d&#8217;Organitzaci\u00f3 i Funcionament de Centre: <a href=\"https:\/\/drive.google.com\/file\/d\/1cXQW4tM6pJ5LIHNua8_msb94qXwUn_qE\/view?usp=sharing\">NOFC<\/a><\/li>\n<li>Estrat\u00e8gia Digital de Centre: <a href=\"https:\/\/sites.google.com\/xtec.cat\/edclondres\/p%C3%A0gina-principal\">EDC<\/a><\/li>\n<li><a href=\"https:\/\/drive.google.com\/file\/d\/1Jac_cE2STA8gG28-B6ZCYsR59kI763Sn\/view?usp=sharing\">Guia d\u2019actuaci\u00f3 i protocol de prevenci\u00f3 i gesti\u00f3 de situacions de viol\u00e8ncia entre iguals en l\u2019\u00e0mbit educatiu<\/a><\/li>\n<li><a href=\"https:\/\/view.genially.com\/66a378366d916266152aa95f\/presentation-circuitprevencioviolencies\">Circuit d\u2019actuaci\u00f3, prevenci\u00f3 i gesti\u00f3 de&hellip;  <a href=\"https:\/\/agora.xtec.cat\/ielondres\/linstitut\/normes-dorganitzacio-i-funcionament\/\" title=\"Read Documents de centre\">Llegeix m\u00e9s\u00bb<\/a><br \/>\n","protected":false},"author":1,"featured_media":0,"parent":19,"menu_order":60,"comment_status":"closed","ping_status":"closed","template":"page-templates\/side-menu.php","meta":{"_bbp_topic_count":0,"_bbp_reply_count":0,"_bbp_total_topic_count":0,"_bbp_total_reply_count":0,"_bbp_voice_count":0,"_bbp_anonymous_reply_count":0,"_bbp_topic_count_hidden":0,"_bbp_reply_count_hidden":0,"_bbp_forum_subforum_count":0,"footnotes":""},"class_list":["post-49","page","type-page","status-publish","hentry"],"post_mailing_queue_ids":[],"_links":{"self":[{"href":"https:\/\/agora.xtec.cat\/ielondres\/wp-json\/wp\/v2\/pages\/49","targetHints":{"allow":["GET"]}}],"collection":[{"href":"https:\/\/agora.xtec.cat\/ielondres\/wp-json\/wp\/v2\/pages"}],"about":[{"href":"https:\/\/agora.xtec.cat\/ielondres\/wp-json\/wp\/v2\/types\/page"}],"author":[{"embeddable":true,"href":"https:\/\/agora.xtec.cat\/ielondres\/wp-json\/wp\/v2\/users\/1"}],"replies":[{"embeddable":true,"href":"https:\/\/agora.xtec.cat\/ielondres\/wp-json\/wp\/v2\/comments?post=49"}],"version-history":[{"count":6,"href":"https:\/\/agora.xtec.cat\/ielondres\/wp-json\/wp\/v2\/pages\/49\/revisions"}],"predecessor-version":[{"id":2777,"href":"https:\/\/agora.xtec.cat\/ielondres\/wp-json\/wp\/v2\/pages\/49\/revisions\/2777"}],"up":[{"embeddable":true,"href":"https:\/\/agora.xtec.cat\/ielondres\/wp-json\/wp\/v2\/pages\/19"}],"wp:attachment":[{"href":"https:\/\/agora.xtec.cat\/ielondres\/wp-json\/wp\/v2\/media?parent=49"}],"curies":[{"name":"wp","href":"https:\/\/api.w.org\/{rel}","templated":true}]}}