{"id":46,"date":"2022-10-11T16:53:45","date_gmt":"2022-10-11T14:53:45","guid":{"rendered":"http:\/\/agora.xtec.cat\/ielondres\/?page_id=46"},"modified":"2026-02-22T23:47:04","modified_gmt":"2026-02-22T22:47:04","slug":"organigrama","status":"publish","type":"page","link":"https:\/\/agora.xtec.cat\/ielondres\/linstitut\/organigrama\/","title":{"rendered":"Organigrama"},"content":{"rendered":"<p><strong>EQUIP DIRECTIU<\/strong><\/p>\n<ul>\n<li><strong>Directora:<\/strong> <a href=\"https:\/\/drive.google.com\/file\/d\/1ixe139hVD4yR4W00xEx5-OoY9F3Vn9Fj\/view?usp=share_link\">Susana Naranjo Ord\u00f3\u00f1ez<\/a><\/li>\n<li><strong>Cap d&#8217;estudis <\/strong><strong>Infantil i Prim\u00e0ria:<\/strong> Mireia Jord\u00e0 i Gasch<strong><br \/>\n<\/strong><\/li>\n<li><strong>Cap d&#8217;estudis <\/strong><strong>ESO: <\/strong>Marta Peidr\u00f3 Saperas<strong><br \/>\n<\/strong><\/li>\n<li><strong>Coordinador Pedag\u00f2gic: <\/strong><a href=\"https:\/\/drive.google.com\/file\/d\/1PISFtejIFx0j9Ih026URehSJDB8u4KXR\/view?usp=drive_link\">Manuel G\u00f3mez Poyato<\/a><\/li>\n<li><strong>Secretari: <\/strong>Ramon Martin Bernad\u00f3<\/li>\n<\/ul>\n<p><strong>ALTRES C\u00c0RRECS<\/strong><\/p>\n<ul>\n<li>Cap de l&#8217;\u00e0mbit ling\u00fc\u00edstic: \u00c0ngels Peir\u00f3<\/li>\n<li>Cap de l&#8217;\u00e0mbit cient\u00edfic-tecnol\u00f2gic: Carme Camon<\/li>\n<li>Cap del Departament d&#8217;Orientaci\u00f3: Patricia Rea<\/li>\n<li>Coordinaci\u00f3 Comunitat de Petits: Meritxell Casanova<\/li>\n<li>Coordinaci\u00f3 Comunitat de Mitjans: S\u00edlvia Borred\u00e0<\/li>\n<li>Coordinaci\u00f3 Comunitat de Grans: Cristina Mart\u00ednez<\/li>\n<li>Coordinadora TIC: J\u00falia Bardaj\u00ed<\/li>\n<li>Coordinador Riscos Laborals: Jose Manuel Mayoral<\/li>\n<li>Coordinadora LIC: Irene Garcia<\/li>\n<li>Coordinadora de Conviv\u00e8ncia, Coeducaci\u00f3 i Benestar Emocional: Maite Sanjos\u00e9<\/li>\n<\/ul>\n<table style=\"width: 100.428%;\">\n<tbody>\n<tr>\n<td style=\"width: 49.5309%;\"><strong>TUTORIES EDUCACI\u00d3 INFANTIL<\/strong><\/td>\n<td style=\"width: 145.429%;\"><\/td>\n<\/tr>\n<tr>\n<td style=\"width: 49.5309%;\">I3: Meritxell Casanova \/ Cristina Allepuz<\/td>\n<td style=\"width: 145.429%;\"><\/td>\n<\/tr>\n<tr>\n<td style=\"width: 49.5309%;\">I4 A: Maria S\u00e0rries \/ Carles Gil<\/td>\n<td style=\"width: 145.429%;\">I4 B: Monica Vila<\/td>\n<\/tr>\n<tr>\n<td style=\"width: 49.5309%;\">I5 A:\u00a0Elena Rocha<\/td>\n<td style=\"width: 145.429%;\">I5 B: Marta Macian<\/td>\n<\/tr>\n<\/tbody>\n<\/table>\n<table style=\"border-collapse: collapse; width: 100%; height: 218px;\">\n<tbody>\n<tr style=\"height: 32px;\">\n<td style=\"width: 50%; height: 32px;\"><strong>TUTORIES EDUCACI\u00d3 PRIM\u00c0RIA<\/strong><\/td>\n<td style=\"width: 50%; height: 32px;\"><\/td>\n<\/tr>\n<tr style=\"height: 32px;\">\n<td style=\"width: 50%; height: 32px;\">1r PRI A: Elena L\u00f3pez<\/td>\n<td style=\"width: 50%; height: 32px;\">1r PRI B: Judit Pr\u00edncep<\/td>\n<\/tr>\n<tr style=\"height: 26px;\">\n<td style=\"width: 50%; height: 26px;\">2n PRI: N\u00faria Comellas<\/td>\n<td style=\"width: 50%; height: 26px;\">2n PRI B: Lara Bou<\/td>\n<\/tr>\n<tr style=\"height: 32px;\">\n<td style=\"width: 50%; height: 32px;\">3r PRI A: Africa Casamitjans<\/td>\n<td style=\"width: 50%; height: 32px;\">3r PRI B:\u00a0 Silvia Borred\u00e0<\/td>\n<\/tr>\n<tr style=\"height: 32px;\">\n<td style=\"width: 50%; height: 32px;\">4t\u00a0 PRI A: Xavier Aguilar<\/td>\n<td style=\"width: 50%; height: 32px;\"><\/td>\n<\/tr>\n<tr style=\"height: 32px;\">\n<td style=\"width: 50%; height: 32px;\">5\u00e8 PRI A: Mireia Caballero<\/td>\n<td style=\"width: 50%; height: 32px;\">5\u00e8 PRI B: Bernat Murcia<\/td>\n<\/tr>\n<tr style=\"height: 32px;\">\n<td style=\"width: 50%; height: 32px;\">6\u00e8 PRI A: Cristina Mart\u00ednez<\/td>\n<td style=\"width: 50%; height: 32px;\">6\u00e8 PRI B: Yolanda Becerra<\/td>\n<\/tr>\n<\/tbody>\n<\/table>\n<table style=\"border-collapse: collapse; width: 100%;\">\n<tbody>\n<tr>\n<td style=\"width: 49.9323%;\"><strong>TUTORIES EDUCACI\u00d3 SECUND\u00c0RIA<\/strong><\/td>\n<td style=\"width: 49.9323%;\"><\/td>\n<\/tr>\n<tr>\n<td style=\"width: 49.9323%;\">1r ESO A:\u00a0 Noem\u00ed Fern\u00e1ndez<\/td>\n<td style=\"width: 49.9323%;\">1r ESO B: Marta Domingo<\/td>\n<\/tr>\n<tr>\n<td style=\"width: 49.9323%;\">2n ESO A: Marta Vinardell<\/td>\n<td style=\"width: 49.9323%;\">2n ESO B: Ricard Reig<\/td>\n<\/tr>\n<tr>\n<td style=\"width: 49.9323%;\">3r ESO A:\u00a0Jose Martin<\/td>\n<td style=\"width: 49.9323%; padding-left: 40px;\">3r B: Carles Resclosa<\/td>\n<\/tr>\n<tr>\n<td style=\"width: 49.9323%;\">4t ESO A: Angie \u00c1lvarez<\/td>\n<td style=\"width: 49.9323%;\"><\/td>\n<\/tr>\n<\/tbody>\n<\/table>\n<table style=\"border-collapse: collapse; width: 99.8647%; height: 110px;\">\n<tbody>\n<tr>\n<td style=\"width: 50%;\"><strong>SUPORT INFANTIL I PRIM\u00c0RIA<\/strong><\/td>\n<td style=\"width: 50%;\"><\/td>\n<\/tr>\n<tr>\n<td style=\"width: 50%;\">Rosa Soler<\/td>\n<td style=\"width: 50%;\">Laura Borque TEI<\/td>\n<\/tr>\n<tr>\n<td style=\"width: 50%;\">Toni Paris<\/td>\n<td style=\"width: 50%;\"><\/td>\n<\/tr>\n<\/tbody>\n<\/table>\n<table style=\"border-collapse: collapse; width: 100%; height: 259px;\">\n<tbody>\n<tr style=\"height: 32px;\">\n<td style=\"width: 50%; height: 32px;\"><strong>ESPECIALISTES INFANTIL I PRIM\u00c0RIA<\/strong><\/td>\n<td style=\"width: 50%; height: 32px;\"><\/td>\n<\/tr>\n<tr style=\"height: 32px;\">\n<td style=\"width: 50%; height: 32px;\">Angl\u00e8s<\/td>\n<td style=\"width: 50%; height: 32px;\">Pepi S\u00e1nchez, Elena Navarro<\/td>\n<\/tr>\n<tr style=\"height: 32px;\">\n<td style=\"width: 50%; height: 32px;\">M\u00fasica<\/td>\n<td style=\"width: 50%; height: 32px;\">Anna Reb\u00e9s, M.\u00c0ngels Marull.<\/td>\n<\/tr>\n<tr style=\"height: 32px;\">\n<td style=\"width: 50%; height: 32px;\">Educaci\u00f3 f\u00edsica<\/td>\n<td style=\"width: 50%; height: 32px;\">Francesc Cuixart, Sergio Marcaida<\/td>\n<\/tr>\n<tr style=\"height: 32px;\">\n<td style=\"width: 50%; height: 32px;\">Educaci\u00f3 Especial<\/td>\n<td style=\"width: 50%; height: 32px;\">Monica Vila<\/td>\n<\/tr>\n<tr>\n<td style=\"width: 50%;\">Siei<\/td>\n<td style=\"width: 50%;\">Patricia Rea<\/td>\n<\/tr>\n<tr style=\"height: 33px;\">\n<td style=\"width: 50%; height: 33px;\">Educadora Educaci\u00f3 Especial<\/td>\n<td style=\"width: 50%; height: 33px;\">X\u00e8nia Montalvo<\/td>\n<\/tr>\n<tr>\n<td style=\"width: 50%;\">Orientaci\u00f3 ESO<\/td>\n<td style=\"width: 50%;\">Eva L\u00f3pez \/ Tania del Puerto<\/td>\n<\/tr>\n<tr>\n<td style=\"width: 50%;\">Aula d&#8217;acollida Prim\u00e0ria<\/td>\n<td style=\"width: 50%;\">Irene Garcia<\/td>\n<\/tr>\n<tr>\n<td style=\"width: 50%;\">Aula d&#8217;Acollida ESO<\/td>\n<td style=\"width: 50%;\">Marta Vald\u00e9s<\/td>\n<\/tr>\n<\/tbody>\n<\/table>\n","protected":false},"excerpt":{"rendered":"<p>EQUIP DIRECTIU<\/p>\n<ul>\n<li>Directora: <a href=\"https:\/\/drive.google.com\/file\/d\/1ixe139hVD4yR4W00xEx5-OoY9F3Vn9Fj\/view?usp=share_link\">Susana Naranjo Ord\u00f3\u00f1ez<\/a><\/li>\n<li>Cap d&#8217;estudis Infantil i Prim\u00e0ria: Mireia Jord\u00e0 i Gasch\n<\/li>\n<li>Cap d&#8217;estudis ESO: Marta Peidr\u00f3 Saperas\n<\/li>\n<li>Coordinador Pedag\u00f2gic: <a href=\"https:\/\/drive.google.com\/file\/d\/1PISFtejIFx0j9Ih026URehSJDB8u4KXR\/view?usp=drive_link\">Manuel G\u00f3mez Poyato<\/a><\/li>\n<li>Secretari: Ramon Martin Bernad\u00f3<\/li>\n<\/ul>\n<p>ALTRES C\u00c0RRECS<\/p>\n<ul>\n<li>Cap de l&#8217;\u00e0mbit ling\u00fc\u00edstic: \u00c0ngels Peir\u00f3<\/li>\n<li>Cap de l&#8217;\u00e0mbit cient\u00edfic-tecnol\u00f2gic: Carme Camon<\/li>\n<li>Cap del Departament d&#8217;Orientaci\u00f3: Patricia Rea<\/li>\n<li>Coordinaci\u00f3 Comunitat de&hellip;  <a href=\"https:\/\/agora.xtec.cat\/ielondres\/linstitut\/organigrama\/\" title=\"Read Organigrama\">Llegeix m\u00e9s\u00bb<\/a><br \/>\n","protected":false},"author":1,"featured_media":0,"parent":19,"menu_order":50,"comment_status":"closed","ping_status":"closed","template":"page-templates\/side-menu.php","meta":{"_bbp_topic_count":0,"_bbp_reply_count":0,"_bbp_total_topic_count":0,"_bbp_total_reply_count":0,"_bbp_voice_count":0,"_bbp_anonymous_reply_count":0,"_bbp_topic_count_hidden":0,"_bbp_reply_count_hidden":0,"_bbp_forum_subforum_count":0,"footnotes":""},"class_list":["post-46","page","type-page","status-publish","hentry"],"post_mailing_queue_ids":[],"_links":{"self":[{"href":"https:\/\/agora.xtec.cat\/ielondres\/wp-json\/wp\/v2\/pages\/46","targetHints":{"allow":["GET"]}}],"collection":[{"href":"https:\/\/agora.xtec.cat\/ielondres\/wp-json\/wp\/v2\/pages"}],"about":[{"href":"https:\/\/agora.xtec.cat\/ielondres\/wp-json\/wp\/v2\/types\/page"}],"author":[{"embeddable":true,"href":"https:\/\/agora.xtec.cat\/ielondres\/wp-json\/wp\/v2\/users\/1"}],"replies":[{"embeddable":true,"href":"https:\/\/agora.xtec.cat\/ielondres\/wp-json\/wp\/v2\/comments?post=46"}],"version-history":[{"count":6,"href":"https:\/\/agora.xtec.cat\/ielondres\/wp-json\/wp\/v2\/pages\/46\/revisions"}],"predecessor-version":[{"id":3231,"href":"https:\/\/agora.xtec.cat\/ielondres\/wp-json\/wp\/v2\/pages\/46\/revisions\/3231"}],"up":[{"embeddable":true,"href":"https:\/\/agora.xtec.cat\/ielondres\/wp-json\/wp\/v2\/pages\/19"}],"wp:attachment":[{"href":"https:\/\/agora.xtec.cat\/ielondres\/wp-json\/wp\/v2\/media?parent=46"}],"curies":[{"name":"wp","href":"https:\/\/api.w.org\/{rel}","templated":true}]}}