{"id":3255,"date":"2026-02-24T08:30:24","date_gmt":"2026-02-24T07:30:24","guid":{"rendered":"https:\/\/agora.xtec.cat\/ielondres\/?page_id=3255"},"modified":"2026-04-09T16:36:23","modified_gmt":"2026-04-09T14:36:23","slug":"documents-de-centre","status":"publish","type":"page","link":"https:\/\/agora.xtec.cat\/ielondres\/documents-de-centre\/","title":{"rendered":"Documents de centre"},"content":{"rendered":"<header class=\"entry-header\">\n<h1 class=\"entry-title\"><\/h1>\n<\/header>\n<div class=\"entry-content\">\n<ul>\n<li>Projecte Educatiu de Centre: <a href=\"https:\/\/drive.google.com\/file\/d\/1RXUIbDZo0LmB6go1sygMHJZ064V3FsJX\/view?usp=sharing\">PEC (En elaboraci\u00f3)<\/a><\/li>\n<li>Normes d\u2019Organitzaci\u00f3 i Funcionament de Centre: <a href=\"https:\/\/drive.google.com\/file\/d\/1cXQW4tM6pJ5LIHNua8_msb94qXwUn_qE\/view?usp=sharing\">NOFC<\/a><\/li>\n<li>Estrat\u00e8gia Digital de Centre: <a href=\"https:\/\/sites.google.com\/xtec.cat\/edclondres\/p%C3%A0gina-principal\">EDC<\/a><\/li>\n<li><a href=\"https:\/\/drive.google.com\/file\/d\/1Jac_cE2STA8gG28-B6ZCYsR59kI763Sn\/view?usp=sharing\">Guia d\u2019actuaci\u00f3 i protocol de prevenci\u00f3 i gesti\u00f3 de situacions de viol\u00e8ncia entre iguals en l\u2019\u00e0mbit educatiu<\/a><\/li>\n<li><a href=\"https:\/\/view.genially.com\/66a378366d916266152aa95f\/presentation-circuitprevencioviolencies\">Circuit d\u2019actuaci\u00f3, prevenci\u00f3 i gesti\u00f3 de situacions de viol\u00e8ncia entre iguals en l\u2019\u00e0mbit educatiu<\/a><\/li>\n<\/ul>\n<div class=\"addtoany_share_save_container addtoany_content addtoany_content_bottom\">\n<div class=\"a2a_kit a2a_kit_size_25 addtoany_list\" data-a2a-url=\"https:\/\/agora.xtec.cat\/ielondres\/linstitut\/normes-dorganitzacio-i-funcionament\/\" data-a2a-title=\"Documents de centre\"><\/div>\n<\/div>\n<\/div>\n","protected":false},"excerpt":{"rendered":"<ul>\n<li>Projecte Educatiu de Centre: <a href=\"https:\/\/drive.google.com\/file\/d\/1RXUIbDZo0LmB6go1sygMHJZ064V3FsJX\/view?usp=sharing\">PEC (En elaboraci\u00f3)<\/a><\/li>\n<li>Normes d\u2019Organitzaci\u00f3 i Funcionament de Centre: <a href=\"https:\/\/drive.google.com\/file\/d\/1cXQW4tM6pJ5LIHNua8_msb94qXwUn_qE\/view?usp=sharing\">NOFC<\/a><\/li>\n<li>Estrat\u00e8gia Digital de Centre: <a href=\"https:\/\/sites.google.com\/xtec.cat\/edclondres\/p%C3%A0gina-principal\">EDC<\/a><\/li>\n<li><a href=\"https:\/\/drive.google.com\/file\/d\/1Jac_cE2STA8gG28-B6ZCYsR59kI763Sn\/view?usp=sharing\">Guia d\u2019actuaci\u00f3 i protocol de prevenci\u00f3 i gesti\u00f3 de situacions de viol\u00e8ncia entre iguals en l\u2019\u00e0mbit educatiu<\/a><\/li>\n<li><a href=\"https:\/\/view.genially.com\/66a378366d916266152aa95f\/presentation-circuitprevencioviolencies\">Circuit d\u2019actuaci\u00f3, prevenci\u00f3 i gesti\u00f3 de situacions de&hellip;  <a href=\"https:\/\/agora.xtec.cat\/ielondres\/documents-de-centre\/\" title=\"Read Documents de centre\">Llegeix m\u00e9s\u00bb<\/a><br \/>\n","protected":false},"author":1,"featured_media":0,"parent":0,"menu_order":0,"comment_status":"closed","ping_status":"closed","template":"","meta":{"_bbp_topic_count":0,"_bbp_reply_count":0,"_bbp_total_topic_count":0,"_bbp_total_reply_count":0,"_bbp_voice_count":0,"_bbp_anonymous_reply_count":0,"_bbp_topic_count_hidden":0,"_bbp_reply_count_hidden":0,"_bbp_forum_subforum_count":0,"footnotes":""},"class_list":["post-3255","page","type-page","status-publish","hentry"],"post_mailing_queue_ids":[],"_links":{"self":[{"href":"https:\/\/agora.xtec.cat\/ielondres\/wp-json\/wp\/v2\/pages\/3255","targetHints":{"allow":["GET"]}}],"collection":[{"href":"https:\/\/agora.xtec.cat\/ielondres\/wp-json\/wp\/v2\/pages"}],"about":[{"href":"https:\/\/agora.xtec.cat\/ielondres\/wp-json\/wp\/v2\/types\/page"}],"author":[{"embeddable":true,"href":"https:\/\/agora.xtec.cat\/ielondres\/wp-json\/wp\/v2\/users\/1"}],"replies":[{"embeddable":true,"href":"https:\/\/agora.xtec.cat\/ielondres\/wp-json\/wp\/v2\/comments?post=3255"}],"version-history":[{"count":3,"href":"https:\/\/agora.xtec.cat\/ielondres\/wp-json\/wp\/v2\/pages\/3255\/revisions"}],"predecessor-version":[{"id":3430,"href":"https:\/\/agora.xtec.cat\/ielondres\/wp-json\/wp\/v2\/pages\/3255\/revisions\/3430"}],"wp:attachment":[{"href":"https:\/\/agora.xtec.cat\/ielondres\/wp-json\/wp\/v2\/media?parent=3255"}],"curies":[{"name":"wp","href":"https:\/\/api.w.org\/{rel}","templated":true}]}}