{"id":3251,"date":"2026-02-24T08:30:02","date_gmt":"2026-02-24T07:30:02","guid":{"rendered":"https:\/\/agora.xtec.cat\/ielondres\/?page_id=3251"},"modified":"2026-02-24T09:03:43","modified_gmt":"2026-02-24T08:03:43","slug":"consell-escolar","status":"publish","type":"page","link":"https:\/\/agora.xtec.cat\/ielondres\/consell-escolar\/","title":{"rendered":"Consell Escolar"},"content":{"rendered":"<p>El Consell Escolar de l\u2019IE Londres est\u00e0 format per:<\/p>\n<p>Directora: Susana Naranjo Ord\u00f3\u00f1ez<br \/>\nCap d\u2019estudis: Marta Peidr\u00f3 Saperas<br \/>\nSecret\u00e0ria: Ramon Mart\u00edn Bernad\u00f3<br \/>\nRepresentant de l\u2019Ajuntament: Clara Santamaria<br \/>\nRepresentant de l\u2019alumnat: M\\ Jes\u00fas Cegarra<br \/>\nRepresentant de l\u2019alumnat: J\u00falia Margarit<br \/>\nRepresentant de l\u2019AMPA: Marta Loira<br \/>\nRepresentant de pares i mares: Lorena V\u00edlchez<br \/>\nRepresentant de pares i mares: Miguel Cid<br \/>\nRepresentant de pares i mares: Marta s\u00e1nchez<br \/>\nRepresentant del PAE: Laura Borque<br \/>\nRepresentant del PAS: M\\ Teresa El\u00edas<br \/>\nRepresentant del professorat: Gabrial Lara<br \/>\nRepresentant del professorat: Ricard Reig<br \/>\nRepresentant del professorat: Francesc Cuixart<br \/>\nRepresentant del professorat: Lara Bou<br \/>\nRepresentant del professorat: Maite Sanjos\u00e9<br \/>\nRepresentant del professorat: Elena L\u00f3pez<\/p>\n<h4><strong>ACORDS CURS 23-24<\/strong><\/h4>\n<p><a href=\"https:\/\/drive.google.com\/file\/d\/1ELOijSp_VaBnBee_tH8gwaKh6oaHavP0\/view?usp=sharing\">\u2013 Acords 16 d\u2019octubre de 2023<\/a><\/p>\n<p><a href=\"https:\/\/drive.google.com\/file\/d\/1l_02IjY9mu4M2uEtx1rPatsBjqj4cM--\/view?usp=sharing\">\u2013 Acords 20 de febrer de 2024<\/a><\/p>\n<p><a href=\"https:\/\/educacio.gencat.cat\/ca\/arees-actuacio\/centres-serveis-educatius\/centres\/consells-escolars-centres\/\">Web Departament d\u2019Educaci\u00f3<\/a><\/p>\n<div class=\"addtoany_share_save_container addtoany_content addtoany_content_bottom\">\n<div class=\"a2a_kit a2a_kit_size_25 addtoany_list\" data-a2a-url=\"https:\/\/agora.xtec.cat\/ielondres\/linstitut\/consell-escolar\/\" data-a2a-title=\"Consell escolar\"><\/div>\n<\/div>\n","protected":false},"excerpt":{"rendered":"<p>El Consell Escolar de l\u2019IE Londres est\u00e0 format per:<br \/>\nDirectora: Susana Naranjo Ord\u00f3\u00f1ez<br \/>\nCap d\u2019estudis: Marta Peidr\u00f3 Saperas<br \/>\nSecret\u00e0ria: Ramon Mart\u00edn Bernad\u00f3<br \/>\nRepresentant de l\u2019Ajuntament: Clara Santamaria<br \/>\nRepresentant de l\u2019alumnat: M\\ Jes\u00fas Cegarra<br \/>\nRepresentant de l\u2019alumnat: J\u00falia Margarit<br \/>\nRepresentant de l\u2019AMPA: Marta Loira<br \/>\nRepresentant de pares i mares: Lorena V\u00edlchez<br \/>\nRepresentant de pares i&hellip;  <a href=\"https:\/\/agora.xtec.cat\/ielondres\/consell-escolar\/\" title=\"Read Consell Escolar\">Llegeix m\u00e9s\u00bb<\/a><\/p>\n","protected":false},"author":1,"featured_media":0,"parent":0,"menu_order":0,"comment_status":"closed","ping_status":"closed","template":"","meta":{"_bbp_topic_count":0,"_bbp_reply_count":0,"_bbp_total_topic_count":0,"_bbp_total_reply_count":0,"_bbp_voice_count":0,"_bbp_anonymous_reply_count":0,"_bbp_topic_count_hidden":0,"_bbp_reply_count_hidden":0,"_bbp_forum_subforum_count":0,"footnotes":""},"class_list":["post-3251","page","type-page","status-publish","hentry"],"post_mailing_queue_ids":[],"_links":{"self":[{"href":"https:\/\/agora.xtec.cat\/ielondres\/wp-json\/wp\/v2\/pages\/3251","targetHints":{"allow":["GET"]}}],"collection":[{"href":"https:\/\/agora.xtec.cat\/ielondres\/wp-json\/wp\/v2\/pages"}],"about":[{"href":"https:\/\/agora.xtec.cat\/ielondres\/wp-json\/wp\/v2\/types\/page"}],"author":[{"embeddable":true,"href":"https:\/\/agora.xtec.cat\/ielondres\/wp-json\/wp\/v2\/users\/1"}],"replies":[{"embeddable":true,"href":"https:\/\/agora.xtec.cat\/ielondres\/wp-json\/wp\/v2\/comments?post=3251"}],"version-history":[{"count":2,"href":"https:\/\/agora.xtec.cat\/ielondres\/wp-json\/wp\/v2\/pages\/3251\/revisions"}],"predecessor-version":[{"id":3279,"href":"https:\/\/agora.xtec.cat\/ielondres\/wp-json\/wp\/v2\/pages\/3251\/revisions\/3279"}],"wp:attachment":[{"href":"https:\/\/agora.xtec.cat\/ielondres\/wp-json\/wp\/v2\/media?parent=3251"}],"curies":[{"name":"wp","href":"https:\/\/api.w.org\/{rel}","templated":true}]}}