{"id":3249,"date":"2026-02-24T08:29:54","date_gmt":"2026-02-24T07:29:54","guid":{"rendered":"https:\/\/agora.xtec.cat\/ielondres\/?page_id=3249"},"modified":"2026-02-24T09:08:11","modified_gmt":"2026-02-24T08:08:11","slug":"historia","status":"publish","type":"page","link":"https:\/\/agora.xtec.cat\/ielondres\/historia\/","title":{"rendered":"Hist\u00f2ria"},"content":{"rendered":"<p><strong>L\u2019Institut Escola Londres <\/strong>va iniciar el seu cam\u00ed el curs 2021-2022 com a nou centre educatiu p\u00fablic ubicat a l\u2019Esquerra de l\u2019Eixample.<\/p>\n<p>El nostre model educatiu integrat acull nens des dels 3 fins els 16 anys amb l\u2019autonomia pedag\u00f2gica per impulsar projectes educatius de continu\u00eftat i la capacitat organitzativa i de gesti\u00f3 dels propis recursos.<\/p>\n<p>Oferim una proposta educativa multiling\u00fce (catal\u00e0, castell\u00e0, angl\u00e8s i, opcionalment, franc\u00e8s o alemany), amb la incorporaci\u00f3 de metodologies innovadores, eines pedag\u00f2giques diverses i la pres\u00e8ncia de les noves tecnologies en les seves tres etapes educatives: Infantil, Prim\u00e0ria i ESO.<\/p>\n<p>&nbsp;<\/p>\n","protected":false},"excerpt":{"rendered":"<p>L\u2019Institut Escola Londres va iniciar el seu cam\u00ed el curs 2021-2022 com a nou centre educatiu p\u00fablic ubicat a l\u2019Esquerra de l\u2019Eixample.<br \/>\nEl nostre model educatiu integrat acull nens des dels 3 fins els 16 anys amb l\u2019autonomia pedag\u00f2gica per impulsar projectes educatius de continu\u00eftat i&hellip;  <a href=\"https:\/\/agora.xtec.cat\/ielondres\/historia\/\" title=\"Read Hist\u00f2ria\">Llegeix m\u00e9s\u00bb<\/a><\/p>\n","protected":false},"author":1,"featured_media":0,"parent":0,"menu_order":0,"comment_status":"closed","ping_status":"closed","template":"","meta":{"_bbp_topic_count":0,"_bbp_reply_count":0,"_bbp_total_topic_count":0,"_bbp_total_reply_count":0,"_bbp_voice_count":0,"_bbp_anonymous_reply_count":0,"_bbp_topic_count_hidden":0,"_bbp_reply_count_hidden":0,"_bbp_forum_subforum_count":0,"footnotes":""},"class_list":["post-3249","page","type-page","status-publish","hentry"],"post_mailing_queue_ids":[],"_links":{"self":[{"href":"https:\/\/agora.xtec.cat\/ielondres\/wp-json\/wp\/v2\/pages\/3249","targetHints":{"allow":["GET"]}}],"collection":[{"href":"https:\/\/agora.xtec.cat\/ielondres\/wp-json\/wp\/v2\/pages"}],"about":[{"href":"https:\/\/agora.xtec.cat\/ielondres\/wp-json\/wp\/v2\/types\/page"}],"author":[{"embeddable":true,"href":"https:\/\/agora.xtec.cat\/ielondres\/wp-json\/wp\/v2\/users\/1"}],"replies":[{"embeddable":true,"href":"https:\/\/agora.xtec.cat\/ielondres\/wp-json\/wp\/v2\/comments?post=3249"}],"version-history":[{"count":2,"href":"https:\/\/agora.xtec.cat\/ielondres\/wp-json\/wp\/v2\/pages\/3249\/revisions"}],"predecessor-version":[{"id":3282,"href":"https:\/\/agora.xtec.cat\/ielondres\/wp-json\/wp\/v2\/pages\/3249\/revisions\/3282"}],"wp:attachment":[{"href":"https:\/\/agora.xtec.cat\/ielondres\/wp-json\/wp\/v2\/media?parent=3249"}],"curies":[{"name":"wp","href":"https:\/\/api.w.org\/{rel}","templated":true}]}}