{"id":27,"date":"2014-09-17T16:24:03","date_gmt":"2014-09-17T16:24:03","guid":{"rendered":"http:\/\/agora.xtec.cat\/ielondres\/?page_id=27"},"modified":"2022-10-11T16:58:13","modified_gmt":"2022-10-11T14:58:13","slug":"historia","status":"publish","type":"page","link":"https:\/\/agora.xtec.cat\/ielondres\/linstitut\/historia\/","title":{"rendered":"Hist\u00f2ria"},"content":{"rendered":"<p><strong>L\u2019Institut Escola Londres <\/strong>va iniciar el seu cam\u00ed el curs 2021-2022 com a nou centre educatiu p\u00fablic ubicat a l&#8217;Esquerra de l\u2019Eixample.<\/p>\n<p>El nostre model educatiu integrat acull nens des dels 3 fins els 16 anys amb l&#8217;autonomia pedag\u00f2gica per impulsar projectes educatius de continu\u00eftat i la capacitat organitzativa i de gesti\u00f3 dels propis recursos.<\/p>\n<p>Oferim una proposta educativa multiling\u00fce (catal\u00e0, castell\u00e0, angl\u00e8s i, opcionalment, franc\u00e8s o alemany), amb la incorporaci\u00f3 de metodologies innovadores, eines pedag\u00f2giques diverses i la pres\u00e8ncia de les noves tecnologies en les seves tres etapes educatives: Infantil, Prim\u00e0ria i ESO.<\/p>\n<p><strong>\u00a0<\/strong><\/p>\n<p style=\"text-align: center;\"><a href=\"https:\/\/agora.xtec.cat\/ielondres\/wp-content\/uploads\/usu2343\/2022\/10\/Captura.png\"><img loading=\"lazy\" decoding=\"async\" class=\"alignnone size-full wp-image-558\" src=\"https:\/\/agora.xtec.cat\/ielondres\/wp-content\/uploads\/usu2343\/2022\/10\/Captura.png\" alt=\"\" width=\"497\" height=\"431\" srcset=\"https:\/\/agora.xtec.cat\/ielondres\/wp-content\/uploads\/usu2343\/2022\/10\/Captura.png 497w, https:\/\/agora.xtec.cat\/ielondres\/wp-content\/uploads\/usu2343\/2022\/10\/Captura-300x260.png 300w\" sizes=\"auto, (max-width: 497px) 100vw, 497px\" \/><\/a><\/p>\n<p>&nbsp;<\/p>\n<p>&nbsp;<\/p>\n","protected":false},"excerpt":{"rendered":"<p>L\u2019Institut Escola Londres va iniciar el seu cam\u00ed el curs 2021-2022 com a nou centre educatiu p\u00fablic ubicat a l&#8217;Esquerra de l\u2019Eixample.<br \/>\nEl nostre model educatiu integrat acull nens des dels 3 fins els 16 anys amb l&#8217;autonomia pedag\u00f2gica per impulsar projectes educatius de continu\u00eftat i&hellip;  <a href=\"https:\/\/agora.xtec.cat\/ielondres\/linstitut\/historia\/\" title=\"Read Hist\u00f2ria\">Llegeix m\u00e9s\u00bb<\/a><\/p>\n","protected":false},"author":1,"featured_media":0,"parent":19,"menu_order":20,"comment_status":"closed","ping_status":"closed","template":"page-templates\/side-menu.php","meta":{"_bbp_topic_count":0,"_bbp_reply_count":0,"_bbp_total_topic_count":0,"_bbp_total_reply_count":0,"_bbp_voice_count":0,"_bbp_anonymous_reply_count":0,"_bbp_topic_count_hidden":0,"_bbp_reply_count_hidden":0,"_bbp_forum_subforum_count":0,"footnotes":""},"class_list":["post-27","page","type-page","status-publish","hentry"],"post_mailing_queue_ids":[],"_links":{"self":[{"href":"https:\/\/agora.xtec.cat\/ielondres\/wp-json\/wp\/v2\/pages\/27","targetHints":{"allow":["GET"]}}],"collection":[{"href":"https:\/\/agora.xtec.cat\/ielondres\/wp-json\/wp\/v2\/pages"}],"about":[{"href":"https:\/\/agora.xtec.cat\/ielondres\/wp-json\/wp\/v2\/types\/page"}],"author":[{"embeddable":true,"href":"https:\/\/agora.xtec.cat\/ielondres\/wp-json\/wp\/v2\/users\/1"}],"replies":[{"embeddable":true,"href":"https:\/\/agora.xtec.cat\/ielondres\/wp-json\/wp\/v2\/comments?post=27"}],"version-history":[{"count":3,"href":"https:\/\/agora.xtec.cat\/ielondres\/wp-json\/wp\/v2\/pages\/27\/revisions"}],"predecessor-version":[{"id":565,"href":"https:\/\/agora.xtec.cat\/ielondres\/wp-json\/wp\/v2\/pages\/27\/revisions\/565"}],"up":[{"embeddable":true,"href":"https:\/\/agora.xtec.cat\/ielondres\/wp-json\/wp\/v2\/pages\/19"}],"wp:attachment":[{"href":"https:\/\/agora.xtec.cat\/ielondres\/wp-json\/wp\/v2\/media?parent=27"}],"curies":[{"name":"wp","href":"https:\/\/api.w.org\/{rel}","templated":true}]}}