{"id":2468,"date":"2025-02-18T12:52:46","date_gmt":"2025-02-18T11:52:46","guid":{"rendered":"https:\/\/agora.xtec.cat\/ielondres\/?page_id=2468"},"modified":"2025-02-18T12:55:08","modified_gmt":"2025-02-18T11:55:08","slug":"delf","status":"publish","type":"page","link":"https:\/\/agora.xtec.cat\/ielondres\/projecte-educatiu\/erasmus\/delf\/","title":{"rendered":"DELF"},"content":{"rendered":"<p><a href=\"https:\/\/agora.xtec.cat\/ielondres\/wp-content\/uploads\/usu2343\/2025\/02\/delf1.jpg\"><img loading=\"lazy\" decoding=\"async\" class=\"size-full wp-image-2470 alignleft\" src=\"https:\/\/agora.xtec.cat\/ielondres\/wp-content\/uploads\/usu2343\/2025\/02\/delf1.jpg\" alt=\"\" width=\"565\" height=\"58\" srcset=\"https:\/\/agora.xtec.cat\/ielondres\/wp-content\/uploads\/usu2343\/2025\/02\/delf1.jpg 565w, https:\/\/agora.xtec.cat\/ielondres\/wp-content\/uploads\/usu2343\/2025\/02\/delf1-300x31.jpg 300w\" sizes=\"auto, (max-width: 565px) 100vw, 565px\" \/><\/a><\/p>\n<p>&nbsp;<\/p>\n<p>Els alumnes de 4t d\u2019ESO de l\u2019IE Londres, tenen la possibilitat de certificar els seus coneixements de franc\u00e8s, presentant-se \u00a0l\u2019examen del DELF SCOLAIRE que correspon al nivell A2 del Marc Com\u00fa Europeu de Refer\u00e8ncia per a les Lleng\u00fces (MCERL).<\/p>\n<p>Atorgats pel Ministeri d\u2019Educaci\u00f3 Nacional de Fran\u00e7a, els DELF s\u00f3n diplomes en llengua francesa reconeguts internacionalment en 173 pa\u00efsos.<\/p>\n<p>EL DELF scolaire \u00e9s fruit d\u2019un conveni de col\u00b7laboraci\u00f3 entre el Servei de Cooperaci\u00f3 i Acci\u00f3 Cultural de l\u2019Ambaixada de Francesa i el Departament d\u2019Educaci\u00f3. Es va posar en marxa a Catalunya l\u2019any 2014.<\/p>\n<p>Trobareu m\u00e9s informaci\u00f3 en el seg\u00fcent <a href=\"https:\/\/delf-scolaire.cat\/\">enlla\u00e7<\/a>.<\/p>\n<p><a href=\"https:\/\/agora.xtec.cat\/ielondres\/wp-content\/uploads\/usu2343\/2025\/02\/delf2.jpg\"><img loading=\"lazy\" decoding=\"async\" class=\"size-full wp-image-2469 alignleft\" src=\"https:\/\/agora.xtec.cat\/ielondres\/wp-content\/uploads\/usu2343\/2025\/02\/delf2.jpg\" alt=\"\" width=\"520\" height=\"152\" srcset=\"https:\/\/agora.xtec.cat\/ielondres\/wp-content\/uploads\/usu2343\/2025\/02\/delf2.jpg 520w, https:\/\/agora.xtec.cat\/ielondres\/wp-content\/uploads\/usu2343\/2025\/02\/delf2-300x88.jpg 300w\" sizes=\"auto, (max-width: 520px) 100vw, 520px\" \/><\/a><\/p>\n","protected":false},"excerpt":{"rendered":"<p><a href=\"https:\/\/agora.xtec.cat\/ielondres\/wp-content\/uploads\/usu2343\/2025\/02\/delf1.jpg\"><\/a><br \/>\n&nbsp;<br \/>\nEls alumnes de 4t d\u2019ESO de l\u2019IE Londres, tenen la possibilitat de certificar els seus coneixements de franc\u00e8s, presentant-se \u00a0l\u2019examen del DELF SCOLAIRE que correspon al nivell A2 del Marc Com\u00fa Europeu de Refer\u00e8ncia per a les Lleng\u00fces (MCERL).<br \/>\nAtorgats pel Ministeri d\u2019Educaci\u00f3 Nacional de&hellip;  <a href=\"https:\/\/agora.xtec.cat\/ielondres\/projecte-educatiu\/erasmus\/delf\/\" title=\"Read DELF\">Llegeix m\u00e9s\u00bb<\/a><\/p>\n","protected":false},"author":1,"featured_media":0,"parent":794,"menu_order":1,"comment_status":"closed","ping_status":"closed","template":"","meta":{"_bbp_topic_count":0,"_bbp_reply_count":0,"_bbp_total_topic_count":0,"_bbp_total_reply_count":0,"_bbp_voice_count":0,"_bbp_anonymous_reply_count":0,"_bbp_topic_count_hidden":0,"_bbp_reply_count_hidden":0,"_bbp_forum_subforum_count":0,"footnotes":""},"class_list":["post-2468","page","type-page","status-publish","hentry"],"post_mailing_queue_ids":[],"_links":{"self":[{"href":"https:\/\/agora.xtec.cat\/ielondres\/wp-json\/wp\/v2\/pages\/2468","targetHints":{"allow":["GET"]}}],"collection":[{"href":"https:\/\/agora.xtec.cat\/ielondres\/wp-json\/wp\/v2\/pages"}],"about":[{"href":"https:\/\/agora.xtec.cat\/ielondres\/wp-json\/wp\/v2\/types\/page"}],"author":[{"embeddable":true,"href":"https:\/\/agora.xtec.cat\/ielondres\/wp-json\/wp\/v2\/users\/1"}],"replies":[{"embeddable":true,"href":"https:\/\/agora.xtec.cat\/ielondres\/wp-json\/wp\/v2\/comments?post=2468"}],"version-history":[{"count":3,"href":"https:\/\/agora.xtec.cat\/ielondres\/wp-json\/wp\/v2\/pages\/2468\/revisions"}],"predecessor-version":[{"id":2473,"href":"https:\/\/agora.xtec.cat\/ielondres\/wp-json\/wp\/v2\/pages\/2468\/revisions\/2473"}],"up":[{"embeddable":true,"href":"https:\/\/agora.xtec.cat\/ielondres\/wp-json\/wp\/v2\/pages\/794"}],"wp:attachment":[{"href":"https:\/\/agora.xtec.cat\/ielondres\/wp-json\/wp\/v2\/media?parent=2468"}],"curies":[{"name":"wp","href":"https:\/\/api.w.org\/{rel}","templated":true}]}}