{"id":1415,"date":"2024-02-07T17:38:26","date_gmt":"2024-02-07T16:38:26","guid":{"rendered":"https:\/\/agora.xtec.cat\/ielondres\/?page_id=1415"},"modified":"2024-02-07T17:39:46","modified_gmt":"2024-02-07T16:39:46","slug":"art-salut-intergeneracional","status":"publish","type":"page","link":"https:\/\/agora.xtec.cat\/ielondres\/projecte-educatiu\/art-salut-intergeneracional\/","title":{"rendered":"Art Salut Intergeneracional"},"content":{"rendered":"<p>Els alumnes de 2n d&#8217;ESO participen en el projecte <strong>Art Salut Intergeneracional<\/strong> <strong>Barcelona<\/strong> un\u00a0 projecte que dona respostes innovadores als nous reptes de la societat del segle XXI i que est\u00e0 orientat a la salut emocional, corporal i mental de col\u00b7lectius i persones diverses.<\/p>\n<p>Infants, joves i persones grans es relacionen a trav\u00e9s de la pr\u00e0ctica esc\u00e8nica generadora de benestar i salut.<\/p>\n<p style=\"text-align: left;\"><span class=\"css-901oao css-16my406 r-poiln3 r-bcqeeo r-qvutc0\">El projecte conclour\u00e0 amb la posada en escena d\u2019un espectacle conjunt carregat d\u2019emoci\u00f3 i que es podr\u00e0 gaudir al Centre C\u00edvic Urgell. <a href=\"https:\/\/agora.xtec.cat\/ielondres\/wp-content\/uploads\/usu2343\/2024\/02\/20240207_1727481.jpg\"><img loading=\"lazy\" decoding=\"async\" class=\"aligncenter size-thumbnail wp-image-1418\" src=\"https:\/\/agora.xtec.cat\/ielondres\/wp-content\/uploads\/usu2343\/2024\/02\/20240207_1727481-150x150.jpg\" alt=\"\" width=\"150\" height=\"150\" \/><\/a><a href=\"https:\/\/agora.xtec.cat\/ielondres\/wp-content\/uploads\/usu2343\/2024\/02\/20240207_172740.jpg\"><img loading=\"lazy\" decoding=\"async\" class=\"aligncenter size-thumbnail wp-image-1417\" src=\"https:\/\/agora.xtec.cat\/ielondres\/wp-content\/uploads\/usu2343\/2024\/02\/20240207_172740-150x150.jpg\" alt=\"\" width=\"150\" height=\"150\" \/><\/a><a href=\"https:\/\/agora.xtec.cat\/ielondres\/wp-content\/uploads\/usu2343\/2024\/02\/20240207_172744.jpg\"><img loading=\"lazy\" decoding=\"async\" class=\"aligncenter size-thumbnail wp-image-1416\" src=\"https:\/\/agora.xtec.cat\/ielondres\/wp-content\/uploads\/usu2343\/2024\/02\/20240207_172744-150x150.jpg\" alt=\"\" width=\"150\" height=\"150\" \/><\/a><br \/>\n<\/span><\/p>\n","protected":false},"excerpt":{"rendered":"<p>Els alumnes de 2n d&#8217;ESO participen en el projecte Art Salut Intergeneracional Barcelona un\u00a0 projecte que dona respostes innovadores als nous reptes de la societat del segle XXI i que est\u00e0 orientat a la salut emocional, corporal i mental de col\u00b7lectius i persones diverses.<br \/>\nInfants, joves&hellip;  <a href=\"https:\/\/agora.xtec.cat\/ielondres\/projecte-educatiu\/art-salut-intergeneracional\/\" title=\"Read Art Salut Intergeneracional\">Llegeix m\u00e9s\u00bb<\/a><\/p>\n","protected":false},"author":1,"featured_media":0,"parent":57,"menu_order":1,"comment_status":"closed","ping_status":"closed","template":"page-templates\/side-menu.php","meta":{"_bbp_topic_count":0,"_bbp_reply_count":0,"_bbp_total_topic_count":0,"_bbp_total_reply_count":0,"_bbp_voice_count":0,"_bbp_anonymous_reply_count":0,"_bbp_topic_count_hidden":0,"_bbp_reply_count_hidden":0,"_bbp_forum_subforum_count":0,"footnotes":""},"class_list":["post-1415","page","type-page","status-publish","hentry"],"post_mailing_queue_ids":[],"_links":{"self":[{"href":"https:\/\/agora.xtec.cat\/ielondres\/wp-json\/wp\/v2\/pages\/1415","targetHints":{"allow":["GET"]}}],"collection":[{"href":"https:\/\/agora.xtec.cat\/ielondres\/wp-json\/wp\/v2\/pages"}],"about":[{"href":"https:\/\/agora.xtec.cat\/ielondres\/wp-json\/wp\/v2\/types\/page"}],"author":[{"embeddable":true,"href":"https:\/\/agora.xtec.cat\/ielondres\/wp-json\/wp\/v2\/users\/1"}],"replies":[{"embeddable":true,"href":"https:\/\/agora.xtec.cat\/ielondres\/wp-json\/wp\/v2\/comments?post=1415"}],"version-history":[{"count":1,"href":"https:\/\/agora.xtec.cat\/ielondres\/wp-json\/wp\/v2\/pages\/1415\/revisions"}],"predecessor-version":[{"id":1419,"href":"https:\/\/agora.xtec.cat\/ielondres\/wp-json\/wp\/v2\/pages\/1415\/revisions\/1419"}],"up":[{"embeddable":true,"href":"https:\/\/agora.xtec.cat\/ielondres\/wp-json\/wp\/v2\/pages\/57"}],"wp:attachment":[{"href":"https:\/\/agora.xtec.cat\/ielondres\/wp-json\/wp\/v2\/media?parent=1415"}],"curies":[{"name":"wp","href":"https:\/\/api.w.org\/{rel}","templated":true}]}}