{"id":1377,"date":"2024-02-01T14:18:08","date_gmt":"2024-02-01T13:18:08","guid":{"rendered":"https:\/\/agora.xtec.cat\/ielondres\/?page_id=1377"},"modified":"2025-10-01T17:48:06","modified_gmt":"2025-10-01T15:48:06","slug":"projecte-erasmus","status":"publish","type":"page","link":"https:\/\/agora.xtec.cat\/ielondres\/projecte-educatiu\/erasmus\/projecte-erasmus\/","title":{"rendered":"Projecte Erasmus+"},"content":{"rendered":"<p>L\u2019\u00a0<strong>INSTITUT ESCOLA LONDRES<\/strong>\u00a0participa en el\u00a0<a href=\"https:\/\/agora.xtec.cat\/ielondres\/projecte-educatiu\/erasmus\/APARTAT%20ERASMUS.docx\">Programa Erasmus+<\/a><\/p>\n<p>L\u2019any 2020 el nostre centre va ser un dels 366 centres educatius de tot l\u2019Estat Espanyol en rebre el reconeixement de centre amb\u00a0<strong>Acreditaci\u00f3 Erasmus+,\u00a0<\/strong>premi a tota una traject\u00f2ria d\u2019impuls a la internacionalitzaci\u00f3 en l\u2019educaci\u00f3 escolar.<\/p>\n<p>El curs 21-22, el nostre centre va ser el primer institut-escola p\u00fablic amb Acreditaci\u00f3 a la ciutat de Barcelona.<\/p>\n<p><a href=\"https:\/\/agora.xtec.cat\/ielondres\/wp-content\/uploads\/usu2343\/2023\/10\/ERASMUS1-2.jpg\"><img loading=\"lazy\" decoding=\"async\" class=\"alignleft wp-image-1175 size-full\" src=\"https:\/\/agora.xtec.cat\/ielondres\/wp-content\/uploads\/usu2343\/2023\/10\/ERASMUS1-2.jpg\" sizes=\"auto, (max-width: 750px) 100vw, 750px\" srcset=\"https:\/\/agora.xtec.cat\/ielondres\/wp-content\/uploads\/usu2343\/2023\/10\/ERASMUS1-2.jpg 750w, https:\/\/agora.xtec.cat\/ielondres\/wp-content\/uploads\/usu2343\/2023\/10\/ERASMUS1-2-300x117.jpg 300w\" alt=\"\" width=\"750\" height=\"293\" \/><\/a><\/p>\n<p>&nbsp;<\/p>\n<p>&nbsp;<\/p>\n<p>&nbsp;<\/p>\n<p>&nbsp;<\/p>\n<p>&nbsp;<\/p>\n<p>&nbsp;<\/p>\n<p>&nbsp;<\/p>\n<p>&nbsp;<\/p>\n<p>&nbsp;<\/p>\n<p><strong>L\u2019Acreditaci\u00f3 Erasmus +<\/strong>\u00a0permet als nostres alumnes i professors realitzar mobilitats subvencionades a l\u2019estranger durant el seg\u00fcent per\u00edode\u00a0<strong>del 2021 al 2027<\/strong>.\u00a0 \u00a0 \u00a0 \u00a0 \u00a0 \u00a0 \u00a0 \u00a0 \u00a0 \u00a0 \u00a0 \u00a0 \u00a0 \u00a0 \u00a0 \u00a0 \u00a0 \u00a0 \u00a0 \u00a0 \u00a0 \u00a0 \u00a0 \u00a0 \u00a0 \u00a0 \u00a0 \u00a0 \u00a0 \u00a0 \u00a0 \u00a0 \u00a0 \u00a0 \u00a0 \u00a0 \u00a0 \u00a0 \u00a0 \u00a0 \u00a0 \u00a0 \u00a0 \u00a0 \u00a0 \u00a0 \u00a0 \u00a0 \u00a0 \u00a0 \u00a0 \u00a0 \u00a0 \u00a0 \u00a0 \u00a0 \u00a0 \u00a0 \u00a0 \u00a0 \u00a0 \u00a0 \u00a0 \u00a0 \u00a0 \u00a0 \u00a0 \u00a0 \u00a0 \u00a0 \u00a0 \u00a0 \u00a0 \u00a0 \u00a0 \u00a0 \u00a0 \u00a0 \u00a0 \u00a0 \u00a0 \u00a0 \u00a0 \u00a0 \u00a0 \u00a0 \u00a0 \u00a0 \u00a0 \u00a0 \u00a0 \u00a0 \u00a0 \u00a0 \u00a0 \u00a0 \u00a0 \u00a0 \u00a0 \u00a0 \u00a0 \u00a0 \u00a0 \u00a0 \u00a0 \u00a0 \u00a0 \u00a0 \u00a0 \u00a0 \u00a0 \u00a0 \u00a0 \u00a0 \u00a0 \u00a0 \u00a0 \u00a0 \u00a0 \u00a0 \u00a0 \u00a0 \u00a0 \u00a0 \u00a0 \u00a0 \u00a0 \u00a0 \u00a0 \u00a0 \u00a0 \u00a0 \u00a0 \u00a0 \u00a0 \u00a0 \u00a0 \u00a0 \u00a0 \u00a0 \u00a0 \u00a0 \u00a0 \u00a0 \u00a0 \u00a0 \u00a0 \u00a0 \u00a0 \u00a0 \u00a0 \u00a0 \u00a0 \u00a0 \u00a0 \u00a0 \u00a0 \u00a0 \u00a0 \u00a0 \u00a0 \u00a0 \u00a0 \u00a0 \u00a0 \u00a0 \u00a0 \u00a0 \u00a0 \u00a0 \u00a0 \u00a0 \u00a0 \u00a0 \u00a0 \u00a0 \u00a0 \u00a0 \u00a0 \u00a0 \u00a0 La internacionalitzaci\u00f3 \u00e9s un dels eixos vertebradors del nostre\u00a0<strong>Projecte Educatiu<\/strong>.<\/p>\n<p>Amb els projectes que realitzem amb altres escoles europees, promovem:<\/p>\n<ul>\n<li><strong>la inclusi\u00f3<\/strong><\/li>\n<li><strong>l\u2019impuls a les lleng\u00fces estrangeres del centre (Angl\u00e8s, Franc\u00e8s i Alemany)<\/strong><\/li>\n<li><strong>la millora de la compet\u00e8ncia digital<\/strong><\/li>\n<li><strong>el comprom\u00eds i respecte amb el medi ambient i els valors europeus.<\/strong><\/li>\n<\/ul>\n<p>Les mobilitats es complementen amb el treball competencial i col\u00b7laboratiu a trav\u00e9s de les plataformes europees integrades al nou Programa Erasmus+, facilitant la participaci\u00f3 d\u2019un gran nombre d\u2019alumnes en un entorn virtual i segur:<\/p>\n<p><a href=\"https:\/\/agora.xtec.cat\/ielondres\/wp-content\/uploads\/usu2343\/2023\/10\/ERASMUS2.jpg\"><img loading=\"lazy\" decoding=\"async\" class=\"size-medium wp-image-1176 alignleft\" src=\"https:\/\/agora.xtec.cat\/ielondres\/wp-content\/uploads\/usu2343\/2023\/10\/ERASMUS2-300x203.jpg\" sizes=\"auto, (max-width: 300px) 100vw, 300px\" srcset=\"https:\/\/agora.xtec.cat\/ielondres\/wp-content\/uploads\/usu2343\/2023\/10\/ERASMUS2-300x203.jpg 300w, https:\/\/agora.xtec.cat\/ielondres\/wp-content\/uploads\/usu2343\/2023\/10\/ERASMUS2.jpg 315w\" alt=\"\" width=\"300\" height=\"203\" \/><\/a><\/p>\n<p>&nbsp;<\/p>\n<p><a href=\"https:\/\/projectes.xtec.cat\/internacional\/etwinning\/que-es-etwinning\/\">:\u00a0 Qu\u00e8 \u00e9s eTwinning? | Unitat de Projectes Internacionals (xtec.cat)<\/a><\/p>\n<p>&nbsp;<\/p>\n<p>&nbsp;<\/p>\n<p>&nbsp;<\/p>\n<h2><strong>PROGRAMA ERASMUS+ \u00a02021-2027<\/strong><\/h2>\n<p><strong>CURS 25-26\u00a0<\/strong><\/p>\n<p>El curs 25\/26 s\u2019han programat les seg\u00fcents mobilitats:<\/p>\n<ol>\n<li><strong>Acollida d&#8217;alumnat de l&#8217;institut Lauttasaaren Yhteiskoulou de H\u00e8lsinki<\/strong>, 30\/09\/25.<\/li>\n<\/ol>\n<p><strong>CURS 24-25\u00a0<\/strong><\/p>\n<p>El curs 24\/25 s\u2019han programat les seg\u00fcents mobilitats:<\/p>\n<ol>\n<li><strong>Mobilitat alumnes a Rosenheim (Alemanya), <\/strong>del 10\/11\/24 al 20\/11\/24 &#8211; (41083-MOBGRP-24277)<\/li>\n<li><strong>Jornades de difusi\u00f3 del programa Erasmus+ a Madrid (Espanya)<\/strong>, 17\/12\/24<\/li>\n<li><strong>Acollida d\u2019alumnat del Coll\u00e8ge G\u00e9rard Phillipe<\/strong>,<strong>\u00a0d\u2019Aviny\u00f3 (Fran\u00e7a)<\/strong>, del 04\/02\/25 al 06\/02\/25<\/li>\n<li><strong>Mobilitat alumnes a Brno (R. Txeca), <\/strong>del 03\/03\/25 al 07\/03\/25 &#8211; (41083-MOBGRP-53877)<\/li>\n<li><strong>Mobilitat alumnes a Aviny\u00f3-Marsella (Fran\u00e7a), <\/strong>del 31\/03\/25 al 04\/04\/25 (20446-MOBGRP-00001)<\/li>\n<li><strong>Job Shadowing a Brno (Tx\u00e8quia)<\/strong>, del 14\/05\/25 al 16\/05\/25 (41083-MOB-0004)<\/li>\n<\/ol>\n<p>Aquestes mobilitats s&#8217;han pogut realitzar gr\u00e0cies als dos projectes: 2024-1-ES01-KA121-SCH-000220446 i 2023-1-ES01-KA121-SCH-000141083.<\/p>\n<p><strong style=\"font-family: inherit; font-size: 1em;\">CURS 23-24<\/strong><\/p>\n<p>El curs 23\/24 s\u2019han programat les seg\u00fcents mobilitats:<\/p>\n<ol>\n<li><strong>Acollida de directors de Brno (Tx\u00e8quia),<\/strong>\u00a0el 10\/10\/23<\/li>\n<li><strong>Mobilitat alumnes a Vars\u00f2via (Pol\u00f2nia),\u00a0<\/strong>del 20\/11\/23 al 25\/11\/23 &#8211; (41083-MOBGRP-00001)<\/li>\n<li><strong>Job Shadowing a FOSBOS Rosenheim (Alemanya)<\/strong>, del 11\/12\/23 al 13\/12\/23 (PV1)<\/li>\n<li><strong>Acollida de docents de FOSBOS Rosenheim (Alemanya)<\/strong>, del 10\/01\/24 al 13\/01\/24<\/li>\n<li><strong>Acollida d\u2019alumnat del Coll\u00e8ge G\u00e9rard Phillipe<\/strong>,<strong>\u00a0d\u2019Aviny\u00f3 (Fran\u00e7a)<\/strong>, del 19\/02\/24 al 22\/02\/2024<\/li>\n<li><strong>Job Shadowing a Brno (Tx\u00e8quia)<\/strong>, del 26\/02\/24 al 28\/02\/24 &#8211; (41083-MOB-0002)<\/li>\n<li><strong>Acollida d\u2019alumnat del FOSBOS Rosenheim (Alemanya)<\/strong>, del 10\/03\/24 al 21\/03\/24<\/li>\n<li><strong>Job Shadowing a Brno (Tx\u00e8quia)<\/strong>, del 20\/05\/24 al 23\/05\/24 (PV3)<\/li>\n<li><strong>Acollida d\u2019alumnat de la Szkola Gaudeamus de Vars\u00f2via (<\/strong>Pol\u00f2nia), del 09\/06\/34 al 14\/06\/24<\/li>\n<\/ol>\n<p>Aquestes mobilitats s&#8217;han pogut realitzar gr\u00e0cies als dos projectes: 2023-1-ES01-KA121-SCH-000141083.<\/p>\n<p><strong>CURS 22-23<\/strong><\/p>\n<p><a href=\"https:\/\/agora.xtec.cat\/ielondres\/wp-content\/uploads\/usu2343\/2023\/10\/ERASMUS3-1.jpg\"><img loading=\"lazy\" decoding=\"async\" class=\"aligncenter wp-image-1178 size-large\" src=\"https:\/\/agora.xtec.cat\/ielondres\/wp-content\/uploads\/usu2343\/2023\/10\/ERASMUS3-1-1024x586.jpg\" sizes=\"auto, (max-width: 1024px) 100vw, 1024px\" srcset=\"https:\/\/agora.xtec.cat\/ielondres\/wp-content\/uploads\/usu2343\/2023\/10\/ERASMUS3-1-1024x586.jpg 1024w, https:\/\/agora.xtec.cat\/ielondres\/wp-content\/uploads\/usu2343\/2023\/10\/ERASMUS3-1-300x172.jpg 300w, https:\/\/agora.xtec.cat\/ielondres\/wp-content\/uploads\/usu2343\/2023\/10\/ERASMUS3-1-768x439.jpg 768w, https:\/\/agora.xtec.cat\/ielondres\/wp-content\/uploads\/usu2343\/2023\/10\/ERASMUS3-1.jpg 1110w\" alt=\"\" width=\"1024\" height=\"586\" \/><\/a><\/p>\n<p>Durant el curs 22-23 s\u2019han dit a terme les seg\u00fcents mobilitats:<\/p>\n<ol>\n<li><strong>Mobilitat alumnes a Berchtesgaden (Alemanya)\u00a0<\/strong>del 27\/11\/22 al 01\/12\/23<\/li>\n<li><strong>Mobilitat alumnes a Avignon (Fran\u00e7a)<\/strong>\u00a0del 23\/01\/23 al 27\/01\/23<\/li>\n<li><strong>Mobilitat alumnes a Her\u00e0klion \u2013 Creta (Gr\u00e8cia)<\/strong>\u00a0del 05\/02\/23 al 11\/02\/23<\/li>\n<li><b>Mobilitat de Llarga Durada a Seeheim-Jugenheim (Alemanya) \u2013\u00a0<\/b>del 07\/11\/22 al 14\/12\/22<\/li>\n<li><strong>Job Shadowing a Santiago de Compostela (Espanya)<\/strong>\u00a0del 26\/06\/23 al 27\/06\/23<\/li>\n<\/ol>\n<p><strong>PROGRAMES ANTERIORS<\/strong><\/p>\n<p>&nbsp;<\/p>\n<p><img loading=\"lazy\" decoding=\"async\" class=\"wp-image-798 aligncenter\" src=\"https:\/\/agora.xtec.cat\/ielondres\/wp-content\/uploads\/usu2343\/2022\/11\/Erasmus-300x166.png\" sizes=\"auto, (max-width: 482px) 100vw, 482px\" srcset=\"https:\/\/agora.xtec.cat\/ielondres\/wp-content\/uploads\/usu2343\/2022\/11\/Erasmus-300x166.png 300w, https:\/\/agora.xtec.cat\/ielondres\/wp-content\/uploads\/usu2343\/2022\/11\/Erasmus-1024x567.png 1024w, https:\/\/agora.xtec.cat\/ielondres\/wp-content\/uploads\/usu2343\/2022\/11\/Erasmus-768x425.png 768w, https:\/\/agora.xtec.cat\/ielondres\/wp-content\/uploads\/usu2343\/2022\/11\/Erasmus.png 1233w\" alt=\"\" width=\"482\" height=\"267\" \/><strong>Projectes internacionals reconeguts per la Uni\u00f3 Europea de mobilitat d\u2019alumnes i professors a Prim\u00e0ria i Secund\u00e0ria:<\/strong><\/p>\n<p><strong><em>Erasmus+ projects<\/em>\u00a0amb escoles europees.<\/strong><\/p>\n<h3><a href=\"https:\/\/serveiseducatius.xtec.cat\/eixample\/categoria\/erasmus-coedu\/\">CO-EDU (2020-22)<\/a>\u00a0\u00a0\u00a0\u00a0\u00a0\u00a0\u00a0\u00a0\u00a0\u00a0\u00a0\u00a0\u00a0\u00a0\u00a0\u00a0\u00a0\u00a0\u00a0\u00a0\u00a0\u00a0\u00a0\u00a0\u00a0\u00a0\u00a0\u00a0\u00a0\u00a0\u00a0 \u00a0 \u00a0 \u00a0 \u00a0\u00a0\u00a0<a href=\"https:\/\/unknownheroines.weebly.com\/\">UNKNOWN HEROINES (2020-22)<\/a><\/h3>\n<div class=\"uk-margin uk-width-medium\"><a class=\"el-link\" href=\"https:\/\/serveiseducatius.xtec.cat\/eixample\/categoria\/erasmus-coedu\/\" target=\"_blank\" rel=\"noopener\"><picture><source srcset=\"\/templates\/yootheme\/cache\/9c\/coedu-9cea0865.webp 766w\" type=\"image\/webp\" sizes=\"(min-width: 766px) 766px\" \/><\/picture><\/a><a href=\"https:\/\/serveiseducatius.xtec.cat\/eixample\/categoria\/erasmus-coedu\/\"><img loading=\"lazy\" decoding=\"async\" class=\"alignnone size-full wp-image-800\" src=\"https:\/\/agora.xtec.cat\/ielondres\/wp-content\/uploads\/usu2343\/2022\/11\/Coedu.png\" alt=\"\" width=\"293\" height=\"192\" \/><\/a>\u00a0\u00a0\u00a0\u00a0\u00a0\u00a0\u00a0\u00a0\u00a0\u00a0\u00a0\u00a0\u00a0\u00a0\u00a0\u00a0\u00a0\u00a0\u00a0\u00a0\u00a0\u00a0\u00a0\u00a0\u00a0\u00a0\u00a0\u00a0\u00a0\u00a0\u00a0\u00a0\u00a0<a href=\"https:\/\/unknownheroines.weebly.com\/\"><img loading=\"lazy\" decoding=\"async\" class=\"alignnone wp-image-801\" src=\"https:\/\/agora.xtec.cat\/ielondres\/wp-content\/uploads\/usu2343\/2022\/11\/Heroines.png\" alt=\"\" width=\"195\" height=\"191\" \/><\/a><\/div>\n<div><\/div>\n<h3><\/h3>\n<h3><a href=\"https:\/\/serveiseducatius.xtec.cat\/eixample\/categoria\/ie-londres\/\">CO-EDU LONDRES<\/a><\/h3>\n<p><strong>La nostra traject\u00f2ria amb projectes Erasmus+ es va iniciar el 2014 abans de ser IE Londres<\/strong><\/p>\n<h3>Plan Erasmus+<\/h3>\n<div class=\"uk-panel uk-margin\">\n<p><a href=\"https:\/\/www.youtube.com\/watch?v=qLot4JXYK30&amp;feature=youtu.be\" target=\"_blank\" rel=\"noopener\">TIMELINE de la internacionalitzaci\u00f3 del nostre centre.<\/a><\/p>\n<\/div>\n<h3>Erasmus+ KA101: Job Shadowing<\/h3>\n<div class=\"uk-panel uk-margin\">\n<p>Formaci\u00f3 del nostre professorat a trav\u00e9s de l\u2019intercanvi de bones pr\u00e0ctiques.<\/p>\n<ul>\n<li>Curs 2014-15: Ottavo Circolo.<\/li>\n<li>Curs 2015-16: Mestres d\u2019Infantil i Prim\u00e0ria observaci\u00f3 a Ottavo Circolo (Piacenza, Milan).<\/li>\n<li>Curs 2016-17: Mestres de Prim\u00e0ria observaci\u00f3 a Ottavo Circolo (Piacenza, Milan).<\/li>\n<\/ul>\n<h3>Erasmus+ KA219: Strategic Partnership<\/h3>\n<div class=\"uk-panel uk-margin\">\n<ul>\n<li>Project 2017-2019:\u00a0<em>\u201cPartnership for Bilingual Citizenship\u201d<\/em>, associaci\u00f3 amb Pol\u00f2nia i It\u00e0lia<\/li>\n<li>Project 2017-2019:\u00a0<em>\u201cEntrepreneurship and volunteer Citizens\u201d<\/em>, associaci\u00f3 amb Pol\u00f2nia, Turquia, It\u00e0lia i FYROM.<\/li>\n<\/ul>\n<h3>Erasmus+ KA229: Strategic Partnership<\/h3>\n<div class=\"uk-panel uk-margin\">\n<ul>\n<li>Project 2018-2020:\u00a0<em>\u201cKeeping the Legacy alive, empowering professionals to inspire children through the enrichment of curr\u00edculum\u201d<\/em>, associaci\u00f3 amb Regne Unit, Gr\u00e8cia i It\u00e0lia.<\/li>\n<li>Project 2018-2020:\u00a0<em>\u201cScience Olympics\u201d<\/em>, associaci\u00f3 amb Regne Unit i Pol\u00f2nia.<\/li>\n<\/ul>\n<\/div>\n<\/div>\n<\/div>\n","protected":false},"excerpt":{"rendered":"<p>L\u2019\u00a0INSTITUT ESCOLA LONDRES\u00a0participa en el\u00a0<a href=\"https:\/\/agora.xtec.cat\/ielondres\/projecte-educatiu\/erasmus\/APARTAT%20ERASMUS.docx\">Programa Erasmus+<\/a><br \/>\nL\u2019any 2020 el nostre centre va ser un dels 366 centres educatius de tot l\u2019Estat Espanyol en rebre el reconeixement de centre amb\u00a0Acreditaci\u00f3 Erasmus+,\u00a0premi a tota una traject\u00f2ria d\u2019impuls a la internacionalitzaci\u00f3 en l\u2019educaci\u00f3 escolar.<br \/>\nEl curs 21-22, el nostre&hellip;  <a href=\"https:\/\/agora.xtec.cat\/ielondres\/projecte-educatiu\/erasmus\/projecte-erasmus\/\" title=\"Read Projecte Erasmus+\">Llegeix m\u00e9s\u00bb<\/a><\/p>\n","protected":false},"author":1,"featured_media":0,"parent":794,"menu_order":0,"comment_status":"closed","ping_status":"closed","template":"","meta":{"_bbp_topic_count":0,"_bbp_reply_count":0,"_bbp_total_topic_count":0,"_bbp_total_reply_count":0,"_bbp_voice_count":0,"_bbp_anonymous_reply_count":0,"_bbp_topic_count_hidden":0,"_bbp_reply_count_hidden":0,"_bbp_forum_subforum_count":0,"footnotes":""},"class_list":["post-1377","page","type-page","status-publish","hentry"],"post_mailing_queue_ids":[],"_links":{"self":[{"href":"https:\/\/agora.xtec.cat\/ielondres\/wp-json\/wp\/v2\/pages\/1377","targetHints":{"allow":["GET"]}}],"collection":[{"href":"https:\/\/agora.xtec.cat\/ielondres\/wp-json\/wp\/v2\/pages"}],"about":[{"href":"https:\/\/agora.xtec.cat\/ielondres\/wp-json\/wp\/v2\/types\/page"}],"author":[{"embeddable":true,"href":"https:\/\/agora.xtec.cat\/ielondres\/wp-json\/wp\/v2\/users\/1"}],"replies":[{"embeddable":true,"href":"https:\/\/agora.xtec.cat\/ielondres\/wp-json\/wp\/v2\/comments?post=1377"}],"version-history":[{"count":6,"href":"https:\/\/agora.xtec.cat\/ielondres\/wp-json\/wp\/v2\/pages\/1377\/revisions"}],"predecessor-version":[{"id":2839,"href":"https:\/\/agora.xtec.cat\/ielondres\/wp-json\/wp\/v2\/pages\/1377\/revisions\/2839"}],"up":[{"embeddable":true,"href":"https:\/\/agora.xtec.cat\/ielondres\/wp-json\/wp\/v2\/pages\/794"}],"wp:attachment":[{"href":"https:\/\/agora.xtec.cat\/ielondres\/wp-json\/wp\/v2\/media?parent=1377"}],"curies":[{"name":"wp","href":"https:\/\/api.w.org\/{rel}","templated":true}]}}