{"id":1372,"date":"2024-02-01T11:44:59","date_gmt":"2024-02-01T10:44:59","guid":{"rendered":"https:\/\/agora.xtec.cat\/ielondres\/?page_id=1372"},"modified":"2026-01-29T16:30:56","modified_gmt":"2026-01-29T15:30:56","slug":"xarxes-pel-canvi","status":"publish","type":"page","link":"https:\/\/agora.xtec.cat\/ielondres\/projecte-educatiu\/xarxes-pel-canvi\/","title":{"rendered":"Xarxes docents per a la millora educativa"},"content":{"rendered":"<p>El programa Xarxes docents per la millora educativa neix per crear un context d\u2019aprenentatge<br \/>\nentre iguals, professional i col\u00b7laboratiu que orienti els centres en la reflexi\u00f3 i el replantejament<br \/>\ndel seu prop\u00f2sit tot posant \u00e8mfasi en la millora de les compet\u00e8ncies docents.<br \/>\nEn aquest sentit, el programa vol ser estrat\u00e8gic per impulsar les pr\u00e0ctiques dels docents dels<br \/>\ncentres educatius de Barcelona i per avan\u00e7ar cap un sistema educatiu equitatiu i de qualitat.<br \/>\nXarxes docents per la millora educativa \u00e9s l\u2019evoluci\u00f3 de Xarxes per al canvi cap a una major<br \/>\nfocalitzaci\u00f3 en les pr\u00e0ctiques d\u2019aula i en l\u2019exercici de la doc\u00e8ncia per contribuir en la millora dels<br \/>\naprenentatges.<br \/>\nEl programa vol promoure xarxes territorials de centres i docents per afavorir un espai de<br \/>\nreflexi\u00f3 entre iguals i d\u2019acci\u00f3 contextualitzada.<\/p>\n<p>CONTINGUTS<br \/>\n1. OCTUBRE \u2013 GENER 2025: Llenguatge i pensament.<br \/>\n2. FEBRER- MAIG 2026: Evid\u00e8ncies d\u2019aprenentatge.<br \/>\n3. OCTUBRE \u2013 GENER 2026: Comprom\u00eds docent i mirada capacitadora.<br \/>\n4. FEBRER- MAIG 2027: Una acci\u00f3 tutorial que orienta i ajuda en la presa de consci\u00e8ncia<br \/>\ndel que sap l\u2019aprenent.<br \/>\n5. OCTUBRE \u2013 GENER 2027: Codoc\u00e8ncia i cooperaci\u00f3 docent.<br \/>\n6. FEBRER- MAIG 2028: Avaluaci\u00f3 formativa<\/p>\n","protected":false},"excerpt":{"rendered":"<p>El programa Xarxes docents per la millora educativa neix per crear un context d\u2019aprenentatge<br \/>\nentre iguals, professional i col\u00b7laboratiu que orienti els centres en la reflexi\u00f3 i el replantejament<br \/>\ndel seu prop\u00f2sit tot posant \u00e8mfasi en la millora de les compet\u00e8ncies docents.<br \/>\nEn aquest sentit, el programa vol&hellip;  <a href=\"https:\/\/agora.xtec.cat\/ielondres\/projecte-educatiu\/xarxes-pel-canvi\/\" title=\"Read Xarxes docents per a la millora educativa\">Llegeix m\u00e9s\u00bb<\/a><\/p>\n","protected":false},"author":1,"featured_media":0,"parent":57,"menu_order":1,"comment_status":"closed","ping_status":"closed","template":"","meta":{"_bbp_topic_count":0,"_bbp_reply_count":0,"_bbp_total_topic_count":0,"_bbp_total_reply_count":0,"_bbp_voice_count":0,"_bbp_anonymous_reply_count":0,"_bbp_topic_count_hidden":0,"_bbp_reply_count_hidden":0,"_bbp_forum_subforum_count":0,"footnotes":""},"class_list":["post-1372","page","type-page","status-publish","hentry"],"post_mailing_queue_ids":[],"_links":{"self":[{"href":"https:\/\/agora.xtec.cat\/ielondres\/wp-json\/wp\/v2\/pages\/1372","targetHints":{"allow":["GET"]}}],"collection":[{"href":"https:\/\/agora.xtec.cat\/ielondres\/wp-json\/wp\/v2\/pages"}],"about":[{"href":"https:\/\/agora.xtec.cat\/ielondres\/wp-json\/wp\/v2\/types\/page"}],"author":[{"embeddable":true,"href":"https:\/\/agora.xtec.cat\/ielondres\/wp-json\/wp\/v2\/users\/1"}],"replies":[{"embeddable":true,"href":"https:\/\/agora.xtec.cat\/ielondres\/wp-json\/wp\/v2\/comments?post=1372"}],"version-history":[{"count":2,"href":"https:\/\/agora.xtec.cat\/ielondres\/wp-json\/wp\/v2\/pages\/1372\/revisions"}],"predecessor-version":[{"id":3097,"href":"https:\/\/agora.xtec.cat\/ielondres\/wp-json\/wp\/v2\/pages\/1372\/revisions\/3097"}],"up":[{"embeddable":true,"href":"https:\/\/agora.xtec.cat\/ielondres\/wp-json\/wp\/v2\/pages\/57"}],"wp:attachment":[{"href":"https:\/\/agora.xtec.cat\/ielondres\/wp-json\/wp\/v2\/media?parent=1372"}],"curies":[{"name":"wp","href":"https:\/\/api.w.org\/{rel}","templated":true}]}}