{"id":84,"date":"2014-09-18T14:11:31","date_gmt":"2014-09-18T13:11:31","guid":{"rendered":"http:\/\/agora.xtec.cat\/ceiplluismillet\/?page_id=84"},"modified":"2025-04-11T15:35:21","modified_gmt":"2025-04-11T13:35:21","slug":"activitats-extraescolars","status":"publish","type":"page","link":"https:\/\/agora.xtec.cat\/ielluismillet\/serveis\/afa\/activitats-extraescolars\/","title":{"rendered":"Activitats extraescolars"},"content":{"rendered":"<p>&nbsp;<\/p>\n<table width=\"664\">\n<tbody>\n<tr>\n<td style=\"width: 144px;\">\n<p style=\"text-align: center;\"><strong>\u00a0<\/strong><\/p>\n<\/td>\n<td style=\"width: 279px;\" colspan=\"2\">\n<p style=\"text-align: center;\"><strong>PREU MENSUAL<\/strong><\/p>\n<\/td>\n<td style=\"width: 109px;\"><strong>\u00a0<\/strong><\/td>\n<td style=\"width: 120px;\"><strong>\u00a0<\/strong><\/td>\n<\/tr>\n<tr>\n<td style=\"width: 144px;\"><strong>\u00a0<\/strong><\/td>\n<td style=\"width: 142px;\"><strong>1 DIA\/ SETMANA<\/strong><\/td>\n<td style=\"width: 135px;\"><strong>2 DIES \/SETMANA<\/strong><\/td>\n<td style=\"width: 109px;\"><strong>DIA DE LA SETMANA <\/strong><\/td>\n<td style=\"width: 120px;\"><strong>EMPRESA<\/strong><\/td>\n<\/tr>\n<tr>\n<td style=\"width: 144px;\"><strong>Intel\u00b7lig\u00e8ncia Emocional<\/strong><\/td>\n<td style=\"width: 142px;\"><strong>30,00 \u20ac<\/strong><\/td>\n<td style=\"width: 135px;\"><strong>\u00a0<\/strong><\/td>\n<td style=\"width: 109px;\"><strong>dimarts<\/strong><\/td>\n<td style=\"width: 120px;\"><strong>Owl Inst. Psicol\u00f2gic<\/strong><\/td>\n<\/tr>\n<tr>\n<td style=\"width: 144px;\"><strong>Speaking<\/strong><\/td>\n<td style=\"width: 142px;\"><strong>20,00 \u20ac<\/strong><\/td>\n<td style=\"width: 135px;\"><strong>\u00a0<\/strong><\/td>\n<td style=\"width: 109px;\"><strong>dimecres<\/strong><\/td>\n<td style=\"width: 120px;\"><strong>Din\u00e0mic<\/strong><\/td>\n<\/tr>\n<tr>\n<td style=\"width: 144px;\"><strong>Teatre<\/strong><\/td>\n<td style=\"width: 142px;\"><strong>20,00 \u20ac<\/strong><\/td>\n<td style=\"width: 135px;\"><strong>\u00a0<\/strong><\/td>\n<td style=\"width: 109px;\"><strong>divendres<\/strong><\/td>\n<td style=\"width: 120px;\"><strong>Din\u00e0mic<\/strong><\/td>\n<\/tr>\n<tr>\n<td style=\"width: 144px;\"><strong>Guitarra<\/strong><\/td>\n<td style=\"width: 142px;\"><strong>20,00 \u20ac<\/strong><\/td>\n<td style=\"width: 135px;\"><strong>\u00a0<\/strong><\/td>\n<td style=\"width: 109px;\"><strong>dijous<\/strong><\/td>\n<td style=\"width: 120px;\"><strong>Din\u00e0mic<\/strong><\/td>\n<\/tr>\n<tr>\n<td style=\"width: 144px;\"><strong>Escacs\u00a0\u00a0\u00a0\u00a0\u00a0\u00a0\u00a0\u00a0 <\/strong><\/td>\n<td style=\"width: 142px;\"><strong>20,00 \u20ac<\/strong><\/td>\n<td style=\"width: 135px;\"><strong>\u00a0<\/strong><\/td>\n<td style=\"width: 109px;\"><strong>dilluns<\/strong><\/td>\n<td style=\"width: 120px;\"><strong>Din\u00e0mic<\/strong><\/td>\n<\/tr>\n<tr>\n<td style=\"width: 144px;\"><strong>Pre-esports<\/strong><\/td>\n<td style=\"width: 142px;\"><strong>20,00 \u20ac<\/strong><\/td>\n<td style=\"width: 135px;\"><strong>35,00 \u20ac<\/strong><\/td>\n<td style=\"width: 109px;\"><strong>dimarts\/ dijous<\/strong><\/td>\n<td style=\"width: 120px;\"><strong>At. Masnou<\/strong><\/td>\n<\/tr>\n<tr>\n<td style=\"width: 144px;\"><strong>Judo <\/strong><\/td>\n<td style=\"width: 142px;\"><strong>27,00 \u20ac<\/strong><\/td>\n<td style=\"width: 135px;\"><strong>46,00 \u20ac<\/strong><\/td>\n<td style=\"width: 109px;\"><strong>dimarts\/ dijous<\/strong><\/td>\n<td style=\"width: 120px;\"><strong>Judo Bushidorei<\/strong><\/td>\n<\/tr>\n<tr>\n<td style=\"width: 144px;\"><strong>Patinatge<\/strong><\/td>\n<td style=\"width: 142px;\"><strong>37,00 \u20ac<\/strong><\/td>\n<td style=\"width: 135px;\"><strong>\u00a0<\/strong><\/td>\n<td style=\"width: 109px;\"><strong>dilluns<\/strong><\/td>\n<td style=\"width: 120px;\"><strong>CP Masnou<\/strong><\/td>\n<\/tr>\n<tr>\n<td style=\"width: 144px;\"><strong>Rob\u00f2tica<\/strong><\/td>\n<td style=\"width: 142px;\"><strong>36,00 \u20ac<\/strong><\/td>\n<td style=\"width: 135px;\"><strong>\u00a0<\/strong><\/td>\n<td style=\"width: 109px;\"><strong>dimarts<\/strong><\/td>\n<td style=\"width: 120px;\"><strong>Din\u00e0mic<\/strong><\/td>\n<\/tr>\n<tr>\n<td style=\"width: 144px;\"><strong>Piano <\/strong><\/td>\n<td style=\"width: 142px;\"><strong>35,00 \u20ac<\/strong><\/td>\n<td style=\"width: 135px;\"><strong>\u00a0<\/strong><\/td>\n<td style=\"width: 109px;\"><strong>dimarts<\/strong><\/td>\n<td style=\"width: 120px;\"><strong>Din\u00e0mic<\/strong><\/td>\n<\/tr>\n<tr>\n<td style=\"width: 144px;\"><strong>M\u00f3n m\u00e0gic<\/strong><\/td>\n<td style=\"width: 142px;\"><strong>25,00 \u20ac<\/strong><\/td>\n<td style=\"width: 135px;\"><strong>\u00a0<\/strong><\/td>\n<td style=\"width: 109px;\"><strong>dijous<\/strong><\/td>\n<td style=\"width: 120px;\"><strong>Din\u00e0mic<\/strong><\/td>\n<\/tr>\n<tr>\n<td style=\"width: 144px;\"><strong>Funky<\/strong><\/td>\n<td style=\"width: 142px;\"><strong>25,00 \u20ac<\/strong><\/td>\n<td style=\"width: 135px;\"><strong>\u00a0<\/strong><\/td>\n<td style=\"width: 109px;\"><strong>divendres<\/strong><\/td>\n<td style=\"width: 120px;\"><strong>Din\u00e0mic<\/strong><\/td>\n<\/tr>\n<tr>\n<td style=\"width: 144px;\"><strong>Defensa personal<\/strong><\/td>\n<td style=\"width: 142px;\"><strong>20,00\/individual 30,00\u20ac\/parella<\/strong><\/td>\n<td style=\"width: 135px;\"><strong>\u00a0<\/strong><\/td>\n<td style=\"width: 109px;\"><strong>divendres<\/strong><\/td>\n<td style=\"width: 120px;\"><strong>Judo Bushidorei<\/strong><\/td>\n<\/tr>\n<tr>\n<td style=\"width: 144px;\"><strong>Pilates\/Ioga<\/strong><\/td>\n<td style=\"width: 142px;\"><strong>25,00 \u20ac<\/strong><\/td>\n<td style=\"width: 135px;\"><strong>\u00a0<\/strong><\/td>\n<td style=\"width: 109px;\"><strong>dimarts\/ dimecres<\/strong><\/td>\n<td style=\"width: 120px;\"><strong>Din\u00e0mic<\/strong><\/td>\n<\/tr>\n<tr>\n<td style=\"width: 144px;\"><strong>Angl\u00e8s<\/strong><\/td>\n<td style=\"width: 142px;\"><strong>informaci\u00f3 a l&#8217;AFA<\/strong><\/td>\n<td style=\"width: 135px;\"><\/td>\n<td style=\"width: 109px;\"><strong>dimarts<\/strong><\/td>\n<td style=\"width: 120px;\"><strong>Hibernia<\/strong><\/td>\n<\/tr>\n<tr>\n<td style=\"width: 144px;\"><strong>\u00a0<\/strong><\/td>\n<td style=\"width: 142px;\"><strong>\u00a0<\/strong><\/td>\n<td style=\"width: 135px;\"><\/td>\n<td style=\"width: 109px;\"><strong>\u00a0<\/strong><\/td>\n<td style=\"width: 120px;\"><strong>\u00a0<\/strong><\/td>\n<\/tr>\n<tr>\n<td style=\"width: 144px;\"><span style=\"color: #ff0000;\"><strong>Totes les activitats tenen un cost de 3,00\u20ac\/matr\u00edcula<\/strong><\/span><\/td>\n<td style=\"width: 142px;\"><\/td>\n<td style=\"width: 135px;\"><\/td>\n<td style=\"width: 231px;\" colspan=\"2\"><\/td>\n<\/tr>\n<\/tbody>\n<\/table>\n<p><strong><em><u>Informaci\u00f3 extraescolars:<\/u><\/em><\/strong><\/p>\n<p>Volem aclarir alguns punts sobre les extraescolars:<\/p>\n<p>1.- A finals de setembre mirarem de tancar els grups amb la gent que s\u2019hagi apuntat, \u00e9s molt important apuntar-se abans d\u2019aquesta data per tal de poder obrir els nous grups.<\/p>\n<p>2.- L\u2019activitat \u201cM\u00f3n M\u00e0gic\u201d, \u00e9s introducci\u00f3 al teatre pels m\u00e9s petits.<\/p>\n<p>3.- L\u2019AFA\u00a0 fa d\u2019intermediari entre les fam\u00edlies i les empreses encarregades de l\u2019activitat, nosaltres no ens encarreguem del cobrament d\u2019aquestes.<\/p>\n<p>4.- Els nens de P3 no fan activitats al migdia, en aquesta franja hor\u00e0ria els nens dormen.<\/p>\n<p>5.- \u00c9s molt important comunicar a l\u2019AFA\u00a0 tant\u00a0 les altes com les baixes de les activitats pel bon funcionament d\u2019aquestes.<\/p>\n<p>6.- En les activitats que surten dos dies (patinatge\u00a0 i judo) s\u2019ha de triar entre un dels dies. Poden venir els dos dies , per\u00f2 el preu incrementa.<\/p>\n<p>7.- Poden portar un petit berenar, que els hi donarem abans de comen\u00e7ar l\u2019activitat.<\/p>\n<p>8.-\u00a0 Recordeu que les empreses juntament amb l\u2019AFA hem decidit que els cobraments seran mensuals i no trimestrals com en anys enrere.<\/p>\n<p>9.- A causa dels impagats que hem tingut l\u2019\u00faltim any, si no s\u2019abonen les quotes en el termini acordat de pagament, rebreu un correu, al segon av\u00eds el nen no podr\u00e0 realitzar l\u2019activitat.<\/p>\n<p>10.- Tot els nens\/es comencen\u00a0 les extraescolars a partir d\u2019octubre.<\/p>\n<p>11.-\u00a0 Els horaris del quadre adjunt de cada activitat pot variar en funci\u00f3 del nombre d\u2019alumnes que s\u2019apuntin.<\/p>\n<p>12.- Si no hi ha un nombre m\u00ednim de nens\/es s\u2019anul\u00b7lar\u00e0\u00a0 l\u2019activitat. (dependr\u00e0 de cada activitat).<\/p>\n<p>13.- Les altes i les baixes de les activitats s\u2019han de comunicar amb\u00a0 antelaci\u00f3, les baixes s\u2019han de comunicar abans de comen\u00e7ar el seg\u00fcent\u00a0 mes de l\u2019activitat .<\/p>\n","protected":false},"excerpt":{"rendered":"<p>&nbsp; \u00a0 PREU MENSUAL \u00a0 \u00a0 \u00a0 1 DIA\/ SETMANA 2 DIES \/SETMANA DIA DE LA SETMANA EMPRESA Intel\u00b7lig\u00e8ncia Emocional 30,00 \u20ac \u00a0 dimarts Owl Inst. Psicol\u00f2gic Speaking 20,00 \u20ac \u00a0 dimecres Din\u00e0mic Teatre 20,00 \u20ac \u00a0 divendres Din\u00e0mic Guitarra 20,00 \u20ac \u00a0 dijous Din\u00e0mic Escacs\u00a0\u00a0\u00a0\u00a0\u00a0\u00a0\u00a0\u00a0 20,00 \u20ac \u00a0 dilluns Din\u00e0mic Pre-esports 20,00 \u20ac 35,00 [&hellip;]<\/p>\n","protected":false},"author":1,"featured_media":0,"parent":2563,"menu_order":15,"comment_status":"closed","ping_status":"closed","template":"","meta":{"_bbp_topic_count":0,"_bbp_reply_count":0,"_bbp_total_topic_count":0,"_bbp_total_reply_count":0,"_bbp_voice_count":0,"_bbp_anonymous_reply_count":0,"_bbp_topic_count_hidden":0,"_bbp_reply_count_hidden":0,"_bbp_forum_subforum_count":0,"site-sidebar-layout":"default","site-content-layout":"","ast-site-content-layout":"default","site-content-style":"default","site-sidebar-style":"default","ast-global-header-display":"","ast-banner-title-visibility":"","ast-main-header-display":"","ast-hfb-above-header-display":"","ast-hfb-below-header-display":"","ast-hfb-mobile-header-display":"","site-post-title":"","ast-breadcrumbs-content":"","ast-featured-img":"","footer-sml-layout":"","theme-transparent-header-meta":"default","adv-header-id-meta":"","stick-header-meta":"","header-above-stick-meta":"","header-main-stick-meta":"","header-below-stick-meta":"","astra-migrate-meta-layouts":"set","ast-page-background-enabled":"default","ast-page-background-meta":{"desktop":{"background-color":"var(--ast-global-color-4)","background-image":"","background-repeat":"repeat","background-position":"center center","background-size":"auto","background-attachment":"scroll","background-type":"","background-media":"","overlay-type":"","overlay-color":"","overlay-opacity":"","overlay-gradient":""},"tablet":{"background-color":"","background-image":"","background-repeat":"repeat","background-position":"center center","background-size":"auto","background-attachment":"scroll","background-type":"","background-media":"","overlay-type":"","overlay-color":"","overlay-opacity":"","overlay-gradient":""},"mobile":{"background-color":"","background-image":"","background-repeat":"repeat","background-position":"center center","background-size":"auto","background-attachment":"scroll","background-type":"","background-media":"","overlay-type":"","overlay-color":"","overlay-opacity":"","overlay-gradient":""}},"ast-content-background-meta":{"desktop":{"background-color":"var(--ast-global-color-5)","background-image":"","background-repeat":"repeat","background-position":"center center","background-size":"auto","background-attachment":"scroll","background-type":"","background-media":"","overlay-type":"","overlay-color":"","overlay-opacity":"","overlay-gradient":""},"tablet":{"background-color":"var(--ast-global-color-5)","background-image":"","background-repeat":"repeat","background-position":"center center","background-size":"auto","background-attachment":"scroll","background-type":"","background-media":"","overlay-type":"","overlay-color":"","overlay-opacity":"","overlay-gradient":""},"mobile":{"background-color":"var(--ast-global-color-5)","background-image":"","background-repeat":"repeat","background-position":"center center","background-size":"auto","background-attachment":"scroll","background-type":"","background-media":"","overlay-type":"","overlay-color":"","overlay-opacity":"","overlay-gradient":""}},"footnotes":""},"class_list":["post-84","page","type-page","status-publish","hentry"],"post_mailing_queue_ids":[],"_links":{"self":[{"href":"https:\/\/agora.xtec.cat\/ielluismillet\/wp-json\/wp\/v2\/pages\/84","targetHints":{"allow":["GET"]}}],"collection":[{"href":"https:\/\/agora.xtec.cat\/ielluismillet\/wp-json\/wp\/v2\/pages"}],"about":[{"href":"https:\/\/agora.xtec.cat\/ielluismillet\/wp-json\/wp\/v2\/types\/page"}],"author":[{"embeddable":true,"href":"https:\/\/agora.xtec.cat\/ielluismillet\/wp-json\/wp\/v2\/users\/1"}],"replies":[{"embeddable":true,"href":"https:\/\/agora.xtec.cat\/ielluismillet\/wp-json\/wp\/v2\/comments?post=84"}],"version-history":[{"count":3,"href":"https:\/\/agora.xtec.cat\/ielluismillet\/wp-json\/wp\/v2\/pages\/84\/revisions"}],"predecessor-version":[{"id":559,"href":"https:\/\/agora.xtec.cat\/ielluismillet\/wp-json\/wp\/v2\/pages\/84\/revisions\/559"}],"up":[{"embeddable":true,"href":"https:\/\/agora.xtec.cat\/ielluismillet\/wp-json\/wp\/v2\/pages\/2563"}],"wp:attachment":[{"href":"https:\/\/agora.xtec.cat\/ielluismillet\/wp-json\/wp\/v2\/media?parent=84"}],"curies":[{"name":"wp","href":"https:\/\/api.w.org\/{rel}","templated":true}]}}